{"id":6351,"date":"2022-11-29T06:39:59","date_gmt":"2022-11-29T06:39:59","guid":{"rendered":"https:\/\/bricard.com\/professionnels\/?page_id=6351"},"modified":"2023-02-21T09:01:27","modified_gmt":"2023-02-21T09:01:27","slug":"mentions-legales","status":"publish","type":"page","link":"https:\/\/bricard.com\/professionnels\/mentions-legales","title":{"rendered":"Mentions l\u00e9gales"},"content":{"rendered":"<style>#kt-layout-id_a10e47-1c > .kt-row-column-wrap{align-content:start;}:where(#kt-layout-id_a10e47-1c > .kt-row-column-wrap) > .wp-block-kadence-column{justify-content:start;}#kt-layout-id_a10e47-1c > .kt-row-column-wrap{column-gap:var(--global-kb-gap-md, 2rem);row-gap:var(--global-kb-gap-md, 2rem);padding-top:var( --global-kb-row-default-top, 25px );padding-bottom:var( --global-kb-row-default-bottom, 25px );padding-left:100px;padding-right:100px;grid-template-columns:minmax(0, 1fr);}#kt-layout-id_a10e47-1c > .kt-row-layout-overlay{opacity:0.30;}@media all and (max-width: 1024px){#kt-layout-id_a10e47-1c > .kt-row-column-wrap{grid-template-columns:minmax(0, 1fr);}}@media all and (max-width: 767px){#kt-layout-id_a10e47-1c > .kt-row-column-wrap{padding-left:10px;padding-right:10px;grid-template-columns:minmax(0, 1fr);}}<\/style>\n<div class=\"wp-block-kadence-rowlayout alignnone\"><div id=\"kt-layout-id_a10e47-1c\" class=\"kt-row-layout-inner kt-layout-id_a10e47-1c\"><div class=\"kt-row-column-wrap kt-has-1-columns kt-gutter-default kt-v-gutter-default kt-row-valign-top kt-row-layout-equal kt-tab-layout-inherit kt-m-colapse-left-to-right kt-mobile-layout-row\"><style>.kadence-column_53d046-47 > .kt-inside-inner-col{border-top-width:0px;border-right-width:0px;border-bottom-width:0px;border-left-width:0px;}.kadence-column_53d046-47 > .kt-inside-inner-col,.kadence-column_53d046-47 > .kt-inside-inner-col:before{border-top-left-radius:0px;border-top-right-radius:0px;border-bottom-right-radius:0px;border-bottom-left-radius:0px;}.kadence-column_53d046-47 > .kt-inside-inner-col{column-gap:var(--global-kb-gap-sm, 1rem);}.kadence-column_53d046-47 > .kt-inside-inner-col{flex-direction:column;}.kadence-column_53d046-47 > .kt-inside-inner-col > .aligncenter{width:100%;}.kadence-column_53d046-47 > .kt-inside-inner-col:before{opacity:0.3;}.kadence-column_53d046-47{position:relative;}@media all and (max-width: 1024px){.kadence-column_53d046-47 > .kt-inside-inner-col{flex-direction:column;justify-content:center;}}@media all and (max-width: 767px){.kadence-column_53d046-47 > .kt-inside-inner-col{flex-direction:column;justify-content:center;}}<\/style>\n<div class=\"wp-block-kadence-column inner-column-1 kadence-column_53d046-47\"><div class=\"kt-inside-inner-col\">\n<h2 class=\"wp-block-heading\" id=\"h-mentions-legales\">Mentions l\u00e9gales<\/h2>\n\n\n\n<p><strong>Ce site est \u00e9dit\u00e9 par la soci\u00e9t\u00e9<\/strong><\/p>\n\n\n\n<p><strong>BRICARD SAS<\/strong><br>Adresse : 1 rue Paul Henri Spaak &#8211; 77400 Saint Thibault des Vignes &#8211; France<br>T\u00e9l : + 33 (0) 1 64 12 11 11 \u2013 e-mail : bricard@allegion.com<\/p>\n\n\n\n<p>Tous droits r\u00e9serv\u00e9s. \u00a9 2023 Allegion.<\/p>\n\n\n\n<p><strong>DONNEES PERSONNELLES<\/strong><\/p>\n\n\n\n<p>Nous attachons une grande importance aux donn\u00e9es personnelles de nos utilisateurs et nous engageons \u00e0 les exploiter de mani\u00e8re s\u00e9curis\u00e9e, transparente et mesur\u00e9e. Les informations ci-dessous d\u00e9crivent notre ligne de conduite en la mati\u00e8re.<\/p>\n\n\n\n<p><strong>NATURE DES DONN\u00c9ES<\/strong><br>Par \u00abdonn\u00e9es personnelles\u00bb, on entend toute donn\u00e9e concernant une personne et permettant \u00e0 celle-ci d\u2019\u00eatre identifi\u00e9e. Ceci comprend notamment les noms, num\u00e9ros de t\u00e9l\u00e9phone, adresses postales et \u00e9lectroniques ou noms d\u2019entreprises.<\/p>\n\n\n\n<p>Nous pouvons \u00eatre amen\u00e9s \u00e0 combiner les informations que nous recueillons aupr\u00e8s de vous avec les donn\u00e9es obtenues d&#8217;autres sources, afin de les compl\u00e9ter et de les rendre plus pr\u00e9cises pour nous aider \u00e0 personnaliser nos interactions avec vous.<\/p>\n\n\n\n<p>De plus, nous recueillons des informations li\u00e9es \u00e0 votre utilisation de nos sites Web \u00e0 l&#8217;aide de diff\u00e9rentes technologies, comme les cookies.<\/p>\n\n\n\n<p><strong>USAGE DES DONN\u00c9ES RECUEILLIES<\/strong><br>Les Donn\u00e9es Personnelles que nous collectons sont r\u00e9serv\u00e9es \u00e0 l\u2019usage exclusif du groupe Allegion et ne feront l\u2019objet d\u2019aucune transmission ou cession \u00e0 quiconque pour des fins commerciales ou de prospection.<\/p>\n\n\n\n<p>Nous n\u2019utiliserons vos Donn\u00e9es Personnelles que dans les limites des objets d\u00e9finis ci-apr\u00e8s et leur exploitation sera soumise \u00e0 des politiques et \u00e0 des conditions rigoureuses en mati\u00e8re d&#8217;utilisation et de protection des Donn\u00e9es Personnelles.<\/p>\n\n\n\n<p>Nous collectons, conservons et utilisons vos Donn\u00e9es Personnelles pour :<\/p>\n\n\n\n<ul class=\"wp-block-list\">\n<li>Fournir une assistance client\u00e8le, comprenant des services tels que la garantie et le service apr\u00e8s-vente<\/li>\n\n\n\n<li>Faciliter et traiter vos recherches et demandes d\u2019informations sur Allegion, ses produits et services<\/li>\n\n\n\n<li>Vous fournir les derni\u00e8res informations concernant les produits et services Allegion<\/li>\n\n\n\n<li>Conna\u00eetre votre opinion sur les produits et les services Allegion (r\u00e9alisation de sondages et d\u2019enqu\u00eates)<\/li>\n\n\n\n<li>Organiser des \u00e9v\u00e8nements et autres offres promotionnelles<\/li>\n\n\n\n<li>Mettre \u00e0 votre disposition de l\u2019espace de stockage de vos donn\u00e9es et d\u2019autres services accessibles avec un code confidentiel<\/li>\n<\/ul>\n\n\n\n<p><strong>DEFAUT D&#8217;INFORMATION<\/strong><br>De mani\u00e8re g\u00e9n\u00e9rale, vous pouvez visiter le Site Internet sans fournir vos donn\u00e9es personnelles.<br>Cependant, les champs marqu\u00e9s d\u2019une \u00e9toile vous indiquent que certaines donn\u00e9es sont n\u00e9cessaires. Le non renseignement des champs d\u2019entr\u00e9e correspondants peut entrainer une incapacit\u00e9 d\u2019Allegion \u00e0 vous fournir certains acc\u00e8s ou services.<\/p>\n\n\n\n<p><strong>SECURITE ET CONFIDENTIALITE DES DONNEES COLLECTEES<\/strong><br>Allegion a mis en place des mesures de protection physiques, \u00e9lectroniques et administratives conformes \u00e0 la r\u00e9glementation pour prot\u00e9ger vos Donn\u00e9es Personnelles. Ces donn\u00e9es ne sont accessibles que par un nombre restreint de personnes autoris\u00e9es.<\/p>\n\n\n\n<p><strong>DROIT D\u2019ACCES ET D\u2019OPPOSITION<\/strong><\/p>\n\n\n\n<p>Toute information personnelle que vous serez amen\u00e9 \u00e0 transmettre \u00e0 Allegion est soumise aux dispositions de la loi n\u00b0 78-17 Informatique et Libert\u00e9s du 6 janvier 1978 relative \u00e0 l\u2019informatique, aux fichiers et aux libert\u00e9s. A ce titre, vous disposez d&#8217;un droit d&#8217;acc\u00e8s, de rectification et de suppression des informations personnelles vous concernant.<\/p>\n\n\n\n<p>Pour l&#8217;exercer, \u00e0 tout moment, veuillez adresser votre demande :<br>BRICARD SAS &#8211; Allegion<\/p>\n\n\n\n<p>1 rue Paul Henri Spaak<\/p>\n\n\n\n<p>77400 Saint Thibault des Vignes &#8211; France<\/p>\n\n\n\n<p>T\u00e9l : +33 (0)1 64 12 11 11<\/p>\n\n\n\n<p>Email : bricard@allegion.com<\/p>\n\n\n\n<p>Lorsque nous recueillons des informations aupr\u00e8s de vous, vous pouvez nous indiquer que vous ne souhaitez pas qu&#8217;elles soient utilis\u00e9es pour des contacts commerciaux.<\/p>\n\n\n\n<p>Vous pouvez \u00e9galement d\u00e9sactiver les cookies sur votre navigateur.<\/p>\n\n\n\n<p><strong>CONDITIONS D\u2019UTILISATION<\/strong><\/p>\n\n\n\n<p><strong>UTILISATION DU SITE<\/strong><\/p>\n\n\n\n<p>L\u2019utilisation de ce Site suppose le respect les pr\u00e9sentes Conditions d\u2019Utilisation. En tout \u00e9tat de cause votre utilisation ne doit \u00eatre faite qu\u2019\u00e0 des fins licites, c\u2019est \u00e0 dire en respectant l\u2019ensemble des lois, r\u00e8glements et usages en vigueur en France ou dans le pays depuis lequel vous acc\u00e9dez \u00e0 ce Site.<\/p>\n\n\n\n<p>En particulier, il est interdit<\/p>\n\n\n\n<ul class=\"wp-block-list\">\n<li>De publier, transmettre ou diffuser toute information pr\u00e9judiciable, obsc\u00e8ne, diffamatoire ou illicite aussi bien sur ce Site qu\u2019\u00e0 partir de ce dernier ;<\/li>\n\n\n\n<li>D\u2019utiliser ce Site d\u2019une mani\u00e8re qui risquerait de porter atteinte aux droits d\u2019autrui ;<\/li>\n\n\n\n<li>D\u2019utiliser tout logiciel, \u00ab routine \u00bb ou dispositif en vue d\u2019entraver ou d\u2019essayer d\u2019entraver le bon fonctionnement du Site, que ce soit manuellement ou \u00e9lectroniquement, par quelque moyen que ce soit, \u00e9tant notamment vis\u00e9 le fait de t\u00e9l\u00e9charger ou de rendre accessibles des fichiers contenant des donn\u00e9es alt\u00e9r\u00e9es ou encore des virus ;<\/li>\n\n\n\n<li>De d\u00e9grader, alt\u00e9rer, ou modifier l\u2019aspect graphique de ce Site ou les codes du logiciel le constituant ;<\/li>\n\n\n\n<li>D\u2019entreprendre toute action susceptible d\u2019entra\u00eener un trafic d\u00e9raisonnable ou disproportionn\u00e9 sur le Site ou sur une infrastructure li\u00e9e ;<\/li>\n\n\n\n<li>D\u2019obtenir ou tenter d\u2019obtenir un acc\u00e8s non autoris\u00e9, et ce par quelque moyen que ce soit.<\/li>\n<\/ul>\n\n\n\n<p>Sans pr\u00e9judice de tous ses autres droits (qu\u2019ils soient d\u2019origine l\u00e9gale ou autre), le groupe Allegion se r\u00e9serve le droit de vous refuser l\u2019acc\u00e8s au Site s\u2019il juge (\u00e0 son enti\u00e8re discr\u00e9tion) que vous violez l\u2019une des dispositions des pr\u00e9sentes Conditions d\u2019 Utilisation.<\/p>\n\n\n\n<p><strong>COPYRIGHT ET PROTECTION DU DROIT D\u2019AUTEUR DES BASES DE DONNEES ET DES MARQUES<\/strong><\/p>\n\n\n\n<p>La structure g\u00e9n\u00e9rale, ainsi que les logiciels, textes, images anim\u00e9es ou fixes, sons, savoir-faire, dessins, graphismes et tout autre \u00e9l\u00e9ment composant le site sont la propri\u00e9t\u00e9 exclusive de la soci\u00e9t\u00e9 BRICARD SA, ou bien sont r\u00e9guli\u00e8rement exploit\u00e9s sous licence.<\/p>\n\n\n\n<p>Toute reproduction ou repr\u00e9sentation totale ou partielle de ce site par quelque proc\u00e9d\u00e9 que ce soit, sans notre autorisation expresse, est interdite et constituerait une contrefa\u00e7on sanctionn\u00e9e par les articles L. 336-2 et suivants du Code de la propri\u00e9t\u00e9 intellectuelle.<\/p>\n\n\n\n<p>Il en est de m\u00eame des bases de donn\u00e9es figurant sur le site web, qui sont prot\u00e9g\u00e9es par les dispositions de la loi du 1er juillet 1998 portant transposition dans le code de la propri\u00e9t\u00e9 intellectuelle de la directive europ\u00e9enne du 11 mars 1996 relative \u00e0 la protection juridique des bases de donn\u00e9es et dont nous sommes producteurs.<\/p>\n\n\n\n<p>Les marques de notre soci\u00e9t\u00e9, ainsi que les logos, figurant sur le site sont des marques d\u00e9pos\u00e9es. Toute reproduction totale ou partielle de ces marques et\/ou logos, effectu\u00e9e \u00e0 partir des \u00e9l\u00e9ments du site sans notre autorisation expresse est donc prohib\u00e9e, au sens de l&#8217;article L.713-2 du Code de la propri\u00e9t\u00e9 intellectuelle.<\/p>\n\n\n\n<p><strong>DROIT APPLICABLE<\/strong><\/p>\n\n\n\n<p>Le pr\u00e9sent site est exclusivement r\u00e9gi par le droit fran\u00e7ais et par les conventions internationales applicables en France.<\/p>\n\n\n\n<p><strong>LIMITES DE GARANTIES ET DE RESPONSABILITES<\/strong><\/p>\n\n\n\n<p>Nous nous effor\u00e7ons de fournir un contenu \u00e0 jour et fiable sur le Site. Cependant, malgr\u00e9 tout le soin apport\u00e9 la cr\u00e9ation et \u00e0 la mise \u00e0 jour des contenus, il se peut que des erreurs subsistent dans les informations pr\u00e9sent\u00e9es sur ce Site. En aucun cas la responsabilit\u00e9 d\u2019Allegion ne saurait \u00eatre engag\u00e9e pour des dommages directs ou indirects qui pourraient r\u00e9sulter de l\u2019acc\u00e8s au site ou de l\u2019utilisation des informations qu\u2019il pr\u00e9sente (ex : erreurs, omissions, inaccessibilit\u00e9, pertes de donn\u00e9es, d\u00e9t\u00e9riorations\u2026). En cons\u00e9quence, l\u2019utilisateur reconna\u00eet se servir de ces informations sous sa responsabilit\u00e9 exclusive et est invit\u00e9 \u00e0 proc\u00e9der \u00e0 toutes v\u00e9rifications utiles.<\/p>\n\n\n\n<p><strong>MODIFICATION DU SITE<\/strong><\/p>\n\n\n\n<p>Le groupe Allegion se r\u00e9serve le droit d\u2019apporter des am\u00e9liorations ou d\u2019effectuer des modifications sur les informations, les services, produits et autres \u00e9l\u00e9ments de ce Site, ou encore de le fermer, \u00e0 n\u2019importe quel moment, sans information pr\u00e9alable.<\/p>\n\n\n\n<p>Le groupe Allegion se r\u00e9serve \u00e9galement le droit de modifier les pr\u00e9sentes Conditions d\u2019Utilisation \u00e0 n\u2019importe quel moment, ces modifications \u00e9tant imm\u00e9diatement applicables, d\u00e8s leur mise en ligne sur ce Site. Par cons\u00e9quent, en continuant d\u2019acc\u00e9der \u00e0 ce Site ou de l\u2019utiliser, vous \u00eates consid\u00e9r\u00e9 comme ayant accept\u00e9 les modifications des pr\u00e9sentes Conditions d\u2019Utilisation.<\/p>\n\n\n\n<p><strong>GOOGLE ANALYTICS<\/strong><\/p>\n\n\n\n<p>Ce site utilise Google Analytics, un service d&#8217;analyse de site internet fourni par Google Inc. (\u201cGoogle\u201d). Google Analytics utilise des cookies, qui sont des fichiers texte plac\u00e9s sur votre ordinateur, pour aider le site internet \u00e0 analyser l&#8217;utilisation du site par ses utilisateurs. Les donn\u00e9es g\u00e9n\u00e9r\u00e9es par les cookies concernant votre utilisation du site (y compris votre adresse IP) seront transmises et stock\u00e9es par Google sur des serveurs situ\u00e9s aux Etats-Unis. Google utilisera cette information dans le but d&#8217;\u00e9valuer votre utilisation du site, de compiler des rapports sur l&#8217;activit\u00e9 du site \u00e0 destination de son \u00e9diteur et de fournir d&#8217;autres services relatifs \u00e0 l&#8217;activit\u00e9 du site et \u00e0 l&#8217;utilisation d&#8217;Internet. Google est susceptible de communiquer ces donn\u00e9es \u00e0 des tiers en cas d&#8217;obligation l\u00e9gale ou lorsque ces tiers traitent ces donn\u00e9es pour le compte de Google, y compris notamment l&#8217;\u00e9diteur de ce site. Google ne recoupera pas votre adresse IP avec toute autre donn\u00e9e d\u00e9tenue par Google. Vous pouvez d\u00e9sactiver l&#8217;utilisation de cookies en s\u00e9lectionnant les param\u00e8tres appropri\u00e9s de votre navigateur. Cependant, une telle d\u00e9sactivation pourrait emp\u00eacher l&#8217;utilisation de certaines fonctionnalit\u00e9s de ce site. En utilisant ce site internet, vous consentez express\u00e9ment au traitement de vos donn\u00e9es nominatives par Google dans les conditions et pour les finalit\u00e9s d\u00e9crites ci-dessus.<\/p>\n<\/div><\/div>\n<\/div><\/div><\/div>\n","protected":false},"excerpt":{"rendered":"<p>Mentions l\u00e9gales Ce site est \u00e9dit\u00e9 par la soci\u00e9t\u00e9 BRICARD SASAdresse : 1 rue Paul Henri Spaak &#8211; 77400 Saint Thibault des Vignes &#8211; FranceT\u00e9l : + 33 (0) 1 64 12 11 11 \u2013 e-mail : bricard@allegion.com Tous droits r\u00e9serv\u00e9s. \u00a9 2023 Allegion. DONNEES PERSONNELLES Nous attachons une grande importance aux donn\u00e9es personnelles de&#8230;<\/p>\n","protected":false},"author":79,"featured_media":0,"parent":0,"menu_order":0,"comment_status":"closed","ping_status":"closed","template":"","meta":{"_acf_changed":false,"_trash_the_other_posts":false,"_kad_blocks_custom_css":"","_kad_blocks_head_custom_js":"","_kad_blocks_body_custom_js":"","_kad_blocks_footer_custom_js":"","_kad_post_transparent":"","_kad_post_title":"","_kad_post_layout":"","_kad_post_sidebar_id":"","_kad_post_content_style":"","_kad_post_vertical_padding":"","_kad_post_feature":"","_kad_post_feature_position":"","_kad_post_header":false,"_kad_post_footer":false,"_kad_post_classname":"","editor_notices":[],"footnotes":""},"class_list":["post-6351","page","type-page","status-publish","hentry"],"acf":[],"yoast_head":"<!-- This site is optimized with the Yoast SEO Premium plugin v24.2 (Yoast SEO v27.2) - https:\/\/yoast.com\/product\/yoast-seo-premium-wordpress\/ -->\n<title>Mentions l\u00e9gales &#060; Bricard professionnels<\/title>\n<meta name=\"robots\" content=\"index, follow, max-snippet:-1, max-image-preview:large, max-video-preview:-1\" \/>\n<link rel=\"canonical\" href=\"https:\/\/bricard.com\/professionnels\/mentions-legales\" \/>\n<meta property=\"og:locale\" content=\"en_US\" \/>\n<meta property=\"og:type\" content=\"article\" \/>\n<meta property=\"og:title\" content=\"Mentions l\u00e9gales\" \/>\n<meta property=\"og:description\" content=\"Mentions l\u00e9gales Ce site est \u00e9dit\u00e9 par la soci\u00e9t\u00e9 BRICARD SASAdresse : 1 rue Paul Henri Spaak &#8211; 77400 Saint Thibault des Vignes &#8211; FranceT\u00e9l : + 33 (0) 1 64 12 11 11 \u2013 e-mail : bricard@allegion.com Tous droits r\u00e9serv\u00e9s. \u00a9 2023 Allegion. DONNEES PERSONNELLES Nous attachons une grande importance aux donn\u00e9es personnelles de...\" \/>\n<meta property=\"og:url\" content=\"https:\/\/bricard.com\/professionnels\/mentions-legales\" \/>\n<meta property=\"og:site_name\" content=\"Bricard professionnels\" \/>\n<meta property=\"article:modified_time\" content=\"2023-02-21T09:01:27+00:00\" \/>\n<meta name=\"twitter:card\" content=\"summary_large_image\" \/>\n<meta name=\"twitter:label1\" content=\"Est. reading time\" \/>\n\t<meta name=\"twitter:data1\" content=\"7 minutes\" \/>\n<script type=\"application\/ld+json\" class=\"yoast-schema-graph\">{\"@context\":\"https:\/\/schema.org\",\"@graph\":[{\"@type\":\"WebPage\",\"@id\":\"https:\/\/bricard.com\/professionnels\/mentions-legales\",\"url\":\"https:\/\/bricard.com\/professionnels\/mentions-legales\",\"name\":\"Mentions l\u00e9gales &#060; Bricard professionnels\",\"isPartOf\":{\"@id\":\"https:\/\/bricard.com\/professionnels\/#website\"},\"datePublished\":\"2022-11-29T06:39:59+00:00\",\"dateModified\":\"2023-02-21T09:01:27+00:00\",\"breadcrumb\":{\"@id\":\"https:\/\/bricard.com\/professionnels\/mentions-legales#breadcrumb\"},\"inLanguage\":\"en-US\",\"potentialAction\":[{\"@type\":\"ReadAction\",\"target\":[\"https:\/\/bricard.com\/professionnels\/mentions-legales\"]}]},{\"@type\":\"BreadcrumbList\",\"@id\":\"https:\/\/bricard.com\/professionnels\/mentions-legales#breadcrumb\",\"itemListElement\":[{\"@type\":\"ListItem\",\"position\":1,\"name\":\"Accueil\",\"item\":\"https:\/\/bricard.com\/professionnels\/\"},{\"@type\":\"ListItem\",\"position\":2,\"name\":\"Mentions l\u00e9gales\"}]},{\"@type\":\"WebSite\",\"@id\":\"https:\/\/bricard.com\/professionnels\/#website\",\"url\":\"https:\/\/bricard.com\/professionnels\/\",\"name\":\"Bricard professionnels\",\"description\":\"\",\"publisher\":{\"@id\":\"https:\/\/bricard.com\/professionnels\/#organization\"},\"potentialAction\":[{\"@type\":\"SearchAction\",\"target\":{\"@type\":\"EntryPoint\",\"urlTemplate\":\"https:\/\/bricard.com\/professionnels\/?s={search_term_string}\"},\"query-input\":{\"@type\":\"PropertyValueSpecification\",\"valueRequired\":true,\"valueName\":\"search_term_string\"}}],\"inLanguage\":\"en-US\"},{\"@type\":\"Organization\",\"@id\":\"https:\/\/bricard.com\/professionnels\/#organization\",\"name\":\"Bricard professionnels\",\"url\":\"https:\/\/bricard.com\/professionnels\/\",\"logo\":{\"@type\":\"ImageObject\",\"inLanguage\":\"en-US\",\"@id\":\"https:\/\/bricard.com\/professionnels\/#\/schema\/logo\/image\/\",\"url\":\"https:\/\/bricard.com\/professionnels\/wp-content\/uploads\/sites\/17\/2026\/02\/bricard-logo-castle.png\",\"contentUrl\":\"https:\/\/bricard.com\/professionnels\/wp-content\/uploads\/sites\/17\/2026\/02\/bricard-logo-castle.png\",\"width\":150,\"height\":150,\"caption\":\"Bricard professionnels\"},\"image\":{\"@id\":\"https:\/\/bricard.com\/professionnels\/#\/schema\/logo\/image\/\"},\"sameAs\":[\"https:\/\/www.linkedin.com\/showcase\/professionnels\/about\/?viewAsMember=true\"]}]}<\/script>\n<!-- \/ Yoast SEO Premium plugin. -->","yoast_head_json":{"title":"Mentions l\u00e9gales &#060; Bricard professionnels","robots":{"index":"index","follow":"follow","max-snippet":"max-snippet:-1","max-image-preview":"max-image-preview:large","max-video-preview":"max-video-preview:-1"},"canonical":"https:\/\/bricard.com\/professionnels\/mentions-legales","og_locale":"en_US","og_type":"article","og_title":"Mentions l\u00e9gales","og_description":"Mentions l\u00e9gales Ce site est \u00e9dit\u00e9 par la soci\u00e9t\u00e9 BRICARD SASAdresse : 1 rue Paul Henri Spaak &#8211; 77400 Saint Thibault des Vignes &#8211; FranceT\u00e9l : + 33 (0) 1 64 12 11 11 \u2013 e-mail : bricard@allegion.com Tous droits r\u00e9serv\u00e9s. \u00a9 2023 Allegion. DONNEES PERSONNELLES Nous attachons une grande importance aux donn\u00e9es personnelles de...","og_url":"https:\/\/bricard.com\/professionnels\/mentions-legales","og_site_name":"Bricard professionnels","article_modified_time":"2023-02-21T09:01:27+00:00","twitter_card":"summary_large_image","twitter_misc":{"Est. reading time":"7 minutes"},"schema":{"@context":"https:\/\/schema.org","@graph":[{"@type":"WebPage","@id":"https:\/\/bricard.com\/professionnels\/mentions-legales","url":"https:\/\/bricard.com\/professionnels\/mentions-legales","name":"Mentions l\u00e9gales &#060; Bricard professionnels","isPartOf":{"@id":"https:\/\/bricard.com\/professionnels\/#website"},"datePublished":"2022-11-29T06:39:59+00:00","dateModified":"2023-02-21T09:01:27+00:00","breadcrumb":{"@id":"https:\/\/bricard.com\/professionnels\/mentions-legales#breadcrumb"},"inLanguage":"en-US","potentialAction":[{"@type":"ReadAction","target":["https:\/\/bricard.com\/professionnels\/mentions-legales"]}]},{"@type":"BreadcrumbList","@id":"https:\/\/bricard.com\/professionnels\/mentions-legales#breadcrumb","itemListElement":[{"@type":"ListItem","position":1,"name":"Accueil","item":"https:\/\/bricard.com\/professionnels\/"},{"@type":"ListItem","position":2,"name":"Mentions l\u00e9gales"}]},{"@type":"WebSite","@id":"https:\/\/bricard.com\/professionnels\/#website","url":"https:\/\/bricard.com\/professionnels\/","name":"Bricard professionnels","description":"","publisher":{"@id":"https:\/\/bricard.com\/professionnels\/#organization"},"potentialAction":[{"@type":"SearchAction","target":{"@type":"EntryPoint","urlTemplate":"https:\/\/bricard.com\/professionnels\/?s={search_term_string}"},"query-input":{"@type":"PropertyValueSpecification","valueRequired":true,"valueName":"search_term_string"}}],"inLanguage":"en-US"},{"@type":"Organization","@id":"https:\/\/bricard.com\/professionnels\/#organization","name":"Bricard professionnels","url":"https:\/\/bricard.com\/professionnels\/","logo":{"@type":"ImageObject","inLanguage":"en-US","@id":"https:\/\/bricard.com\/professionnels\/#\/schema\/logo\/image\/","url":"https:\/\/bricard.com\/professionnels\/wp-content\/uploads\/sites\/17\/2026\/02\/bricard-logo-castle.png","contentUrl":"https:\/\/bricard.com\/professionnels\/wp-content\/uploads\/sites\/17\/2026\/02\/bricard-logo-castle.png","width":150,"height":150,"caption":"Bricard professionnels"},"image":{"@id":"https:\/\/bricard.com\/professionnels\/#\/schema\/logo\/image\/"},"sameAs":["https:\/\/www.linkedin.com\/showcase\/professionnels\/about\/?viewAsMember=true"]}]}},"taxonomy_info":[],"featured_image_src_large":false,"author_info":{"display_name":"saravalapalliwpvip","author_link":"https:\/\/bricard.com\/professionnels\/author\/saravalapalliwpvip"},"comment_info":0,"jetpack_sharing_enabled":true,"_links":{"self":[{"href":"https:\/\/bricard.com\/professionnels\/wp-json\/wp\/v2\/pages\/6351","targetHints":{"allow":["GET"]}}],"collection":[{"href":"https:\/\/bricard.com\/professionnels\/wp-json\/wp\/v2\/pages"}],"about":[{"href":"https:\/\/bricard.com\/professionnels\/wp-json\/wp\/v2\/types\/page"}],"author":[{"embeddable":true,"href":"https:\/\/bricard.com\/professionnels\/wp-json\/wp\/v2\/users\/79"}],"replies":[{"embeddable":true,"href":"https:\/\/bricard.com\/professionnels\/wp-json\/wp\/v2\/comments?post=6351"}],"version-history":[{"count":5,"href":"https:\/\/bricard.com\/professionnels\/wp-json\/wp\/v2\/pages\/6351\/revisions"}],"predecessor-version":[{"id":11387,"href":"https:\/\/bricard.com\/professionnels\/wp-json\/wp\/v2\/pages\/6351\/revisions\/11387"}],"wp:attachment":[{"href":"https:\/\/bricard.com\/professionnels\/wp-json\/wp\/v2\/media?parent=6351"}],"curies":[{"name":"wp","href":"https:\/\/api.w.org\/{rel}","templated":true}]}}