{"id":13089,"date":"2024-02-06T07:02:45","date_gmt":"2024-02-06T07:02:45","guid":{"rendered":""},"modified":"2026-02-24T10:49:45","modified_gmt":"2026-02-24T10:49:45","slug":"cisa-esigno","status":"publish","type":"product","link":"https:\/\/bricard.com\/professionnels\/produits\/controle-dacces\/serrures-electroniques\/cisa-esigno","title":{"rendered":"Cisa eSIGNO"},"content":{"rendered":"<p>Serrure \u00e9lectronique sans contact CISA eSIGNO id\u00e9ale pour le march\u00e9 de l&#8217;h\u00f4tellerie et des r\u00e9sidences de service.<br \/>\n\u2022 Gestion et contr\u00f4le des acc\u00e8s<br \/>\n\u2022 Facilit\u00e9 d\u2019installation &#8211; sans c\u00e2blage<br \/>\n\u2022 Alimentation par piles<br \/>\n\u2022 Communication sans fil<br \/>\n\u2022 Technologie sans contact<br \/>\n\u2022 Ouverture avec carte \/ badge NFC et avec smartphone via Bluetooth Low Energy<br \/>\n\u2022 Logiciel de gestion en ligne (CISA\u00ae AERO) ou sur PC (CISA SSW4) pour suivre instantan\u00e9ment l\u2019\u00e9tat op\u00e9rationnel du syst\u00e8me, des risques de s\u00e9curit\u00e9 potentiels, des t\u00e2ches de maintenance \u00e0 venir, etc.<\/p>\n<p>Prix, nous consulter<\/p>\n","protected":false},"excerpt":{"rendered":"<p>Serrure \u00e9lectronique sans contact CISA eSIGNO id\u00e9ale pour le march\u00e9 de l&#8217;h\u00f4tellerie et des r\u00e9sidences de service. \u2022 Gestion et contr\u00f4le des acc\u00e8s \u2022 Facilit\u00e9 d\u2019installation &#8211; sans c\u00e2blage \u2022 Alimentation par piles \u2022 Communication sans fil \u2022 Technologie sans contact \u2022 Ouverture avec carte \/ badge NFC et avec smartphone via Bluetooth Low Energy&#8230;<\/p>\n","protected":false},"featured_media":16726,"template":"","meta":{"_acf_changed":false,"_trash_the_other_posts":false,"_kad_blocks_custom_css":"","_kad_blocks_head_custom_js":"","_kad_blocks_body_custom_js":"","_kad_blocks_footer_custom_js":"","_kad_post_transparent":"default","_kad_post_title":"","_kad_post_layout":"default","_kad_post_sidebar_id":"","_kad_post_content_style":"default","_kad_post_vertical_padding":"default","_kad_post_feature":"","_kad_post_feature_position":"","_kad_post_header":false,"_kad_post_footer":false,"_kad_post_classname":""},"product_brand":[],"product_cat":[525,527],"product_tag":[],"solution":[553],"class_list":{"0":"post-13089","1":"product","2":"type-product","3":"status-publish","4":"has-post-thumbnail","6":"product_cat-controle-dacces","7":"product_cat-serrures-electroniques","8":"solution-projet-hotellerie","10":"first","11":"instock","12":"shipping-taxable","13":"product-type-simple","14":"entry","15":"content-bg","16":"loop-entry"},"acf":[],"yoast_head":"<!-- This site is optimized with the Yoast SEO Premium plugin v24.2 (Yoast SEO v27.2) - https:\/\/yoast.com\/product\/yoast-seo-premium-wordpress\/ -->\n<title>Cisa eSIGNO &#060; Bricard professionnels<\/title>\n<meta name=\"robots\" content=\"index, follow, max-snippet:-1, max-image-preview:large, max-video-preview:-1\" \/>\n<link rel=\"canonical\" href=\"https:\/\/bricard.com\/professionnels\/produits\/controle-dacces\/serrures-electroniques\/cisa-esigno\" \/>\n<meta property=\"og:locale\" content=\"en_US\" \/>\n<meta property=\"og:type\" content=\"article\" \/>\n<meta property=\"og:title\" content=\"Cisa eSIGNO\" \/>\n<meta property=\"og:description\" content=\"Serrure \u00e9lectronique sans contact CISA eSIGNO id\u00e9ale pour le march\u00e9 de l&#8217;h\u00f4tellerie et des r\u00e9sidences de service. \u2022 Gestion et contr\u00f4le des acc\u00e8s \u2022 Facilit\u00e9 d\u2019installation &#8211; sans c\u00e2blage \u2022 Alimentation par piles \u2022 Communication sans fil \u2022 Technologie sans contact \u2022 Ouverture avec carte \/ badge NFC et avec smartphone via Bluetooth Low Energy...\" \/>\n<meta property=\"og:url\" content=\"https:\/\/bricard.com\/professionnels\/produits\/controle-dacces\/serrures-electroniques\/cisa-esigno\" \/>\n<meta property=\"og:site_name\" content=\"Bricard professionnels\" \/>\n<meta property=\"article:modified_time\" content=\"2026-02-24T10:49:45+00:00\" \/>\n<meta property=\"og:image\" content=\"https:\/\/bricard.com\/professionnels\/wp-content\/uploads\/sites\/17\/2025\/12\/RSS.jpg\" \/>\n\t<meta property=\"og:image:width\" content=\"1200\" \/>\n\t<meta property=\"og:image:height\" content=\"800\" \/>\n\t<meta property=\"og:image:type\" content=\"image\/jpeg\" \/>\n<meta name=\"twitter:card\" content=\"summary_large_image\" \/>\n<meta name=\"twitter:label1\" content=\"Est. reading time\" \/>\n\t<meta name=\"twitter:data1\" content=\"1 minute\" \/>\n<script type=\"application\/ld+json\" class=\"yoast-schema-graph\">{\"@context\":\"https:\/\/schema.org\",\"@graph\":[{\"@type\":\"WebPage\",\"@id\":\"https:\/\/bricard.com\/professionnels\/produits\/controle-dacces\/serrures-electroniques\/cisa-esigno\",\"url\":\"https:\/\/bricard.com\/professionnels\/produits\/controle-dacces\/serrures-electroniques\/cisa-esigno\",\"name\":\"Cisa eSIGNO &#060; Bricard professionnels\",\"isPartOf\":{\"@id\":\"https:\/\/bricard.com\/professionnels\/#website\"},\"primaryImageOfPage\":{\"@id\":\"https:\/\/bricard.com\/professionnels\/produits\/controle-dacces\/serrures-electroniques\/cisa-esigno#primaryimage\"},\"image\":{\"@id\":\"https:\/\/bricard.com\/professionnels\/produits\/controle-dacces\/serrures-electroniques\/cisa-esigno#primaryimage\"},\"thumbnailUrl\":\"https:\/\/bricard.com\/professionnels\/wp-content\/uploads\/sites\/17\/2025\/12\/RSS.jpg\",\"datePublished\":\"2024-02-06T07:02:45+00:00\",\"dateModified\":\"2026-02-24T10:49:45+00:00\",\"breadcrumb\":{\"@id\":\"https:\/\/bricard.com\/professionnels\/produits\/controle-dacces\/serrures-electroniques\/cisa-esigno#breadcrumb\"},\"inLanguage\":\"en-US\",\"potentialAction\":[{\"@type\":\"ReadAction\",\"target\":[\"https:\/\/bricard.com\/professionnels\/produits\/controle-dacces\/serrures-electroniques\/cisa-esigno\"]}]},{\"@type\":\"ImageObject\",\"inLanguage\":\"en-US\",\"@id\":\"https:\/\/bricard.com\/professionnels\/produits\/controle-dacces\/serrures-electroniques\/cisa-esigno#primaryimage\",\"url\":\"https:\/\/bricard.com\/professionnels\/wp-content\/uploads\/sites\/17\/2025\/12\/RSS.jpg\",\"contentUrl\":\"https:\/\/bricard.com\/professionnels\/wp-content\/uploads\/sites\/17\/2025\/12\/RSS.jpg\",\"width\":1200,\"height\":800},{\"@type\":\"BreadcrumbList\",\"@id\":\"https:\/\/bricard.com\/professionnels\/produits\/controle-dacces\/serrures-electroniques\/cisa-esigno#breadcrumb\",\"itemListElement\":[{\"@type\":\"ListItem\",\"position\":1,\"name\":\"Accueil\",\"item\":\"https:\/\/bricard.com\/professionnels\/\"},{\"@type\":\"ListItem\",\"position\":2,\"name\":\"Toutes nos gammes\",\"item\":\"https:\/\/bricard.com\/professionnels\/produits\"},{\"@type\":\"ListItem\",\"position\":3,\"name\":\"Contr\u00f4le d'acc\u00e8s\",\"item\":\"https:\/\/bricard.com\/professionnels\/produits-gammes\/controle-dacces\"},{\"@type\":\"ListItem\",\"position\":4,\"name\":\"Cisa eSIGNO\"}]},{\"@type\":\"WebSite\",\"@id\":\"https:\/\/bricard.com\/professionnels\/#website\",\"url\":\"https:\/\/bricard.com\/professionnels\/\",\"name\":\"Bricard professionnels\",\"description\":\"\",\"publisher\":{\"@id\":\"https:\/\/bricard.com\/professionnels\/#organization\"},\"potentialAction\":[{\"@type\":\"SearchAction\",\"target\":{\"@type\":\"EntryPoint\",\"urlTemplate\":\"https:\/\/bricard.com\/professionnels\/?s={search_term_string}\"},\"query-input\":{\"@type\":\"PropertyValueSpecification\",\"valueRequired\":true,\"valueName\":\"search_term_string\"}}],\"inLanguage\":\"en-US\"},{\"@type\":\"Organization\",\"@id\":\"https:\/\/bricard.com\/professionnels\/#organization\",\"name\":\"Bricard professionnels\",\"url\":\"https:\/\/bricard.com\/professionnels\/\",\"logo\":{\"@type\":\"ImageObject\",\"inLanguage\":\"en-US\",\"@id\":\"https:\/\/bricard.com\/professionnels\/#\/schema\/logo\/image\/\",\"url\":\"https:\/\/bricard.com\/professionnels\/wp-content\/uploads\/sites\/17\/2026\/02\/bricard-logo-castle.png\",\"contentUrl\":\"https:\/\/bricard.com\/professionnels\/wp-content\/uploads\/sites\/17\/2026\/02\/bricard-logo-castle.png\",\"width\":150,\"height\":150,\"caption\":\"Bricard professionnels\"},\"image\":{\"@id\":\"https:\/\/bricard.com\/professionnels\/#\/schema\/logo\/image\/\"},\"sameAs\":[\"https:\/\/www.linkedin.com\/showcase\/professionnels\/about\/?viewAsMember=true\"]}]}<\/script>\n<!-- \/ Yoast SEO Premium plugin. -->","yoast_head_json":{"title":"Cisa eSIGNO &#060; Bricard professionnels","robots":{"index":"index","follow":"follow","max-snippet":"max-snippet:-1","max-image-preview":"max-image-preview:large","max-video-preview":"max-video-preview:-1"},"canonical":"https:\/\/bricard.com\/professionnels\/produits\/controle-dacces\/serrures-electroniques\/cisa-esigno","og_locale":"en_US","og_type":"article","og_title":"Cisa eSIGNO","og_description":"Serrure \u00e9lectronique sans contact CISA eSIGNO id\u00e9ale pour le march\u00e9 de l&#8217;h\u00f4tellerie et des r\u00e9sidences de service. \u2022 Gestion et contr\u00f4le des acc\u00e8s \u2022 Facilit\u00e9 d\u2019installation &#8211; sans c\u00e2blage \u2022 Alimentation par piles \u2022 Communication sans fil \u2022 Technologie sans contact \u2022 Ouverture avec carte \/ badge NFC et avec smartphone via Bluetooth Low Energy...","og_url":"https:\/\/bricard.com\/professionnels\/produits\/controle-dacces\/serrures-electroniques\/cisa-esigno","og_site_name":"Bricard professionnels","article_modified_time":"2026-02-24T10:49:45+00:00","og_image":[{"width":1200,"height":800,"url":"https:\/\/bricard.com\/professionnels\/wp-content\/uploads\/sites\/17\/2025\/12\/RSS.jpg","type":"image\/jpeg"}],"twitter_card":"summary_large_image","twitter_misc":{"Est. reading time":"1 minute"},"schema":{"@context":"https:\/\/schema.org","@graph":[{"@type":"WebPage","@id":"https:\/\/bricard.com\/professionnels\/produits\/controle-dacces\/serrures-electroniques\/cisa-esigno","url":"https:\/\/bricard.com\/professionnels\/produits\/controle-dacces\/serrures-electroniques\/cisa-esigno","name":"Cisa eSIGNO &#060; Bricard professionnels","isPartOf":{"@id":"https:\/\/bricard.com\/professionnels\/#website"},"primaryImageOfPage":{"@id":"https:\/\/bricard.com\/professionnels\/produits\/controle-dacces\/serrures-electroniques\/cisa-esigno#primaryimage"},"image":{"@id":"https:\/\/bricard.com\/professionnels\/produits\/controle-dacces\/serrures-electroniques\/cisa-esigno#primaryimage"},"thumbnailUrl":"https:\/\/bricard.com\/professionnels\/wp-content\/uploads\/sites\/17\/2025\/12\/RSS.jpg","datePublished":"2024-02-06T07:02:45+00:00","dateModified":"2026-02-24T10:49:45+00:00","breadcrumb":{"@id":"https:\/\/bricard.com\/professionnels\/produits\/controle-dacces\/serrures-electroniques\/cisa-esigno#breadcrumb"},"inLanguage":"en-US","potentialAction":[{"@type":"ReadAction","target":["https:\/\/bricard.com\/professionnels\/produits\/controle-dacces\/serrures-electroniques\/cisa-esigno"]}]},{"@type":"ImageObject","inLanguage":"en-US","@id":"https:\/\/bricard.com\/professionnels\/produits\/controle-dacces\/serrures-electroniques\/cisa-esigno#primaryimage","url":"https:\/\/bricard.com\/professionnels\/wp-content\/uploads\/sites\/17\/2025\/12\/RSS.jpg","contentUrl":"https:\/\/bricard.com\/professionnels\/wp-content\/uploads\/sites\/17\/2025\/12\/RSS.jpg","width":1200,"height":800},{"@type":"BreadcrumbList","@id":"https:\/\/bricard.com\/professionnels\/produits\/controle-dacces\/serrures-electroniques\/cisa-esigno#breadcrumb","itemListElement":[{"@type":"ListItem","position":1,"name":"Accueil","item":"https:\/\/bricard.com\/professionnels\/"},{"@type":"ListItem","position":2,"name":"Toutes nos gammes","item":"https:\/\/bricard.com\/professionnels\/produits"},{"@type":"ListItem","position":3,"name":"Contr\u00f4le d'acc\u00e8s","item":"https:\/\/bricard.com\/professionnels\/produits-gammes\/controle-dacces"},{"@type":"ListItem","position":4,"name":"Cisa eSIGNO"}]},{"@type":"WebSite","@id":"https:\/\/bricard.com\/professionnels\/#website","url":"https:\/\/bricard.com\/professionnels\/","name":"Bricard professionnels","description":"","publisher":{"@id":"https:\/\/bricard.com\/professionnels\/#organization"},"potentialAction":[{"@type":"SearchAction","target":{"@type":"EntryPoint","urlTemplate":"https:\/\/bricard.com\/professionnels\/?s={search_term_string}"},"query-input":{"@type":"PropertyValueSpecification","valueRequired":true,"valueName":"search_term_string"}}],"inLanguage":"en-US"},{"@type":"Organization","@id":"https:\/\/bricard.com\/professionnels\/#organization","name":"Bricard professionnels","url":"https:\/\/bricard.com\/professionnels\/","logo":{"@type":"ImageObject","inLanguage":"en-US","@id":"https:\/\/bricard.com\/professionnels\/#\/schema\/logo\/image\/","url":"https:\/\/bricard.com\/professionnels\/wp-content\/uploads\/sites\/17\/2026\/02\/bricard-logo-castle.png","contentUrl":"https:\/\/bricard.com\/professionnels\/wp-content\/uploads\/sites\/17\/2026\/02\/bricard-logo-castle.png","width":150,"height":150,"caption":"Bricard professionnels"},"image":{"@id":"https:\/\/bricard.com\/professionnels\/#\/schema\/logo\/image\/"},"sameAs":["https:\/\/www.linkedin.com\/showcase\/professionnels\/about\/?viewAsMember=true"]}]}},"taxonomy_info":{"product_cat":[{"value":525,"label":"Contr\u00f4le d'acc\u00e8s"},{"value":527,"label":"Serrures \u00e9lectroniques"}],"solution":[{"value":553,"label":"H\u00f4tellerie"}]},"featured_image_src_large":["https:\/\/bricard.com\/professionnels\/wp-content\/uploads\/sites\/17\/2025\/12\/RSS.jpg?w=1024",1024,683,true],"author_info":[],"comment_info":"","jetpack_sharing_enabled":true,"_links":{"self":[{"href":"https:\/\/bricard.com\/professionnels\/wp-json\/wp\/v2\/product\/13089","targetHints":{"allow":["GET"]}}],"collection":[{"href":"https:\/\/bricard.com\/professionnels\/wp-json\/wp\/v2\/product"}],"about":[{"href":"https:\/\/bricard.com\/professionnels\/wp-json\/wp\/v2\/types\/product"}],"wp:featuredmedia":[{"embeddable":true,"href":"https:\/\/bricard.com\/professionnels\/wp-json\/wp\/v2\/media\/16726"}],"wp:attachment":[{"href":"https:\/\/bricard.com\/professionnels\/wp-json\/wp\/v2\/media?parent=13089"}],"wp:term":[{"taxonomy":"product_brand","embeddable":true,"href":"https:\/\/bricard.com\/professionnels\/wp-json\/wp\/v2\/product_brand?post=13089"},{"taxonomy":"product_cat","embeddable":true,"href":"https:\/\/bricard.com\/professionnels\/wp-json\/wp\/v2\/product_cat?post=13089"},{"taxonomy":"product_tag","embeddable":true,"href":"https:\/\/bricard.com\/professionnels\/wp-json\/wp\/v2\/product_tag?post=13089"},{"taxonomy":"solution","embeddable":true,"href":"https:\/\/bricard.com\/professionnels\/wp-json\/wp\/v2\/solution?post=13089"}],"curies":[{"name":"wp","href":"https:\/\/api.w.org\/{rel}","templated":true}]}}