{"id":13796,"date":"2025-04-17T07:10:12","date_gmt":"2025-04-17T07:10:12","guid":{"rendered":""},"modified":"2025-12-10T07:58:24","modified_gmt":"2025-12-10T07:58:24","slug":"eline-ensemble-blinde","status":"publish","type":"product","link":"https:\/\/bricard.com\/professionnels\/produits\/poignees\/poignees-aluminium\/eline-ensemble-blinde","title":{"rendered":"Eline &#8211; ensemble blind\u00e9"},"content":{"rendered":"<p>\u2022 Forte endurance \u00e0 l&#8217;utilisation : EN 1906 grade 3<br \/>\n\u2022 R\u00e9sistance \u00e9leve de dur\u00e9e de la norme EN 1906 : grade 6 : 100 000 cycles<br \/>\n\u2022 Adaptabilit\u00e9 sur cylindres\/serrures A2P* et A2P**<br \/>\n\u2022 Bouclier en aluminium massif<br \/>\n\u2022 D\u00e9vissage impossible de la plaque ext\u00e9rieure : aucune vis apparente<br \/>\n\u2022 \u00c9paisseur de portes :<br \/>\n\u2013 b\u00e9quille\/b\u00e9quille 40 \u00e0 62mm<br \/>\n\u2013 b\u00e9quille\/aileron 40 \u00e0 62mm<br \/>\n\u2022 Carr\u00e9 de 7mm, entraxe de 70mm et entraxe de fixation 195mm<br \/>\n\u2022 Finition : argent sabl\u00e9<\/p>\n","protected":false},"excerpt":{"rendered":"<p>\u2022 Forte endurance \u00e0 l&#8217;utilisation : EN 1906 grade 3 \u2022 R\u00e9sistance \u00e9leve de dur\u00e9e de la norme EN 1906 : grade 6 : 100 000 cycles \u2022 Adaptabilit\u00e9 sur cylindres\/serrures A2P* et A2P** \u2022 Bouclier en aluminium massif \u2022 D\u00e9vissage impossible de la plaque ext\u00e9rieure : aucune vis apparente \u2022 \u00c9paisseur de portes :&#8230;<\/p>\n","protected":false},"featured_media":16891,"template":"","meta":{"_acf_changed":false,"_trash_the_other_posts":false,"_kad_blocks_custom_css":"","_kad_blocks_head_custom_js":"","_kad_blocks_body_custom_js":"","_kad_blocks_footer_custom_js":"","_kad_post_transparent":"default","_kad_post_title":"","_kad_post_layout":"default","_kad_post_sidebar_id":"","_kad_post_content_style":"default","_kad_post_vertical_padding":"default","_kad_post_feature":"","_kad_post_feature_position":"","_kad_post_header":false,"_kad_post_footer":false,"_kad_post_classname":""},"product_brand":[],"product_cat":[501],"product_tag":[],"solution":[],"class_list":{"0":"post-13796","1":"product","2":"type-product","3":"status-publish","4":"has-post-thumbnail","6":"product_cat-poignees-aluminium","8":"first","9":"instock","10":"shipping-taxable","11":"product-type-simple","12":"entry","13":"content-bg","14":"loop-entry"},"acf":[],"yoast_head":"<!-- This site is optimized with the Yoast SEO Premium plugin v24.2 (Yoast SEO v27.2) - https:\/\/yoast.com\/product\/yoast-seo-premium-wordpress\/ -->\n<title>Eline - ensemble blind\u00e9 &#060; Bricard professionnels<\/title>\n<meta name=\"robots\" content=\"index, follow, max-snippet:-1, max-image-preview:large, max-video-preview:-1\" \/>\n<link rel=\"canonical\" href=\"https:\/\/bricard.com\/professionnels\/produits\/poignees\/poignees-aluminium\/eline-ensemble-blinde\" \/>\n<meta property=\"og:locale\" content=\"en_US\" \/>\n<meta property=\"og:type\" content=\"article\" \/>\n<meta property=\"og:title\" content=\"Eline - ensemble blind\u00e9\" \/>\n<meta property=\"og:description\" content=\"\u2022 Forte endurance \u00e0 l&#8217;utilisation : EN 1906 grade 3 \u2022 R\u00e9sistance \u00e9leve de dur\u00e9e de la norme EN 1906 : grade 6 : 100 000 cycles \u2022 Adaptabilit\u00e9 sur cylindres\/serrures A2P* et A2P** \u2022 Bouclier en aluminium massif \u2022 D\u00e9vissage impossible de la plaque ext\u00e9rieure : aucune vis apparente \u2022 \u00c9paisseur de portes :...\" \/>\n<meta property=\"og:url\" content=\"https:\/\/bricard.com\/professionnels\/produits\/poignees\/poignees-aluminium\/eline-ensemble-blinde\" \/>\n<meta property=\"og:site_name\" content=\"Bricard professionnels\" \/>\n<meta property=\"article:modified_time\" content=\"2025-12-10T07:58:24+00:00\" \/>\n<meta name=\"twitter:card\" content=\"summary_large_image\" \/>\n<meta name=\"twitter:image\" content=\"https:\/\/bricard.com\/professionnels\/wp-content\/uploads\/sites\/17\/2025\/04\/9890171C.png\" \/>\n<meta name=\"twitter:label1\" content=\"Est. reading time\" \/>\n\t<meta name=\"twitter:data1\" content=\"1 minute\" \/>\n<script type=\"application\/ld+json\" class=\"yoast-schema-graph\">{\"@context\":\"https:\/\/schema.org\",\"@graph\":[{\"@type\":\"WebPage\",\"@id\":\"https:\/\/bricard.com\/professionnels\/produits\/poignees\/poignees-aluminium\/eline-ensemble-blinde\",\"url\":\"https:\/\/bricard.com\/professionnels\/produits\/poignees\/poignees-aluminium\/eline-ensemble-blinde\",\"name\":\"Eline - ensemble blind\u00e9 &#060; Bricard professionnels\",\"isPartOf\":{\"@id\":\"https:\/\/bricard.com\/professionnels\/#website\"},\"primaryImageOfPage\":{\"@id\":\"https:\/\/bricard.com\/professionnels\/produits\/poignees\/poignees-aluminium\/eline-ensemble-blinde#primaryimage\"},\"image\":{\"@id\":\"https:\/\/bricard.com\/professionnels\/produits\/poignees\/poignees-aluminium\/eline-ensemble-blinde#primaryimage\"},\"thumbnailUrl\":\"https:\/\/bricard.com\/professionnels\/wp-content\/uploads\/sites\/17\/2025\/12\/9890171C.png\",\"datePublished\":\"2025-04-17T07:10:12+00:00\",\"dateModified\":\"2025-12-10T07:58:24+00:00\",\"breadcrumb\":{\"@id\":\"https:\/\/bricard.com\/professionnels\/produits\/poignees\/poignees-aluminium\/eline-ensemble-blinde#breadcrumb\"},\"inLanguage\":\"en-US\",\"potentialAction\":[{\"@type\":\"ReadAction\",\"target\":[\"https:\/\/bricard.com\/professionnels\/produits\/poignees\/poignees-aluminium\/eline-ensemble-blinde\"]}]},{\"@type\":\"ImageObject\",\"inLanguage\":\"en-US\",\"@id\":\"https:\/\/bricard.com\/professionnels\/produits\/poignees\/poignees-aluminium\/eline-ensemble-blinde#primaryimage\",\"url\":\"https:\/\/bricard.com\/professionnels\/wp-content\/uploads\/sites\/17\/2025\/12\/9890171C.png\",\"contentUrl\":\"https:\/\/bricard.com\/professionnels\/wp-content\/uploads\/sites\/17\/2025\/12\/9890171C.png\",\"width\":1536,\"height\":2953},{\"@type\":\"BreadcrumbList\",\"@id\":\"https:\/\/bricard.com\/professionnels\/produits\/poignees\/poignees-aluminium\/eline-ensemble-blinde#breadcrumb\",\"itemListElement\":[{\"@type\":\"ListItem\",\"position\":1,\"name\":\"Accueil\",\"item\":\"https:\/\/bricard.com\/professionnels\/\"},{\"@type\":\"ListItem\",\"position\":2,\"name\":\"Toutes nos gammes\",\"item\":\"https:\/\/bricard.com\/professionnels\/produits\"},{\"@type\":\"ListItem\",\"position\":3,\"name\":\"Poign\u00e9es\",\"item\":\"https:\/\/bricard.com\/professionnels\/produits-gammes\/poignees\"},{\"@type\":\"ListItem\",\"position\":4,\"name\":\"Poign\u00e9es aluminium\",\"item\":\"https:\/\/bricard.com\/professionnels\/produits-gammes\/poignees\/poignees-aluminium\"},{\"@type\":\"ListItem\",\"position\":5,\"name\":\"Eline &#8211; ensemble blind\u00e9\"}]},{\"@type\":\"WebSite\",\"@id\":\"https:\/\/bricard.com\/professionnels\/#website\",\"url\":\"https:\/\/bricard.com\/professionnels\/\",\"name\":\"Bricard professionnels\",\"description\":\"\",\"publisher\":{\"@id\":\"https:\/\/bricard.com\/professionnels\/#organization\"},\"potentialAction\":[{\"@type\":\"SearchAction\",\"target\":{\"@type\":\"EntryPoint\",\"urlTemplate\":\"https:\/\/bricard.com\/professionnels\/?s={search_term_string}\"},\"query-input\":{\"@type\":\"PropertyValueSpecification\",\"valueRequired\":true,\"valueName\":\"search_term_string\"}}],\"inLanguage\":\"en-US\"},{\"@type\":\"Organization\",\"@id\":\"https:\/\/bricard.com\/professionnels\/#organization\",\"name\":\"Bricard professionnels\",\"url\":\"https:\/\/bricard.com\/professionnels\/\",\"logo\":{\"@type\":\"ImageObject\",\"inLanguage\":\"en-US\",\"@id\":\"https:\/\/bricard.com\/professionnels\/#\/schema\/logo\/image\/\",\"url\":\"https:\/\/bricard.com\/professionnels\/wp-content\/uploads\/sites\/17\/2026\/02\/bricard-logo-castle.png\",\"contentUrl\":\"https:\/\/bricard.com\/professionnels\/wp-content\/uploads\/sites\/17\/2026\/02\/bricard-logo-castle.png\",\"width\":150,\"height\":150,\"caption\":\"Bricard professionnels\"},\"image\":{\"@id\":\"https:\/\/bricard.com\/professionnels\/#\/schema\/logo\/image\/\"},\"sameAs\":[\"https:\/\/www.linkedin.com\/showcase\/professionnels\/about\/?viewAsMember=true\"]}]}<\/script>\n<!-- \/ Yoast SEO Premium plugin. -->","yoast_head_json":{"title":"Eline - ensemble blind\u00e9 &#060; Bricard professionnels","robots":{"index":"index","follow":"follow","max-snippet":"max-snippet:-1","max-image-preview":"max-image-preview:large","max-video-preview":"max-video-preview:-1"},"canonical":"https:\/\/bricard.com\/professionnels\/produits\/poignees\/poignees-aluminium\/eline-ensemble-blinde","og_locale":"en_US","og_type":"article","og_title":"Eline - ensemble blind\u00e9","og_description":"\u2022 Forte endurance \u00e0 l&#8217;utilisation : EN 1906 grade 3 \u2022 R\u00e9sistance \u00e9leve de dur\u00e9e de la norme EN 1906 : grade 6 : 100 000 cycles \u2022 Adaptabilit\u00e9 sur cylindres\/serrures A2P* et A2P** \u2022 Bouclier en aluminium massif \u2022 D\u00e9vissage impossible de la plaque ext\u00e9rieure : aucune vis apparente \u2022 \u00c9paisseur de portes :...","og_url":"https:\/\/bricard.com\/professionnels\/produits\/poignees\/poignees-aluminium\/eline-ensemble-blinde","og_site_name":"Bricard professionnels","article_modified_time":"2025-12-10T07:58:24+00:00","twitter_card":"summary_large_image","twitter_image":"https:\/\/bricard.com\/professionnels\/wp-content\/uploads\/sites\/17\/2025\/04\/9890171C.png","twitter_misc":{"Est. reading time":"1 minute"},"schema":{"@context":"https:\/\/schema.org","@graph":[{"@type":"WebPage","@id":"https:\/\/bricard.com\/professionnels\/produits\/poignees\/poignees-aluminium\/eline-ensemble-blinde","url":"https:\/\/bricard.com\/professionnels\/produits\/poignees\/poignees-aluminium\/eline-ensemble-blinde","name":"Eline - ensemble blind\u00e9 &#060; Bricard professionnels","isPartOf":{"@id":"https:\/\/bricard.com\/professionnels\/#website"},"primaryImageOfPage":{"@id":"https:\/\/bricard.com\/professionnels\/produits\/poignees\/poignees-aluminium\/eline-ensemble-blinde#primaryimage"},"image":{"@id":"https:\/\/bricard.com\/professionnels\/produits\/poignees\/poignees-aluminium\/eline-ensemble-blinde#primaryimage"},"thumbnailUrl":"https:\/\/bricard.com\/professionnels\/wp-content\/uploads\/sites\/17\/2025\/12\/9890171C.png","datePublished":"2025-04-17T07:10:12+00:00","dateModified":"2025-12-10T07:58:24+00:00","breadcrumb":{"@id":"https:\/\/bricard.com\/professionnels\/produits\/poignees\/poignees-aluminium\/eline-ensemble-blinde#breadcrumb"},"inLanguage":"en-US","potentialAction":[{"@type":"ReadAction","target":["https:\/\/bricard.com\/professionnels\/produits\/poignees\/poignees-aluminium\/eline-ensemble-blinde"]}]},{"@type":"ImageObject","inLanguage":"en-US","@id":"https:\/\/bricard.com\/professionnels\/produits\/poignees\/poignees-aluminium\/eline-ensemble-blinde#primaryimage","url":"https:\/\/bricard.com\/professionnels\/wp-content\/uploads\/sites\/17\/2025\/12\/9890171C.png","contentUrl":"https:\/\/bricard.com\/professionnels\/wp-content\/uploads\/sites\/17\/2025\/12\/9890171C.png","width":1536,"height":2953},{"@type":"BreadcrumbList","@id":"https:\/\/bricard.com\/professionnels\/produits\/poignees\/poignees-aluminium\/eline-ensemble-blinde#breadcrumb","itemListElement":[{"@type":"ListItem","position":1,"name":"Accueil","item":"https:\/\/bricard.com\/professionnels\/"},{"@type":"ListItem","position":2,"name":"Toutes nos gammes","item":"https:\/\/bricard.com\/professionnels\/produits"},{"@type":"ListItem","position":3,"name":"Poign\u00e9es","item":"https:\/\/bricard.com\/professionnels\/produits-gammes\/poignees"},{"@type":"ListItem","position":4,"name":"Poign\u00e9es aluminium","item":"https:\/\/bricard.com\/professionnels\/produits-gammes\/poignees\/poignees-aluminium"},{"@type":"ListItem","position":5,"name":"Eline &#8211; ensemble blind\u00e9"}]},{"@type":"WebSite","@id":"https:\/\/bricard.com\/professionnels\/#website","url":"https:\/\/bricard.com\/professionnels\/","name":"Bricard professionnels","description":"","publisher":{"@id":"https:\/\/bricard.com\/professionnels\/#organization"},"potentialAction":[{"@type":"SearchAction","target":{"@type":"EntryPoint","urlTemplate":"https:\/\/bricard.com\/professionnels\/?s={search_term_string}"},"query-input":{"@type":"PropertyValueSpecification","valueRequired":true,"valueName":"search_term_string"}}],"inLanguage":"en-US"},{"@type":"Organization","@id":"https:\/\/bricard.com\/professionnels\/#organization","name":"Bricard professionnels","url":"https:\/\/bricard.com\/professionnels\/","logo":{"@type":"ImageObject","inLanguage":"en-US","@id":"https:\/\/bricard.com\/professionnels\/#\/schema\/logo\/image\/","url":"https:\/\/bricard.com\/professionnels\/wp-content\/uploads\/sites\/17\/2026\/02\/bricard-logo-castle.png","contentUrl":"https:\/\/bricard.com\/professionnels\/wp-content\/uploads\/sites\/17\/2026\/02\/bricard-logo-castle.png","width":150,"height":150,"caption":"Bricard professionnels"},"image":{"@id":"https:\/\/bricard.com\/professionnels\/#\/schema\/logo\/image\/"},"sameAs":["https:\/\/www.linkedin.com\/showcase\/professionnels\/about\/?viewAsMember=true"]}]}},"taxonomy_info":{"product_cat":[{"value":501,"label":"Poign\u00e9es aluminium"}]},"featured_image_src_large":["https:\/\/bricard.com\/professionnels\/wp-content\/uploads\/sites\/17\/2025\/12\/9890171C.png?w=533",533,1024,true],"author_info":[],"comment_info":"","jetpack_sharing_enabled":true,"_links":{"self":[{"href":"https:\/\/bricard.com\/professionnels\/wp-json\/wp\/v2\/product\/13796","targetHints":{"allow":["GET"]}}],"collection":[{"href":"https:\/\/bricard.com\/professionnels\/wp-json\/wp\/v2\/product"}],"about":[{"href":"https:\/\/bricard.com\/professionnels\/wp-json\/wp\/v2\/types\/product"}],"wp:featuredmedia":[{"embeddable":true,"href":"https:\/\/bricard.com\/professionnels\/wp-json\/wp\/v2\/media\/16891"}],"wp:attachment":[{"href":"https:\/\/bricard.com\/professionnels\/wp-json\/wp\/v2\/media?parent=13796"}],"wp:term":[{"taxonomy":"product_brand","embeddable":true,"href":"https:\/\/bricard.com\/professionnels\/wp-json\/wp\/v2\/product_brand?post=13796"},{"taxonomy":"product_cat","embeddable":true,"href":"https:\/\/bricard.com\/professionnels\/wp-json\/wp\/v2\/product_cat?post=13796"},{"taxonomy":"product_tag","embeddable":true,"href":"https:\/\/bricard.com\/professionnels\/wp-json\/wp\/v2\/product_tag?post=13796"},{"taxonomy":"solution","embeddable":true,"href":"https:\/\/bricard.com\/professionnels\/wp-json\/wp\/v2\/solution?post=13796"}],"curies":[{"name":"wp","href":"https:\/\/api.w.org\/{rel}","templated":true}]}}