{"id":16983,"date":"2025-12-10T08:00:33","date_gmt":"2025-12-10T08:00:33","guid":{"rendered":"https:\/\/bricard.com\/professionnels\/?post_type=product&#038;p=16983"},"modified":"2026-02-24T10:24:46","modified_gmt":"2026-02-24T10:24:46","slug":"xe360","status":"publish","type":"product","link":"https:\/\/bricard.com\/professionnels\/produits\/controle-dacces\/serrures-connectees\/xe360","title":{"rendered":"XE360"},"content":{"rendered":"<p>Exp\u00e9rimentez la r\u00e9volution du contr\u00f4le d&#8217;acc\u00e8s connect\u00e9. XE360 est la premi\u00e8re serrure wifi nativement connect\u00e9e, permettant de se passer d\u2019un c\u00e2blage 230V ou de manipulations complexes dans le cas d\u2019une r\u00e9novation.<br \/>\nB\u00e9quille XE360 :<br \/>\n\u2022 Usage en mode stand alone ou connect\u00e9<br \/>\n\u2022 Ouverture possible via smartphone ou carte Mifare Desfire<br \/>\n\u2022 Disponible en 2 coloris, acier ou noir mat<br \/>\n\u2022 Disponible avec ou sans cylindre de secours<br \/>\nCylindre XE360 :<br \/>\n\u2022 S\u2019installe sur tous types de portes<br \/>\n\u2022 Disponible en version simple ou double-entr\u00e9e<br \/>\n\u2022 Produit compatible avec les barres antipaniques.<br \/>\n\u2022 IP67 : \u00e9tanche \u00e0 la poussi\u00e8re, r\u00e9sistance accrue face \u00e0 l\u2019eau<br \/>\nLecteur mural XE360 :<br \/>\n\u2022 Alimentation via c\u00e2ble PoE<br \/>\n\u2022 Mode connect\u00e9 et autonome<br \/>\n\u2022 3 designs diff\u00e9rents (avec ou sans digicode, profil \u00e9troit)<\/p>\n<p>XE360 est une solution intuitive et accessible, qui offre tranquillit\u00e9 d&#8217;esprit et flexibilit\u00e9 :<br \/>\n\u2022 Depuis votre ordinateur, centralisez la gestion de tous vos sites<br \/>\n\u2022 Soyez alert\u00e9 en temps r\u00e9el de toute tentative d\u2019intrusion<br \/>\n\u2022 Visualisez l\u2019historique des \u00e9v\u00e8nements de votre installation<br \/>\n\u2022 Mettez \u00e0 jour en 1 clic la liste des utilisateurs autoris\u00e9s<br \/>\n\u2022 Cr\u00e9ez des plages horaires \u00e0 l\u2019heure<br \/>\n\u2022 Utilisation multi-support (carte, smartphone, badge)<\/p>\n<p>Pour plus d&#8217;informations sur les produits et les prix, nous consulter<\/p>\n","protected":false},"excerpt":{"rendered":"<p>Exp\u00e9rimentez la r\u00e9volution du contr\u00f4le d&#8217;acc\u00e8s connect\u00e9. XE360 est la premi\u00e8re serrure wifi nativement connect\u00e9e, permettant de se passer d\u2019un c\u00e2blage 230V ou de manipulations complexes dans le cas d\u2019une r\u00e9novation. B\u00e9quille XE360 : \u2022 Usage en mode stand alone ou connect\u00e9 \u2022 Ouverture possible via smartphone ou carte Mifare Desfire \u2022 Disponible en 2&#8230;<\/p>\n","protected":false},"featured_media":16693,"template":"","meta":{"_acf_changed":false,"_trash_the_other_posts":false,"_kad_blocks_custom_css":"","_kad_blocks_head_custom_js":"","_kad_blocks_body_custom_js":"","_kad_blocks_footer_custom_js":"","_kad_post_transparent":"default","_kad_post_title":"","_kad_post_layout":"default","_kad_post_sidebar_id":"","_kad_post_content_style":"default","_kad_post_vertical_padding":"default","_kad_post_feature":"","_kad_post_feature_position":"","_kad_post_header":false,"_kad_post_footer":false,"_kad_post_classname":""},"product_brand":[],"product_cat":[525,526],"product_tag":[],"solution":[551,552,555],"class_list":{"0":"post-16983","1":"product","2":"type-product","3":"status-publish","4":"has-post-thumbnail","6":"product_cat-controle-dacces","7":"product_cat-serrures-connectees","8":"solution-projet-bureau","9":"solution-projet-education","10":"solution-projet-sante","12":"first","13":"instock","14":"shipping-taxable","15":"product-type-simple","16":"entry","17":"content-bg","18":"loop-entry"},"acf":[],"yoast_head":"<!-- This site is optimized with the Yoast SEO Premium plugin v24.2 (Yoast SEO v27.2) - https:\/\/yoast.com\/product\/yoast-seo-premium-wordpress\/ -->\n<title>XE360 &#060; Bricard professionnels<\/title>\n<meta name=\"robots\" content=\"index, follow, max-snippet:-1, max-image-preview:large, max-video-preview:-1\" \/>\n<link rel=\"canonical\" href=\"https:\/\/bricard.com\/professionnels\/produits\/controle-dacces\/serrures-connectees\/xe360\" \/>\n<meta property=\"og:locale\" content=\"en_US\" \/>\n<meta property=\"og:type\" content=\"article\" \/>\n<meta property=\"og:title\" content=\"XE360\" \/>\n<meta property=\"og:description\" content=\"Exp\u00e9rimentez la r\u00e9volution du contr\u00f4le d&#8217;acc\u00e8s connect\u00e9. XE360 est la premi\u00e8re serrure wifi nativement connect\u00e9e, permettant de se passer d\u2019un c\u00e2blage 230V ou de manipulations complexes dans le cas d\u2019une r\u00e9novation. B\u00e9quille XE360 : \u2022 Usage en mode stand alone ou connect\u00e9 \u2022 Ouverture possible via smartphone ou carte Mifare Desfire \u2022 Disponible en 2...\" \/>\n<meta property=\"og:url\" content=\"https:\/\/bricard.com\/professionnels\/produits\/controle-dacces\/serrures-connectees\/xe360\" \/>\n<meta property=\"og:site_name\" content=\"Bricard professionnels\" \/>\n<meta property=\"article:modified_time\" content=\"2026-02-24T10:24:46+00:00\" \/>\n<meta property=\"og:image\" content=\"https:\/\/bricard.com\/professionnels\/wp-content\/uploads\/sites\/17\/2025\/12\/XE360_-_Bequille_avec_cylindre_-_vue_penchee.png\" \/>\n\t<meta property=\"og:image:width\" content=\"4000\" \/>\n\t<meta property=\"og:image:height\" content=\"2500\" \/>\n\t<meta property=\"og:image:type\" content=\"image\/png\" \/>\n<meta name=\"twitter:card\" content=\"summary_large_image\" \/>\n<meta name=\"twitter:label1\" content=\"Est. reading time\" \/>\n\t<meta name=\"twitter:data1\" content=\"2 minutes\" \/>\n<script type=\"application\/ld+json\" class=\"yoast-schema-graph\">{\"@context\":\"https:\/\/schema.org\",\"@graph\":[{\"@type\":\"WebPage\",\"@id\":\"https:\/\/bricard.com\/professionnels\/produits\/controle-dacces\/serrures-connectees\/xe360\",\"url\":\"https:\/\/bricard.com\/professionnels\/produits\/controle-dacces\/serrures-connectees\/xe360\",\"name\":\"XE360 &#060; Bricard professionnels\",\"isPartOf\":{\"@id\":\"https:\/\/bricard.com\/professionnels\/#website\"},\"primaryImageOfPage\":{\"@id\":\"https:\/\/bricard.com\/professionnels\/produits\/controle-dacces\/serrures-connectees\/xe360#primaryimage\"},\"image\":{\"@id\":\"https:\/\/bricard.com\/professionnels\/produits\/controle-dacces\/serrures-connectees\/xe360#primaryimage\"},\"thumbnailUrl\":\"https:\/\/bricard.com\/professionnels\/wp-content\/uploads\/sites\/17\/2025\/12\/XE360_-_Bequille_avec_cylindre_-_vue_penchee.png\",\"datePublished\":\"2025-12-10T08:00:33+00:00\",\"dateModified\":\"2026-02-24T10:24:46+00:00\",\"breadcrumb\":{\"@id\":\"https:\/\/bricard.com\/professionnels\/produits\/controle-dacces\/serrures-connectees\/xe360#breadcrumb\"},\"inLanguage\":\"en-US\",\"potentialAction\":[{\"@type\":\"ReadAction\",\"target\":[\"https:\/\/bricard.com\/professionnels\/produits\/controle-dacces\/serrures-connectees\/xe360\"]}]},{\"@type\":\"ImageObject\",\"inLanguage\":\"en-US\",\"@id\":\"https:\/\/bricard.com\/professionnels\/produits\/controle-dacces\/serrures-connectees\/xe360#primaryimage\",\"url\":\"https:\/\/bricard.com\/professionnels\/wp-content\/uploads\/sites\/17\/2025\/12\/XE360_-_Bequille_avec_cylindre_-_vue_penchee.png\",\"contentUrl\":\"https:\/\/bricard.com\/professionnels\/wp-content\/uploads\/sites\/17\/2025\/12\/XE360_-_Bequille_avec_cylindre_-_vue_penchee.png\",\"width\":4000,\"height\":2500},{\"@type\":\"BreadcrumbList\",\"@id\":\"https:\/\/bricard.com\/professionnels\/produits\/controle-dacces\/serrures-connectees\/xe360#breadcrumb\",\"itemListElement\":[{\"@type\":\"ListItem\",\"position\":1,\"name\":\"Accueil\",\"item\":\"https:\/\/bricard.com\/professionnels\/\"},{\"@type\":\"ListItem\",\"position\":2,\"name\":\"Toutes nos gammes\",\"item\":\"https:\/\/bricard.com\/professionnels\/produits\"},{\"@type\":\"ListItem\",\"position\":3,\"name\":\"Contr\u00f4le d'acc\u00e8s\",\"item\":\"https:\/\/bricard.com\/professionnels\/produits-gammes\/controle-dacces\"},{\"@type\":\"ListItem\",\"position\":4,\"name\":\"XE360\"}]},{\"@type\":\"WebSite\",\"@id\":\"https:\/\/bricard.com\/professionnels\/#website\",\"url\":\"https:\/\/bricard.com\/professionnels\/\",\"name\":\"Bricard professionnels\",\"description\":\"\",\"publisher\":{\"@id\":\"https:\/\/bricard.com\/professionnels\/#organization\"},\"potentialAction\":[{\"@type\":\"SearchAction\",\"target\":{\"@type\":\"EntryPoint\",\"urlTemplate\":\"https:\/\/bricard.com\/professionnels\/?s={search_term_string}\"},\"query-input\":{\"@type\":\"PropertyValueSpecification\",\"valueRequired\":true,\"valueName\":\"search_term_string\"}}],\"inLanguage\":\"en-US\"},{\"@type\":\"Organization\",\"@id\":\"https:\/\/bricard.com\/professionnels\/#organization\",\"name\":\"Bricard professionnels\",\"url\":\"https:\/\/bricard.com\/professionnels\/\",\"logo\":{\"@type\":\"ImageObject\",\"inLanguage\":\"en-US\",\"@id\":\"https:\/\/bricard.com\/professionnels\/#\/schema\/logo\/image\/\",\"url\":\"https:\/\/bricard.com\/professionnels\/wp-content\/uploads\/sites\/17\/2026\/02\/bricard-logo-castle.png\",\"contentUrl\":\"https:\/\/bricard.com\/professionnels\/wp-content\/uploads\/sites\/17\/2026\/02\/bricard-logo-castle.png\",\"width\":150,\"height\":150,\"caption\":\"Bricard professionnels\"},\"image\":{\"@id\":\"https:\/\/bricard.com\/professionnels\/#\/schema\/logo\/image\/\"},\"sameAs\":[\"https:\/\/www.linkedin.com\/showcase\/professionnels\/about\/?viewAsMember=true\"]}]}<\/script>\n<!-- \/ Yoast SEO Premium plugin. -->","yoast_head_json":{"title":"XE360 &#060; Bricard professionnels","robots":{"index":"index","follow":"follow","max-snippet":"max-snippet:-1","max-image-preview":"max-image-preview:large","max-video-preview":"max-video-preview:-1"},"canonical":"https:\/\/bricard.com\/professionnels\/produits\/controle-dacces\/serrures-connectees\/xe360","og_locale":"en_US","og_type":"article","og_title":"XE360","og_description":"Exp\u00e9rimentez la r\u00e9volution du contr\u00f4le d&#8217;acc\u00e8s connect\u00e9. XE360 est la premi\u00e8re serrure wifi nativement connect\u00e9e, permettant de se passer d\u2019un c\u00e2blage 230V ou de manipulations complexes dans le cas d\u2019une r\u00e9novation. B\u00e9quille XE360 : \u2022 Usage en mode stand alone ou connect\u00e9 \u2022 Ouverture possible via smartphone ou carte Mifare Desfire \u2022 Disponible en 2...","og_url":"https:\/\/bricard.com\/professionnels\/produits\/controle-dacces\/serrures-connectees\/xe360","og_site_name":"Bricard professionnels","article_modified_time":"2026-02-24T10:24:46+00:00","og_image":[{"width":4000,"height":2500,"url":"https:\/\/bricard.com\/professionnels\/wp-content\/uploads\/sites\/17\/2025\/12\/XE360_-_Bequille_avec_cylindre_-_vue_penchee.png","type":"image\/png"}],"twitter_card":"summary_large_image","twitter_misc":{"Est. reading time":"2 minutes"},"schema":{"@context":"https:\/\/schema.org","@graph":[{"@type":"WebPage","@id":"https:\/\/bricard.com\/professionnels\/produits\/controle-dacces\/serrures-connectees\/xe360","url":"https:\/\/bricard.com\/professionnels\/produits\/controle-dacces\/serrures-connectees\/xe360","name":"XE360 &#060; Bricard professionnels","isPartOf":{"@id":"https:\/\/bricard.com\/professionnels\/#website"},"primaryImageOfPage":{"@id":"https:\/\/bricard.com\/professionnels\/produits\/controle-dacces\/serrures-connectees\/xe360#primaryimage"},"image":{"@id":"https:\/\/bricard.com\/professionnels\/produits\/controle-dacces\/serrures-connectees\/xe360#primaryimage"},"thumbnailUrl":"https:\/\/bricard.com\/professionnels\/wp-content\/uploads\/sites\/17\/2025\/12\/XE360_-_Bequille_avec_cylindre_-_vue_penchee.png","datePublished":"2025-12-10T08:00:33+00:00","dateModified":"2026-02-24T10:24:46+00:00","breadcrumb":{"@id":"https:\/\/bricard.com\/professionnels\/produits\/controle-dacces\/serrures-connectees\/xe360#breadcrumb"},"inLanguage":"en-US","potentialAction":[{"@type":"ReadAction","target":["https:\/\/bricard.com\/professionnels\/produits\/controle-dacces\/serrures-connectees\/xe360"]}]},{"@type":"ImageObject","inLanguage":"en-US","@id":"https:\/\/bricard.com\/professionnels\/produits\/controle-dacces\/serrures-connectees\/xe360#primaryimage","url":"https:\/\/bricard.com\/professionnels\/wp-content\/uploads\/sites\/17\/2025\/12\/XE360_-_Bequille_avec_cylindre_-_vue_penchee.png","contentUrl":"https:\/\/bricard.com\/professionnels\/wp-content\/uploads\/sites\/17\/2025\/12\/XE360_-_Bequille_avec_cylindre_-_vue_penchee.png","width":4000,"height":2500},{"@type":"BreadcrumbList","@id":"https:\/\/bricard.com\/professionnels\/produits\/controle-dacces\/serrures-connectees\/xe360#breadcrumb","itemListElement":[{"@type":"ListItem","position":1,"name":"Accueil","item":"https:\/\/bricard.com\/professionnels\/"},{"@type":"ListItem","position":2,"name":"Toutes nos gammes","item":"https:\/\/bricard.com\/professionnels\/produits"},{"@type":"ListItem","position":3,"name":"Contr\u00f4le d'acc\u00e8s","item":"https:\/\/bricard.com\/professionnels\/produits-gammes\/controle-dacces"},{"@type":"ListItem","position":4,"name":"XE360"}]},{"@type":"WebSite","@id":"https:\/\/bricard.com\/professionnels\/#website","url":"https:\/\/bricard.com\/professionnels\/","name":"Bricard professionnels","description":"","publisher":{"@id":"https:\/\/bricard.com\/professionnels\/#organization"},"potentialAction":[{"@type":"SearchAction","target":{"@type":"EntryPoint","urlTemplate":"https:\/\/bricard.com\/professionnels\/?s={search_term_string}"},"query-input":{"@type":"PropertyValueSpecification","valueRequired":true,"valueName":"search_term_string"}}],"inLanguage":"en-US"},{"@type":"Organization","@id":"https:\/\/bricard.com\/professionnels\/#organization","name":"Bricard professionnels","url":"https:\/\/bricard.com\/professionnels\/","logo":{"@type":"ImageObject","inLanguage":"en-US","@id":"https:\/\/bricard.com\/professionnels\/#\/schema\/logo\/image\/","url":"https:\/\/bricard.com\/professionnels\/wp-content\/uploads\/sites\/17\/2026\/02\/bricard-logo-castle.png","contentUrl":"https:\/\/bricard.com\/professionnels\/wp-content\/uploads\/sites\/17\/2026\/02\/bricard-logo-castle.png","width":150,"height":150,"caption":"Bricard professionnels"},"image":{"@id":"https:\/\/bricard.com\/professionnels\/#\/schema\/logo\/image\/"},"sameAs":["https:\/\/www.linkedin.com\/showcase\/professionnels\/about\/?viewAsMember=true"]}]}},"taxonomy_info":{"product_cat":[{"value":525,"label":"Contr\u00f4le d'acc\u00e8s"},{"value":526,"label":"Serrures connect\u00e9es"}],"solution":[{"value":551,"label":"Bureau"},{"value":552,"label":"\u00c9ducation"},{"value":555,"label":"Sant\u00e9"}]},"featured_image_src_large":["https:\/\/bricard.com\/professionnels\/wp-content\/uploads\/sites\/17\/2025\/12\/XE360_-_Bequille_avec_cylindre_-_vue_penchee.png?w=1024",1024,640,true],"author_info":[],"comment_info":"","jetpack_sharing_enabled":true,"_links":{"self":[{"href":"https:\/\/bricard.com\/professionnels\/wp-json\/wp\/v2\/product\/16983","targetHints":{"allow":["GET"]}}],"collection":[{"href":"https:\/\/bricard.com\/professionnels\/wp-json\/wp\/v2\/product"}],"about":[{"href":"https:\/\/bricard.com\/professionnels\/wp-json\/wp\/v2\/types\/product"}],"wp:featuredmedia":[{"embeddable":true,"href":"https:\/\/bricard.com\/professionnels\/wp-json\/wp\/v2\/media\/16693"}],"wp:attachment":[{"href":"https:\/\/bricard.com\/professionnels\/wp-json\/wp\/v2\/media?parent=16983"}],"wp:term":[{"taxonomy":"product_brand","embeddable":true,"href":"https:\/\/bricard.com\/professionnels\/wp-json\/wp\/v2\/product_brand?post=16983"},{"taxonomy":"product_cat","embeddable":true,"href":"https:\/\/bricard.com\/professionnels\/wp-json\/wp\/v2\/product_cat?post=16983"},{"taxonomy":"product_tag","embeddable":true,"href":"https:\/\/bricard.com\/professionnels\/wp-json\/wp\/v2\/product_tag?post=16983"},{"taxonomy":"solution","embeddable":true,"href":"https:\/\/bricard.com\/professionnels\/wp-json\/wp\/v2\/solution?post=16983"}],"curies":[{"name":"wp","href":"https:\/\/api.w.org\/{rel}","templated":true}]}}