{"id":9768,"date":"2023-01-23T07:07:20","date_gmt":"2023-01-23T07:07:20","guid":{"rendered":""},"modified":"2026-02-24T10:40:35","modified_gmt":"2026-02-24T10:40:35","slug":"dual-xp-s2","status":"publish","type":"product","link":"https:\/\/bricard.com\/professionnels\/produits\/cylindres-et-organigramme\/cylindres-a-profil-europeen-de-haute-securite\/dual-xp-s2","title":{"rendered":"Dual XP S2 Bipass"},"content":{"rendered":"<p>La cl\u00e9 Bipass : une seule cl\u00e9 pour ouvrir \u00e0 la fois :<br \/>\n\u2022 le cylindre de la porte d\u2019appartement et des locaux communs<br \/>\n\u2022 le contr\u00f4le d\u2019acc\u00e8s du hall d&#8217;entr\u00e9e, de l&#8217;ascenseur&#8230;<\/p>\n<p>\u2022 Copie de cl\u00e9 prot\u00e9g\u00e9e par brevet : la carte de propri\u00e9t\u00e9 et le mobile de la cl\u00e9 (syst\u00e8me<br \/>\nbrevet\u00e9 jusqu\u2019en 2033) prot\u00e8gent contre toute reproduction illicite<br \/>\n\u2022 Haute r\u00e9sistance au crochetage et au Bumping (crochetage et ouverture par choc avec fausse cl\u00e9) avec la forme de son contre-piston brevet\u00e9 BKP<br \/>\n\u2022 R\u00e9sistance \u00e0 la casse et \u00e0 la torsion avec le syst\u00e8me S (except\u00e9 sur cylindres compatibles a2p* et a2p**)<br \/>\n\u2022 R\u00e9sistance \u00e0 l\u2019enfoncement : panneton d\u00e9port\u00e9<br \/>\n\u2022 R\u00e9sistance au per\u00e7age<br \/>\n\u2022 A2P : apte \u00e0 \u00e9quiper les serrures Bricard A2P<br \/>\n\u2022 4 cl\u00e9s couleur bleu, rouge, vert, jaune<br \/>\n\u2022 Cl\u00e9 r\u00e9versible<br \/>\n\u2022 Cylindre double entr\u00e9e d\u00e9brayable en version standard et A2P<br \/>\n\u2022 12 goupilles sur 3 rang\u00e9es dont 6+1 actives et 5 passives<br \/>\n\u2022 Cl\u00e9 en maillechort : \u00e9paisseur 2.9 mm<br \/>\n\u2022 Nombre de variures disponibles : 40 000 000<br \/>\n\u2022 Conforme \u00e0 la norme EN 1303-2015<br \/>\n\u2022 En option : maintien de la compatibilit\u00e9 sur organigramme existant Dual XP S (1\u00e8re g\u00e9n\u00e9ration)<\/p>\n","protected":false},"excerpt":{"rendered":"<p>La cl\u00e9 Bipass : une seule cl\u00e9 pour ouvrir \u00e0 la fois : \u2022 le cylindre de la porte d\u2019appartement et des locaux communs \u2022 le contr\u00f4le d\u2019acc\u00e8s du hall d&#8217;entr\u00e9e, de l&#8217;ascenseur&#8230; \u2022 Copie de cl\u00e9 prot\u00e9g\u00e9e par brevet : la carte de propri\u00e9t\u00e9 et le mobile de la cl\u00e9 (syst\u00e8me brevet\u00e9 jusqu\u2019en 2033)&#8230;<\/p>\n","protected":false},"featured_media":16849,"template":"","meta":{"_acf_changed":false,"_trash_the_other_posts":false,"_kad_blocks_custom_css":"","_kad_blocks_head_custom_js":"","_kad_blocks_body_custom_js":"","_kad_blocks_footer_custom_js":"","_kad_post_transparent":"default","_kad_post_title":"","_kad_post_layout":"default","_kad_post_sidebar_id":"","_kad_post_content_style":"default","_kad_post_vertical_padding":"default","_kad_post_feature":"","_kad_post_feature_position":"","_kad_post_header":false,"_kad_post_footer":false,"_kad_post_classname":""},"product_brand":[],"product_cat":[490],"product_tag":[],"solution":[554],"class_list":{"0":"post-9768","1":"product","2":"type-product","3":"status-publish","4":"has-post-thumbnail","6":"product_cat-cylindres-a-profil-europeen-de-haute-securite","7":"solution-projet-logement","9":"first","10":"instock","11":"shipping-taxable","12":"product-type-simple","13":"entry","14":"content-bg","15":"loop-entry"},"acf":[],"yoast_head":"<!-- This site is optimized with the Yoast SEO Premium plugin v24.2 (Yoast SEO v27.2) - https:\/\/yoast.com\/product\/yoast-seo-premium-wordpress\/ -->\n<title>Dual XP S2 Bipass &#060; Bricard professionnels<\/title>\n<meta name=\"description\" content=\"BRICARD cr\u00e9e et d\u00e9veloppe les standards actuels de la serrurerie. Quelles que soient les exigences r\u00e9glementaires des b\u00e2timents, BRICARD vous propose un large \u00e9ventail de produits r\u00e9pondant aux exigences normatives pour \u00e9quiper tout type de portes : entr\u00e9e, int\u00e9rieure, distribution, local technique, issue de secours\u2026Cylindre \u00e0 profil europ\u00e9en de haute s\u00e9curit\u00e9 Dual XPS2\" \/>\n<meta name=\"robots\" content=\"index, follow, max-snippet:-1, max-image-preview:large, max-video-preview:-1\" \/>\n<link rel=\"canonical\" href=\"https:\/\/bricard.com\/professionnels\/produits\/cylindres-et-organigramme\/cylindres-a-profil-europeen-de-haute-securite\/dual-xp-s2\" \/>\n<meta property=\"og:locale\" content=\"en_US\" \/>\n<meta property=\"og:type\" content=\"article\" \/>\n<meta property=\"og:title\" content=\"Dual XP S2 Bipass\" \/>\n<meta property=\"og:description\" content=\"BRICARD cr\u00e9e et d\u00e9veloppe les standards actuels de la serrurerie. Quelles que soient les exigences r\u00e9glementaires des b\u00e2timents, BRICARD vous propose un large \u00e9ventail de produits r\u00e9pondant aux exigences normatives pour \u00e9quiper tout type de portes : entr\u00e9e, int\u00e9rieure, distribution, local technique, issue de secours\u2026Cylindre \u00e0 profil europ\u00e9en de haute s\u00e9curit\u00e9 Dual XPS2\" \/>\n<meta property=\"og:url\" content=\"https:\/\/bricard.com\/professionnels\/produits\/cylindres-et-organigramme\/cylindres-a-profil-europeen-de-haute-securite\/dual-xp-s2\" \/>\n<meta property=\"og:site_name\" content=\"Bricard professionnels\" \/>\n<meta property=\"article:modified_time\" content=\"2026-02-24T10:40:35+00:00\" \/>\n<meta name=\"twitter:card\" content=\"summary_large_image\" \/>\n<meta name=\"twitter:image\" content=\"https:\/\/bricard.com\/professionnels\/wp-content\/uploads\/sites\/17\/2025\/12\/CLE_VERTE_FACE_VERSO_CMJN.png\" \/>\n<meta name=\"twitter:label1\" content=\"Est. reading time\" \/>\n\t<meta name=\"twitter:data1\" content=\"2 minutes\" \/>\n<script type=\"application\/ld+json\" class=\"yoast-schema-graph\">{\"@context\":\"https:\/\/schema.org\",\"@graph\":[{\"@type\":\"WebPage\",\"@id\":\"https:\/\/bricard.com\/professionnels\/produits\/cylindres-et-organigramme\/cylindres-a-profil-europeen-de-haute-securite\/dual-xp-s2\",\"url\":\"https:\/\/bricard.com\/professionnels\/produits\/cylindres-et-organigramme\/cylindres-a-profil-europeen-de-haute-securite\/dual-xp-s2\",\"name\":\"Dual XP S2 Bipass &#060; Bricard professionnels\",\"isPartOf\":{\"@id\":\"https:\/\/bricard.com\/professionnels\/#website\"},\"primaryImageOfPage\":{\"@id\":\"https:\/\/bricard.com\/professionnels\/produits\/cylindres-et-organigramme\/cylindres-a-profil-europeen-de-haute-securite\/dual-xp-s2#primaryimage\"},\"image\":{\"@id\":\"https:\/\/bricard.com\/professionnels\/produits\/cylindres-et-organigramme\/cylindres-a-profil-europeen-de-haute-securite\/dual-xp-s2#primaryimage\"},\"thumbnailUrl\":\"https:\/\/bricard.com\/professionnels\/wp-content\/uploads\/sites\/17\/2025\/12\/CLE_VERTE_FACE_VERSO_CMJN.png\",\"datePublished\":\"2023-01-23T07:07:20+00:00\",\"dateModified\":\"2026-02-24T10:40:35+00:00\",\"description\":\"BRICARD cr\u00e9e et d\u00e9veloppe les standards actuels de la serrurerie. Quelles que soient les exigences r\u00e9glementaires des b\u00e2timents, BRICARD vous propose un large \u00e9ventail de produits r\u00e9pondant aux exigences normatives pour \u00e9quiper tout type de portes : entr\u00e9e, int\u00e9rieure, distribution, local technique, issue de secours\u2026Cylindre \u00e0 profil europ\u00e9en de haute s\u00e9curit\u00e9 Dual XPS2\",\"breadcrumb\":{\"@id\":\"https:\/\/bricard.com\/professionnels\/produits\/cylindres-et-organigramme\/cylindres-a-profil-europeen-de-haute-securite\/dual-xp-s2#breadcrumb\"},\"inLanguage\":\"en-US\",\"potentialAction\":[{\"@type\":\"ReadAction\",\"target\":[\"https:\/\/bricard.com\/professionnels\/produits\/cylindres-et-organigramme\/cylindres-a-profil-europeen-de-haute-securite\/dual-xp-s2\"]}]},{\"@type\":\"ImageObject\",\"inLanguage\":\"en-US\",\"@id\":\"https:\/\/bricard.com\/professionnels\/produits\/cylindres-et-organigramme\/cylindres-a-profil-europeen-de-haute-securite\/dual-xp-s2#primaryimage\",\"url\":\"https:\/\/bricard.com\/professionnels\/wp-content\/uploads\/sites\/17\/2025\/12\/CLE_VERTE_FACE_VERSO_CMJN.png\",\"contentUrl\":\"https:\/\/bricard.com\/professionnels\/wp-content\/uploads\/sites\/17\/2025\/12\/CLE_VERTE_FACE_VERSO_CMJN.png\",\"width\":1381,\"height\":2460},{\"@type\":\"BreadcrumbList\",\"@id\":\"https:\/\/bricard.com\/professionnels\/produits\/cylindres-et-organigramme\/cylindres-a-profil-europeen-de-haute-securite\/dual-xp-s2#breadcrumb\",\"itemListElement\":[{\"@type\":\"ListItem\",\"position\":1,\"name\":\"Accueil\",\"item\":\"https:\/\/bricard.com\/professionnels\/\"},{\"@type\":\"ListItem\",\"position\":2,\"name\":\"Toutes nos gammes\",\"item\":\"https:\/\/bricard.com\/professionnels\/produits\"},{\"@type\":\"ListItem\",\"position\":3,\"name\":\"Cylindres et Organigrammes\",\"item\":\"https:\/\/bricard.com\/professionnels\/produits-gammes\/cylindres-et-organigramme\"},{\"@type\":\"ListItem\",\"position\":4,\"name\":\"Cylindres \u00e0 profil europ\u00e9en de haute s\u00e9curit\u00e9\",\"item\":\"https:\/\/bricard.com\/professionnels\/produits-gammes\/cylindres-et-organigramme\/cylindres-a-profil-europeen-de-haute-securite\"},{\"@type\":\"ListItem\",\"position\":5,\"name\":\"Dual XP S2 Bipass\"}]},{\"@type\":\"WebSite\",\"@id\":\"https:\/\/bricard.com\/professionnels\/#website\",\"url\":\"https:\/\/bricard.com\/professionnels\/\",\"name\":\"Bricard professionnels\",\"description\":\"\",\"publisher\":{\"@id\":\"https:\/\/bricard.com\/professionnels\/#organization\"},\"potentialAction\":[{\"@type\":\"SearchAction\",\"target\":{\"@type\":\"EntryPoint\",\"urlTemplate\":\"https:\/\/bricard.com\/professionnels\/?s={search_term_string}\"},\"query-input\":{\"@type\":\"PropertyValueSpecification\",\"valueRequired\":true,\"valueName\":\"search_term_string\"}}],\"inLanguage\":\"en-US\"},{\"@type\":\"Organization\",\"@id\":\"https:\/\/bricard.com\/professionnels\/#organization\",\"name\":\"Bricard professionnels\",\"url\":\"https:\/\/bricard.com\/professionnels\/\",\"logo\":{\"@type\":\"ImageObject\",\"inLanguage\":\"en-US\",\"@id\":\"https:\/\/bricard.com\/professionnels\/#\/schema\/logo\/image\/\",\"url\":\"https:\/\/bricard.com\/professionnels\/wp-content\/uploads\/sites\/17\/2026\/02\/bricard-logo-castle.png\",\"contentUrl\":\"https:\/\/bricard.com\/professionnels\/wp-content\/uploads\/sites\/17\/2026\/02\/bricard-logo-castle.png\",\"width\":150,\"height\":150,\"caption\":\"Bricard professionnels\"},\"image\":{\"@id\":\"https:\/\/bricard.com\/professionnels\/#\/schema\/logo\/image\/\"},\"sameAs\":[\"https:\/\/www.linkedin.com\/showcase\/professionnels\/about\/?viewAsMember=true\"]}]}<\/script>\n<!-- \/ Yoast SEO Premium plugin. -->","yoast_head_json":{"title":"Dual XP S2 Bipass &#060; Bricard professionnels","description":"BRICARD cr\u00e9e et d\u00e9veloppe les standards actuels de la serrurerie. Quelles que soient les exigences r\u00e9glementaires des b\u00e2timents, BRICARD vous propose un large \u00e9ventail de produits r\u00e9pondant aux exigences normatives pour \u00e9quiper tout type de portes : entr\u00e9e, int\u00e9rieure, distribution, local technique, issue de secours\u2026Cylindre \u00e0 profil europ\u00e9en de haute s\u00e9curit\u00e9 Dual XPS2","robots":{"index":"index","follow":"follow","max-snippet":"max-snippet:-1","max-image-preview":"max-image-preview:large","max-video-preview":"max-video-preview:-1"},"canonical":"https:\/\/bricard.com\/professionnels\/produits\/cylindres-et-organigramme\/cylindres-a-profil-europeen-de-haute-securite\/dual-xp-s2","og_locale":"en_US","og_type":"article","og_title":"Dual XP S2 Bipass","og_description":"BRICARD cr\u00e9e et d\u00e9veloppe les standards actuels de la serrurerie. Quelles que soient les exigences r\u00e9glementaires des b\u00e2timents, BRICARD vous propose un large \u00e9ventail de produits r\u00e9pondant aux exigences normatives pour \u00e9quiper tout type de portes : entr\u00e9e, int\u00e9rieure, distribution, local technique, issue de secours\u2026Cylindre \u00e0 profil europ\u00e9en de haute s\u00e9curit\u00e9 Dual XPS2","og_url":"https:\/\/bricard.com\/professionnels\/produits\/cylindres-et-organigramme\/cylindres-a-profil-europeen-de-haute-securite\/dual-xp-s2","og_site_name":"Bricard professionnels","article_modified_time":"2026-02-24T10:40:35+00:00","twitter_card":"summary_large_image","twitter_image":"https:\/\/bricard.com\/professionnels\/wp-content\/uploads\/sites\/17\/2025\/12\/CLE_VERTE_FACE_VERSO_CMJN.png","twitter_misc":{"Est. reading time":"2 minutes"},"schema":{"@context":"https:\/\/schema.org","@graph":[{"@type":"WebPage","@id":"https:\/\/bricard.com\/professionnels\/produits\/cylindres-et-organigramme\/cylindres-a-profil-europeen-de-haute-securite\/dual-xp-s2","url":"https:\/\/bricard.com\/professionnels\/produits\/cylindres-et-organigramme\/cylindres-a-profil-europeen-de-haute-securite\/dual-xp-s2","name":"Dual XP S2 Bipass &#060; Bricard professionnels","isPartOf":{"@id":"https:\/\/bricard.com\/professionnels\/#website"},"primaryImageOfPage":{"@id":"https:\/\/bricard.com\/professionnels\/produits\/cylindres-et-organigramme\/cylindres-a-profil-europeen-de-haute-securite\/dual-xp-s2#primaryimage"},"image":{"@id":"https:\/\/bricard.com\/professionnels\/produits\/cylindres-et-organigramme\/cylindres-a-profil-europeen-de-haute-securite\/dual-xp-s2#primaryimage"},"thumbnailUrl":"https:\/\/bricard.com\/professionnels\/wp-content\/uploads\/sites\/17\/2025\/12\/CLE_VERTE_FACE_VERSO_CMJN.png","datePublished":"2023-01-23T07:07:20+00:00","dateModified":"2026-02-24T10:40:35+00:00","description":"BRICARD cr\u00e9e et d\u00e9veloppe les standards actuels de la serrurerie. Quelles que soient les exigences r\u00e9glementaires des b\u00e2timents, BRICARD vous propose un large \u00e9ventail de produits r\u00e9pondant aux exigences normatives pour \u00e9quiper tout type de portes : entr\u00e9e, int\u00e9rieure, distribution, local technique, issue de secours\u2026Cylindre \u00e0 profil europ\u00e9en de haute s\u00e9curit\u00e9 Dual XPS2","breadcrumb":{"@id":"https:\/\/bricard.com\/professionnels\/produits\/cylindres-et-organigramme\/cylindres-a-profil-europeen-de-haute-securite\/dual-xp-s2#breadcrumb"},"inLanguage":"en-US","potentialAction":[{"@type":"ReadAction","target":["https:\/\/bricard.com\/professionnels\/produits\/cylindres-et-organigramme\/cylindres-a-profil-europeen-de-haute-securite\/dual-xp-s2"]}]},{"@type":"ImageObject","inLanguage":"en-US","@id":"https:\/\/bricard.com\/professionnels\/produits\/cylindres-et-organigramme\/cylindres-a-profil-europeen-de-haute-securite\/dual-xp-s2#primaryimage","url":"https:\/\/bricard.com\/professionnels\/wp-content\/uploads\/sites\/17\/2025\/12\/CLE_VERTE_FACE_VERSO_CMJN.png","contentUrl":"https:\/\/bricard.com\/professionnels\/wp-content\/uploads\/sites\/17\/2025\/12\/CLE_VERTE_FACE_VERSO_CMJN.png","width":1381,"height":2460},{"@type":"BreadcrumbList","@id":"https:\/\/bricard.com\/professionnels\/produits\/cylindres-et-organigramme\/cylindres-a-profil-europeen-de-haute-securite\/dual-xp-s2#breadcrumb","itemListElement":[{"@type":"ListItem","position":1,"name":"Accueil","item":"https:\/\/bricard.com\/professionnels\/"},{"@type":"ListItem","position":2,"name":"Toutes nos gammes","item":"https:\/\/bricard.com\/professionnels\/produits"},{"@type":"ListItem","position":3,"name":"Cylindres et Organigrammes","item":"https:\/\/bricard.com\/professionnels\/produits-gammes\/cylindres-et-organigramme"},{"@type":"ListItem","position":4,"name":"Cylindres \u00e0 profil europ\u00e9en de haute s\u00e9curit\u00e9","item":"https:\/\/bricard.com\/professionnels\/produits-gammes\/cylindres-et-organigramme\/cylindres-a-profil-europeen-de-haute-securite"},{"@type":"ListItem","position":5,"name":"Dual XP S2 Bipass"}]},{"@type":"WebSite","@id":"https:\/\/bricard.com\/professionnels\/#website","url":"https:\/\/bricard.com\/professionnels\/","name":"Bricard professionnels","description":"","publisher":{"@id":"https:\/\/bricard.com\/professionnels\/#organization"},"potentialAction":[{"@type":"SearchAction","target":{"@type":"EntryPoint","urlTemplate":"https:\/\/bricard.com\/professionnels\/?s={search_term_string}"},"query-input":{"@type":"PropertyValueSpecification","valueRequired":true,"valueName":"search_term_string"}}],"inLanguage":"en-US"},{"@type":"Organization","@id":"https:\/\/bricard.com\/professionnels\/#organization","name":"Bricard professionnels","url":"https:\/\/bricard.com\/professionnels\/","logo":{"@type":"ImageObject","inLanguage":"en-US","@id":"https:\/\/bricard.com\/professionnels\/#\/schema\/logo\/image\/","url":"https:\/\/bricard.com\/professionnels\/wp-content\/uploads\/sites\/17\/2026\/02\/bricard-logo-castle.png","contentUrl":"https:\/\/bricard.com\/professionnels\/wp-content\/uploads\/sites\/17\/2026\/02\/bricard-logo-castle.png","width":150,"height":150,"caption":"Bricard professionnels"},"image":{"@id":"https:\/\/bricard.com\/professionnels\/#\/schema\/logo\/image\/"},"sameAs":["https:\/\/www.linkedin.com\/showcase\/professionnels\/about\/?viewAsMember=true"]}]}},"taxonomy_info":{"product_cat":[{"value":490,"label":"Cylindres \u00e0 profil europ\u00e9en de haute s\u00e9curit\u00e9"}],"solution":[{"value":554,"label":"Logement"}]},"featured_image_src_large":["https:\/\/bricard.com\/professionnels\/wp-content\/uploads\/sites\/17\/2025\/12\/CLE_VERTE_FACE_VERSO_CMJN.png?w=575",575,1024,true],"author_info":[],"comment_info":"","jetpack_sharing_enabled":true,"_links":{"self":[{"href":"https:\/\/bricard.com\/professionnels\/wp-json\/wp\/v2\/product\/9768","targetHints":{"allow":["GET"]}}],"collection":[{"href":"https:\/\/bricard.com\/professionnels\/wp-json\/wp\/v2\/product"}],"about":[{"href":"https:\/\/bricard.com\/professionnels\/wp-json\/wp\/v2\/types\/product"}],"wp:featuredmedia":[{"embeddable":true,"href":"https:\/\/bricard.com\/professionnels\/wp-json\/wp\/v2\/media\/16849"}],"wp:attachment":[{"href":"https:\/\/bricard.com\/professionnels\/wp-json\/wp\/v2\/media?parent=9768"}],"wp:term":[{"taxonomy":"product_brand","embeddable":true,"href":"https:\/\/bricard.com\/professionnels\/wp-json\/wp\/v2\/product_brand?post=9768"},{"taxonomy":"product_cat","embeddable":true,"href":"https:\/\/bricard.com\/professionnels\/wp-json\/wp\/v2\/product_cat?post=9768"},{"taxonomy":"product_tag","embeddable":true,"href":"https:\/\/bricard.com\/professionnels\/wp-json\/wp\/v2\/product_tag?post=9768"},{"taxonomy":"solution","embeddable":true,"href":"https:\/\/bricard.com\/professionnels\/wp-json\/wp\/v2\/solution?post=9768"}],"curies":[{"name":"wp","href":"https:\/\/api.w.org\/{rel}","templated":true}]}}