{"id":9769,"date":"2023-01-23T07:07:20","date_gmt":"2023-01-23T07:07:20","guid":{"rendered":""},"modified":"2025-12-10T07:58:16","modified_gmt":"2025-12-10T07:58:16","slug":"serial-xp","status":"publish","type":"product","link":"https:\/\/bricard.com\/professionnels\/produits\/cylindres-et-organigramme\/cylindres-a-profil-europeen-de-securite\/serial-xp","title":{"rendered":"Serial XPi"},"content":{"rendered":"<p>\u2022 Copie de cl\u00e9 prot\u00e9g\u00e9e contre la reproduction illicite avec triple protection :<br \/>\n&#8211; Syst\u00e8me brevet\u00e9 jusqu&#8217;en 2044<br \/>\n&#8211; Trademark du profil de cl\u00e9 (protection \u00e0 vie)<br \/>\n&#8211; Design d\u00e9pos\u00e9 des caract\u00e9ristiques techniques principales de la cl\u00e9 (encoche et rainure)<br \/>\nLa carte de propri\u00e9t\u00e9 prot\u00e8ge contre toute reproduction illicite.<br \/>\n\u2022 11 goupilles + 2 bouchons de contr\u00f4le sur 3 axes<br \/>\n\u2022 Cl\u00e9 r\u00e9versible<br \/>\n\u2022 Douceur \u00e0 l\u2019introduction de la cl\u00e9 offrant une grande souplesse d\u2019utilisation<br \/>\n\u2022 Haute r\u00e9sistance au crochetage et au Bumping (crochetage et ouverture par choc avec fausse cl\u00e9) avec la forme de son contre piston BKP<br \/>\n\u2022 R\u00e9sistance au per\u00e7age avec insert en acier dans le stator<br \/>\n\u2022 R\u00e9sistance \u00e0 l\u2019enfoncement : panneton d\u00e9port\u00e9<br \/>\n\u2022 A2P : apte \u00e0 \u00e9quiper les serrures Bricard A2P<br \/>\n\u2022  4 cl\u00e9s en vari\u00e9 et en A2P<br \/>\n\u2022  3 cl\u00e9s en organigramme (PG cl\u00e9 rouge, PGPP cl\u00e9 verte, cl\u00e9 individuelle bleue)<br \/>\n\u2022 Cylindre double entr\u00e9e d\u00e9brayable en option<br \/>\n\u2022 Cl\u00e9 en maillechort : \u00e9paisseur 3.5 mm<br \/>\n\u2022 Nombre de variures disponibles : 1 600 000<br \/>\n\u2022 Capacit\u00e9 d\u2019organigramme : 63 000 cylindres diff\u00e9rents<br \/>\n\u2022 Conforme \u00e0 la norme EN 1303-2015<\/p>\n<p>Disponible \u00e0 partir de mars 2026.<\/p>\n","protected":false},"excerpt":{"rendered":"<p>\u2022 Copie de cl\u00e9 prot\u00e9g\u00e9e contre la reproduction illicite avec triple protection : &#8211; Syst\u00e8me brevet\u00e9 jusqu&#8217;en 2044 &#8211; Trademark du profil de cl\u00e9 (protection \u00e0 vie) &#8211; Design d\u00e9pos\u00e9 des caract\u00e9ristiques techniques principales de la cl\u00e9 (encoche et rainure) La carte de propri\u00e9t\u00e9 prot\u00e8ge contre toute reproduction illicite. \u2022 11 goupilles + 2 bouchons&#8230;<\/p>\n","protected":false},"featured_media":16850,"template":"","meta":{"_acf_changed":false,"_trash_the_other_posts":false,"_kad_blocks_custom_css":"","_kad_blocks_head_custom_js":"","_kad_blocks_body_custom_js":"","_kad_blocks_footer_custom_js":"","_kad_post_transparent":"default","_kad_post_title":"","_kad_post_layout":"default","_kad_post_sidebar_id":"","_kad_post_content_style":"default","_kad_post_vertical_padding":"default","_kad_post_feature":"","_kad_post_feature_position":"","_kad_post_header":false,"_kad_post_footer":false,"_kad_post_classname":""},"product_brand":[],"product_cat":[491],"product_tag":[],"solution":[],"class_list":{"0":"post-9769","1":"product","2":"type-product","3":"status-publish","4":"has-post-thumbnail","6":"product_cat-cylindres-a-profil-europeen-de-securite","8":"first","9":"instock","10":"shipping-taxable","11":"product-type-simple","12":"entry","13":"content-bg","14":"loop-entry"},"acf":[],"yoast_head":"<!-- This site is optimized with the Yoast SEO Premium plugin v24.2 (Yoast SEO v27.2) - https:\/\/yoast.com\/product\/yoast-seo-premium-wordpress\/ -->\n<title>Serial XPi &#060; Bricard professionnels<\/title>\n<meta name=\"description\" content=\"BRICARD cr\u00e9e et d\u00e9veloppe les standards actuels de la serrurerie. Quelles que soient les exigences r\u00e9glementaires des b\u00e2timents, BRICARD vous propose un large \u00e9ventail de produits r\u00e9pondant aux exigences normatives pour \u00e9quiper tout type de portes : entr\u00e9e, int\u00e9rieure, distribution, local technique, issue de secours\u2026Cylindre \u00e0 profil europ\u00e9en de s\u00e9curit\u00e9 Serial XP\" \/>\n<meta name=\"robots\" content=\"index, follow, max-snippet:-1, max-image-preview:large, max-video-preview:-1\" \/>\n<link rel=\"canonical\" href=\"https:\/\/bricard.com\/professionnels\/produits\/cylindres-et-organigramme\/cylindres-a-profil-europeen-de-securite\/serial-xp\" \/>\n<meta property=\"og:locale\" content=\"en_US\" \/>\n<meta property=\"og:type\" content=\"article\" \/>\n<meta property=\"og:title\" content=\"Serial XPi\" \/>\n<meta property=\"og:description\" content=\"BRICARD cr\u00e9e et d\u00e9veloppe les standards actuels de la serrurerie. Quelles que soient les exigences r\u00e9glementaires des b\u00e2timents, BRICARD vous propose un large \u00e9ventail de produits r\u00e9pondant aux exigences normatives pour \u00e9quiper tout type de portes : entr\u00e9e, int\u00e9rieure, distribution, local technique, issue de secours\u2026Cylindre \u00e0 profil europ\u00e9en de s\u00e9curit\u00e9 Serial XP\" \/>\n<meta property=\"og:url\" content=\"https:\/\/bricard.com\/professionnels\/produits\/cylindres-et-organigramme\/cylindres-a-profil-europeen-de-securite\/serial-xp\" \/>\n<meta property=\"og:site_name\" content=\"Bricard professionnels\" \/>\n<meta property=\"article:modified_time\" content=\"2025-12-10T07:58:16+00:00\" \/>\n<meta name=\"twitter:card\" content=\"summary_large_image\" \/>\n<meta name=\"twitter:image\" content=\"https:\/\/bricard.com\/professionnels\/wp-content\/uploads\/sites\/17\/2025\/03\/ClA-Serial-XP-IMG_7104.jpg\" \/>\n<meta name=\"twitter:label1\" content=\"Est. reading time\" \/>\n\t<meta name=\"twitter:data1\" content=\"1 minute\" \/>\n<script type=\"application\/ld+json\" class=\"yoast-schema-graph\">{\"@context\":\"https:\/\/schema.org\",\"@graph\":[{\"@type\":\"WebPage\",\"@id\":\"https:\/\/bricard.com\/professionnels\/produits\/cylindres-et-organigramme\/cylindres-a-profil-europeen-de-securite\/serial-xp\",\"url\":\"https:\/\/bricard.com\/professionnels\/produits\/cylindres-et-organigramme\/cylindres-a-profil-europeen-de-securite\/serial-xp\",\"name\":\"Serial XPi &#060; Bricard professionnels\",\"isPartOf\":{\"@id\":\"https:\/\/bricard.com\/professionnels\/#website\"},\"primaryImageOfPage\":{\"@id\":\"https:\/\/bricard.com\/professionnels\/produits\/cylindres-et-organigramme\/cylindres-a-profil-europeen-de-securite\/serial-xp#primaryimage\"},\"image\":{\"@id\":\"https:\/\/bricard.com\/professionnels\/produits\/cylindres-et-organigramme\/cylindres-a-profil-europeen-de-securite\/serial-xp#primaryimage\"},\"thumbnailUrl\":\"https:\/\/bricard.com\/professionnels\/wp-content\/uploads\/sites\/17\/2025\/12\/Cle_Serial_XPi_bleue.png\",\"datePublished\":\"2023-01-23T07:07:20+00:00\",\"dateModified\":\"2025-12-10T07:58:16+00:00\",\"description\":\"BRICARD cr\u00e9e et d\u00e9veloppe les standards actuels de la serrurerie. Quelles que soient les exigences r\u00e9glementaires des b\u00e2timents, BRICARD vous propose un large \u00e9ventail de produits r\u00e9pondant aux exigences normatives pour \u00e9quiper tout type de portes : entr\u00e9e, int\u00e9rieure, distribution, local technique, issue de secours\u2026Cylindre \u00e0 profil europ\u00e9en de s\u00e9curit\u00e9 Serial XP\",\"breadcrumb\":{\"@id\":\"https:\/\/bricard.com\/professionnels\/produits\/cylindres-et-organigramme\/cylindres-a-profil-europeen-de-securite\/serial-xp#breadcrumb\"},\"inLanguage\":\"en-US\",\"potentialAction\":[{\"@type\":\"ReadAction\",\"target\":[\"https:\/\/bricard.com\/professionnels\/produits\/cylindres-et-organigramme\/cylindres-a-profil-europeen-de-securite\/serial-xp\"]}]},{\"@type\":\"ImageObject\",\"inLanguage\":\"en-US\",\"@id\":\"https:\/\/bricard.com\/professionnels\/produits\/cylindres-et-organigramme\/cylindres-a-profil-europeen-de-securite\/serial-xp#primaryimage\",\"url\":\"https:\/\/bricard.com\/professionnels\/wp-content\/uploads\/sites\/17\/2025\/12\/Cle_Serial_XPi_bleue.png\",\"contentUrl\":\"https:\/\/bricard.com\/professionnels\/wp-content\/uploads\/sites\/17\/2025\/12\/Cle_Serial_XPi_bleue.png\",\"width\":1404,\"height\":2388},{\"@type\":\"BreadcrumbList\",\"@id\":\"https:\/\/bricard.com\/professionnels\/produits\/cylindres-et-organigramme\/cylindres-a-profil-europeen-de-securite\/serial-xp#breadcrumb\",\"itemListElement\":[{\"@type\":\"ListItem\",\"position\":1,\"name\":\"Accueil\",\"item\":\"https:\/\/bricard.com\/professionnels\/\"},{\"@type\":\"ListItem\",\"position\":2,\"name\":\"Toutes nos gammes\",\"item\":\"https:\/\/bricard.com\/professionnels\/produits\"},{\"@type\":\"ListItem\",\"position\":3,\"name\":\"Cylindres et Organigrammes\",\"item\":\"https:\/\/bricard.com\/professionnels\/produits-gammes\/cylindres-et-organigramme\"},{\"@type\":\"ListItem\",\"position\":4,\"name\":\"Cylindres \u00e0 profil europ\u00e9en de s\u00e9curit\u00e9\",\"item\":\"https:\/\/bricard.com\/professionnels\/produits-gammes\/cylindres-et-organigramme\/cylindres-a-profil-europeen-de-securite\"},{\"@type\":\"ListItem\",\"position\":5,\"name\":\"Serial XPi\"}]},{\"@type\":\"WebSite\",\"@id\":\"https:\/\/bricard.com\/professionnels\/#website\",\"url\":\"https:\/\/bricard.com\/professionnels\/\",\"name\":\"Bricard professionnels\",\"description\":\"\",\"publisher\":{\"@id\":\"https:\/\/bricard.com\/professionnels\/#organization\"},\"potentialAction\":[{\"@type\":\"SearchAction\",\"target\":{\"@type\":\"EntryPoint\",\"urlTemplate\":\"https:\/\/bricard.com\/professionnels\/?s={search_term_string}\"},\"query-input\":{\"@type\":\"PropertyValueSpecification\",\"valueRequired\":true,\"valueName\":\"search_term_string\"}}],\"inLanguage\":\"en-US\"},{\"@type\":\"Organization\",\"@id\":\"https:\/\/bricard.com\/professionnels\/#organization\",\"name\":\"Bricard professionnels\",\"url\":\"https:\/\/bricard.com\/professionnels\/\",\"logo\":{\"@type\":\"ImageObject\",\"inLanguage\":\"en-US\",\"@id\":\"https:\/\/bricard.com\/professionnels\/#\/schema\/logo\/image\/\",\"url\":\"https:\/\/bricard.com\/professionnels\/wp-content\/uploads\/sites\/17\/2026\/02\/bricard-logo-castle.png\",\"contentUrl\":\"https:\/\/bricard.com\/professionnels\/wp-content\/uploads\/sites\/17\/2026\/02\/bricard-logo-castle.png\",\"width\":150,\"height\":150,\"caption\":\"Bricard professionnels\"},\"image\":{\"@id\":\"https:\/\/bricard.com\/professionnels\/#\/schema\/logo\/image\/\"},\"sameAs\":[\"https:\/\/www.linkedin.com\/showcase\/professionnels\/about\/?viewAsMember=true\"]}]}<\/script>\n<!-- \/ Yoast SEO Premium plugin. -->","yoast_head_json":{"title":"Serial XPi &#060; Bricard professionnels","description":"BRICARD cr\u00e9e et d\u00e9veloppe les standards actuels de la serrurerie. Quelles que soient les exigences r\u00e9glementaires des b\u00e2timents, BRICARD vous propose un large \u00e9ventail de produits r\u00e9pondant aux exigences normatives pour \u00e9quiper tout type de portes : entr\u00e9e, int\u00e9rieure, distribution, local technique, issue de secours\u2026Cylindre \u00e0 profil europ\u00e9en de s\u00e9curit\u00e9 Serial XP","robots":{"index":"index","follow":"follow","max-snippet":"max-snippet:-1","max-image-preview":"max-image-preview:large","max-video-preview":"max-video-preview:-1"},"canonical":"https:\/\/bricard.com\/professionnels\/produits\/cylindres-et-organigramme\/cylindres-a-profil-europeen-de-securite\/serial-xp","og_locale":"en_US","og_type":"article","og_title":"Serial XPi","og_description":"BRICARD cr\u00e9e et d\u00e9veloppe les standards actuels de la serrurerie. Quelles que soient les exigences r\u00e9glementaires des b\u00e2timents, BRICARD vous propose un large \u00e9ventail de produits r\u00e9pondant aux exigences normatives pour \u00e9quiper tout type de portes : entr\u00e9e, int\u00e9rieure, distribution, local technique, issue de secours\u2026Cylindre \u00e0 profil europ\u00e9en de s\u00e9curit\u00e9 Serial XP","og_url":"https:\/\/bricard.com\/professionnels\/produits\/cylindres-et-organigramme\/cylindres-a-profil-europeen-de-securite\/serial-xp","og_site_name":"Bricard professionnels","article_modified_time":"2025-12-10T07:58:16+00:00","twitter_card":"summary_large_image","twitter_image":"https:\/\/bricard.com\/professionnels\/wp-content\/uploads\/sites\/17\/2025\/03\/ClA-Serial-XP-IMG_7104.jpg","twitter_misc":{"Est. reading time":"1 minute"},"schema":{"@context":"https:\/\/schema.org","@graph":[{"@type":"WebPage","@id":"https:\/\/bricard.com\/professionnels\/produits\/cylindres-et-organigramme\/cylindres-a-profil-europeen-de-securite\/serial-xp","url":"https:\/\/bricard.com\/professionnels\/produits\/cylindres-et-organigramme\/cylindres-a-profil-europeen-de-securite\/serial-xp","name":"Serial XPi &#060; Bricard professionnels","isPartOf":{"@id":"https:\/\/bricard.com\/professionnels\/#website"},"primaryImageOfPage":{"@id":"https:\/\/bricard.com\/professionnels\/produits\/cylindres-et-organigramme\/cylindres-a-profil-europeen-de-securite\/serial-xp#primaryimage"},"image":{"@id":"https:\/\/bricard.com\/professionnels\/produits\/cylindres-et-organigramme\/cylindres-a-profil-europeen-de-securite\/serial-xp#primaryimage"},"thumbnailUrl":"https:\/\/bricard.com\/professionnels\/wp-content\/uploads\/sites\/17\/2025\/12\/Cle_Serial_XPi_bleue.png","datePublished":"2023-01-23T07:07:20+00:00","dateModified":"2025-12-10T07:58:16+00:00","description":"BRICARD cr\u00e9e et d\u00e9veloppe les standards actuels de la serrurerie. Quelles que soient les exigences r\u00e9glementaires des b\u00e2timents, BRICARD vous propose un large \u00e9ventail de produits r\u00e9pondant aux exigences normatives pour \u00e9quiper tout type de portes : entr\u00e9e, int\u00e9rieure, distribution, local technique, issue de secours\u2026Cylindre \u00e0 profil europ\u00e9en de s\u00e9curit\u00e9 Serial XP","breadcrumb":{"@id":"https:\/\/bricard.com\/professionnels\/produits\/cylindres-et-organigramme\/cylindres-a-profil-europeen-de-securite\/serial-xp#breadcrumb"},"inLanguage":"en-US","potentialAction":[{"@type":"ReadAction","target":["https:\/\/bricard.com\/professionnels\/produits\/cylindres-et-organigramme\/cylindres-a-profil-europeen-de-securite\/serial-xp"]}]},{"@type":"ImageObject","inLanguage":"en-US","@id":"https:\/\/bricard.com\/professionnels\/produits\/cylindres-et-organigramme\/cylindres-a-profil-europeen-de-securite\/serial-xp#primaryimage","url":"https:\/\/bricard.com\/professionnels\/wp-content\/uploads\/sites\/17\/2025\/12\/Cle_Serial_XPi_bleue.png","contentUrl":"https:\/\/bricard.com\/professionnels\/wp-content\/uploads\/sites\/17\/2025\/12\/Cle_Serial_XPi_bleue.png","width":1404,"height":2388},{"@type":"BreadcrumbList","@id":"https:\/\/bricard.com\/professionnels\/produits\/cylindres-et-organigramme\/cylindres-a-profil-europeen-de-securite\/serial-xp#breadcrumb","itemListElement":[{"@type":"ListItem","position":1,"name":"Accueil","item":"https:\/\/bricard.com\/professionnels\/"},{"@type":"ListItem","position":2,"name":"Toutes nos gammes","item":"https:\/\/bricard.com\/professionnels\/produits"},{"@type":"ListItem","position":3,"name":"Cylindres et Organigrammes","item":"https:\/\/bricard.com\/professionnels\/produits-gammes\/cylindres-et-organigramme"},{"@type":"ListItem","position":4,"name":"Cylindres \u00e0 profil europ\u00e9en de s\u00e9curit\u00e9","item":"https:\/\/bricard.com\/professionnels\/produits-gammes\/cylindres-et-organigramme\/cylindres-a-profil-europeen-de-securite"},{"@type":"ListItem","position":5,"name":"Serial XPi"}]},{"@type":"WebSite","@id":"https:\/\/bricard.com\/professionnels\/#website","url":"https:\/\/bricard.com\/professionnels\/","name":"Bricard professionnels","description":"","publisher":{"@id":"https:\/\/bricard.com\/professionnels\/#organization"},"potentialAction":[{"@type":"SearchAction","target":{"@type":"EntryPoint","urlTemplate":"https:\/\/bricard.com\/professionnels\/?s={search_term_string}"},"query-input":{"@type":"PropertyValueSpecification","valueRequired":true,"valueName":"search_term_string"}}],"inLanguage":"en-US"},{"@type":"Organization","@id":"https:\/\/bricard.com\/professionnels\/#organization","name":"Bricard professionnels","url":"https:\/\/bricard.com\/professionnels\/","logo":{"@type":"ImageObject","inLanguage":"en-US","@id":"https:\/\/bricard.com\/professionnels\/#\/schema\/logo\/image\/","url":"https:\/\/bricard.com\/professionnels\/wp-content\/uploads\/sites\/17\/2026\/02\/bricard-logo-castle.png","contentUrl":"https:\/\/bricard.com\/professionnels\/wp-content\/uploads\/sites\/17\/2026\/02\/bricard-logo-castle.png","width":150,"height":150,"caption":"Bricard professionnels"},"image":{"@id":"https:\/\/bricard.com\/professionnels\/#\/schema\/logo\/image\/"},"sameAs":["https:\/\/www.linkedin.com\/showcase\/professionnels\/about\/?viewAsMember=true"]}]}},"taxonomy_info":{"product_cat":[{"value":491,"label":"Cylindres \u00e0 profil europ\u00e9en de s\u00e9curit\u00e9"}]},"featured_image_src_large":["https:\/\/bricard.com\/professionnels\/wp-content\/uploads\/sites\/17\/2025\/12\/Cle_Serial_XPi_bleue.png?w=602",602,1024,true],"author_info":[],"comment_info":"","jetpack_sharing_enabled":true,"_links":{"self":[{"href":"https:\/\/bricard.com\/professionnels\/wp-json\/wp\/v2\/product\/9769","targetHints":{"allow":["GET"]}}],"collection":[{"href":"https:\/\/bricard.com\/professionnels\/wp-json\/wp\/v2\/product"}],"about":[{"href":"https:\/\/bricard.com\/professionnels\/wp-json\/wp\/v2\/types\/product"}],"wp:featuredmedia":[{"embeddable":true,"href":"https:\/\/bricard.com\/professionnels\/wp-json\/wp\/v2\/media\/16850"}],"wp:attachment":[{"href":"https:\/\/bricard.com\/professionnels\/wp-json\/wp\/v2\/media?parent=9769"}],"wp:term":[{"taxonomy":"product_brand","embeddable":true,"href":"https:\/\/bricard.com\/professionnels\/wp-json\/wp\/v2\/product_brand?post=9769"},{"taxonomy":"product_cat","embeddable":true,"href":"https:\/\/bricard.com\/professionnels\/wp-json\/wp\/v2\/product_cat?post=9769"},{"taxonomy":"product_tag","embeddable":true,"href":"https:\/\/bricard.com\/professionnels\/wp-json\/wp\/v2\/product_tag?post=9769"},{"taxonomy":"solution","embeddable":true,"href":"https:\/\/bricard.com\/professionnels\/wp-json\/wp\/v2\/solution?post=9769"}],"curies":[{"name":"wp","href":"https:\/\/api.w.org\/{rel}","templated":true}]}}