{"id":9777,"date":"2023-01-23T07:07:22","date_gmt":"2023-01-23T07:07:22","guid":{"rendered":"https:\/\/bricard.com\/professionnels\/?post_type=product&#038;p=9777"},"modified":"2025-12-10T07:58:17","modified_gmt":"2025-12-10T07:58:17","slug":"pratic","status":"publish","type":"product","link":"https:\/\/bricard.com\/professionnels\/produits\/cylindres-et-organigramme\/cylindres-a-profil-europeen-de-surete\/pratic","title":{"rendered":"Pratic"},"content":{"rendered":"<p>\u2022 Bonne r\u00e9sistance \u00e0 l\u2019usure<br \/>\n\u2022 Apte \u00e0 \u00e9quiper des bloc-portes coupe-feu<br \/>\n\u2022 R\u00e9sistance \u00e0 la corrosion<br \/>\n\u2022 Livr\u00e9 avec 3 cl\u00e9s<br \/>\n\u2022 Unit\u00e9 de conditionnement : 24 pi\u00e8ces<\/p>\n","protected":false},"excerpt":{"rendered":"<p>\u2022 Bonne r\u00e9sistance \u00e0 l\u2019usure \u2022 Apte \u00e0 \u00e9quiper des bloc-portes coupe-feu \u2022 R\u00e9sistance \u00e0 la corrosion \u2022 Livr\u00e9 avec 3 cl\u00e9s \u2022 Unit\u00e9 de conditionnement : 24 pi\u00e8ces<\/p>\n","protected":false},"featured_media":16851,"template":"","meta":{"_acf_changed":false,"_trash_the_other_posts":false,"_kad_blocks_custom_css":"","_kad_blocks_head_custom_js":"","_kad_blocks_body_custom_js":"","_kad_blocks_footer_custom_js":"","_kad_post_transparent":"default","_kad_post_title":"","_kad_post_layout":"default","_kad_post_sidebar_id":"","_kad_post_content_style":"default","_kad_post_vertical_padding":"default","_kad_post_feature":"","_kad_post_feature_position":"","_kad_post_header":false,"_kad_post_footer":false,"_kad_post_classname":""},"product_brand":[],"product_cat":[492],"product_tag":[],"solution":[],"class_list":{"0":"post-9777","1":"product","2":"type-product","3":"status-publish","4":"has-post-thumbnail","6":"product_cat-cylindres-a-profil-europeen-de-surete","8":"first","9":"instock","10":"shipping-taxable","11":"product-type-simple","12":"entry","13":"content-bg","14":"loop-entry"},"acf":[],"yoast_head":"<!-- This site is optimized with the Yoast SEO Premium plugin v24.2 (Yoast SEO v27.2) - https:\/\/yoast.com\/product\/yoast-seo-premium-wordpress\/ -->\n<title>Pratic &#060; Bricard professionnels<\/title>\n<meta name=\"description\" content=\"BRICARD cr\u00e9e et d\u00e9veloppe les standards actuels de la serrurerie. Quelles que soient les exigences r\u00e9glementaires des b\u00e2timents, BRICARD vous propose un large \u00e9ventail de produits r\u00e9pondant aux exigences normatives pour \u00e9quiper tout type de portes : entr\u00e9e, int\u00e9rieure, distribution, local technique, issue de secours\u2026Cylindre \u00e0 profil europ\u00e9en de s\u00fbret\u00e9 Pratic\" \/>\n<meta name=\"robots\" content=\"index, follow, max-snippet:-1, max-image-preview:large, max-video-preview:-1\" \/>\n<link rel=\"canonical\" href=\"https:\/\/bricard.com\/professionnels\/produits\/cylindres-et-organigramme\/cylindres-a-profil-europeen-de-surete\/pratic\" \/>\n<meta property=\"og:locale\" content=\"en_US\" \/>\n<meta property=\"og:type\" content=\"article\" \/>\n<meta property=\"og:title\" content=\"Pratic\" \/>\n<meta property=\"og:description\" content=\"BRICARD cr\u00e9e et d\u00e9veloppe les standards actuels de la serrurerie. Quelles que soient les exigences r\u00e9glementaires des b\u00e2timents, BRICARD vous propose un large \u00e9ventail de produits r\u00e9pondant aux exigences normatives pour \u00e9quiper tout type de portes : entr\u00e9e, int\u00e9rieure, distribution, local technique, issue de secours\u2026Cylindre \u00e0 profil europ\u00e9en de s\u00fbret\u00e9 Pratic\" \/>\n<meta property=\"og:url\" content=\"https:\/\/bricard.com\/professionnels\/produits\/cylindres-et-organigramme\/cylindres-a-profil-europeen-de-surete\/pratic\" \/>\n<meta property=\"og:site_name\" content=\"Bricard professionnels\" \/>\n<meta property=\"article:modified_time\" content=\"2025-12-10T07:58:17+00:00\" \/>\n<meta property=\"og:image\" content=\"https:\/\/bricard.com\/professionnels\/wp-content\/uploads\/sites\/17\/2023\/03\/Cle-Bricard-Pratic.jpg\" \/>\n\t<meta property=\"og:image:width\" content=\"3848\" \/>\n\t<meta property=\"og:image:height\" content=\"5772\" \/>\n\t<meta property=\"og:image:type\" content=\"image\/jpeg\" \/>\n<meta name=\"twitter:card\" content=\"summary_large_image\" \/>\n<meta name=\"twitter:label1\" content=\"Est. reading time\" \/>\n\t<meta name=\"twitter:data1\" content=\"1 minute\" \/>\n<script type=\"application\/ld+json\" class=\"yoast-schema-graph\">{\"@context\":\"https:\/\/schema.org\",\"@graph\":[{\"@type\":\"WebPage\",\"@id\":\"https:\/\/bricard.com\/professionnels\/produits\/cylindres-et-organigramme\/cylindres-a-profil-europeen-de-surete\/pratic\",\"url\":\"https:\/\/bricard.com\/professionnels\/produits\/cylindres-et-organigramme\/cylindres-a-profil-europeen-de-surete\/pratic\",\"name\":\"Pratic &#060; Bricard professionnels\",\"isPartOf\":{\"@id\":\"https:\/\/bricard.com\/professionnels\/#website\"},\"primaryImageOfPage\":{\"@id\":\"https:\/\/bricard.com\/professionnels\/produits\/cylindres-et-organigramme\/cylindres-a-profil-europeen-de-surete\/pratic#primaryimage\"},\"image\":{\"@id\":\"https:\/\/bricard.com\/professionnels\/produits\/cylindres-et-organigramme\/cylindres-a-profil-europeen-de-surete\/pratic#primaryimage\"},\"thumbnailUrl\":\"https:\/\/bricard.com\/professionnels\/wp-content\/uploads\/sites\/17\/2025\/12\/Cle-Bricard-Pratic.jpg\",\"datePublished\":\"2023-01-23T07:07:22+00:00\",\"dateModified\":\"2025-12-10T07:58:17+00:00\",\"description\":\"BRICARD cr\u00e9e et d\u00e9veloppe les standards actuels de la serrurerie. Quelles que soient les exigences r\u00e9glementaires des b\u00e2timents, BRICARD vous propose un large \u00e9ventail de produits r\u00e9pondant aux exigences normatives pour \u00e9quiper tout type de portes : entr\u00e9e, int\u00e9rieure, distribution, local technique, issue de secours\u2026Cylindre \u00e0 profil europ\u00e9en de s\u00fbret\u00e9 Pratic\",\"breadcrumb\":{\"@id\":\"https:\/\/bricard.com\/professionnels\/produits\/cylindres-et-organigramme\/cylindres-a-profil-europeen-de-surete\/pratic#breadcrumb\"},\"inLanguage\":\"en-US\",\"potentialAction\":[{\"@type\":\"ReadAction\",\"target\":[\"https:\/\/bricard.com\/professionnels\/produits\/cylindres-et-organigramme\/cylindres-a-profil-europeen-de-surete\/pratic\"]}]},{\"@type\":\"ImageObject\",\"inLanguage\":\"en-US\",\"@id\":\"https:\/\/bricard.com\/professionnels\/produits\/cylindres-et-organigramme\/cylindres-a-profil-europeen-de-surete\/pratic#primaryimage\",\"url\":\"https:\/\/bricard.com\/professionnels\/wp-content\/uploads\/sites\/17\/2025\/12\/Cle-Bricard-Pratic.jpg\",\"contentUrl\":\"https:\/\/bricard.com\/professionnels\/wp-content\/uploads\/sites\/17\/2025\/12\/Cle-Bricard-Pratic.jpg\",\"width\":3848,\"height\":5772},{\"@type\":\"BreadcrumbList\",\"@id\":\"https:\/\/bricard.com\/professionnels\/produits\/cylindres-et-organigramme\/cylindres-a-profil-europeen-de-surete\/pratic#breadcrumb\",\"itemListElement\":[{\"@type\":\"ListItem\",\"position\":1,\"name\":\"Accueil\",\"item\":\"https:\/\/bricard.com\/professionnels\/\"},{\"@type\":\"ListItem\",\"position\":2,\"name\":\"Toutes nos gammes\",\"item\":\"https:\/\/bricard.com\/professionnels\/produits\"},{\"@type\":\"ListItem\",\"position\":3,\"name\":\"Cylindres et Organigrammes\",\"item\":\"https:\/\/bricard.com\/professionnels\/produits-gammes\/cylindres-et-organigramme\"},{\"@type\":\"ListItem\",\"position\":4,\"name\":\"Cylindres \u00e0 profil europ\u00e9en de s\u00fbret\u00e9\",\"item\":\"https:\/\/bricard.com\/professionnels\/produits-gammes\/cylindres-et-organigramme\/cylindres-a-profil-europeen-de-surete\"},{\"@type\":\"ListItem\",\"position\":5,\"name\":\"Pratic\"}]},{\"@type\":\"WebSite\",\"@id\":\"https:\/\/bricard.com\/professionnels\/#website\",\"url\":\"https:\/\/bricard.com\/professionnels\/\",\"name\":\"Bricard professionnels\",\"description\":\"\",\"publisher\":{\"@id\":\"https:\/\/bricard.com\/professionnels\/#organization\"},\"potentialAction\":[{\"@type\":\"SearchAction\",\"target\":{\"@type\":\"EntryPoint\",\"urlTemplate\":\"https:\/\/bricard.com\/professionnels\/?s={search_term_string}\"},\"query-input\":{\"@type\":\"PropertyValueSpecification\",\"valueRequired\":true,\"valueName\":\"search_term_string\"}}],\"inLanguage\":\"en-US\"},{\"@type\":\"Organization\",\"@id\":\"https:\/\/bricard.com\/professionnels\/#organization\",\"name\":\"Bricard professionnels\",\"url\":\"https:\/\/bricard.com\/professionnels\/\",\"logo\":{\"@type\":\"ImageObject\",\"inLanguage\":\"en-US\",\"@id\":\"https:\/\/bricard.com\/professionnels\/#\/schema\/logo\/image\/\",\"url\":\"https:\/\/bricard.com\/professionnels\/wp-content\/uploads\/sites\/17\/2026\/02\/bricard-logo-castle.png\",\"contentUrl\":\"https:\/\/bricard.com\/professionnels\/wp-content\/uploads\/sites\/17\/2026\/02\/bricard-logo-castle.png\",\"width\":150,\"height\":150,\"caption\":\"Bricard professionnels\"},\"image\":{\"@id\":\"https:\/\/bricard.com\/professionnels\/#\/schema\/logo\/image\/\"},\"sameAs\":[\"https:\/\/www.linkedin.com\/showcase\/professionnels\/about\/?viewAsMember=true\"]}]}<\/script>\n<!-- \/ Yoast SEO Premium plugin. -->","yoast_head_json":{"title":"Pratic &#060; Bricard professionnels","description":"BRICARD cr\u00e9e et d\u00e9veloppe les standards actuels de la serrurerie. Quelles que soient les exigences r\u00e9glementaires des b\u00e2timents, BRICARD vous propose un large \u00e9ventail de produits r\u00e9pondant aux exigences normatives pour \u00e9quiper tout type de portes : entr\u00e9e, int\u00e9rieure, distribution, local technique, issue de secours\u2026Cylindre \u00e0 profil europ\u00e9en de s\u00fbret\u00e9 Pratic","robots":{"index":"index","follow":"follow","max-snippet":"max-snippet:-1","max-image-preview":"max-image-preview:large","max-video-preview":"max-video-preview:-1"},"canonical":"https:\/\/bricard.com\/professionnels\/produits\/cylindres-et-organigramme\/cylindres-a-profil-europeen-de-surete\/pratic","og_locale":"en_US","og_type":"article","og_title":"Pratic","og_description":"BRICARD cr\u00e9e et d\u00e9veloppe les standards actuels de la serrurerie. Quelles que soient les exigences r\u00e9glementaires des b\u00e2timents, BRICARD vous propose un large \u00e9ventail de produits r\u00e9pondant aux exigences normatives pour \u00e9quiper tout type de portes : entr\u00e9e, int\u00e9rieure, distribution, local technique, issue de secours\u2026Cylindre \u00e0 profil europ\u00e9en de s\u00fbret\u00e9 Pratic","og_url":"https:\/\/bricard.com\/professionnels\/produits\/cylindres-et-organigramme\/cylindres-a-profil-europeen-de-surete\/pratic","og_site_name":"Bricard professionnels","article_modified_time":"2025-12-10T07:58:17+00:00","og_image":[{"width":3848,"height":5772,"url":"https:\/\/bricard.com\/professionnels\/wp-content\/uploads\/sites\/17\/2023\/03\/Cle-Bricard-Pratic.jpg","type":"image\/jpeg"}],"twitter_card":"summary_large_image","twitter_misc":{"Est. reading time":"1 minute"},"schema":{"@context":"https:\/\/schema.org","@graph":[{"@type":"WebPage","@id":"https:\/\/bricard.com\/professionnels\/produits\/cylindres-et-organigramme\/cylindres-a-profil-europeen-de-surete\/pratic","url":"https:\/\/bricard.com\/professionnels\/produits\/cylindres-et-organigramme\/cylindres-a-profil-europeen-de-surete\/pratic","name":"Pratic &#060; Bricard professionnels","isPartOf":{"@id":"https:\/\/bricard.com\/professionnels\/#website"},"primaryImageOfPage":{"@id":"https:\/\/bricard.com\/professionnels\/produits\/cylindres-et-organigramme\/cylindres-a-profil-europeen-de-surete\/pratic#primaryimage"},"image":{"@id":"https:\/\/bricard.com\/professionnels\/produits\/cylindres-et-organigramme\/cylindres-a-profil-europeen-de-surete\/pratic#primaryimage"},"thumbnailUrl":"https:\/\/bricard.com\/professionnels\/wp-content\/uploads\/sites\/17\/2025\/12\/Cle-Bricard-Pratic.jpg","datePublished":"2023-01-23T07:07:22+00:00","dateModified":"2025-12-10T07:58:17+00:00","description":"BRICARD cr\u00e9e et d\u00e9veloppe les standards actuels de la serrurerie. Quelles que soient les exigences r\u00e9glementaires des b\u00e2timents, BRICARD vous propose un large \u00e9ventail de produits r\u00e9pondant aux exigences normatives pour \u00e9quiper tout type de portes : entr\u00e9e, int\u00e9rieure, distribution, local technique, issue de secours\u2026Cylindre \u00e0 profil europ\u00e9en de s\u00fbret\u00e9 Pratic","breadcrumb":{"@id":"https:\/\/bricard.com\/professionnels\/produits\/cylindres-et-organigramme\/cylindres-a-profil-europeen-de-surete\/pratic#breadcrumb"},"inLanguage":"en-US","potentialAction":[{"@type":"ReadAction","target":["https:\/\/bricard.com\/professionnels\/produits\/cylindres-et-organigramme\/cylindres-a-profil-europeen-de-surete\/pratic"]}]},{"@type":"ImageObject","inLanguage":"en-US","@id":"https:\/\/bricard.com\/professionnels\/produits\/cylindres-et-organigramme\/cylindres-a-profil-europeen-de-surete\/pratic#primaryimage","url":"https:\/\/bricard.com\/professionnels\/wp-content\/uploads\/sites\/17\/2025\/12\/Cle-Bricard-Pratic.jpg","contentUrl":"https:\/\/bricard.com\/professionnels\/wp-content\/uploads\/sites\/17\/2025\/12\/Cle-Bricard-Pratic.jpg","width":3848,"height":5772},{"@type":"BreadcrumbList","@id":"https:\/\/bricard.com\/professionnels\/produits\/cylindres-et-organigramme\/cylindres-a-profil-europeen-de-surete\/pratic#breadcrumb","itemListElement":[{"@type":"ListItem","position":1,"name":"Accueil","item":"https:\/\/bricard.com\/professionnels\/"},{"@type":"ListItem","position":2,"name":"Toutes nos gammes","item":"https:\/\/bricard.com\/professionnels\/produits"},{"@type":"ListItem","position":3,"name":"Cylindres et Organigrammes","item":"https:\/\/bricard.com\/professionnels\/produits-gammes\/cylindres-et-organigramme"},{"@type":"ListItem","position":4,"name":"Cylindres \u00e0 profil europ\u00e9en de s\u00fbret\u00e9","item":"https:\/\/bricard.com\/professionnels\/produits-gammes\/cylindres-et-organigramme\/cylindres-a-profil-europeen-de-surete"},{"@type":"ListItem","position":5,"name":"Pratic"}]},{"@type":"WebSite","@id":"https:\/\/bricard.com\/professionnels\/#website","url":"https:\/\/bricard.com\/professionnels\/","name":"Bricard professionnels","description":"","publisher":{"@id":"https:\/\/bricard.com\/professionnels\/#organization"},"potentialAction":[{"@type":"SearchAction","target":{"@type":"EntryPoint","urlTemplate":"https:\/\/bricard.com\/professionnels\/?s={search_term_string}"},"query-input":{"@type":"PropertyValueSpecification","valueRequired":true,"valueName":"search_term_string"}}],"inLanguage":"en-US"},{"@type":"Organization","@id":"https:\/\/bricard.com\/professionnels\/#organization","name":"Bricard professionnels","url":"https:\/\/bricard.com\/professionnels\/","logo":{"@type":"ImageObject","inLanguage":"en-US","@id":"https:\/\/bricard.com\/professionnels\/#\/schema\/logo\/image\/","url":"https:\/\/bricard.com\/professionnels\/wp-content\/uploads\/sites\/17\/2026\/02\/bricard-logo-castle.png","contentUrl":"https:\/\/bricard.com\/professionnels\/wp-content\/uploads\/sites\/17\/2026\/02\/bricard-logo-castle.png","width":150,"height":150,"caption":"Bricard professionnels"},"image":{"@id":"https:\/\/bricard.com\/professionnels\/#\/schema\/logo\/image\/"},"sameAs":["https:\/\/www.linkedin.com\/showcase\/professionnels\/about\/?viewAsMember=true"]}]}},"taxonomy_info":{"product_cat":[{"value":492,"label":"Cylindres \u00e0 profil europ\u00e9en de s\u00fbret\u00e9"}]},"featured_image_src_large":["https:\/\/bricard.com\/professionnels\/wp-content\/uploads\/sites\/17\/2025\/12\/Cle-Bricard-Pratic.jpg?w=683",683,1024,true],"author_info":[],"comment_info":"","jetpack_sharing_enabled":true,"_links":{"self":[{"href":"https:\/\/bricard.com\/professionnels\/wp-json\/wp\/v2\/product\/9777","targetHints":{"allow":["GET"]}}],"collection":[{"href":"https:\/\/bricard.com\/professionnels\/wp-json\/wp\/v2\/product"}],"about":[{"href":"https:\/\/bricard.com\/professionnels\/wp-json\/wp\/v2\/types\/product"}],"wp:featuredmedia":[{"embeddable":true,"href":"https:\/\/bricard.com\/professionnels\/wp-json\/wp\/v2\/media\/16851"}],"wp:attachment":[{"href":"https:\/\/bricard.com\/professionnels\/wp-json\/wp\/v2\/media?parent=9777"}],"wp:term":[{"taxonomy":"product_brand","embeddable":true,"href":"https:\/\/bricard.com\/professionnels\/wp-json\/wp\/v2\/product_brand?post=9777"},{"taxonomy":"product_cat","embeddable":true,"href":"https:\/\/bricard.com\/professionnels\/wp-json\/wp\/v2\/product_cat?post=9777"},{"taxonomy":"product_tag","embeddable":true,"href":"https:\/\/bricard.com\/professionnels\/wp-json\/wp\/v2\/product_tag?post=9777"},{"taxonomy":"solution","embeddable":true,"href":"https:\/\/bricard.com\/professionnels\/wp-json\/wp\/v2\/solution?post=9777"}],"curies":[{"name":"wp","href":"https:\/\/api.w.org\/{rel}","templated":true}]}}