{"id":9788,"date":"2023-01-23T07:07:24","date_gmt":"2023-01-23T07:07:24","guid":{"rendered":""},"modified":"2026-02-24T10:30:28","modified_gmt":"2026-02-24T10:30:28","slug":"new-wave-ensemble-sur-plaque-et-rosace-sur-grande-plaque-et-pmr","status":"publish","type":"product","link":"https:\/\/bricard.com\/professionnels\/produits\/poignees\/poignees-inox\/new-wave-ensemble-sur-plaque-et-rosace-sur-grande-plaque-et-pmr","title":{"rendered":"New Wave &#8211; ensemble sur plaque et rosace, sur grande plaque et PMR"},"content":{"rendered":"<p>\u2022 Forte endurance \u00e0 l&#8217;utilisation selon la norme EN 1906 :<br \/>\n\u2022 grade 4 (mod\u00e8les PMR 260mm, sur grande plaque de propret\u00e9 et sur rosace extrafine carr\u00e9 de 8)<br \/>\n\u2022 grade 3 (mod\u00e8les sur plaque et rosace, PMR 175mm, sur grande plaque de propret\u00e9 et sur rosace extrafine carr\u00e9 de 7)<br \/>\n\u2022 Haute r\u00e9sistance de dur\u00e9e selon la norme EN 1906 : 200 000 cycles<br \/>\n\u2022 R\u00e9sistance \u00e0 la corrosion selon la norme EN 1906 :<br \/>\n\u2022 grade 4 (mod\u00e8les sur rosace extrafine) : 240H<br \/>\n\u2022 grade 3 (mod\u00e8les sur plaque et rosace, PMR et grande plaque de propret\u00e9) : 96H<br \/>\n\u2022 Mod\u00e8les homologu\u00e9s avec nos serrures d\u2019urgence EN 179 (en cl\u00e9 i pour les mod\u00e8les sur plaque)<br \/>\n\u2022 Adaptabilit\u00e9 avec nos cylindres\/serrures A2P** (mod\u00e8les sur plaque et sur rosace)<br \/>\n\u2022 Ressort de rappel sur tous les mod\u00e8les (sauf pali\u00e8re, grande plaque de propret\u00e9 et rosace extrafine)<br \/>\n\u2022 Temps de montage r\u00e9duit de 25% (mod\u00e8le sur plaque et sur rosace)<br \/>\n\u2022 Compatible avec les portes coupe-feu (mod\u00e8les sur grande plaque de propret\u00e9 et sur rosace extrafine)<br \/>\n\u2022 Mat\u00e9riau\/finition : acier inoxydable 304, finition inox satin\u00e9<br \/>\n\u2022 \u00c9paisseur porte :<br \/>\n\u2022 38 \u00e0 55mm (mod\u00e8les sur plaque et sur rosace)<br \/>\n\u2022 38 \u00e0 53mm et 53 \u00e0 68mm (mod\u00e8les pali\u00e8re)<br \/>\n\u2022 38 \u00e0 63 mm et 63 \u00e0 73mm en option (mod\u00e8les sur grande plaque de propret\u00e9 et sur rosace extrafine)<br \/>\n\u2022 38 \u00e0 50mm et 50 \u00e0 60mm en option (mod\u00e8les PMR)<br \/>\n\u2022 Carr\u00e9 :<br \/>\n\u2022 7mm, crant\u00e9 (mod\u00e8les sur plaque et sur rosace)<br \/>\n\u2022 7mm, perc\u00e9 (mod\u00e8les sur rosace extrafine, grande plaque, PMR et pali\u00e8re)<br \/>\n\u2022 8mm en option, perc\u00e9 (mod\u00e8les sur rosace extrafine, grande plaque, PMR)<br \/>\n\u2022 Entraxe de 70mm, entraxe de fixation 195mm (mod\u00e8les pali\u00e8re et sur plaque) et platine de fixation en m\u00e9tal pour une plus grande solidit\u00e9 (mod\u00e8les sur plaque, sur rosace et rosace extrafine)<br \/>\n\u2022 Ligne TEMPO<\/p>\n","protected":false},"excerpt":{"rendered":"<p>\u2022 Forte endurance \u00e0 l&#8217;utilisation selon la norme EN 1906 : \u2022 grade 4 (mod\u00e8les PMR 260mm, sur grande plaque de propret\u00e9 et sur rosace extrafine carr\u00e9 de 8) \u2022 grade 3 (mod\u00e8les sur plaque et rosace, PMR 175mm, sur grande plaque de propret\u00e9 et sur rosace extrafine carr\u00e9 de 7) \u2022 Haute r\u00e9sistance de&#8230;<\/p>\n","protected":false},"featured_media":16947,"template":"","meta":{"_acf_changed":false,"_trash_the_other_posts":false,"_kad_blocks_custom_css":"","_kad_blocks_head_custom_js":"","_kad_blocks_body_custom_js":"","_kad_blocks_footer_custom_js":"","_kad_post_transparent":"default","_kad_post_title":"","_kad_post_layout":"default","_kad_post_sidebar_id":"","_kad_post_content_style":"default","_kad_post_vertical_padding":"default","_kad_post_feature":"","_kad_post_feature_position":"","_kad_post_header":false,"_kad_post_footer":false,"_kad_post_classname":""},"product_brand":[],"product_cat":[500],"product_tag":[],"solution":[552,555],"class_list":{"0":"post-9788","1":"product","2":"type-product","3":"status-publish","4":"has-post-thumbnail","6":"product_cat-poignees-inox","7":"solution-projet-education","8":"solution-projet-sante","10":"first","11":"instock","12":"shipping-taxable","13":"product-type-simple","14":"entry","15":"content-bg","16":"loop-entry"},"acf":[],"yoast_head":"<!-- This site is optimized with the Yoast SEO Premium plugin v24.2 (Yoast SEO v27.2) - https:\/\/yoast.com\/product\/yoast-seo-premium-wordpress\/ -->\n<title>New Wave - ensemble sur plaque et rosace, sur grande plaque et PMR &#060; Bricard professionnels<\/title>\n<meta name=\"description\" content=\"BRICARD cr\u00e9e et d\u00e9veloppe les standards actuels de la serrurerie. Quelles que soient les exigences r\u00e9glementaires des b\u00e2timents, BRICARD vous propose un large \u00e9ventail de produits r\u00e9pondant aux exigences normatives pour \u00e9quiper tout type de portes : entr\u00e9e, int\u00e9rieure, distribution, local technique, issue de secours\u2026Poign\u00e9e inox sur plaque et rosace new wave\" \/>\n<meta name=\"robots\" content=\"index, follow, max-snippet:-1, max-image-preview:large, max-video-preview:-1\" \/>\n<link rel=\"canonical\" href=\"https:\/\/bricard.com\/professionnels\/produits\/poignees\/poignees-inox\/new-wave-ensemble-sur-plaque-et-rosace-sur-grande-plaque-et-pmr\" \/>\n<meta property=\"og:locale\" content=\"en_US\" \/>\n<meta property=\"og:type\" content=\"article\" \/>\n<meta property=\"og:title\" content=\"New Wave - ensemble sur plaque et rosace, sur grande plaque et PMR\" \/>\n<meta property=\"og:description\" content=\"BRICARD cr\u00e9e et d\u00e9veloppe les standards actuels de la serrurerie. Quelles que soient les exigences r\u00e9glementaires des b\u00e2timents, BRICARD vous propose un large \u00e9ventail de produits r\u00e9pondant aux exigences normatives pour \u00e9quiper tout type de portes : entr\u00e9e, int\u00e9rieure, distribution, local technique, issue de secours\u2026Poign\u00e9e inox sur plaque et rosace new wave\" \/>\n<meta property=\"og:url\" content=\"https:\/\/bricard.com\/professionnels\/produits\/poignees\/poignees-inox\/new-wave-ensemble-sur-plaque-et-rosace-sur-grande-plaque-et-pmr\" \/>\n<meta property=\"og:site_name\" content=\"Bricard professionnels\" \/>\n<meta property=\"article:modified_time\" content=\"2026-02-24T10:30:28+00:00\" \/>\n<meta name=\"twitter:card\" content=\"summary_large_image\" \/>\n<meta name=\"twitter:image\" content=\"https:\/\/bricard.com\/professionnels\/wp-content\/uploads\/sites\/17\/2025\/12\/666451_B.jpg\" \/>\n<meta name=\"twitter:label1\" content=\"Est. reading time\" \/>\n\t<meta name=\"twitter:data1\" content=\"2 minutes\" \/>\n<script type=\"application\/ld+json\" class=\"yoast-schema-graph\">{\"@context\":\"https:\/\/schema.org\",\"@graph\":[{\"@type\":\"WebPage\",\"@id\":\"https:\/\/bricard.com\/professionnels\/produits\/poignees\/poignees-inox\/new-wave-ensemble-sur-plaque-et-rosace-sur-grande-plaque-et-pmr\",\"url\":\"https:\/\/bricard.com\/professionnels\/produits\/poignees\/poignees-inox\/new-wave-ensemble-sur-plaque-et-rosace-sur-grande-plaque-et-pmr\",\"name\":\"New Wave - ensemble sur plaque et rosace, sur grande plaque et PMR &#060; Bricard professionnels\",\"isPartOf\":{\"@id\":\"https:\/\/bricard.com\/professionnels\/#website\"},\"primaryImageOfPage\":{\"@id\":\"https:\/\/bricard.com\/professionnels\/produits\/poignees\/poignees-inox\/new-wave-ensemble-sur-plaque-et-rosace-sur-grande-plaque-et-pmr#primaryimage\"},\"image\":{\"@id\":\"https:\/\/bricard.com\/professionnels\/produits\/poignees\/poignees-inox\/new-wave-ensemble-sur-plaque-et-rosace-sur-grande-plaque-et-pmr#primaryimage\"},\"thumbnailUrl\":\"https:\/\/bricard.com\/professionnels\/wp-content\/uploads\/sites\/17\/2025\/12\/666451_B.jpg\",\"datePublished\":\"2023-01-23T07:07:24+00:00\",\"dateModified\":\"2026-02-24T10:30:28+00:00\",\"description\":\"BRICARD cr\u00e9e et d\u00e9veloppe les standards actuels de la serrurerie. Quelles que soient les exigences r\u00e9glementaires des b\u00e2timents, BRICARD vous propose un large \u00e9ventail de produits r\u00e9pondant aux exigences normatives pour \u00e9quiper tout type de portes : entr\u00e9e, int\u00e9rieure, distribution, local technique, issue de secours\u2026Poign\u00e9e inox sur plaque et rosace new wave\",\"breadcrumb\":{\"@id\":\"https:\/\/bricard.com\/professionnels\/produits\/poignees\/poignees-inox\/new-wave-ensemble-sur-plaque-et-rosace-sur-grande-plaque-et-pmr#breadcrumb\"},\"inLanguage\":\"en-US\",\"potentialAction\":[{\"@type\":\"ReadAction\",\"target\":[\"https:\/\/bricard.com\/professionnels\/produits\/poignees\/poignees-inox\/new-wave-ensemble-sur-plaque-et-rosace-sur-grande-plaque-et-pmr\"]}]},{\"@type\":\"ImageObject\",\"inLanguage\":\"en-US\",\"@id\":\"https:\/\/bricard.com\/professionnels\/produits\/poignees\/poignees-inox\/new-wave-ensemble-sur-plaque-et-rosace-sur-grande-plaque-et-pmr#primaryimage\",\"url\":\"https:\/\/bricard.com\/professionnels\/wp-content\/uploads\/sites\/17\/2025\/12\/666451_B.jpg\",\"contentUrl\":\"https:\/\/bricard.com\/professionnels\/wp-content\/uploads\/sites\/17\/2025\/12\/666451_B.jpg\",\"width\":4480,\"height\":6720},{\"@type\":\"BreadcrumbList\",\"@id\":\"https:\/\/bricard.com\/professionnels\/produits\/poignees\/poignees-inox\/new-wave-ensemble-sur-plaque-et-rosace-sur-grande-plaque-et-pmr#breadcrumb\",\"itemListElement\":[{\"@type\":\"ListItem\",\"position\":1,\"name\":\"Accueil\",\"item\":\"https:\/\/bricard.com\/professionnels\/\"},{\"@type\":\"ListItem\",\"position\":2,\"name\":\"Toutes nos gammes\",\"item\":\"https:\/\/bricard.com\/professionnels\/produits\"},{\"@type\":\"ListItem\",\"position\":3,\"name\":\"Poign\u00e9es\",\"item\":\"https:\/\/bricard.com\/professionnels\/produits-gammes\/poignees\"},{\"@type\":\"ListItem\",\"position\":4,\"name\":\"Poign\u00e9es inox\",\"item\":\"https:\/\/bricard.com\/professionnels\/produits-gammes\/poignees\/poignees-inox\"},{\"@type\":\"ListItem\",\"position\":5,\"name\":\"New Wave &#8211; ensemble sur plaque et rosace, sur grande plaque et PMR\"}]},{\"@type\":\"WebSite\",\"@id\":\"https:\/\/bricard.com\/professionnels\/#website\",\"url\":\"https:\/\/bricard.com\/professionnels\/\",\"name\":\"Bricard professionnels\",\"description\":\"\",\"publisher\":{\"@id\":\"https:\/\/bricard.com\/professionnels\/#organization\"},\"potentialAction\":[{\"@type\":\"SearchAction\",\"target\":{\"@type\":\"EntryPoint\",\"urlTemplate\":\"https:\/\/bricard.com\/professionnels\/?s={search_term_string}\"},\"query-input\":{\"@type\":\"PropertyValueSpecification\",\"valueRequired\":true,\"valueName\":\"search_term_string\"}}],\"inLanguage\":\"en-US\"},{\"@type\":\"Organization\",\"@id\":\"https:\/\/bricard.com\/professionnels\/#organization\",\"name\":\"Bricard professionnels\",\"url\":\"https:\/\/bricard.com\/professionnels\/\",\"logo\":{\"@type\":\"ImageObject\",\"inLanguage\":\"en-US\",\"@id\":\"https:\/\/bricard.com\/professionnels\/#\/schema\/logo\/image\/\",\"url\":\"https:\/\/bricard.com\/professionnels\/wp-content\/uploads\/sites\/17\/2026\/02\/bricard-logo-castle.png\",\"contentUrl\":\"https:\/\/bricard.com\/professionnels\/wp-content\/uploads\/sites\/17\/2026\/02\/bricard-logo-castle.png\",\"width\":150,\"height\":150,\"caption\":\"Bricard professionnels\"},\"image\":{\"@id\":\"https:\/\/bricard.com\/professionnels\/#\/schema\/logo\/image\/\"},\"sameAs\":[\"https:\/\/www.linkedin.com\/showcase\/professionnels\/about\/?viewAsMember=true\"]}]}<\/script>\n<!-- \/ Yoast SEO Premium plugin. -->","yoast_head_json":{"title":"New Wave - ensemble sur plaque et rosace, sur grande plaque et PMR &#060; Bricard professionnels","description":"BRICARD cr\u00e9e et d\u00e9veloppe les standards actuels de la serrurerie. Quelles que soient les exigences r\u00e9glementaires des b\u00e2timents, BRICARD vous propose un large \u00e9ventail de produits r\u00e9pondant aux exigences normatives pour \u00e9quiper tout type de portes : entr\u00e9e, int\u00e9rieure, distribution, local technique, issue de secours\u2026Poign\u00e9e inox sur plaque et rosace new wave","robots":{"index":"index","follow":"follow","max-snippet":"max-snippet:-1","max-image-preview":"max-image-preview:large","max-video-preview":"max-video-preview:-1"},"canonical":"https:\/\/bricard.com\/professionnels\/produits\/poignees\/poignees-inox\/new-wave-ensemble-sur-plaque-et-rosace-sur-grande-plaque-et-pmr","og_locale":"en_US","og_type":"article","og_title":"New Wave - ensemble sur plaque et rosace, sur grande plaque et PMR","og_description":"BRICARD cr\u00e9e et d\u00e9veloppe les standards actuels de la serrurerie. Quelles que soient les exigences r\u00e9glementaires des b\u00e2timents, BRICARD vous propose un large \u00e9ventail de produits r\u00e9pondant aux exigences normatives pour \u00e9quiper tout type de portes : entr\u00e9e, int\u00e9rieure, distribution, local technique, issue de secours\u2026Poign\u00e9e inox sur plaque et rosace new wave","og_url":"https:\/\/bricard.com\/professionnels\/produits\/poignees\/poignees-inox\/new-wave-ensemble-sur-plaque-et-rosace-sur-grande-plaque-et-pmr","og_site_name":"Bricard professionnels","article_modified_time":"2026-02-24T10:30:28+00:00","twitter_card":"summary_large_image","twitter_image":"https:\/\/bricard.com\/professionnels\/wp-content\/uploads\/sites\/17\/2025\/12\/666451_B.jpg","twitter_misc":{"Est. reading time":"2 minutes"},"schema":{"@context":"https:\/\/schema.org","@graph":[{"@type":"WebPage","@id":"https:\/\/bricard.com\/professionnels\/produits\/poignees\/poignees-inox\/new-wave-ensemble-sur-plaque-et-rosace-sur-grande-plaque-et-pmr","url":"https:\/\/bricard.com\/professionnels\/produits\/poignees\/poignees-inox\/new-wave-ensemble-sur-plaque-et-rosace-sur-grande-plaque-et-pmr","name":"New Wave - ensemble sur plaque et rosace, sur grande plaque et PMR &#060; Bricard professionnels","isPartOf":{"@id":"https:\/\/bricard.com\/professionnels\/#website"},"primaryImageOfPage":{"@id":"https:\/\/bricard.com\/professionnels\/produits\/poignees\/poignees-inox\/new-wave-ensemble-sur-plaque-et-rosace-sur-grande-plaque-et-pmr#primaryimage"},"image":{"@id":"https:\/\/bricard.com\/professionnels\/produits\/poignees\/poignees-inox\/new-wave-ensemble-sur-plaque-et-rosace-sur-grande-plaque-et-pmr#primaryimage"},"thumbnailUrl":"https:\/\/bricard.com\/professionnels\/wp-content\/uploads\/sites\/17\/2025\/12\/666451_B.jpg","datePublished":"2023-01-23T07:07:24+00:00","dateModified":"2026-02-24T10:30:28+00:00","description":"BRICARD cr\u00e9e et d\u00e9veloppe les standards actuels de la serrurerie. Quelles que soient les exigences r\u00e9glementaires des b\u00e2timents, BRICARD vous propose un large \u00e9ventail de produits r\u00e9pondant aux exigences normatives pour \u00e9quiper tout type de portes : entr\u00e9e, int\u00e9rieure, distribution, local technique, issue de secours\u2026Poign\u00e9e inox sur plaque et rosace new wave","breadcrumb":{"@id":"https:\/\/bricard.com\/professionnels\/produits\/poignees\/poignees-inox\/new-wave-ensemble-sur-plaque-et-rosace-sur-grande-plaque-et-pmr#breadcrumb"},"inLanguage":"en-US","potentialAction":[{"@type":"ReadAction","target":["https:\/\/bricard.com\/professionnels\/produits\/poignees\/poignees-inox\/new-wave-ensemble-sur-plaque-et-rosace-sur-grande-plaque-et-pmr"]}]},{"@type":"ImageObject","inLanguage":"en-US","@id":"https:\/\/bricard.com\/professionnels\/produits\/poignees\/poignees-inox\/new-wave-ensemble-sur-plaque-et-rosace-sur-grande-plaque-et-pmr#primaryimage","url":"https:\/\/bricard.com\/professionnels\/wp-content\/uploads\/sites\/17\/2025\/12\/666451_B.jpg","contentUrl":"https:\/\/bricard.com\/professionnels\/wp-content\/uploads\/sites\/17\/2025\/12\/666451_B.jpg","width":4480,"height":6720},{"@type":"BreadcrumbList","@id":"https:\/\/bricard.com\/professionnels\/produits\/poignees\/poignees-inox\/new-wave-ensemble-sur-plaque-et-rosace-sur-grande-plaque-et-pmr#breadcrumb","itemListElement":[{"@type":"ListItem","position":1,"name":"Accueil","item":"https:\/\/bricard.com\/professionnels\/"},{"@type":"ListItem","position":2,"name":"Toutes nos gammes","item":"https:\/\/bricard.com\/professionnels\/produits"},{"@type":"ListItem","position":3,"name":"Poign\u00e9es","item":"https:\/\/bricard.com\/professionnels\/produits-gammes\/poignees"},{"@type":"ListItem","position":4,"name":"Poign\u00e9es inox","item":"https:\/\/bricard.com\/professionnels\/produits-gammes\/poignees\/poignees-inox"},{"@type":"ListItem","position":5,"name":"New Wave &#8211; ensemble sur plaque et rosace, sur grande plaque et PMR"}]},{"@type":"WebSite","@id":"https:\/\/bricard.com\/professionnels\/#website","url":"https:\/\/bricard.com\/professionnels\/","name":"Bricard professionnels","description":"","publisher":{"@id":"https:\/\/bricard.com\/professionnels\/#organization"},"potentialAction":[{"@type":"SearchAction","target":{"@type":"EntryPoint","urlTemplate":"https:\/\/bricard.com\/professionnels\/?s={search_term_string}"},"query-input":{"@type":"PropertyValueSpecification","valueRequired":true,"valueName":"search_term_string"}}],"inLanguage":"en-US"},{"@type":"Organization","@id":"https:\/\/bricard.com\/professionnels\/#organization","name":"Bricard professionnels","url":"https:\/\/bricard.com\/professionnels\/","logo":{"@type":"ImageObject","inLanguage":"en-US","@id":"https:\/\/bricard.com\/professionnels\/#\/schema\/logo\/image\/","url":"https:\/\/bricard.com\/professionnels\/wp-content\/uploads\/sites\/17\/2026\/02\/bricard-logo-castle.png","contentUrl":"https:\/\/bricard.com\/professionnels\/wp-content\/uploads\/sites\/17\/2026\/02\/bricard-logo-castle.png","width":150,"height":150,"caption":"Bricard professionnels"},"image":{"@id":"https:\/\/bricard.com\/professionnels\/#\/schema\/logo\/image\/"},"sameAs":["https:\/\/www.linkedin.com\/showcase\/professionnels\/about\/?viewAsMember=true"]}]}},"taxonomy_info":{"product_cat":[{"value":500,"label":"Poign\u00e9es inox"}],"solution":[{"value":552,"label":"\u00c9ducation"},{"value":555,"label":"Sant\u00e9"}]},"featured_image_src_large":["https:\/\/bricard.com\/professionnels\/wp-content\/uploads\/sites\/17\/2025\/12\/666451_B.jpg?w=683",683,1024,true],"author_info":[],"comment_info":"","jetpack_sharing_enabled":true,"_links":{"self":[{"href":"https:\/\/bricard.com\/professionnels\/wp-json\/wp\/v2\/product\/9788","targetHints":{"allow":["GET"]}}],"collection":[{"href":"https:\/\/bricard.com\/professionnels\/wp-json\/wp\/v2\/product"}],"about":[{"href":"https:\/\/bricard.com\/professionnels\/wp-json\/wp\/v2\/types\/product"}],"wp:featuredmedia":[{"embeddable":true,"href":"https:\/\/bricard.com\/professionnels\/wp-json\/wp\/v2\/media\/16947"}],"wp:attachment":[{"href":"https:\/\/bricard.com\/professionnels\/wp-json\/wp\/v2\/media?parent=9788"}],"wp:term":[{"taxonomy":"product_brand","embeddable":true,"href":"https:\/\/bricard.com\/professionnels\/wp-json\/wp\/v2\/product_brand?post=9788"},{"taxonomy":"product_cat","embeddable":true,"href":"https:\/\/bricard.com\/professionnels\/wp-json\/wp\/v2\/product_cat?post=9788"},{"taxonomy":"product_tag","embeddable":true,"href":"https:\/\/bricard.com\/professionnels\/wp-json\/wp\/v2\/product_tag?post=9788"},{"taxonomy":"solution","embeddable":true,"href":"https:\/\/bricard.com\/professionnels\/wp-json\/wp\/v2\/solution?post=9788"}],"curies":[{"name":"wp","href":"https:\/\/api.w.org\/{rel}","templated":true}]}}