{"id":9796,"date":"2023-01-23T07:07:32","date_gmt":"2023-01-23T07:07:32","guid":{"rendered":"https:\/\/bricard.com\/professionnels\/?post_type=product&#038;p=9796"},"modified":"2025-12-10T07:58:24","modified_gmt":"2025-12-10T07:58:24","slug":"osmose-ensemble-blinde","status":"publish","type":"product","link":"https:\/\/bricard.com\/professionnels\/produits\/poignees\/poignees-aluminium\/osmose-ensemble-blinde","title":{"rendered":"Osmose &#8211; ensemble blind\u00e9"},"content":{"rendered":"<p>\u2022 Haute r\u00e9sistance \u00e0 l&#8217;utilisation : EN 1906 grade 4<br \/>\n\u2022 Haute r\u00e9sistance de dur\u00e9e : EN 1906 grade 7 : 200 000 cycles<br \/>\n\u2022 Forte r\u00e9sistance \u00e0 l\u2019effraction : EN 1906 grade 1 gr\u00e2ce \u00e0 la plaque blind\u00e9e et au<br \/>\nprotecteur de cylindre renforc\u00e9 anti-arrachage et anti-per\u00e7age)<br \/>\n\u2022 Protecteur de cylindre et pastille tournante anti-arrachage et anti-per\u00e7age<br \/>\n\u2022 Adaptabilit\u00e9 sur cylindres\/serrures A2P* et A2P**<br \/>\n\u2022 Bouclier ext\u00e9rieur en aluminium massif de 15mm<br \/>\n\u2022 Syst\u00e8me Flex light pour plus de flexibilit\u00e9 \u00e0 l\u2019installation : adaptation du protecteur \u00e0 la longueur du cylindre existant<br \/>\n\u2022 D\u00e9vissage impossible de la plaque ext\u00e9rieure : aucune vis apparente<br \/>\n\u2022 Accessoire : plaque de fixation pour corni\u00e8re anti-pince<br \/>\n\u2022 \u00c9paisseur de portes :<br \/>\n\u2013 b\u00e9quille\/aileron : 37 \u00e0 42mm et 52 \u00e0 57mm<br \/>\n\u2013 b\u00e9quille\/b\u00e9quille : 38 \u00e0 63mm<br \/>\n\u2022 Carr\u00e9 de 7mm, entraxe de 70mm, entraxe de fixation 216mm (ou 195mm selon mod\u00e8le)<br \/>\n\u2022 Finitions : aspect inox, anodis\u00e9 argent, anodis\u00e9 champagne<br \/>\n\u2022 Poign\u00e9e pali\u00e8re pour serrure connect\u00e9e Lock&#8217;n&#8217;APP 2\u00e8me g\u00e9n\u00e9ration : 1\/2 ensemble sur plaque (b\u00e9quille ou aileron) compatible avec toutes les poign\u00e9es sur rosace Bricard (except\u00e9 certains mod\u00e8les pr\u00e9cis\u00e9s sur la Fiche Technique)<\/p>\n","protected":false},"excerpt":{"rendered":"<p>\u2022 Haute r\u00e9sistance \u00e0 l&#8217;utilisation : EN 1906 grade 4 \u2022 Haute r\u00e9sistance de dur\u00e9e : EN 1906 grade 7 : 200 000 cycles \u2022 Forte r\u00e9sistance \u00e0 l\u2019effraction : EN 1906 grade 1 gr\u00e2ce \u00e0 la plaque blind\u00e9e et au protecteur de cylindre renforc\u00e9 anti-arrachage et anti-per\u00e7age) \u2022 Protecteur de cylindre et pastille tournante&#8230;<\/p>\n","protected":false},"featured_media":16790,"template":"","meta":{"_acf_changed":false,"_trash_the_other_posts":false,"_kad_blocks_custom_css":"","_kad_blocks_head_custom_js":"","_kad_blocks_body_custom_js":"","_kad_blocks_footer_custom_js":"","_kad_post_transparent":"default","_kad_post_title":"","_kad_post_layout":"default","_kad_post_sidebar_id":"","_kad_post_content_style":"default","_kad_post_vertical_padding":"default","_kad_post_feature":"","_kad_post_feature_position":"","_kad_post_header":false,"_kad_post_footer":false,"_kad_post_classname":""},"product_brand":[],"product_cat":[501],"product_tag":[],"solution":[],"class_list":{"0":"post-9796","1":"product","2":"type-product","3":"status-publish","4":"has-post-thumbnail","6":"product_cat-poignees-aluminium","8":"first","9":"instock","10":"shipping-taxable","11":"product-type-simple","12":"entry","13":"content-bg","14":"loop-entry"},"acf":[],"yoast_head":"<!-- This site is optimized with the Yoast SEO Premium plugin v24.2 (Yoast SEO v27.2) - https:\/\/yoast.com\/product\/yoast-seo-premium-wordpress\/ -->\n<title>Osmose - ensemble blind\u00e9 &#060; Bricard professionnels<\/title>\n<meta name=\"description\" content=\"BRICARD cr\u00e9e et d\u00e9veloppe les standards actuels de la serrurerie. Quelles que soient les exigences r\u00e9glementaires des b\u00e2timents, BRICARD vous propose un large \u00e9ventail de produits r\u00e9pondant aux exigences normatives pour \u00e9quiper tout type de portes : entr\u00e9e, int\u00e9rieure, distribution, local technique, issue de secours\u2026Poign\u00e9e aluminium blind\u00e9e Osmose\" \/>\n<meta name=\"robots\" content=\"index, follow, max-snippet:-1, max-image-preview:large, max-video-preview:-1\" \/>\n<link rel=\"canonical\" href=\"https:\/\/bricard.com\/professionnels\/produits\/poignees\/poignees-aluminium\/osmose-ensemble-blinde\" \/>\n<meta property=\"og:locale\" content=\"en_US\" \/>\n<meta property=\"og:type\" content=\"article\" \/>\n<meta property=\"og:title\" content=\"Osmose - ensemble blind\u00e9\" \/>\n<meta property=\"og:description\" content=\"BRICARD cr\u00e9e et d\u00e9veloppe les standards actuels de la serrurerie. Quelles que soient les exigences r\u00e9glementaires des b\u00e2timents, BRICARD vous propose un large \u00e9ventail de produits r\u00e9pondant aux exigences normatives pour \u00e9quiper tout type de portes : entr\u00e9e, int\u00e9rieure, distribution, local technique, issue de secours\u2026Poign\u00e9e aluminium blind\u00e9e Osmose\" \/>\n<meta property=\"og:url\" content=\"https:\/\/bricard.com\/professionnels\/produits\/poignees\/poignees-aluminium\/osmose-ensemble-blinde\" \/>\n<meta property=\"og:site_name\" content=\"Bricard professionnels\" \/>\n<meta property=\"article:modified_time\" content=\"2025-12-10T07:58:24+00:00\" \/>\n<meta property=\"og:image\" content=\"https:\/\/bricard.com\/professionnels\/wp-content\/uploads\/sites\/17\/2023\/03\/OsmoseBlindBequAil2.jpg\" \/>\n\t<meta property=\"og:image:width\" content=\"504\" \/>\n\t<meta property=\"og:image:height\" content=\"720\" \/>\n\t<meta property=\"og:image:type\" content=\"image\/jpeg\" \/>\n<meta name=\"twitter:card\" content=\"summary_large_image\" \/>\n<meta name=\"twitter:label1\" content=\"Est. reading time\" \/>\n\t<meta name=\"twitter:data1\" content=\"1 minute\" \/>\n<script type=\"application\/ld+json\" class=\"yoast-schema-graph\">{\"@context\":\"https:\/\/schema.org\",\"@graph\":[{\"@type\":\"WebPage\",\"@id\":\"https:\/\/bricard.com\/professionnels\/produits\/poignees\/poignees-aluminium\/osmose-ensemble-blinde\",\"url\":\"https:\/\/bricard.com\/professionnels\/produits\/poignees\/poignees-aluminium\/osmose-ensemble-blinde\",\"name\":\"Osmose - ensemble blind\u00e9 &#060; Bricard professionnels\",\"isPartOf\":{\"@id\":\"https:\/\/bricard.com\/professionnels\/#website\"},\"primaryImageOfPage\":{\"@id\":\"https:\/\/bricard.com\/professionnels\/produits\/poignees\/poignees-aluminium\/osmose-ensemble-blinde#primaryimage\"},\"image\":{\"@id\":\"https:\/\/bricard.com\/professionnels\/produits\/poignees\/poignees-aluminium\/osmose-ensemble-blinde#primaryimage\"},\"thumbnailUrl\":\"https:\/\/bricard.com\/professionnels\/wp-content\/uploads\/sites\/17\/2025\/12\/OsmoseBlindBequAil2.jpg\",\"datePublished\":\"2023-01-23T07:07:32+00:00\",\"dateModified\":\"2025-12-10T07:58:24+00:00\",\"description\":\"BRICARD cr\u00e9e et d\u00e9veloppe les standards actuels de la serrurerie. Quelles que soient les exigences r\u00e9glementaires des b\u00e2timents, BRICARD vous propose un large \u00e9ventail de produits r\u00e9pondant aux exigences normatives pour \u00e9quiper tout type de portes : entr\u00e9e, int\u00e9rieure, distribution, local technique, issue de secours\u2026Poign\u00e9e aluminium blind\u00e9e Osmose\",\"breadcrumb\":{\"@id\":\"https:\/\/bricard.com\/professionnels\/produits\/poignees\/poignees-aluminium\/osmose-ensemble-blinde#breadcrumb\"},\"inLanguage\":\"en-US\",\"potentialAction\":[{\"@type\":\"ReadAction\",\"target\":[\"https:\/\/bricard.com\/professionnels\/produits\/poignees\/poignees-aluminium\/osmose-ensemble-blinde\"]}]},{\"@type\":\"ImageObject\",\"inLanguage\":\"en-US\",\"@id\":\"https:\/\/bricard.com\/professionnels\/produits\/poignees\/poignees-aluminium\/osmose-ensemble-blinde#primaryimage\",\"url\":\"https:\/\/bricard.com\/professionnels\/wp-content\/uploads\/sites\/17\/2025\/12\/OsmoseBlindBequAil2.jpg\",\"contentUrl\":\"https:\/\/bricard.com\/professionnels\/wp-content\/uploads\/sites\/17\/2025\/12\/OsmoseBlindBequAil2.jpg\",\"width\":504,\"height\":720},{\"@type\":\"BreadcrumbList\",\"@id\":\"https:\/\/bricard.com\/professionnels\/produits\/poignees\/poignees-aluminium\/osmose-ensemble-blinde#breadcrumb\",\"itemListElement\":[{\"@type\":\"ListItem\",\"position\":1,\"name\":\"Accueil\",\"item\":\"https:\/\/bricard.com\/professionnels\/\"},{\"@type\":\"ListItem\",\"position\":2,\"name\":\"Toutes nos gammes\",\"item\":\"https:\/\/bricard.com\/professionnels\/produits\"},{\"@type\":\"ListItem\",\"position\":3,\"name\":\"Poign\u00e9es\",\"item\":\"https:\/\/bricard.com\/professionnels\/produits-gammes\/poignees\"},{\"@type\":\"ListItem\",\"position\":4,\"name\":\"Poign\u00e9es aluminium\",\"item\":\"https:\/\/bricard.com\/professionnels\/produits-gammes\/poignees\/poignees-aluminium\"},{\"@type\":\"ListItem\",\"position\":5,\"name\":\"Osmose &#8211; ensemble blind\u00e9\"}]},{\"@type\":\"WebSite\",\"@id\":\"https:\/\/bricard.com\/professionnels\/#website\",\"url\":\"https:\/\/bricard.com\/professionnels\/\",\"name\":\"Bricard professionnels\",\"description\":\"\",\"publisher\":{\"@id\":\"https:\/\/bricard.com\/professionnels\/#organization\"},\"potentialAction\":[{\"@type\":\"SearchAction\",\"target\":{\"@type\":\"EntryPoint\",\"urlTemplate\":\"https:\/\/bricard.com\/professionnels\/?s={search_term_string}\"},\"query-input\":{\"@type\":\"PropertyValueSpecification\",\"valueRequired\":true,\"valueName\":\"search_term_string\"}}],\"inLanguage\":\"en-US\"},{\"@type\":\"Organization\",\"@id\":\"https:\/\/bricard.com\/professionnels\/#organization\",\"name\":\"Bricard professionnels\",\"url\":\"https:\/\/bricard.com\/professionnels\/\",\"logo\":{\"@type\":\"ImageObject\",\"inLanguage\":\"en-US\",\"@id\":\"https:\/\/bricard.com\/professionnels\/#\/schema\/logo\/image\/\",\"url\":\"https:\/\/bricard.com\/professionnels\/wp-content\/uploads\/sites\/17\/2026\/02\/bricard-logo-castle.png\",\"contentUrl\":\"https:\/\/bricard.com\/professionnels\/wp-content\/uploads\/sites\/17\/2026\/02\/bricard-logo-castle.png\",\"width\":150,\"height\":150,\"caption\":\"Bricard professionnels\"},\"image\":{\"@id\":\"https:\/\/bricard.com\/professionnels\/#\/schema\/logo\/image\/\"},\"sameAs\":[\"https:\/\/www.linkedin.com\/showcase\/professionnels\/about\/?viewAsMember=true\"]}]}<\/script>\n<!-- \/ Yoast SEO Premium plugin. -->","yoast_head_json":{"title":"Osmose - ensemble blind\u00e9 &#060; Bricard professionnels","description":"BRICARD cr\u00e9e et d\u00e9veloppe les standards actuels de la serrurerie. Quelles que soient les exigences r\u00e9glementaires des b\u00e2timents, BRICARD vous propose un large \u00e9ventail de produits r\u00e9pondant aux exigences normatives pour \u00e9quiper tout type de portes : entr\u00e9e, int\u00e9rieure, distribution, local technique, issue de secours\u2026Poign\u00e9e aluminium blind\u00e9e Osmose","robots":{"index":"index","follow":"follow","max-snippet":"max-snippet:-1","max-image-preview":"max-image-preview:large","max-video-preview":"max-video-preview:-1"},"canonical":"https:\/\/bricard.com\/professionnels\/produits\/poignees\/poignees-aluminium\/osmose-ensemble-blinde","og_locale":"en_US","og_type":"article","og_title":"Osmose - ensemble blind\u00e9","og_description":"BRICARD cr\u00e9e et d\u00e9veloppe les standards actuels de la serrurerie. Quelles que soient les exigences r\u00e9glementaires des b\u00e2timents, BRICARD vous propose un large \u00e9ventail de produits r\u00e9pondant aux exigences normatives pour \u00e9quiper tout type de portes : entr\u00e9e, int\u00e9rieure, distribution, local technique, issue de secours\u2026Poign\u00e9e aluminium blind\u00e9e Osmose","og_url":"https:\/\/bricard.com\/professionnels\/produits\/poignees\/poignees-aluminium\/osmose-ensemble-blinde","og_site_name":"Bricard professionnels","article_modified_time":"2025-12-10T07:58:24+00:00","og_image":[{"width":504,"height":720,"url":"https:\/\/bricard.com\/professionnels\/wp-content\/uploads\/sites\/17\/2023\/03\/OsmoseBlindBequAil2.jpg","type":"image\/jpeg"}],"twitter_card":"summary_large_image","twitter_misc":{"Est. reading time":"1 minute"},"schema":{"@context":"https:\/\/schema.org","@graph":[{"@type":"WebPage","@id":"https:\/\/bricard.com\/professionnels\/produits\/poignees\/poignees-aluminium\/osmose-ensemble-blinde","url":"https:\/\/bricard.com\/professionnels\/produits\/poignees\/poignees-aluminium\/osmose-ensemble-blinde","name":"Osmose - ensemble blind\u00e9 &#060; Bricard professionnels","isPartOf":{"@id":"https:\/\/bricard.com\/professionnels\/#website"},"primaryImageOfPage":{"@id":"https:\/\/bricard.com\/professionnels\/produits\/poignees\/poignees-aluminium\/osmose-ensemble-blinde#primaryimage"},"image":{"@id":"https:\/\/bricard.com\/professionnels\/produits\/poignees\/poignees-aluminium\/osmose-ensemble-blinde#primaryimage"},"thumbnailUrl":"https:\/\/bricard.com\/professionnels\/wp-content\/uploads\/sites\/17\/2025\/12\/OsmoseBlindBequAil2.jpg","datePublished":"2023-01-23T07:07:32+00:00","dateModified":"2025-12-10T07:58:24+00:00","description":"BRICARD cr\u00e9e et d\u00e9veloppe les standards actuels de la serrurerie. Quelles que soient les exigences r\u00e9glementaires des b\u00e2timents, BRICARD vous propose un large \u00e9ventail de produits r\u00e9pondant aux exigences normatives pour \u00e9quiper tout type de portes : entr\u00e9e, int\u00e9rieure, distribution, local technique, issue de secours\u2026Poign\u00e9e aluminium blind\u00e9e Osmose","breadcrumb":{"@id":"https:\/\/bricard.com\/professionnels\/produits\/poignees\/poignees-aluminium\/osmose-ensemble-blinde#breadcrumb"},"inLanguage":"en-US","potentialAction":[{"@type":"ReadAction","target":["https:\/\/bricard.com\/professionnels\/produits\/poignees\/poignees-aluminium\/osmose-ensemble-blinde"]}]},{"@type":"ImageObject","inLanguage":"en-US","@id":"https:\/\/bricard.com\/professionnels\/produits\/poignees\/poignees-aluminium\/osmose-ensemble-blinde#primaryimage","url":"https:\/\/bricard.com\/professionnels\/wp-content\/uploads\/sites\/17\/2025\/12\/OsmoseBlindBequAil2.jpg","contentUrl":"https:\/\/bricard.com\/professionnels\/wp-content\/uploads\/sites\/17\/2025\/12\/OsmoseBlindBequAil2.jpg","width":504,"height":720},{"@type":"BreadcrumbList","@id":"https:\/\/bricard.com\/professionnels\/produits\/poignees\/poignees-aluminium\/osmose-ensemble-blinde#breadcrumb","itemListElement":[{"@type":"ListItem","position":1,"name":"Accueil","item":"https:\/\/bricard.com\/professionnels\/"},{"@type":"ListItem","position":2,"name":"Toutes nos gammes","item":"https:\/\/bricard.com\/professionnels\/produits"},{"@type":"ListItem","position":3,"name":"Poign\u00e9es","item":"https:\/\/bricard.com\/professionnels\/produits-gammes\/poignees"},{"@type":"ListItem","position":4,"name":"Poign\u00e9es aluminium","item":"https:\/\/bricard.com\/professionnels\/produits-gammes\/poignees\/poignees-aluminium"},{"@type":"ListItem","position":5,"name":"Osmose &#8211; ensemble blind\u00e9"}]},{"@type":"WebSite","@id":"https:\/\/bricard.com\/professionnels\/#website","url":"https:\/\/bricard.com\/professionnels\/","name":"Bricard professionnels","description":"","publisher":{"@id":"https:\/\/bricard.com\/professionnels\/#organization"},"potentialAction":[{"@type":"SearchAction","target":{"@type":"EntryPoint","urlTemplate":"https:\/\/bricard.com\/professionnels\/?s={search_term_string}"},"query-input":{"@type":"PropertyValueSpecification","valueRequired":true,"valueName":"search_term_string"}}],"inLanguage":"en-US"},{"@type":"Organization","@id":"https:\/\/bricard.com\/professionnels\/#organization","name":"Bricard professionnels","url":"https:\/\/bricard.com\/professionnels\/","logo":{"@type":"ImageObject","inLanguage":"en-US","@id":"https:\/\/bricard.com\/professionnels\/#\/schema\/logo\/image\/","url":"https:\/\/bricard.com\/professionnels\/wp-content\/uploads\/sites\/17\/2026\/02\/bricard-logo-castle.png","contentUrl":"https:\/\/bricard.com\/professionnels\/wp-content\/uploads\/sites\/17\/2026\/02\/bricard-logo-castle.png","width":150,"height":150,"caption":"Bricard professionnels"},"image":{"@id":"https:\/\/bricard.com\/professionnels\/#\/schema\/logo\/image\/"},"sameAs":["https:\/\/www.linkedin.com\/showcase\/professionnels\/about\/?viewAsMember=true"]}]}},"taxonomy_info":{"product_cat":[{"value":501,"label":"Poign\u00e9es aluminium"}]},"featured_image_src_large":["https:\/\/bricard.com\/professionnels\/wp-content\/uploads\/sites\/17\/2025\/12\/OsmoseBlindBequAil2.jpg?w=504",504,720,true],"author_info":[],"comment_info":"","jetpack_sharing_enabled":true,"_links":{"self":[{"href":"https:\/\/bricard.com\/professionnels\/wp-json\/wp\/v2\/product\/9796","targetHints":{"allow":["GET"]}}],"collection":[{"href":"https:\/\/bricard.com\/professionnels\/wp-json\/wp\/v2\/product"}],"about":[{"href":"https:\/\/bricard.com\/professionnels\/wp-json\/wp\/v2\/types\/product"}],"wp:featuredmedia":[{"embeddable":true,"href":"https:\/\/bricard.com\/professionnels\/wp-json\/wp\/v2\/media\/16790"}],"wp:attachment":[{"href":"https:\/\/bricard.com\/professionnels\/wp-json\/wp\/v2\/media?parent=9796"}],"wp:term":[{"taxonomy":"product_brand","embeddable":true,"href":"https:\/\/bricard.com\/professionnels\/wp-json\/wp\/v2\/product_brand?post=9796"},{"taxonomy":"product_cat","embeddable":true,"href":"https:\/\/bricard.com\/professionnels\/wp-json\/wp\/v2\/product_cat?post=9796"},{"taxonomy":"product_tag","embeddable":true,"href":"https:\/\/bricard.com\/professionnels\/wp-json\/wp\/v2\/product_tag?post=9796"},{"taxonomy":"solution","embeddable":true,"href":"https:\/\/bricard.com\/professionnels\/wp-json\/wp\/v2\/solution?post=9796"}],"curies":[{"name":"wp","href":"https:\/\/api.w.org\/{rel}","templated":true}]}}