{"id":9811,"date":"2023-01-23T07:07:35","date_gmt":"2023-01-23T07:07:35","guid":{"rendered":""},"modified":"2025-12-10T07:58:29","modified_gmt":"2025-12-10T07:58:29","slug":"esquisse-ensemble-sur-plaque-et-rosace","status":"publish","type":"product","link":"https:\/\/bricard.com\/professionnels\/produits\/poignees\/poignees-zamak\/esquisse-ensemble-sur-plaque-et-rosace","title":{"rendered":"Esquisse &#8211; ensemble sur plaque et rosace"},"content":{"rendered":"<p>\u2022 Endurance \u00e0 utilisation (conditions de torsion, traction, jeu axial, jeu perpendiculaire) : grade 2 de la norme EN 1906<br \/>\n\u2022 R\u00e9sistance de dur\u00e9e \u00e9lev\u00e9e de la norme EN 1906 : 100 000 cycles<br \/>\n\u2022 Forte r\u00e9sistance \u00e0 la corrosion : grade 3 de la norme EN 1906<br \/>\n\u2022 Ressort de rappel sur mod\u00e8les sur rosace<br \/>\n\u2022 Adaptabilit\u00e9 sur cylindres\/serrures A2P* et A2P**<br \/>\n\u2022 \u00c9paisseur de portes de 37 \u00e0 53mm<br \/>\n\u2022 Entraxe de fixation 195mm<br \/>\n\u2022 Carr\u00e9 de 7mm et entraxe 70mm<br \/>\n\u2022 Mat\u00e9riau zamak, finition chrom\u00e9 satin\u00e9 ou titane<\/p>\n","protected":false},"excerpt":{"rendered":"<p>\u2022 Endurance \u00e0 utilisation (conditions de torsion, traction, jeu axial, jeu perpendiculaire) : grade 2 de la norme EN 1906 \u2022 R\u00e9sistance de dur\u00e9e \u00e9lev\u00e9e de la norme EN 1906 : 100 000 cycles \u2022 Forte r\u00e9sistance \u00e0 la corrosion : grade 3 de la norme EN 1906 \u2022 Ressort de rappel sur mod\u00e8les sur&#8230;<\/p>\n","protected":false},"featured_media":13519,"template":"","meta":{"_acf_changed":false,"_trash_the_other_posts":false,"_kad_blocks_custom_css":"","_kad_blocks_head_custom_js":"","_kad_blocks_body_custom_js":"","_kad_blocks_footer_custom_js":"","_kad_post_transparent":"default","_kad_post_title":"","_kad_post_layout":"default","_kad_post_sidebar_id":"","_kad_post_content_style":"default","_kad_post_vertical_padding":"default","_kad_post_feature":"","_kad_post_feature_position":"","_kad_post_header":false,"_kad_post_footer":false,"_kad_post_classname":""},"product_brand":[],"product_cat":[502],"product_tag":[],"solution":[],"class_list":{"0":"post-9811","1":"product","2":"type-product","3":"status-publish","4":"has-post-thumbnail","6":"product_cat-poignees-zamak","8":"first","9":"instock","10":"shipping-taxable","11":"product-type-simple","12":"entry","13":"content-bg","14":"loop-entry"},"acf":[],"yoast_head":"<!-- This site is optimized with the Yoast SEO Premium plugin v24.2 (Yoast SEO v27.2) - https:\/\/yoast.com\/product\/yoast-seo-premium-wordpress\/ -->\n<title>Esquisse - ensemble sur plaque et rosace &#060; Bricard professionnels<\/title>\n<meta name=\"description\" content=\"BRICARD cr\u00e9e et d\u00e9veloppe les standards actuels de la serrurerie. Quelles que soient les exigences r\u00e9glementaires des b\u00e2timents, BRICARD vous propose un large \u00e9ventail de produits r\u00e9pondant aux exigences normatives pour \u00e9quiper tout type de portes : entr\u00e9e, int\u00e9rieure, distribution, local technique, issue de secours\u2026Poign\u00e9e zamak sur plaque et rosace esquisse\" \/>\n<meta name=\"robots\" content=\"index, follow, max-snippet:-1, max-image-preview:large, max-video-preview:-1\" \/>\n<link rel=\"canonical\" href=\"https:\/\/bricard.com\/professionnels\/produits\/poignees\/poignees-zamak\/esquisse-ensemble-sur-plaque-et-rosace\" \/>\n<meta property=\"og:locale\" content=\"en_US\" \/>\n<meta property=\"og:type\" content=\"article\" \/>\n<meta property=\"og:title\" content=\"Esquisse - ensemble sur plaque et rosace\" \/>\n<meta property=\"og:description\" content=\"BRICARD cr\u00e9e et d\u00e9veloppe les standards actuels de la serrurerie. Quelles que soient les exigences r\u00e9glementaires des b\u00e2timents, BRICARD vous propose un large \u00e9ventail de produits r\u00e9pondant aux exigences normatives pour \u00e9quiper tout type de portes : entr\u00e9e, int\u00e9rieure, distribution, local technique, issue de secours\u2026Poign\u00e9e zamak sur plaque et rosace esquisse\" \/>\n<meta property=\"og:url\" content=\"https:\/\/bricard.com\/professionnels\/produits\/poignees\/poignees-zamak\/esquisse-ensemble-sur-plaque-et-rosace\" \/>\n<meta property=\"og:site_name\" content=\"Bricard professionnels\" \/>\n<meta property=\"article:modified_time\" content=\"2025-12-10T07:58:29+00:00\" \/>\n<meta name=\"twitter:card\" content=\"summary_large_image\" \/>\n<meta name=\"twitter:image\" content=\"https:\/\/bricard.com\/professionnels\/wp-content\/uploads\/sites\/17\/2024\/02\/984052-D.jpg\" \/>\n<meta name=\"twitter:label1\" content=\"Est. reading time\" \/>\n\t<meta name=\"twitter:data1\" content=\"1 minute\" \/>\n<script type=\"application\/ld+json\" class=\"yoast-schema-graph\">{\"@context\":\"https:\/\/schema.org\",\"@graph\":[{\"@type\":\"WebPage\",\"@id\":\"https:\/\/bricard.com\/professionnels\/produits\/poignees\/poignees-zamak\/esquisse-ensemble-sur-plaque-et-rosace\",\"url\":\"https:\/\/bricard.com\/professionnels\/produits\/poignees\/poignees-zamak\/esquisse-ensemble-sur-plaque-et-rosace\",\"name\":\"Esquisse - ensemble sur plaque et rosace &#060; Bricard professionnels\",\"isPartOf\":{\"@id\":\"https:\/\/bricard.com\/professionnels\/#website\"},\"primaryImageOfPage\":{\"@id\":\"https:\/\/bricard.com\/professionnels\/produits\/poignees\/poignees-zamak\/esquisse-ensemble-sur-plaque-et-rosace#primaryimage\"},\"image\":{\"@id\":\"https:\/\/bricard.com\/professionnels\/produits\/poignees\/poignees-zamak\/esquisse-ensemble-sur-plaque-et-rosace#primaryimage\"},\"thumbnailUrl\":\"https:\/\/bricard.com\/professionnels\/wp-content\/uploads\/sites\/17\/2025\/03\/984052-D.jpg\",\"datePublished\":\"2023-01-23T07:07:35+00:00\",\"dateModified\":\"2025-12-10T07:58:29+00:00\",\"description\":\"BRICARD cr\u00e9e et d\u00e9veloppe les standards actuels de la serrurerie. Quelles que soient les exigences r\u00e9glementaires des b\u00e2timents, BRICARD vous propose un large \u00e9ventail de produits r\u00e9pondant aux exigences normatives pour \u00e9quiper tout type de portes : entr\u00e9e, int\u00e9rieure, distribution, local technique, issue de secours\u2026Poign\u00e9e zamak sur plaque et rosace esquisse\",\"breadcrumb\":{\"@id\":\"https:\/\/bricard.com\/professionnels\/produits\/poignees\/poignees-zamak\/esquisse-ensemble-sur-plaque-et-rosace#breadcrumb\"},\"inLanguage\":\"en-US\",\"potentialAction\":[{\"@type\":\"ReadAction\",\"target\":[\"https:\/\/bricard.com\/professionnels\/produits\/poignees\/poignees-zamak\/esquisse-ensemble-sur-plaque-et-rosace\"]}]},{\"@type\":\"ImageObject\",\"inLanguage\":\"en-US\",\"@id\":\"https:\/\/bricard.com\/professionnels\/produits\/poignees\/poignees-zamak\/esquisse-ensemble-sur-plaque-et-rosace#primaryimage\",\"url\":\"https:\/\/bricard.com\/professionnels\/wp-content\/uploads\/sites\/17\/2025\/03\/984052-D.jpg\",\"contentUrl\":\"https:\/\/bricard.com\/professionnels\/wp-content\/uploads\/sites\/17\/2025\/03\/984052-D.jpg\",\"width\":4480,\"height\":6720},{\"@type\":\"BreadcrumbList\",\"@id\":\"https:\/\/bricard.com\/professionnels\/produits\/poignees\/poignees-zamak\/esquisse-ensemble-sur-plaque-et-rosace#breadcrumb\",\"itemListElement\":[{\"@type\":\"ListItem\",\"position\":1,\"name\":\"Accueil\",\"item\":\"https:\/\/bricard.com\/professionnels\/\"},{\"@type\":\"ListItem\",\"position\":2,\"name\":\"Toutes nos gammes\",\"item\":\"https:\/\/bricard.com\/professionnels\/produits\"},{\"@type\":\"ListItem\",\"position\":3,\"name\":\"Poign\u00e9es\",\"item\":\"https:\/\/bricard.com\/professionnels\/produits-gammes\/poignees\"},{\"@type\":\"ListItem\",\"position\":4,\"name\":\"Poign\u00e9es zamak\",\"item\":\"https:\/\/bricard.com\/professionnels\/produits-gammes\/poignees\/poignees-zamak\"},{\"@type\":\"ListItem\",\"position\":5,\"name\":\"Esquisse &#8211; ensemble sur plaque et rosace\"}]},{\"@type\":\"WebSite\",\"@id\":\"https:\/\/bricard.com\/professionnels\/#website\",\"url\":\"https:\/\/bricard.com\/professionnels\/\",\"name\":\"Bricard professionnels\",\"description\":\"\",\"publisher\":{\"@id\":\"https:\/\/bricard.com\/professionnels\/#organization\"},\"potentialAction\":[{\"@type\":\"SearchAction\",\"target\":{\"@type\":\"EntryPoint\",\"urlTemplate\":\"https:\/\/bricard.com\/professionnels\/?s={search_term_string}\"},\"query-input\":{\"@type\":\"PropertyValueSpecification\",\"valueRequired\":true,\"valueName\":\"search_term_string\"}}],\"inLanguage\":\"en-US\"},{\"@type\":\"Organization\",\"@id\":\"https:\/\/bricard.com\/professionnels\/#organization\",\"name\":\"Bricard professionnels\",\"url\":\"https:\/\/bricard.com\/professionnels\/\",\"logo\":{\"@type\":\"ImageObject\",\"inLanguage\":\"en-US\",\"@id\":\"https:\/\/bricard.com\/professionnels\/#\/schema\/logo\/image\/\",\"url\":\"https:\/\/bricard.com\/professionnels\/wp-content\/uploads\/sites\/17\/2026\/02\/bricard-logo-castle.png\",\"contentUrl\":\"https:\/\/bricard.com\/professionnels\/wp-content\/uploads\/sites\/17\/2026\/02\/bricard-logo-castle.png\",\"width\":150,\"height\":150,\"caption\":\"Bricard professionnels\"},\"image\":{\"@id\":\"https:\/\/bricard.com\/professionnels\/#\/schema\/logo\/image\/\"},\"sameAs\":[\"https:\/\/www.linkedin.com\/showcase\/professionnels\/about\/?viewAsMember=true\"]}]}<\/script>\n<!-- \/ Yoast SEO Premium plugin. -->","yoast_head_json":{"title":"Esquisse - ensemble sur plaque et rosace &#060; Bricard professionnels","description":"BRICARD cr\u00e9e et d\u00e9veloppe les standards actuels de la serrurerie. Quelles que soient les exigences r\u00e9glementaires des b\u00e2timents, BRICARD vous propose un large \u00e9ventail de produits r\u00e9pondant aux exigences normatives pour \u00e9quiper tout type de portes : entr\u00e9e, int\u00e9rieure, distribution, local technique, issue de secours\u2026Poign\u00e9e zamak sur plaque et rosace esquisse","robots":{"index":"index","follow":"follow","max-snippet":"max-snippet:-1","max-image-preview":"max-image-preview:large","max-video-preview":"max-video-preview:-1"},"canonical":"https:\/\/bricard.com\/professionnels\/produits\/poignees\/poignees-zamak\/esquisse-ensemble-sur-plaque-et-rosace","og_locale":"en_US","og_type":"article","og_title":"Esquisse - ensemble sur plaque et rosace","og_description":"BRICARD cr\u00e9e et d\u00e9veloppe les standards actuels de la serrurerie. Quelles que soient les exigences r\u00e9glementaires des b\u00e2timents, BRICARD vous propose un large \u00e9ventail de produits r\u00e9pondant aux exigences normatives pour \u00e9quiper tout type de portes : entr\u00e9e, int\u00e9rieure, distribution, local technique, issue de secours\u2026Poign\u00e9e zamak sur plaque et rosace esquisse","og_url":"https:\/\/bricard.com\/professionnels\/produits\/poignees\/poignees-zamak\/esquisse-ensemble-sur-plaque-et-rosace","og_site_name":"Bricard professionnels","article_modified_time":"2025-12-10T07:58:29+00:00","twitter_card":"summary_large_image","twitter_image":"https:\/\/bricard.com\/professionnels\/wp-content\/uploads\/sites\/17\/2024\/02\/984052-D.jpg","twitter_misc":{"Est. reading time":"1 minute"},"schema":{"@context":"https:\/\/schema.org","@graph":[{"@type":"WebPage","@id":"https:\/\/bricard.com\/professionnels\/produits\/poignees\/poignees-zamak\/esquisse-ensemble-sur-plaque-et-rosace","url":"https:\/\/bricard.com\/professionnels\/produits\/poignees\/poignees-zamak\/esquisse-ensemble-sur-plaque-et-rosace","name":"Esquisse - ensemble sur plaque et rosace &#060; Bricard professionnels","isPartOf":{"@id":"https:\/\/bricard.com\/professionnels\/#website"},"primaryImageOfPage":{"@id":"https:\/\/bricard.com\/professionnels\/produits\/poignees\/poignees-zamak\/esquisse-ensemble-sur-plaque-et-rosace#primaryimage"},"image":{"@id":"https:\/\/bricard.com\/professionnels\/produits\/poignees\/poignees-zamak\/esquisse-ensemble-sur-plaque-et-rosace#primaryimage"},"thumbnailUrl":"https:\/\/bricard.com\/professionnels\/wp-content\/uploads\/sites\/17\/2025\/03\/984052-D.jpg","datePublished":"2023-01-23T07:07:35+00:00","dateModified":"2025-12-10T07:58:29+00:00","description":"BRICARD cr\u00e9e et d\u00e9veloppe les standards actuels de la serrurerie. Quelles que soient les exigences r\u00e9glementaires des b\u00e2timents, BRICARD vous propose un large \u00e9ventail de produits r\u00e9pondant aux exigences normatives pour \u00e9quiper tout type de portes : entr\u00e9e, int\u00e9rieure, distribution, local technique, issue de secours\u2026Poign\u00e9e zamak sur plaque et rosace esquisse","breadcrumb":{"@id":"https:\/\/bricard.com\/professionnels\/produits\/poignees\/poignees-zamak\/esquisse-ensemble-sur-plaque-et-rosace#breadcrumb"},"inLanguage":"en-US","potentialAction":[{"@type":"ReadAction","target":["https:\/\/bricard.com\/professionnels\/produits\/poignees\/poignees-zamak\/esquisse-ensemble-sur-plaque-et-rosace"]}]},{"@type":"ImageObject","inLanguage":"en-US","@id":"https:\/\/bricard.com\/professionnels\/produits\/poignees\/poignees-zamak\/esquisse-ensemble-sur-plaque-et-rosace#primaryimage","url":"https:\/\/bricard.com\/professionnels\/wp-content\/uploads\/sites\/17\/2025\/03\/984052-D.jpg","contentUrl":"https:\/\/bricard.com\/professionnels\/wp-content\/uploads\/sites\/17\/2025\/03\/984052-D.jpg","width":4480,"height":6720},{"@type":"BreadcrumbList","@id":"https:\/\/bricard.com\/professionnels\/produits\/poignees\/poignees-zamak\/esquisse-ensemble-sur-plaque-et-rosace#breadcrumb","itemListElement":[{"@type":"ListItem","position":1,"name":"Accueil","item":"https:\/\/bricard.com\/professionnels\/"},{"@type":"ListItem","position":2,"name":"Toutes nos gammes","item":"https:\/\/bricard.com\/professionnels\/produits"},{"@type":"ListItem","position":3,"name":"Poign\u00e9es","item":"https:\/\/bricard.com\/professionnels\/produits-gammes\/poignees"},{"@type":"ListItem","position":4,"name":"Poign\u00e9es zamak","item":"https:\/\/bricard.com\/professionnels\/produits-gammes\/poignees\/poignees-zamak"},{"@type":"ListItem","position":5,"name":"Esquisse &#8211; ensemble sur plaque et rosace"}]},{"@type":"WebSite","@id":"https:\/\/bricard.com\/professionnels\/#website","url":"https:\/\/bricard.com\/professionnels\/","name":"Bricard professionnels","description":"","publisher":{"@id":"https:\/\/bricard.com\/professionnels\/#organization"},"potentialAction":[{"@type":"SearchAction","target":{"@type":"EntryPoint","urlTemplate":"https:\/\/bricard.com\/professionnels\/?s={search_term_string}"},"query-input":{"@type":"PropertyValueSpecification","valueRequired":true,"valueName":"search_term_string"}}],"inLanguage":"en-US"},{"@type":"Organization","@id":"https:\/\/bricard.com\/professionnels\/#organization","name":"Bricard professionnels","url":"https:\/\/bricard.com\/professionnels\/","logo":{"@type":"ImageObject","inLanguage":"en-US","@id":"https:\/\/bricard.com\/professionnels\/#\/schema\/logo\/image\/","url":"https:\/\/bricard.com\/professionnels\/wp-content\/uploads\/sites\/17\/2026\/02\/bricard-logo-castle.png","contentUrl":"https:\/\/bricard.com\/professionnels\/wp-content\/uploads\/sites\/17\/2026\/02\/bricard-logo-castle.png","width":150,"height":150,"caption":"Bricard professionnels"},"image":{"@id":"https:\/\/bricard.com\/professionnels\/#\/schema\/logo\/image\/"},"sameAs":["https:\/\/www.linkedin.com\/showcase\/professionnels\/about\/?viewAsMember=true"]}]}},"taxonomy_info":{"product_cat":[{"value":502,"label":"Poign\u00e9es zamak"}]},"featured_image_src_large":["https:\/\/bricard.com\/professionnels\/wp-content\/uploads\/sites\/17\/2025\/03\/984052-D.jpg?w=683",683,1024,true],"author_info":[],"comment_info":"","jetpack_sharing_enabled":true,"_links":{"self":[{"href":"https:\/\/bricard.com\/professionnels\/wp-json\/wp\/v2\/product\/9811","targetHints":{"allow":["GET"]}}],"collection":[{"href":"https:\/\/bricard.com\/professionnels\/wp-json\/wp\/v2\/product"}],"about":[{"href":"https:\/\/bricard.com\/professionnels\/wp-json\/wp\/v2\/types\/product"}],"wp:featuredmedia":[{"embeddable":true,"href":"https:\/\/bricard.com\/professionnels\/wp-json\/wp\/v2\/media\/13519"}],"wp:attachment":[{"href":"https:\/\/bricard.com\/professionnels\/wp-json\/wp\/v2\/media?parent=9811"}],"wp:term":[{"taxonomy":"product_brand","embeddable":true,"href":"https:\/\/bricard.com\/professionnels\/wp-json\/wp\/v2\/product_brand?post=9811"},{"taxonomy":"product_cat","embeddable":true,"href":"https:\/\/bricard.com\/professionnels\/wp-json\/wp\/v2\/product_cat?post=9811"},{"taxonomy":"product_tag","embeddable":true,"href":"https:\/\/bricard.com\/professionnels\/wp-json\/wp\/v2\/product_tag?post=9811"},{"taxonomy":"solution","embeddable":true,"href":"https:\/\/bricard.com\/professionnels\/wp-json\/wp\/v2\/solution?post=9811"}],"curies":[{"name":"wp","href":"https:\/\/api.w.org\/{rel}","templated":true}]}}