{"id":9817,"date":"2023-01-23T07:07:36","date_gmt":"2023-01-23T07:07:36","guid":{"rendered":""},"modified":"2025-12-10T07:58:31","modified_gmt":"2025-12-10T07:58:31","slug":"serie-670","status":"publish","type":"product","link":"https:\/\/bricard.com\/professionnels\/produits\/ferme-portes-bandeaux-ventouses-ouvre-portes-et-pivots-de-sol\/ferme-portes\/serie-670","title":{"rendered":"S\u00e9rie 695"},"content":{"rendered":"<p>\u2022 Ferme porte \u00e0 bras d\u00e9brayable, ouverture sans effort, fermeture assur\u00e9e en cas d\u2019alarme incendie (DAS)<br \/>\n\u2022 100 % r\u00e9versible<br \/>\n\u2022 Forces 3-6 bras \u00e0 glissi\u00e8re\/anti-vandalisme<br \/>\n\u2022 R\u00e9sistance \u00e0 la corrosion grade 2 (48 heures brouillard salin)<br \/>\n\u2022 IP 42 (Indice de protection : protection contre les solides\/protection contre l&#8217;intrusion d&#8217;eau)<br \/>\n\u2022 Dimensions : L 409 x H 64,8 x P 51,5<br \/>\n\u2022 Apte \u00e0 \u00e9quiper un bloc porte coupe-feu 2 heures<br \/>\n\u2022 Conforme au marquage CE 0432<br \/>\n\u2022 Conforme aux normes : EN 1155, EN 1154, EN 1634, PMR (<50 N largeur de porte 900mm), NFS61-937\n\u2022 Alimentation : 24\/48 V \n\u2022 Bras \u00e0 glissi\u00e8re r\u00e9glable en hauteur sur +\/- 3 mm, sans vis apparentes. \n\u2022 Finition Argent\n\u2022 Compatible avec les bandeaux 6000 et 7000\n<\/p>\n","protected":false},"excerpt":{"rendered":"<p>\u2022 Ferme porte \u00e0 bras d\u00e9brayable, ouverture sans effort, fermeture assur\u00e9e en cas d\u2019alarme incendie (DAS) \u2022 100 % r\u00e9versible \u2022 Forces 3-6 bras \u00e0 glissi\u00e8re\/anti-vandalisme \u2022 R\u00e9sistance \u00e0 la corrosion grade 2 (48 heures brouillard salin) \u2022 IP 42 (Indice de protection : protection contre les solides\/protection contre l&#8217;intrusion d&#8217;eau) \u2022 Dimensions : L&#8230;<\/p>\n","protected":false},"featured_media":16829,"template":"","meta":{"_acf_changed":false,"_trash_the_other_posts":false,"_kad_blocks_custom_css":"","_kad_blocks_head_custom_js":"","_kad_blocks_body_custom_js":"","_kad_blocks_footer_custom_js":"","_kad_post_transparent":"default","_kad_post_title":"","_kad_post_layout":"default","_kad_post_sidebar_id":"","_kad_post_content_style":"default","_kad_post_vertical_padding":"default","_kad_post_feature":"","_kad_post_feature_position":"","_kad_post_header":false,"_kad_post_footer":false,"_kad_post_classname":""},"product_brand":[],"product_cat":[504],"product_tag":[],"solution":[],"class_list":{"0":"post-9817","1":"product","2":"type-product","3":"status-publish","4":"has-post-thumbnail","6":"product_cat-ferme-portes","8":"first","9":"instock","10":"shipping-taxable","11":"product-type-simple","12":"entry","13":"content-bg","14":"loop-entry"},"acf":[],"yoast_head":"<!-- This site is optimized with the Yoast SEO Premium plugin v24.2 (Yoast SEO v27.2) - https:\/\/yoast.com\/product\/yoast-seo-premium-wordpress\/ -->\n<title>S\u00e9rie 695 &#060; Bricard professionnels<\/title>\n<meta name=\"description\" content=\"BRICARD cr\u00e9e et d\u00e9veloppe les standards actuels de la serrurerie. Quelles que soient les exigences r\u00e9glementaires des b\u00e2timents, BRICARD vous propose un large \u00e9ventail de produits r\u00e9pondant aux exigences normatives pour \u00e9quiper tout type de portes : entr\u00e9e, int\u00e9rieure, distribution, local technique, issue de secours\u2026Ferme-porte 670\" \/>\n<meta name=\"robots\" content=\"index, follow, max-snippet:-1, max-image-preview:large, max-video-preview:-1\" \/>\n<link rel=\"canonical\" href=\"https:\/\/bricard.com\/professionnels\/produits\/ferme-portes-bandeaux-ventouses-ouvre-portes-et-pivots-de-sol\/ferme-portes\/serie-670\" \/>\n<meta property=\"og:locale\" content=\"en_US\" \/>\n<meta property=\"og:type\" content=\"article\" \/>\n<meta property=\"og:title\" content=\"S\u00e9rie 695\" \/>\n<meta property=\"og:description\" content=\"BRICARD cr\u00e9e et d\u00e9veloppe les standards actuels de la serrurerie. Quelles que soient les exigences r\u00e9glementaires des b\u00e2timents, BRICARD vous propose un large \u00e9ventail de produits r\u00e9pondant aux exigences normatives pour \u00e9quiper tout type de portes : entr\u00e9e, int\u00e9rieure, distribution, local technique, issue de secours\u2026Ferme-porte 670\" \/>\n<meta property=\"og:url\" content=\"https:\/\/bricard.com\/professionnels\/produits\/ferme-portes-bandeaux-ventouses-ouvre-portes-et-pivots-de-sol\/ferme-portes\/serie-670\" \/>\n<meta property=\"og:site_name\" content=\"Bricard professionnels\" \/>\n<meta property=\"article:modified_time\" content=\"2025-12-10T07:58:31+00:00\" \/>\n<meta property=\"og:image\" content=\"https:\/\/bricard.com\/professionnels\/wp-content\/uploads\/sites\/17\/2025\/03\/FTS_III_bricard_frontal_mit_logo_silber.png\" \/>\n\t<meta property=\"og:image:width\" content=\"3543\" \/>\n\t<meta property=\"og:image:height\" content=\"2829\" \/>\n\t<meta property=\"og:image:type\" content=\"image\/png\" \/>\n<meta name=\"twitter:card\" content=\"summary_large_image\" \/>\n<meta name=\"twitter:label1\" content=\"Est. reading time\" \/>\n\t<meta name=\"twitter:data1\" content=\"1 minute\" \/>\n<script type=\"application\/ld+json\" class=\"yoast-schema-graph\">{\"@context\":\"https:\/\/schema.org\",\"@graph\":[{\"@type\":\"WebPage\",\"@id\":\"https:\/\/bricard.com\/professionnels\/produits\/ferme-portes-bandeaux-ventouses-ouvre-portes-et-pivots-de-sol\/ferme-portes\/serie-670\",\"url\":\"https:\/\/bricard.com\/professionnels\/produits\/ferme-portes-bandeaux-ventouses-ouvre-portes-et-pivots-de-sol\/ferme-portes\/serie-670\",\"name\":\"S\u00e9rie 695 &#060; Bricard professionnels\",\"isPartOf\":{\"@id\":\"https:\/\/bricard.com\/professionnels\/#website\"},\"primaryImageOfPage\":{\"@id\":\"https:\/\/bricard.com\/professionnels\/produits\/ferme-portes-bandeaux-ventouses-ouvre-portes-et-pivots-de-sol\/ferme-portes\/serie-670#primaryimage\"},\"image\":{\"@id\":\"https:\/\/bricard.com\/professionnels\/produits\/ferme-portes-bandeaux-ventouses-ouvre-portes-et-pivots-de-sol\/ferme-portes\/serie-670#primaryimage\"},\"thumbnailUrl\":\"https:\/\/bricard.com\/professionnels\/wp-content\/uploads\/sites\/17\/2025\/12\/FTS_III_bricard_frontal_mit_logo_silber.png\",\"datePublished\":\"2023-01-23T07:07:36+00:00\",\"dateModified\":\"2025-12-10T07:58:31+00:00\",\"description\":\"BRICARD cr\u00e9e et d\u00e9veloppe les standards actuels de la serrurerie. Quelles que soient les exigences r\u00e9glementaires des b\u00e2timents, BRICARD vous propose un large \u00e9ventail de produits r\u00e9pondant aux exigences normatives pour \u00e9quiper tout type de portes : entr\u00e9e, int\u00e9rieure, distribution, local technique, issue de secours\u2026Ferme-porte 670\",\"breadcrumb\":{\"@id\":\"https:\/\/bricard.com\/professionnels\/produits\/ferme-portes-bandeaux-ventouses-ouvre-portes-et-pivots-de-sol\/ferme-portes\/serie-670#breadcrumb\"},\"inLanguage\":\"en-US\",\"potentialAction\":[{\"@type\":\"ReadAction\",\"target\":[\"https:\/\/bricard.com\/professionnels\/produits\/ferme-portes-bandeaux-ventouses-ouvre-portes-et-pivots-de-sol\/ferme-portes\/serie-670\"]}]},{\"@type\":\"ImageObject\",\"inLanguage\":\"en-US\",\"@id\":\"https:\/\/bricard.com\/professionnels\/produits\/ferme-portes-bandeaux-ventouses-ouvre-portes-et-pivots-de-sol\/ferme-portes\/serie-670#primaryimage\",\"url\":\"https:\/\/bricard.com\/professionnels\/wp-content\/uploads\/sites\/17\/2025\/12\/FTS_III_bricard_frontal_mit_logo_silber.png\",\"contentUrl\":\"https:\/\/bricard.com\/professionnels\/wp-content\/uploads\/sites\/17\/2025\/12\/FTS_III_bricard_frontal_mit_logo_silber.png\",\"width\":3543,\"height\":2829},{\"@type\":\"BreadcrumbList\",\"@id\":\"https:\/\/bricard.com\/professionnels\/produits\/ferme-portes-bandeaux-ventouses-ouvre-portes-et-pivots-de-sol\/ferme-portes\/serie-670#breadcrumb\",\"itemListElement\":[{\"@type\":\"ListItem\",\"position\":1,\"name\":\"Accueil\",\"item\":\"https:\/\/bricard.com\/professionnels\/\"},{\"@type\":\"ListItem\",\"position\":2,\"name\":\"Toutes nos gammes\",\"item\":\"https:\/\/bricard.com\/professionnels\/produits\"},{\"@type\":\"ListItem\",\"position\":3,\"name\":\"Ferme-portes et fermetures asservies\",\"item\":\"https:\/\/bricard.com\/professionnels\/produits-gammes\/ferme-portes-bandeaux-ventouses-ouvre-portes-et-pivots-de-sol\"},{\"@type\":\"ListItem\",\"position\":4,\"name\":\"Ferme-portes\",\"item\":\"https:\/\/bricard.com\/professionnels\/produits-gammes\/ferme-portes-bandeaux-ventouses-ouvre-portes-et-pivots-de-sol\/ferme-portes\"},{\"@type\":\"ListItem\",\"position\":5,\"name\":\"S\u00e9rie 695\"}]},{\"@type\":\"WebSite\",\"@id\":\"https:\/\/bricard.com\/professionnels\/#website\",\"url\":\"https:\/\/bricard.com\/professionnels\/\",\"name\":\"Bricard professionnels\",\"description\":\"\",\"publisher\":{\"@id\":\"https:\/\/bricard.com\/professionnels\/#organization\"},\"potentialAction\":[{\"@type\":\"SearchAction\",\"target\":{\"@type\":\"EntryPoint\",\"urlTemplate\":\"https:\/\/bricard.com\/professionnels\/?s={search_term_string}\"},\"query-input\":{\"@type\":\"PropertyValueSpecification\",\"valueRequired\":true,\"valueName\":\"search_term_string\"}}],\"inLanguage\":\"en-US\"},{\"@type\":\"Organization\",\"@id\":\"https:\/\/bricard.com\/professionnels\/#organization\",\"name\":\"Bricard professionnels\",\"url\":\"https:\/\/bricard.com\/professionnels\/\",\"logo\":{\"@type\":\"ImageObject\",\"inLanguage\":\"en-US\",\"@id\":\"https:\/\/bricard.com\/professionnels\/#\/schema\/logo\/image\/\",\"url\":\"https:\/\/bricard.com\/professionnels\/wp-content\/uploads\/sites\/17\/2026\/02\/bricard-logo-castle.png\",\"contentUrl\":\"https:\/\/bricard.com\/professionnels\/wp-content\/uploads\/sites\/17\/2026\/02\/bricard-logo-castle.png\",\"width\":150,\"height\":150,\"caption\":\"Bricard professionnels\"},\"image\":{\"@id\":\"https:\/\/bricard.com\/professionnels\/#\/schema\/logo\/image\/\"},\"sameAs\":[\"https:\/\/www.linkedin.com\/showcase\/professionnels\/about\/?viewAsMember=true\"]}]}<\/script>\n<!-- \/ Yoast SEO Premium plugin. -->","yoast_head_json":{"title":"S\u00e9rie 695 &#060; Bricard professionnels","description":"BRICARD cr\u00e9e et d\u00e9veloppe les standards actuels de la serrurerie. Quelles que soient les exigences r\u00e9glementaires des b\u00e2timents, BRICARD vous propose un large \u00e9ventail de produits r\u00e9pondant aux exigences normatives pour \u00e9quiper tout type de portes : entr\u00e9e, int\u00e9rieure, distribution, local technique, issue de secours\u2026Ferme-porte 670","robots":{"index":"index","follow":"follow","max-snippet":"max-snippet:-1","max-image-preview":"max-image-preview:large","max-video-preview":"max-video-preview:-1"},"canonical":"https:\/\/bricard.com\/professionnels\/produits\/ferme-portes-bandeaux-ventouses-ouvre-portes-et-pivots-de-sol\/ferme-portes\/serie-670","og_locale":"en_US","og_type":"article","og_title":"S\u00e9rie 695","og_description":"BRICARD cr\u00e9e et d\u00e9veloppe les standards actuels de la serrurerie. Quelles que soient les exigences r\u00e9glementaires des b\u00e2timents, BRICARD vous propose un large \u00e9ventail de produits r\u00e9pondant aux exigences normatives pour \u00e9quiper tout type de portes : entr\u00e9e, int\u00e9rieure, distribution, local technique, issue de secours\u2026Ferme-porte 670","og_url":"https:\/\/bricard.com\/professionnels\/produits\/ferme-portes-bandeaux-ventouses-ouvre-portes-et-pivots-de-sol\/ferme-portes\/serie-670","og_site_name":"Bricard professionnels","article_modified_time":"2025-12-10T07:58:31+00:00","og_image":[{"width":3543,"height":2829,"url":"https:\/\/bricard.com\/professionnels\/wp-content\/uploads\/sites\/17\/2025\/03\/FTS_III_bricard_frontal_mit_logo_silber.png","type":"image\/png"}],"twitter_card":"summary_large_image","twitter_misc":{"Est. reading time":"1 minute"},"schema":{"@context":"https:\/\/schema.org","@graph":[{"@type":"WebPage","@id":"https:\/\/bricard.com\/professionnels\/produits\/ferme-portes-bandeaux-ventouses-ouvre-portes-et-pivots-de-sol\/ferme-portes\/serie-670","url":"https:\/\/bricard.com\/professionnels\/produits\/ferme-portes-bandeaux-ventouses-ouvre-portes-et-pivots-de-sol\/ferme-portes\/serie-670","name":"S\u00e9rie 695 &#060; Bricard professionnels","isPartOf":{"@id":"https:\/\/bricard.com\/professionnels\/#website"},"primaryImageOfPage":{"@id":"https:\/\/bricard.com\/professionnels\/produits\/ferme-portes-bandeaux-ventouses-ouvre-portes-et-pivots-de-sol\/ferme-portes\/serie-670#primaryimage"},"image":{"@id":"https:\/\/bricard.com\/professionnels\/produits\/ferme-portes-bandeaux-ventouses-ouvre-portes-et-pivots-de-sol\/ferme-portes\/serie-670#primaryimage"},"thumbnailUrl":"https:\/\/bricard.com\/professionnels\/wp-content\/uploads\/sites\/17\/2025\/12\/FTS_III_bricard_frontal_mit_logo_silber.png","datePublished":"2023-01-23T07:07:36+00:00","dateModified":"2025-12-10T07:58:31+00:00","description":"BRICARD cr\u00e9e et d\u00e9veloppe les standards actuels de la serrurerie. Quelles que soient les exigences r\u00e9glementaires des b\u00e2timents, BRICARD vous propose un large \u00e9ventail de produits r\u00e9pondant aux exigences normatives pour \u00e9quiper tout type de portes : entr\u00e9e, int\u00e9rieure, distribution, local technique, issue de secours\u2026Ferme-porte 670","breadcrumb":{"@id":"https:\/\/bricard.com\/professionnels\/produits\/ferme-portes-bandeaux-ventouses-ouvre-portes-et-pivots-de-sol\/ferme-portes\/serie-670#breadcrumb"},"inLanguage":"en-US","potentialAction":[{"@type":"ReadAction","target":["https:\/\/bricard.com\/professionnels\/produits\/ferme-portes-bandeaux-ventouses-ouvre-portes-et-pivots-de-sol\/ferme-portes\/serie-670"]}]},{"@type":"ImageObject","inLanguage":"en-US","@id":"https:\/\/bricard.com\/professionnels\/produits\/ferme-portes-bandeaux-ventouses-ouvre-portes-et-pivots-de-sol\/ferme-portes\/serie-670#primaryimage","url":"https:\/\/bricard.com\/professionnels\/wp-content\/uploads\/sites\/17\/2025\/12\/FTS_III_bricard_frontal_mit_logo_silber.png","contentUrl":"https:\/\/bricard.com\/professionnels\/wp-content\/uploads\/sites\/17\/2025\/12\/FTS_III_bricard_frontal_mit_logo_silber.png","width":3543,"height":2829},{"@type":"BreadcrumbList","@id":"https:\/\/bricard.com\/professionnels\/produits\/ferme-portes-bandeaux-ventouses-ouvre-portes-et-pivots-de-sol\/ferme-portes\/serie-670#breadcrumb","itemListElement":[{"@type":"ListItem","position":1,"name":"Accueil","item":"https:\/\/bricard.com\/professionnels\/"},{"@type":"ListItem","position":2,"name":"Toutes nos gammes","item":"https:\/\/bricard.com\/professionnels\/produits"},{"@type":"ListItem","position":3,"name":"Ferme-portes et fermetures asservies","item":"https:\/\/bricard.com\/professionnels\/produits-gammes\/ferme-portes-bandeaux-ventouses-ouvre-portes-et-pivots-de-sol"},{"@type":"ListItem","position":4,"name":"Ferme-portes","item":"https:\/\/bricard.com\/professionnels\/produits-gammes\/ferme-portes-bandeaux-ventouses-ouvre-portes-et-pivots-de-sol\/ferme-portes"},{"@type":"ListItem","position":5,"name":"S\u00e9rie 695"}]},{"@type":"WebSite","@id":"https:\/\/bricard.com\/professionnels\/#website","url":"https:\/\/bricard.com\/professionnels\/","name":"Bricard professionnels","description":"","publisher":{"@id":"https:\/\/bricard.com\/professionnels\/#organization"},"potentialAction":[{"@type":"SearchAction","target":{"@type":"EntryPoint","urlTemplate":"https:\/\/bricard.com\/professionnels\/?s={search_term_string}"},"query-input":{"@type":"PropertyValueSpecification","valueRequired":true,"valueName":"search_term_string"}}],"inLanguage":"en-US"},{"@type":"Organization","@id":"https:\/\/bricard.com\/professionnels\/#organization","name":"Bricard professionnels","url":"https:\/\/bricard.com\/professionnels\/","logo":{"@type":"ImageObject","inLanguage":"en-US","@id":"https:\/\/bricard.com\/professionnels\/#\/schema\/logo\/image\/","url":"https:\/\/bricard.com\/professionnels\/wp-content\/uploads\/sites\/17\/2026\/02\/bricard-logo-castle.png","contentUrl":"https:\/\/bricard.com\/professionnels\/wp-content\/uploads\/sites\/17\/2026\/02\/bricard-logo-castle.png","width":150,"height":150,"caption":"Bricard professionnels"},"image":{"@id":"https:\/\/bricard.com\/professionnels\/#\/schema\/logo\/image\/"},"sameAs":["https:\/\/www.linkedin.com\/showcase\/professionnels\/about\/?viewAsMember=true"]}]}},"taxonomy_info":{"product_cat":[{"value":504,"label":"Ferme-portes"}]},"featured_image_src_large":["https:\/\/bricard.com\/professionnels\/wp-content\/uploads\/sites\/17\/2025\/12\/FTS_III_bricard_frontal_mit_logo_silber.png?w=1024",1024,818,true],"author_info":[],"comment_info":"","jetpack_sharing_enabled":true,"_links":{"self":[{"href":"https:\/\/bricard.com\/professionnels\/wp-json\/wp\/v2\/product\/9817","targetHints":{"allow":["GET"]}}],"collection":[{"href":"https:\/\/bricard.com\/professionnels\/wp-json\/wp\/v2\/product"}],"about":[{"href":"https:\/\/bricard.com\/professionnels\/wp-json\/wp\/v2\/types\/product"}],"wp:featuredmedia":[{"embeddable":true,"href":"https:\/\/bricard.com\/professionnels\/wp-json\/wp\/v2\/media\/16829"}],"wp:attachment":[{"href":"https:\/\/bricard.com\/professionnels\/wp-json\/wp\/v2\/media?parent=9817"}],"wp:term":[{"taxonomy":"product_brand","embeddable":true,"href":"https:\/\/bricard.com\/professionnels\/wp-json\/wp\/v2\/product_brand?post=9817"},{"taxonomy":"product_cat","embeddable":true,"href":"https:\/\/bricard.com\/professionnels\/wp-json\/wp\/v2\/product_cat?post=9817"},{"taxonomy":"product_tag","embeddable":true,"href":"https:\/\/bricard.com\/professionnels\/wp-json\/wp\/v2\/product_tag?post=9817"},{"taxonomy":"solution","embeddable":true,"href":"https:\/\/bricard.com\/professionnels\/wp-json\/wp\/v2\/solution?post=9817"}],"curies":[{"name":"wp","href":"https:\/\/api.w.org\/{rel}","templated":true}]}}