{"id":9832,"date":"2023-01-23T07:07:44","date_gmt":"2023-01-23T07:07:44","guid":{"rendered":"https:\/\/bricard.com\/professionnels\/?post_type=product&#038;p=9832"},"modified":"2025-12-10T07:58:35","modified_gmt":"2025-12-10T07:58:35","slug":"fpe-ets","status":"publish","type":"product","link":"https:\/\/bricard.com\/professionnels\/produits\/ferme-portes-bandeaux-ventouses-ouvre-portes-et-pivots-de-sol\/ouvre-porte-automatique\/fpe-ets","title":{"rendered":"FPE ETS"},"content":{"rendered":"<p>Mouvement de porte harmonieux : ouverture m\u00e9canique et fermeture contr\u00f4l\u00e9es<\/p>\n<p>L\u2019ouvre-porte automatique est un entra\u00eenement \u00e9lectromotoris\u00e9 puissant et silencieux<br \/>\npour les portes int\u00e9rieures et ext\u00e9rieures lourdes jusqu\u2018\u00e0 400 kg (250 kg pour les portes<br \/>\ncoupe-feu \/ coupe-fum\u00e9es).<br \/>\nConvient aussi bien pour les nouvelles constructions que pour les modernisations.<br \/>\nAvantages :<br \/>\n&#8211; Puissance \u2013 jusqu\u2019\u00e0 400 kg<br \/>\n&#8211; Versions avec bras standard et bras \u00e0 glissi\u00e8re c\u00f4t\u00e9 tirant et c\u00f4t\u00e9 poussant &#8211; toutes coupe-feu<br \/>\n&#8211; Low Energy et Full Power avec un seul entra\u00eenement<br \/>\n&#8211; Coupe-feu et coupe-fum\u00e9es \/ fonction de SAS<br \/>\n&#8211; Compensation de la charge d\u00fbe \u00e0 l\u2019action du vent (FPE ETS 73)<br \/>\n&#8211; Montage facile<\/p>\n","protected":false},"excerpt":{"rendered":"<p>Mouvement de porte harmonieux : ouverture m\u00e9canique et fermeture contr\u00f4l\u00e9es L\u2019ouvre-porte automatique est un entra\u00eenement \u00e9lectromotoris\u00e9 puissant et silencieux pour les portes int\u00e9rieures et ext\u00e9rieures lourdes jusqu\u2018\u00e0 400 kg (250 kg pour les portes coupe-feu \/ coupe-fum\u00e9es). Convient aussi bien pour les nouvelles constructions que pour les modernisations. Avantages : &#8211; Puissance \u2013 jusqu\u2019\u00e0 400&#8230;<\/p>\n","protected":false},"featured_media":16785,"template":"","meta":{"_acf_changed":false,"_trash_the_other_posts":false,"_kad_blocks_custom_css":"","_kad_blocks_head_custom_js":"","_kad_blocks_body_custom_js":"","_kad_blocks_footer_custom_js":"","_kad_post_transparent":"default","_kad_post_title":"","_kad_post_layout":"default","_kad_post_sidebar_id":"","_kad_post_content_style":"default","_kad_post_vertical_padding":"default","_kad_post_feature":"","_kad_post_feature_position":"","_kad_post_header":false,"_kad_post_footer":false,"_kad_post_classname":""},"product_brand":[],"product_cat":[506],"product_tag":[],"solution":[],"class_list":{"0":"post-9832","1":"product","2":"type-product","3":"status-publish","4":"has-post-thumbnail","6":"product_cat-ouvre-porte-automatique","8":"first","9":"instock","10":"shipping-taxable","11":"product-type-simple","12":"entry","13":"content-bg","14":"loop-entry"},"acf":[],"yoast_head":"<!-- This site is optimized with the Yoast SEO Premium plugin v24.2 (Yoast SEO v27.2) - https:\/\/yoast.com\/product\/yoast-seo-premium-wordpress\/ -->\n<title>FPE ETS &#060; Bricard professionnels<\/title>\n<meta name=\"description\" content=\"BRICARD cr\u00e9e et d\u00e9veloppe les standards actuels de la serrurerie. Quelles que soient les exigences r\u00e9glementaires des b\u00e2timents, BRICARD vous propose un large \u00e9ventail de produits r\u00e9pondant aux exigences normatives pour \u00e9quiper tout type de portes : entr\u00e9e, int\u00e9rieure, distribution, local technique, issue de secours\u2026Ouvre-porte automatqiue FPE ETS\" \/>\n<meta name=\"robots\" content=\"index, follow, max-snippet:-1, max-image-preview:large, max-video-preview:-1\" \/>\n<link rel=\"canonical\" href=\"https:\/\/bricard.com\/professionnels\/produits\/ferme-portes-bandeaux-ventouses-ouvre-portes-et-pivots-de-sol\/ouvre-porte-automatique\/fpe-ets\" \/>\n<meta property=\"og:locale\" content=\"en_US\" \/>\n<meta property=\"og:type\" content=\"article\" \/>\n<meta property=\"og:title\" content=\"FPE ETS\" \/>\n<meta property=\"og:description\" content=\"BRICARD cr\u00e9e et d\u00e9veloppe les standards actuels de la serrurerie. Quelles que soient les exigences r\u00e9glementaires des b\u00e2timents, BRICARD vous propose un large \u00e9ventail de produits r\u00e9pondant aux exigences normatives pour \u00e9quiper tout type de portes : entr\u00e9e, int\u00e9rieure, distribution, local technique, issue de secours\u2026Ouvre-porte automatqiue FPE ETS\" \/>\n<meta property=\"og:url\" content=\"https:\/\/bricard.com\/professionnels\/produits\/ferme-portes-bandeaux-ventouses-ouvre-portes-et-pivots-de-sol\/ouvre-porte-automatique\/fpe-ets\" \/>\n<meta property=\"og:site_name\" content=\"Bricard professionnels\" \/>\n<meta property=\"article:modified_time\" content=\"2025-12-10T07:58:35+00:00\" \/>\n<meta name=\"twitter:card\" content=\"summary_large_image\" \/>\n<meta name=\"twitter:label1\" content=\"Est. reading time\" \/>\n\t<meta name=\"twitter:data1\" content=\"1 minute\" \/>\n<script type=\"application\/ld+json\" class=\"yoast-schema-graph\">{\"@context\":\"https:\/\/schema.org\",\"@graph\":[{\"@type\":\"WebPage\",\"@id\":\"https:\/\/bricard.com\/professionnels\/produits\/ferme-portes-bandeaux-ventouses-ouvre-portes-et-pivots-de-sol\/ouvre-porte-automatique\/fpe-ets\",\"url\":\"https:\/\/bricard.com\/professionnels\/produits\/ferme-portes-bandeaux-ventouses-ouvre-portes-et-pivots-de-sol\/ouvre-porte-automatique\/fpe-ets\",\"name\":\"FPE ETS &#060; Bricard professionnels\",\"isPartOf\":{\"@id\":\"https:\/\/bricard.com\/professionnels\/#website\"},\"primaryImageOfPage\":{\"@id\":\"https:\/\/bricard.com\/professionnels\/produits\/ferme-portes-bandeaux-ventouses-ouvre-portes-et-pivots-de-sol\/ouvre-porte-automatique\/fpe-ets#primaryimage\"},\"image\":{\"@id\":\"https:\/\/bricard.com\/professionnels\/produits\/ferme-portes-bandeaux-ventouses-ouvre-portes-et-pivots-de-sol\/ouvre-porte-automatique\/fpe-ets#primaryimage\"},\"thumbnailUrl\":\"https:\/\/bricard.com\/professionnels\/wp-content\/uploads\/sites\/17\/2025\/12\/Ouvre-porte_automatique.png\",\"datePublished\":\"2023-01-23T07:07:44+00:00\",\"dateModified\":\"2025-12-10T07:58:35+00:00\",\"description\":\"BRICARD cr\u00e9e et d\u00e9veloppe les standards actuels de la serrurerie. Quelles que soient les exigences r\u00e9glementaires des b\u00e2timents, BRICARD vous propose un large \u00e9ventail de produits r\u00e9pondant aux exigences normatives pour \u00e9quiper tout type de portes : entr\u00e9e, int\u00e9rieure, distribution, local technique, issue de secours\u2026Ouvre-porte automatqiue FPE ETS\",\"breadcrumb\":{\"@id\":\"https:\/\/bricard.com\/professionnels\/produits\/ferme-portes-bandeaux-ventouses-ouvre-portes-et-pivots-de-sol\/ouvre-porte-automatique\/fpe-ets#breadcrumb\"},\"inLanguage\":\"en-US\",\"potentialAction\":[{\"@type\":\"ReadAction\",\"target\":[\"https:\/\/bricard.com\/professionnels\/produits\/ferme-portes-bandeaux-ventouses-ouvre-portes-et-pivots-de-sol\/ouvre-porte-automatique\/fpe-ets\"]}]},{\"@type\":\"ImageObject\",\"inLanguage\":\"en-US\",\"@id\":\"https:\/\/bricard.com\/professionnels\/produits\/ferme-portes-bandeaux-ventouses-ouvre-portes-et-pivots-de-sol\/ouvre-porte-automatique\/fpe-ets#primaryimage\",\"url\":\"https:\/\/bricard.com\/professionnels\/wp-content\/uploads\/sites\/17\/2025\/12\/Ouvre-porte_automatique.png\",\"contentUrl\":\"https:\/\/bricard.com\/professionnels\/wp-content\/uploads\/sites\/17\/2025\/12\/Ouvre-porte_automatique.png\",\"width\":4650,\"height\":1724},{\"@type\":\"BreadcrumbList\",\"@id\":\"https:\/\/bricard.com\/professionnels\/produits\/ferme-portes-bandeaux-ventouses-ouvre-portes-et-pivots-de-sol\/ouvre-porte-automatique\/fpe-ets#breadcrumb\",\"itemListElement\":[{\"@type\":\"ListItem\",\"position\":1,\"name\":\"Accueil\",\"item\":\"https:\/\/bricard.com\/professionnels\/\"},{\"@type\":\"ListItem\",\"position\":2,\"name\":\"Toutes nos gammes\",\"item\":\"https:\/\/bricard.com\/professionnels\/produits\"},{\"@type\":\"ListItem\",\"position\":3,\"name\":\"Ferme-portes et fermetures asservies\",\"item\":\"https:\/\/bricard.com\/professionnels\/produits-gammes\/ferme-portes-bandeaux-ventouses-ouvre-portes-et-pivots-de-sol\"},{\"@type\":\"ListItem\",\"position\":4,\"name\":\"Ouvre-porte automatique\",\"item\":\"https:\/\/bricard.com\/professionnels\/produits-gammes\/ferme-portes-bandeaux-ventouses-ouvre-portes-et-pivots-de-sol\/ouvre-porte-automatique\"},{\"@type\":\"ListItem\",\"position\":5,\"name\":\"FPE ETS\"}]},{\"@type\":\"WebSite\",\"@id\":\"https:\/\/bricard.com\/professionnels\/#website\",\"url\":\"https:\/\/bricard.com\/professionnels\/\",\"name\":\"Bricard professionnels\",\"description\":\"\",\"publisher\":{\"@id\":\"https:\/\/bricard.com\/professionnels\/#organization\"},\"potentialAction\":[{\"@type\":\"SearchAction\",\"target\":{\"@type\":\"EntryPoint\",\"urlTemplate\":\"https:\/\/bricard.com\/professionnels\/?s={search_term_string}\"},\"query-input\":{\"@type\":\"PropertyValueSpecification\",\"valueRequired\":true,\"valueName\":\"search_term_string\"}}],\"inLanguage\":\"en-US\"},{\"@type\":\"Organization\",\"@id\":\"https:\/\/bricard.com\/professionnels\/#organization\",\"name\":\"Bricard professionnels\",\"url\":\"https:\/\/bricard.com\/professionnels\/\",\"logo\":{\"@type\":\"ImageObject\",\"inLanguage\":\"en-US\",\"@id\":\"https:\/\/bricard.com\/professionnels\/#\/schema\/logo\/image\/\",\"url\":\"https:\/\/bricard.com\/professionnels\/wp-content\/uploads\/sites\/17\/2026\/02\/bricard-logo-castle.png\",\"contentUrl\":\"https:\/\/bricard.com\/professionnels\/wp-content\/uploads\/sites\/17\/2026\/02\/bricard-logo-castle.png\",\"width\":150,\"height\":150,\"caption\":\"Bricard professionnels\"},\"image\":{\"@id\":\"https:\/\/bricard.com\/professionnels\/#\/schema\/logo\/image\/\"},\"sameAs\":[\"https:\/\/www.linkedin.com\/showcase\/professionnels\/about\/?viewAsMember=true\"]}]}<\/script>\n<!-- \/ Yoast SEO Premium plugin. -->","yoast_head_json":{"title":"FPE ETS &#060; Bricard professionnels","description":"BRICARD cr\u00e9e et d\u00e9veloppe les standards actuels de la serrurerie. Quelles que soient les exigences r\u00e9glementaires des b\u00e2timents, BRICARD vous propose un large \u00e9ventail de produits r\u00e9pondant aux exigences normatives pour \u00e9quiper tout type de portes : entr\u00e9e, int\u00e9rieure, distribution, local technique, issue de secours\u2026Ouvre-porte automatqiue FPE ETS","robots":{"index":"index","follow":"follow","max-snippet":"max-snippet:-1","max-image-preview":"max-image-preview:large","max-video-preview":"max-video-preview:-1"},"canonical":"https:\/\/bricard.com\/professionnels\/produits\/ferme-portes-bandeaux-ventouses-ouvre-portes-et-pivots-de-sol\/ouvre-porte-automatique\/fpe-ets","og_locale":"en_US","og_type":"article","og_title":"FPE ETS","og_description":"BRICARD cr\u00e9e et d\u00e9veloppe les standards actuels de la serrurerie. Quelles que soient les exigences r\u00e9glementaires des b\u00e2timents, BRICARD vous propose un large \u00e9ventail de produits r\u00e9pondant aux exigences normatives pour \u00e9quiper tout type de portes : entr\u00e9e, int\u00e9rieure, distribution, local technique, issue de secours\u2026Ouvre-porte automatqiue FPE ETS","og_url":"https:\/\/bricard.com\/professionnels\/produits\/ferme-portes-bandeaux-ventouses-ouvre-portes-et-pivots-de-sol\/ouvre-porte-automatique\/fpe-ets","og_site_name":"Bricard professionnels","article_modified_time":"2025-12-10T07:58:35+00:00","twitter_card":"summary_large_image","twitter_misc":{"Est. reading time":"1 minute"},"schema":{"@context":"https:\/\/schema.org","@graph":[{"@type":"WebPage","@id":"https:\/\/bricard.com\/professionnels\/produits\/ferme-portes-bandeaux-ventouses-ouvre-portes-et-pivots-de-sol\/ouvre-porte-automatique\/fpe-ets","url":"https:\/\/bricard.com\/professionnels\/produits\/ferme-portes-bandeaux-ventouses-ouvre-portes-et-pivots-de-sol\/ouvre-porte-automatique\/fpe-ets","name":"FPE ETS &#060; Bricard professionnels","isPartOf":{"@id":"https:\/\/bricard.com\/professionnels\/#website"},"primaryImageOfPage":{"@id":"https:\/\/bricard.com\/professionnels\/produits\/ferme-portes-bandeaux-ventouses-ouvre-portes-et-pivots-de-sol\/ouvre-porte-automatique\/fpe-ets#primaryimage"},"image":{"@id":"https:\/\/bricard.com\/professionnels\/produits\/ferme-portes-bandeaux-ventouses-ouvre-portes-et-pivots-de-sol\/ouvre-porte-automatique\/fpe-ets#primaryimage"},"thumbnailUrl":"https:\/\/bricard.com\/professionnels\/wp-content\/uploads\/sites\/17\/2025\/12\/Ouvre-porte_automatique.png","datePublished":"2023-01-23T07:07:44+00:00","dateModified":"2025-12-10T07:58:35+00:00","description":"BRICARD cr\u00e9e et d\u00e9veloppe les standards actuels de la serrurerie. Quelles que soient les exigences r\u00e9glementaires des b\u00e2timents, BRICARD vous propose un large \u00e9ventail de produits r\u00e9pondant aux exigences normatives pour \u00e9quiper tout type de portes : entr\u00e9e, int\u00e9rieure, distribution, local technique, issue de secours\u2026Ouvre-porte automatqiue FPE ETS","breadcrumb":{"@id":"https:\/\/bricard.com\/professionnels\/produits\/ferme-portes-bandeaux-ventouses-ouvre-portes-et-pivots-de-sol\/ouvre-porte-automatique\/fpe-ets#breadcrumb"},"inLanguage":"en-US","potentialAction":[{"@type":"ReadAction","target":["https:\/\/bricard.com\/professionnels\/produits\/ferme-portes-bandeaux-ventouses-ouvre-portes-et-pivots-de-sol\/ouvre-porte-automatique\/fpe-ets"]}]},{"@type":"ImageObject","inLanguage":"en-US","@id":"https:\/\/bricard.com\/professionnels\/produits\/ferme-portes-bandeaux-ventouses-ouvre-portes-et-pivots-de-sol\/ouvre-porte-automatique\/fpe-ets#primaryimage","url":"https:\/\/bricard.com\/professionnels\/wp-content\/uploads\/sites\/17\/2025\/12\/Ouvre-porte_automatique.png","contentUrl":"https:\/\/bricard.com\/professionnels\/wp-content\/uploads\/sites\/17\/2025\/12\/Ouvre-porte_automatique.png","width":4650,"height":1724},{"@type":"BreadcrumbList","@id":"https:\/\/bricard.com\/professionnels\/produits\/ferme-portes-bandeaux-ventouses-ouvre-portes-et-pivots-de-sol\/ouvre-porte-automatique\/fpe-ets#breadcrumb","itemListElement":[{"@type":"ListItem","position":1,"name":"Accueil","item":"https:\/\/bricard.com\/professionnels\/"},{"@type":"ListItem","position":2,"name":"Toutes nos gammes","item":"https:\/\/bricard.com\/professionnels\/produits"},{"@type":"ListItem","position":3,"name":"Ferme-portes et fermetures asservies","item":"https:\/\/bricard.com\/professionnels\/produits-gammes\/ferme-portes-bandeaux-ventouses-ouvre-portes-et-pivots-de-sol"},{"@type":"ListItem","position":4,"name":"Ouvre-porte automatique","item":"https:\/\/bricard.com\/professionnels\/produits-gammes\/ferme-portes-bandeaux-ventouses-ouvre-portes-et-pivots-de-sol\/ouvre-porte-automatique"},{"@type":"ListItem","position":5,"name":"FPE ETS"}]},{"@type":"WebSite","@id":"https:\/\/bricard.com\/professionnels\/#website","url":"https:\/\/bricard.com\/professionnels\/","name":"Bricard professionnels","description":"","publisher":{"@id":"https:\/\/bricard.com\/professionnels\/#organization"},"potentialAction":[{"@type":"SearchAction","target":{"@type":"EntryPoint","urlTemplate":"https:\/\/bricard.com\/professionnels\/?s={search_term_string}"},"query-input":{"@type":"PropertyValueSpecification","valueRequired":true,"valueName":"search_term_string"}}],"inLanguage":"en-US"},{"@type":"Organization","@id":"https:\/\/bricard.com\/professionnels\/#organization","name":"Bricard professionnels","url":"https:\/\/bricard.com\/professionnels\/","logo":{"@type":"ImageObject","inLanguage":"en-US","@id":"https:\/\/bricard.com\/professionnels\/#\/schema\/logo\/image\/","url":"https:\/\/bricard.com\/professionnels\/wp-content\/uploads\/sites\/17\/2026\/02\/bricard-logo-castle.png","contentUrl":"https:\/\/bricard.com\/professionnels\/wp-content\/uploads\/sites\/17\/2026\/02\/bricard-logo-castle.png","width":150,"height":150,"caption":"Bricard professionnels"},"image":{"@id":"https:\/\/bricard.com\/professionnels\/#\/schema\/logo\/image\/"},"sameAs":["https:\/\/www.linkedin.com\/showcase\/professionnels\/about\/?viewAsMember=true"]}]}},"taxonomy_info":{"product_cat":[{"value":506,"label":"Ouvre-porte automatique"}]},"featured_image_src_large":["https:\/\/bricard.com\/professionnels\/wp-content\/uploads\/sites\/17\/2025\/12\/Ouvre-porte_automatique.png?w=1024",1024,380,true],"author_info":[],"comment_info":"","jetpack_sharing_enabled":true,"_links":{"self":[{"href":"https:\/\/bricard.com\/professionnels\/wp-json\/wp\/v2\/product\/9832","targetHints":{"allow":["GET"]}}],"collection":[{"href":"https:\/\/bricard.com\/professionnels\/wp-json\/wp\/v2\/product"}],"about":[{"href":"https:\/\/bricard.com\/professionnels\/wp-json\/wp\/v2\/types\/product"}],"wp:featuredmedia":[{"embeddable":true,"href":"https:\/\/bricard.com\/professionnels\/wp-json\/wp\/v2\/media\/16785"}],"wp:attachment":[{"href":"https:\/\/bricard.com\/professionnels\/wp-json\/wp\/v2\/media?parent=9832"}],"wp:term":[{"taxonomy":"product_brand","embeddable":true,"href":"https:\/\/bricard.com\/professionnels\/wp-json\/wp\/v2\/product_brand?post=9832"},{"taxonomy":"product_cat","embeddable":true,"href":"https:\/\/bricard.com\/professionnels\/wp-json\/wp\/v2\/product_cat?post=9832"},{"taxonomy":"product_tag","embeddable":true,"href":"https:\/\/bricard.com\/professionnels\/wp-json\/wp\/v2\/product_tag?post=9832"},{"taxonomy":"solution","embeddable":true,"href":"https:\/\/bricard.com\/professionnels\/wp-json\/wp\/v2\/solution?post=9832"}],"curies":[{"name":"wp","href":"https:\/\/api.w.org\/{rel}","templated":true}]}}