{"id":9840,"date":"2023-01-23T07:07:46","date_gmt":"2023-01-23T07:07:46","guid":{"rendered":""},"modified":"2025-03-04T12:12:00","modified_gmt":"2025-03-04T12:12:00","slug":"touch-pad-evolution","status":"publish","type":"product","link":"https:\/\/bricard.com\/professionnels\/produits\/anti-paniques-fermetures-durgence-et-cremones-pompier\/fermetures-durgence\/touch-pad-evolution","title":{"rendered":"Touch Pad \u00e9volution"},"content":{"rendered":"<p>\u2022 Conformes aux exigences requises par le marquage CE 0425<br \/>\n\u2022 Conforme \u00e0 la norme EN 179 :2008<br \/>\n\u2022 Versions 1, 2 et 3 points avec kit p\u00eanes hauts\/bas et lat\u00e9raux.<br \/>\n\u2022 Equipement du vantail semi-fixe d\u2019un ensemble \u00e0 deux vantaux dont le vantail de service est \u00e9quip\u00e9 d\u2019une fermeture antipanique. Compl\u00e8te la fonction antipanique obligatoire sur le vantail de service par une simple pouss\u00e9e au niveau du vantail semi-fixe<br \/>\n\u2022 La fermeture d\u2019urgence se substitue \u00e0 la cr\u00e9mone pompier.<br \/>\n\u2022 Fermeture d\u2019urgence de tr\u00e8s grande fiabilit\u00e9 d\u00e9clin\u00e9e dans une large gamme de coloris : argent, noir, blanc.<br \/>\n\u2022 La fermeture TOUCH PAD \u00c9VOLUTION s\u2019harmonise parfaitement avec la gamme de fermetures antipanique Bricard. Les bo\u00eetiers haut et bas sont identiques aux bo\u00eetiers des serrures antipanique Bricard.<br \/>\n\u2022 R\u00e9sistance 240 H au brouillard salin et \u00e0 des temp\u00e9ratures de<br \/>\n&#8211; 20\u00b0C \u00e0 + 80\u00b0C.<br \/>\n\u2022 R\u00e9pond aux exigences de la norme EN 179, conforme au marquage CE (certificats fournis sur demande).<br \/>\n\u2022 Apte \u00e0 \u00e9quiper un bloc porte coupe-feu EI60.<br \/>\n\u2022 Test\u00e9e \u00e0 400 000 cycles.<\/p>\n<p>Descriptif<br \/>\n\u2022 Pose sur portes en bois, aluminium, m\u00e9tallique ou PVC, de hauteur 2 500 mm maximum (kit rallonge pour porte 2 500 mm \u00e0 3 500 mm) et jusqu\u2019\u00e0 200 kg.<br \/>\n\u2022 Pose partielle sur chantier possible gr\u00e2ce \u00e0 son syst\u00e8me de contreplatines de fixation<br \/>\n\u2022 Facilit\u00e9 de pose et r\u00e9versibilit\u00e9 gauche\/droite sans outil.<br \/>\n\u2022 Equip\u00e9e d\u2019un contre-p\u00eane de s\u00e9curit\u00e9.<br \/>\n\u2022 Traitement antibact\u00e9rien emp\u00eachant la propagation de micro-organismes dangereux et la croissance de champignons et bact\u00e9ries.<\/p>\n","protected":false},"excerpt":{"rendered":"<p>\u2022 Conformes aux exigences requises par le marquage CE 0425 \u2022 Conforme \u00e0 la norme EN 179 :2008 \u2022 Versions 1, 2 et 3 points avec kit p\u00eanes hauts\/bas et lat\u00e9raux. \u2022 Equipement du vantail semi-fixe d\u2019un ensemble \u00e0 deux vantaux dont le vantail de service est \u00e9quip\u00e9 d\u2019une fermeture antipanique. Compl\u00e8te la fonction antipanique&#8230;<\/p>\n","protected":false},"featured_media":13492,"template":"","meta":{"_acf_changed":false,"_trash_the_other_posts":false,"_kad_blocks_custom_css":"","_kad_blocks_head_custom_js":"","_kad_blocks_body_custom_js":"","_kad_blocks_footer_custom_js":"","_kad_post_transparent":"default","_kad_post_title":"","_kad_post_layout":"default","_kad_post_sidebar_id":"","_kad_post_content_style":"default","_kad_post_vertical_padding":"default","_kad_post_feature":"","_kad_post_feature_position":"","_kad_post_header":false,"_kad_post_footer":false,"_kad_post_classname":""},"product_brand":[],"product_cat":[511],"product_tag":[],"solution":[],"class_list":{"0":"post-9840","1":"product","2":"type-product","3":"status-publish","4":"has-post-thumbnail","6":"product_cat-fermetures-durgence","8":"first","9":"instock","10":"shipping-taxable","11":"product-type-simple","12":"entry","13":"content-bg","14":"loop-entry"},"acf":[],"yoast_head":"<!-- This site is optimized with the Yoast SEO Premium plugin v24.2 (Yoast SEO v27.2) - https:\/\/yoast.com\/product\/yoast-seo-premium-wordpress\/ -->\n<title>Touch Pad \u00e9volution &#060; Bricard professionnels<\/title>\n<meta name=\"description\" content=\"BRICARD cr\u00e9e et d\u00e9veloppe les standards actuels de la serrurerie. Quelles que soient les exigences r\u00e9glementaires des b\u00e2timents, BRICARD vous propose un large \u00e9ventail de produits r\u00e9pondant aux exigences normatives pour \u00e9quiper tout type de portes : entr\u00e9e, int\u00e9rieure, distribution, local technique, issue de secours\u2026Fermeture d&#039;urgence Bricard 372\" \/>\n<meta name=\"robots\" content=\"index, follow, max-snippet:-1, max-image-preview:large, max-video-preview:-1\" \/>\n<link rel=\"canonical\" href=\"https:\/\/bricard.com\/professionnels\/produits\/anti-paniques-fermetures-durgence-et-cremones-pompier\/fermetures-durgence\/touch-pad-evolution\" \/>\n<meta property=\"og:locale\" content=\"en_US\" \/>\n<meta property=\"og:type\" content=\"article\" \/>\n<meta property=\"og:title\" content=\"Touch Pad \u00e9volution\" \/>\n<meta property=\"og:description\" content=\"BRICARD cr\u00e9e et d\u00e9veloppe les standards actuels de la serrurerie. Quelles que soient les exigences r\u00e9glementaires des b\u00e2timents, BRICARD vous propose un large \u00e9ventail de produits r\u00e9pondant aux exigences normatives pour \u00e9quiper tout type de portes : entr\u00e9e, int\u00e9rieure, distribution, local technique, issue de secours\u2026Fermeture d&#039;urgence Bricard 372\" \/>\n<meta property=\"og:url\" content=\"https:\/\/bricard.com\/professionnels\/produits\/anti-paniques-fermetures-durgence-et-cremones-pompier\/fermetures-durgence\/touch-pad-evolution\" \/>\n<meta property=\"og:site_name\" content=\"Bricard professionnels\" \/>\n<meta property=\"article:modified_time\" content=\"2025-03-04T12:12:00+00:00\" \/>\n<meta property=\"og:image\" content=\"https:\/\/bricard.com\/professionnels\/wp-content\/uploads\/sites\/17\/2023\/03\/Touch-PAD-Evolution.jpg\" \/>\n\t<meta property=\"og:image:width\" content=\"1574\" \/>\n\t<meta property=\"og:image:height\" content=\"1408\" \/>\n\t<meta property=\"og:image:type\" content=\"image\/jpeg\" \/>\n<meta name=\"twitter:card\" content=\"summary_large_image\" \/>\n<meta name=\"twitter:label1\" content=\"Est. reading time\" \/>\n\t<meta name=\"twitter:data1\" content=\"2 minutes\" \/>\n<script type=\"application\/ld+json\" class=\"yoast-schema-graph\">{\"@context\":\"https:\/\/schema.org\",\"@graph\":[{\"@type\":\"WebPage\",\"@id\":\"https:\/\/bricard.com\/professionnels\/produits\/anti-paniques-fermetures-durgence-et-cremones-pompier\/fermetures-durgence\/touch-pad-evolution\",\"url\":\"https:\/\/bricard.com\/professionnels\/produits\/anti-paniques-fermetures-durgence-et-cremones-pompier\/fermetures-durgence\/touch-pad-evolution\",\"name\":\"Touch Pad \u00e9volution &#060; Bricard professionnels\",\"isPartOf\":{\"@id\":\"https:\/\/bricard.com\/professionnels\/#website\"},\"primaryImageOfPage\":{\"@id\":\"https:\/\/bricard.com\/professionnels\/produits\/anti-paniques-fermetures-durgence-et-cremones-pompier\/fermetures-durgence\/touch-pad-evolution#primaryimage\"},\"image\":{\"@id\":\"https:\/\/bricard.com\/professionnels\/produits\/anti-paniques-fermetures-durgence-et-cremones-pompier\/fermetures-durgence\/touch-pad-evolution#primaryimage\"},\"thumbnailUrl\":\"https:\/\/bricard.com\/professionnels\/wp-content\/uploads\/sites\/17\/2025\/03\/Touch-PAD-Evolution.jpg\",\"datePublished\":\"2023-01-23T07:07:46+00:00\",\"dateModified\":\"2025-03-04T12:12:00+00:00\",\"description\":\"BRICARD cr\u00e9e et d\u00e9veloppe les standards actuels de la serrurerie. Quelles que soient les exigences r\u00e9glementaires des b\u00e2timents, BRICARD vous propose un large \u00e9ventail de produits r\u00e9pondant aux exigences normatives pour \u00e9quiper tout type de portes : entr\u00e9e, int\u00e9rieure, distribution, local technique, issue de secours\u2026Fermeture d'urgence Bricard 372\",\"breadcrumb\":{\"@id\":\"https:\/\/bricard.com\/professionnels\/produits\/anti-paniques-fermetures-durgence-et-cremones-pompier\/fermetures-durgence\/touch-pad-evolution#breadcrumb\"},\"inLanguage\":\"en-US\",\"potentialAction\":[{\"@type\":\"ReadAction\",\"target\":[\"https:\/\/bricard.com\/professionnels\/produits\/anti-paniques-fermetures-durgence-et-cremones-pompier\/fermetures-durgence\/touch-pad-evolution\"]}]},{\"@type\":\"ImageObject\",\"inLanguage\":\"en-US\",\"@id\":\"https:\/\/bricard.com\/professionnels\/produits\/anti-paniques-fermetures-durgence-et-cremones-pompier\/fermetures-durgence\/touch-pad-evolution#primaryimage\",\"url\":\"https:\/\/bricard.com\/professionnels\/wp-content\/uploads\/sites\/17\/2025\/03\/Touch-PAD-Evolution.jpg\",\"contentUrl\":\"https:\/\/bricard.com\/professionnels\/wp-content\/uploads\/sites\/17\/2025\/03\/Touch-PAD-Evolution.jpg\",\"width\":1574,\"height\":1408},{\"@type\":\"BreadcrumbList\",\"@id\":\"https:\/\/bricard.com\/professionnels\/produits\/anti-paniques-fermetures-durgence-et-cremones-pompier\/fermetures-durgence\/touch-pad-evolution#breadcrumb\",\"itemListElement\":[{\"@type\":\"ListItem\",\"position\":1,\"name\":\"Accueil\",\"item\":\"https:\/\/bricard.com\/professionnels\/\"},{\"@type\":\"ListItem\",\"position\":2,\"name\":\"Toutes nos gammes\",\"item\":\"https:\/\/bricard.com\/professionnels\/produits\"},{\"@type\":\"ListItem\",\"position\":3,\"name\":\"Anti-paniques et ouvertures rapides\",\"item\":\"https:\/\/bricard.com\/professionnels\/produits-gammes\/anti-paniques-fermetures-durgence-et-cremones-pompier\"},{\"@type\":\"ListItem\",\"position\":4,\"name\":\"Fermetures d'urgence\",\"item\":\"https:\/\/bricard.com\/professionnels\/produits-gammes\/anti-paniques-fermetures-durgence-et-cremones-pompier\/fermetures-durgence\"},{\"@type\":\"ListItem\",\"position\":5,\"name\":\"Touch Pad \u00e9volution\"}]},{\"@type\":\"WebSite\",\"@id\":\"https:\/\/bricard.com\/professionnels\/#website\",\"url\":\"https:\/\/bricard.com\/professionnels\/\",\"name\":\"Bricard professionnels\",\"description\":\"\",\"publisher\":{\"@id\":\"https:\/\/bricard.com\/professionnels\/#organization\"},\"potentialAction\":[{\"@type\":\"SearchAction\",\"target\":{\"@type\":\"EntryPoint\",\"urlTemplate\":\"https:\/\/bricard.com\/professionnels\/?s={search_term_string}\"},\"query-input\":{\"@type\":\"PropertyValueSpecification\",\"valueRequired\":true,\"valueName\":\"search_term_string\"}}],\"inLanguage\":\"en-US\"},{\"@type\":\"Organization\",\"@id\":\"https:\/\/bricard.com\/professionnels\/#organization\",\"name\":\"Bricard professionnels\",\"url\":\"https:\/\/bricard.com\/professionnels\/\",\"logo\":{\"@type\":\"ImageObject\",\"inLanguage\":\"en-US\",\"@id\":\"https:\/\/bricard.com\/professionnels\/#\/schema\/logo\/image\/\",\"url\":\"https:\/\/bricard.com\/professionnels\/wp-content\/uploads\/sites\/17\/2026\/02\/bricard-logo-castle.png\",\"contentUrl\":\"https:\/\/bricard.com\/professionnels\/wp-content\/uploads\/sites\/17\/2026\/02\/bricard-logo-castle.png\",\"width\":150,\"height\":150,\"caption\":\"Bricard professionnels\"},\"image\":{\"@id\":\"https:\/\/bricard.com\/professionnels\/#\/schema\/logo\/image\/\"},\"sameAs\":[\"https:\/\/www.linkedin.com\/showcase\/professionnels\/about\/?viewAsMember=true\"]}]}<\/script>\n<!-- \/ Yoast SEO Premium plugin. -->","yoast_head_json":{"title":"Touch Pad \u00e9volution &#060; Bricard professionnels","description":"BRICARD cr\u00e9e et d\u00e9veloppe les standards actuels de la serrurerie. Quelles que soient les exigences r\u00e9glementaires des b\u00e2timents, BRICARD vous propose un large \u00e9ventail de produits r\u00e9pondant aux exigences normatives pour \u00e9quiper tout type de portes : entr\u00e9e, int\u00e9rieure, distribution, local technique, issue de secours\u2026Fermeture d'urgence Bricard 372","robots":{"index":"index","follow":"follow","max-snippet":"max-snippet:-1","max-image-preview":"max-image-preview:large","max-video-preview":"max-video-preview:-1"},"canonical":"https:\/\/bricard.com\/professionnels\/produits\/anti-paniques-fermetures-durgence-et-cremones-pompier\/fermetures-durgence\/touch-pad-evolution","og_locale":"en_US","og_type":"article","og_title":"Touch Pad \u00e9volution","og_description":"BRICARD cr\u00e9e et d\u00e9veloppe les standards actuels de la serrurerie. Quelles que soient les exigences r\u00e9glementaires des b\u00e2timents, BRICARD vous propose un large \u00e9ventail de produits r\u00e9pondant aux exigences normatives pour \u00e9quiper tout type de portes : entr\u00e9e, int\u00e9rieure, distribution, local technique, issue de secours\u2026Fermeture d'urgence Bricard 372","og_url":"https:\/\/bricard.com\/professionnels\/produits\/anti-paniques-fermetures-durgence-et-cremones-pompier\/fermetures-durgence\/touch-pad-evolution","og_site_name":"Bricard professionnels","article_modified_time":"2025-03-04T12:12:00+00:00","og_image":[{"width":1574,"height":1408,"url":"https:\/\/bricard.com\/professionnels\/wp-content\/uploads\/sites\/17\/2023\/03\/Touch-PAD-Evolution.jpg","type":"image\/jpeg"}],"twitter_card":"summary_large_image","twitter_misc":{"Est. reading time":"2 minutes"},"schema":{"@context":"https:\/\/schema.org","@graph":[{"@type":"WebPage","@id":"https:\/\/bricard.com\/professionnels\/produits\/anti-paniques-fermetures-durgence-et-cremones-pompier\/fermetures-durgence\/touch-pad-evolution","url":"https:\/\/bricard.com\/professionnels\/produits\/anti-paniques-fermetures-durgence-et-cremones-pompier\/fermetures-durgence\/touch-pad-evolution","name":"Touch Pad \u00e9volution &#060; Bricard professionnels","isPartOf":{"@id":"https:\/\/bricard.com\/professionnels\/#website"},"primaryImageOfPage":{"@id":"https:\/\/bricard.com\/professionnels\/produits\/anti-paniques-fermetures-durgence-et-cremones-pompier\/fermetures-durgence\/touch-pad-evolution#primaryimage"},"image":{"@id":"https:\/\/bricard.com\/professionnels\/produits\/anti-paniques-fermetures-durgence-et-cremones-pompier\/fermetures-durgence\/touch-pad-evolution#primaryimage"},"thumbnailUrl":"https:\/\/bricard.com\/professionnels\/wp-content\/uploads\/sites\/17\/2025\/03\/Touch-PAD-Evolution.jpg","datePublished":"2023-01-23T07:07:46+00:00","dateModified":"2025-03-04T12:12:00+00:00","description":"BRICARD cr\u00e9e et d\u00e9veloppe les standards actuels de la serrurerie. Quelles que soient les exigences r\u00e9glementaires des b\u00e2timents, BRICARD vous propose un large \u00e9ventail de produits r\u00e9pondant aux exigences normatives pour \u00e9quiper tout type de portes : entr\u00e9e, int\u00e9rieure, distribution, local technique, issue de secours\u2026Fermeture d'urgence Bricard 372","breadcrumb":{"@id":"https:\/\/bricard.com\/professionnels\/produits\/anti-paniques-fermetures-durgence-et-cremones-pompier\/fermetures-durgence\/touch-pad-evolution#breadcrumb"},"inLanguage":"en-US","potentialAction":[{"@type":"ReadAction","target":["https:\/\/bricard.com\/professionnels\/produits\/anti-paniques-fermetures-durgence-et-cremones-pompier\/fermetures-durgence\/touch-pad-evolution"]}]},{"@type":"ImageObject","inLanguage":"en-US","@id":"https:\/\/bricard.com\/professionnels\/produits\/anti-paniques-fermetures-durgence-et-cremones-pompier\/fermetures-durgence\/touch-pad-evolution#primaryimage","url":"https:\/\/bricard.com\/professionnels\/wp-content\/uploads\/sites\/17\/2025\/03\/Touch-PAD-Evolution.jpg","contentUrl":"https:\/\/bricard.com\/professionnels\/wp-content\/uploads\/sites\/17\/2025\/03\/Touch-PAD-Evolution.jpg","width":1574,"height":1408},{"@type":"BreadcrumbList","@id":"https:\/\/bricard.com\/professionnels\/produits\/anti-paniques-fermetures-durgence-et-cremones-pompier\/fermetures-durgence\/touch-pad-evolution#breadcrumb","itemListElement":[{"@type":"ListItem","position":1,"name":"Accueil","item":"https:\/\/bricard.com\/professionnels\/"},{"@type":"ListItem","position":2,"name":"Toutes nos gammes","item":"https:\/\/bricard.com\/professionnels\/produits"},{"@type":"ListItem","position":3,"name":"Anti-paniques et ouvertures rapides","item":"https:\/\/bricard.com\/professionnels\/produits-gammes\/anti-paniques-fermetures-durgence-et-cremones-pompier"},{"@type":"ListItem","position":4,"name":"Fermetures d'urgence","item":"https:\/\/bricard.com\/professionnels\/produits-gammes\/anti-paniques-fermetures-durgence-et-cremones-pompier\/fermetures-durgence"},{"@type":"ListItem","position":5,"name":"Touch Pad \u00e9volution"}]},{"@type":"WebSite","@id":"https:\/\/bricard.com\/professionnels\/#website","url":"https:\/\/bricard.com\/professionnels\/","name":"Bricard professionnels","description":"","publisher":{"@id":"https:\/\/bricard.com\/professionnels\/#organization"},"potentialAction":[{"@type":"SearchAction","target":{"@type":"EntryPoint","urlTemplate":"https:\/\/bricard.com\/professionnels\/?s={search_term_string}"},"query-input":{"@type":"PropertyValueSpecification","valueRequired":true,"valueName":"search_term_string"}}],"inLanguage":"en-US"},{"@type":"Organization","@id":"https:\/\/bricard.com\/professionnels\/#organization","name":"Bricard professionnels","url":"https:\/\/bricard.com\/professionnels\/","logo":{"@type":"ImageObject","inLanguage":"en-US","@id":"https:\/\/bricard.com\/professionnels\/#\/schema\/logo\/image\/","url":"https:\/\/bricard.com\/professionnels\/wp-content\/uploads\/sites\/17\/2026\/02\/bricard-logo-castle.png","contentUrl":"https:\/\/bricard.com\/professionnels\/wp-content\/uploads\/sites\/17\/2026\/02\/bricard-logo-castle.png","width":150,"height":150,"caption":"Bricard professionnels"},"image":{"@id":"https:\/\/bricard.com\/professionnels\/#\/schema\/logo\/image\/"},"sameAs":["https:\/\/www.linkedin.com\/showcase\/professionnels\/about\/?viewAsMember=true"]}]}},"taxonomy_info":{"product_cat":[{"value":511,"label":"Fermetures d'urgence"}]},"featured_image_src_large":["https:\/\/bricard.com\/professionnels\/wp-content\/uploads\/sites\/17\/2025\/03\/Touch-PAD-Evolution.jpg?w=1024",1024,916,true],"author_info":[],"comment_info":"","jetpack_sharing_enabled":true,"_links":{"self":[{"href":"https:\/\/bricard.com\/professionnels\/wp-json\/wp\/v2\/product\/9840","targetHints":{"allow":["GET"]}}],"collection":[{"href":"https:\/\/bricard.com\/professionnels\/wp-json\/wp\/v2\/product"}],"about":[{"href":"https:\/\/bricard.com\/professionnels\/wp-json\/wp\/v2\/types\/product"}],"wp:featuredmedia":[{"embeddable":true,"href":"https:\/\/bricard.com\/professionnels\/wp-json\/wp\/v2\/media\/13492"}],"wp:attachment":[{"href":"https:\/\/bricard.com\/professionnels\/wp-json\/wp\/v2\/media?parent=9840"}],"wp:term":[{"taxonomy":"product_brand","embeddable":true,"href":"https:\/\/bricard.com\/professionnels\/wp-json\/wp\/v2\/product_brand?post=9840"},{"taxonomy":"product_cat","embeddable":true,"href":"https:\/\/bricard.com\/professionnels\/wp-json\/wp\/v2\/product_cat?post=9840"},{"taxonomy":"product_tag","embeddable":true,"href":"https:\/\/bricard.com\/professionnels\/wp-json\/wp\/v2\/product_tag?post=9840"},{"taxonomy":"solution","embeddable":true,"href":"https:\/\/bricard.com\/professionnels\/wp-json\/wp\/v2\/solution?post=9840"}],"curies":[{"name":"wp","href":"https:\/\/api.w.org\/{rel}","templated":true}]}}