{"id":9854,"date":"2023-01-23T07:07:48","date_gmt":"2023-01-23T07:07:48","guid":{"rendered":"https:\/\/bricard.com\/professionnels\/?post_type=product&#038;p=9854"},"modified":"2025-12-10T07:58:37","modified_gmt":"2025-12-10T07:58:37","slug":"pour-cylindre-profil-europeen","status":"publish","type":"product","link":"https:\/\/bricard.com\/professionnels\/produits\/serrures-en-applique\/serrures-en-applique-monopoint\/pour-cylindre-profil-europeen","title":{"rendered":"Pour cylindre profil europ\u00e9en"},"content":{"rendered":"<p>\u2022 Coffre et g\u00e2che en acier cambr\u00e9 2 mm d\u2019\u00e9paisseur<br \/>\n\u2022 Trous de fixation frais\u00e9s &#8211; finition \u00e9poxy noir<br \/>\n\u2022 P\u00eane 1\/2 tour r\u00e9versible tirant \/poussant pour les versions horizontales (sans d\u00e9montage)<br \/>\n\u2022 2 tours de cl\u00e9<br \/>\n\u2022 Livr\u00e9e avec rosace inox<\/p>\n","protected":false},"excerpt":{"rendered":"<p>\u2022 Coffre et g\u00e2che en acier cambr\u00e9 2 mm d\u2019\u00e9paisseur \u2022 Trous de fixation frais\u00e9s &#8211; finition \u00e9poxy noir \u2022 P\u00eane 1\/2 tour r\u00e9versible tirant \/poussant pour les versions horizontales (sans d\u00e9montage) \u2022 2 tours de cl\u00e9 \u2022 Livr\u00e9e avec rosace inox<\/p>\n","protected":false},"featured_media":16779,"template":"","meta":{"_acf_changed":false,"_trash_the_other_posts":false,"_kad_blocks_custom_css":"","_kad_blocks_head_custom_js":"","_kad_blocks_body_custom_js":"","_kad_blocks_footer_custom_js":"","_kad_post_transparent":"default","_kad_post_title":"","_kad_post_layout":"default","_kad_post_sidebar_id":"","_kad_post_content_style":"default","_kad_post_vertical_padding":"default","_kad_post_feature":"","_kad_post_feature_position":"","_kad_post_header":false,"_kad_post_footer":false,"_kad_post_classname":""},"product_brand":[],"product_cat":[518],"product_tag":[],"solution":[],"class_list":{"0":"post-9854","1":"product","2":"type-product","3":"status-publish","4":"has-post-thumbnail","6":"product_cat-serrures-en-applique-monopoint","8":"first","9":"instock","10":"shipping-taxable","11":"product-type-simple","12":"entry","13":"content-bg","14":"loop-entry"},"acf":[],"yoast_head":"<!-- This site is optimized with the Yoast SEO Premium plugin v24.2 (Yoast SEO v27.2) - https:\/\/yoast.com\/product\/yoast-seo-premium-wordpress\/ -->\n<title>Pour cylindre profil europ\u00e9en &#060; Bricard professionnels<\/title>\n<meta name=\"description\" content=\"BRICARD cr\u00e9e et d\u00e9veloppe les standards actuels de la serrurerie. Quelles que soient les exigences r\u00e9glementaires des b\u00e2timents, BRICARD vous propose un large \u00e9ventail de produits r\u00e9pondant aux exigences normatives pour \u00e9quiper tout type de portes : entr\u00e9e, int\u00e9rieure, distribution, local technique, issue de secours\u2026Serrure en applique monopoint \u00e0 cylindre profil europ\u00e9en\" \/>\n<meta name=\"robots\" content=\"index, follow, max-snippet:-1, max-image-preview:large, max-video-preview:-1\" \/>\n<link rel=\"canonical\" href=\"https:\/\/bricard.com\/professionnels\/produits\/serrures-en-applique\/serrures-en-applique-monopoint\/pour-cylindre-profil-europeen\" \/>\n<meta property=\"og:locale\" content=\"en_US\" \/>\n<meta property=\"og:type\" content=\"article\" \/>\n<meta property=\"og:title\" content=\"Pour cylindre profil europ\u00e9en\" \/>\n<meta property=\"og:description\" content=\"BRICARD cr\u00e9e et d\u00e9veloppe les standards actuels de la serrurerie. Quelles que soient les exigences r\u00e9glementaires des b\u00e2timents, BRICARD vous propose un large \u00e9ventail de produits r\u00e9pondant aux exigences normatives pour \u00e9quiper tout type de portes : entr\u00e9e, int\u00e9rieure, distribution, local technique, issue de secours\u2026Serrure en applique monopoint \u00e0 cylindre profil europ\u00e9en\" \/>\n<meta property=\"og:url\" content=\"https:\/\/bricard.com\/professionnels\/produits\/serrures-en-applique\/serrures-en-applique-monopoint\/pour-cylindre-profil-europeen\" \/>\n<meta property=\"og:site_name\" content=\"Bricard professionnels\" \/>\n<meta property=\"article:modified_time\" content=\"2025-12-10T07:58:37+00:00\" \/>\n<meta property=\"og:image\" content=\"https:\/\/bricard.com\/professionnels\/wp-content\/uploads\/sites\/17\/2023\/03\/Page-19-_-1125-500-Bricard-Serrure-Applique-Europeen.jpg\" \/>\n\t<meta property=\"og:image:width\" content=\"800\" \/>\n\t<meta property=\"og:image:height\" content=\"533\" \/>\n\t<meta property=\"og:image:type\" content=\"image\/jpeg\" \/>\n<meta name=\"twitter:card\" content=\"summary_large_image\" \/>\n<meta name=\"twitter:label1\" content=\"Est. reading time\" \/>\n\t<meta name=\"twitter:data1\" content=\"1 minute\" \/>\n<script type=\"application\/ld+json\" class=\"yoast-schema-graph\">{\"@context\":\"https:\/\/schema.org\",\"@graph\":[{\"@type\":\"WebPage\",\"@id\":\"https:\/\/bricard.com\/professionnels\/produits\/serrures-en-applique\/serrures-en-applique-monopoint\/pour-cylindre-profil-europeen\",\"url\":\"https:\/\/bricard.com\/professionnels\/produits\/serrures-en-applique\/serrures-en-applique-monopoint\/pour-cylindre-profil-europeen\",\"name\":\"Pour cylindre profil europ\u00e9en &#060; Bricard professionnels\",\"isPartOf\":{\"@id\":\"https:\/\/bricard.com\/professionnels\/#website\"},\"primaryImageOfPage\":{\"@id\":\"https:\/\/bricard.com\/professionnels\/produits\/serrures-en-applique\/serrures-en-applique-monopoint\/pour-cylindre-profil-europeen#primaryimage\"},\"image\":{\"@id\":\"https:\/\/bricard.com\/professionnels\/produits\/serrures-en-applique\/serrures-en-applique-monopoint\/pour-cylindre-profil-europeen#primaryimage\"},\"thumbnailUrl\":\"https:\/\/bricard.com\/professionnels\/wp-content\/uploads\/sites\/17\/2025\/12\/Page-19-_-1125-500-Bricard-Serrure-Applique-Europeen.jpg\",\"datePublished\":\"2023-01-23T07:07:48+00:00\",\"dateModified\":\"2025-12-10T07:58:37+00:00\",\"description\":\"BRICARD cr\u00e9e et d\u00e9veloppe les standards actuels de la serrurerie. Quelles que soient les exigences r\u00e9glementaires des b\u00e2timents, BRICARD vous propose un large \u00e9ventail de produits r\u00e9pondant aux exigences normatives pour \u00e9quiper tout type de portes : entr\u00e9e, int\u00e9rieure, distribution, local technique, issue de secours\u2026Serrure en applique monopoint \u00e0 cylindre profil europ\u00e9en\",\"breadcrumb\":{\"@id\":\"https:\/\/bricard.com\/professionnels\/produits\/serrures-en-applique\/serrures-en-applique-monopoint\/pour-cylindre-profil-europeen#breadcrumb\"},\"inLanguage\":\"en-US\",\"potentialAction\":[{\"@type\":\"ReadAction\",\"target\":[\"https:\/\/bricard.com\/professionnels\/produits\/serrures-en-applique\/serrures-en-applique-monopoint\/pour-cylindre-profil-europeen\"]}]},{\"@type\":\"ImageObject\",\"inLanguage\":\"en-US\",\"@id\":\"https:\/\/bricard.com\/professionnels\/produits\/serrures-en-applique\/serrures-en-applique-monopoint\/pour-cylindre-profil-europeen#primaryimage\",\"url\":\"https:\/\/bricard.com\/professionnels\/wp-content\/uploads\/sites\/17\/2025\/12\/Page-19-_-1125-500-Bricard-Serrure-Applique-Europeen.jpg\",\"contentUrl\":\"https:\/\/bricard.com\/professionnels\/wp-content\/uploads\/sites\/17\/2025\/12\/Page-19-_-1125-500-Bricard-Serrure-Applique-Europeen.jpg\",\"width\":800,\"height\":533},{\"@type\":\"BreadcrumbList\",\"@id\":\"https:\/\/bricard.com\/professionnels\/produits\/serrures-en-applique\/serrures-en-applique-monopoint\/pour-cylindre-profil-europeen#breadcrumb\",\"itemListElement\":[{\"@type\":\"ListItem\",\"position\":1,\"name\":\"Accueil\",\"item\":\"https:\/\/bricard.com\/professionnels\/\"},{\"@type\":\"ListItem\",\"position\":2,\"name\":\"Toutes nos gammes\",\"item\":\"https:\/\/bricard.com\/professionnels\/produits\"},{\"@type\":\"ListItem\",\"position\":3,\"name\":\"Serrures en applique\",\"item\":\"https:\/\/bricard.com\/professionnels\/produits-gammes\/serrures-en-applique\"},{\"@type\":\"ListItem\",\"position\":4,\"name\":\"Serrures en applique monopoint\",\"item\":\"https:\/\/bricard.com\/professionnels\/produits-gammes\/serrures-en-applique\/serrures-en-applique-monopoint\"},{\"@type\":\"ListItem\",\"position\":5,\"name\":\"Pour cylindre profil europ\u00e9en\"}]},{\"@type\":\"WebSite\",\"@id\":\"https:\/\/bricard.com\/professionnels\/#website\",\"url\":\"https:\/\/bricard.com\/professionnels\/\",\"name\":\"Bricard professionnels\",\"description\":\"\",\"publisher\":{\"@id\":\"https:\/\/bricard.com\/professionnels\/#organization\"},\"potentialAction\":[{\"@type\":\"SearchAction\",\"target\":{\"@type\":\"EntryPoint\",\"urlTemplate\":\"https:\/\/bricard.com\/professionnels\/?s={search_term_string}\"},\"query-input\":{\"@type\":\"PropertyValueSpecification\",\"valueRequired\":true,\"valueName\":\"search_term_string\"}}],\"inLanguage\":\"en-US\"},{\"@type\":\"Organization\",\"@id\":\"https:\/\/bricard.com\/professionnels\/#organization\",\"name\":\"Bricard professionnels\",\"url\":\"https:\/\/bricard.com\/professionnels\/\",\"logo\":{\"@type\":\"ImageObject\",\"inLanguage\":\"en-US\",\"@id\":\"https:\/\/bricard.com\/professionnels\/#\/schema\/logo\/image\/\",\"url\":\"https:\/\/bricard.com\/professionnels\/wp-content\/uploads\/sites\/17\/2026\/02\/bricard-logo-castle.png\",\"contentUrl\":\"https:\/\/bricard.com\/professionnels\/wp-content\/uploads\/sites\/17\/2026\/02\/bricard-logo-castle.png\",\"width\":150,\"height\":150,\"caption\":\"Bricard professionnels\"},\"image\":{\"@id\":\"https:\/\/bricard.com\/professionnels\/#\/schema\/logo\/image\/\"},\"sameAs\":[\"https:\/\/www.linkedin.com\/showcase\/professionnels\/about\/?viewAsMember=true\"]}]}<\/script>\n<!-- \/ Yoast SEO Premium plugin. -->","yoast_head_json":{"title":"Pour cylindre profil europ\u00e9en &#060; Bricard professionnels","description":"BRICARD cr\u00e9e et d\u00e9veloppe les standards actuels de la serrurerie. Quelles que soient les exigences r\u00e9glementaires des b\u00e2timents, BRICARD vous propose un large \u00e9ventail de produits r\u00e9pondant aux exigences normatives pour \u00e9quiper tout type de portes : entr\u00e9e, int\u00e9rieure, distribution, local technique, issue de secours\u2026Serrure en applique monopoint \u00e0 cylindre profil europ\u00e9en","robots":{"index":"index","follow":"follow","max-snippet":"max-snippet:-1","max-image-preview":"max-image-preview:large","max-video-preview":"max-video-preview:-1"},"canonical":"https:\/\/bricard.com\/professionnels\/produits\/serrures-en-applique\/serrures-en-applique-monopoint\/pour-cylindre-profil-europeen","og_locale":"en_US","og_type":"article","og_title":"Pour cylindre profil europ\u00e9en","og_description":"BRICARD cr\u00e9e et d\u00e9veloppe les standards actuels de la serrurerie. Quelles que soient les exigences r\u00e9glementaires des b\u00e2timents, BRICARD vous propose un large \u00e9ventail de produits r\u00e9pondant aux exigences normatives pour \u00e9quiper tout type de portes : entr\u00e9e, int\u00e9rieure, distribution, local technique, issue de secours\u2026Serrure en applique monopoint \u00e0 cylindre profil europ\u00e9en","og_url":"https:\/\/bricard.com\/professionnels\/produits\/serrures-en-applique\/serrures-en-applique-monopoint\/pour-cylindre-profil-europeen","og_site_name":"Bricard professionnels","article_modified_time":"2025-12-10T07:58:37+00:00","og_image":[{"width":800,"height":533,"url":"https:\/\/bricard.com\/professionnels\/wp-content\/uploads\/sites\/17\/2023\/03\/Page-19-_-1125-500-Bricard-Serrure-Applique-Europeen.jpg","type":"image\/jpeg"}],"twitter_card":"summary_large_image","twitter_misc":{"Est. reading time":"1 minute"},"schema":{"@context":"https:\/\/schema.org","@graph":[{"@type":"WebPage","@id":"https:\/\/bricard.com\/professionnels\/produits\/serrures-en-applique\/serrures-en-applique-monopoint\/pour-cylindre-profil-europeen","url":"https:\/\/bricard.com\/professionnels\/produits\/serrures-en-applique\/serrures-en-applique-monopoint\/pour-cylindre-profil-europeen","name":"Pour cylindre profil europ\u00e9en &#060; Bricard professionnels","isPartOf":{"@id":"https:\/\/bricard.com\/professionnels\/#website"},"primaryImageOfPage":{"@id":"https:\/\/bricard.com\/professionnels\/produits\/serrures-en-applique\/serrures-en-applique-monopoint\/pour-cylindre-profil-europeen#primaryimage"},"image":{"@id":"https:\/\/bricard.com\/professionnels\/produits\/serrures-en-applique\/serrures-en-applique-monopoint\/pour-cylindre-profil-europeen#primaryimage"},"thumbnailUrl":"https:\/\/bricard.com\/professionnels\/wp-content\/uploads\/sites\/17\/2025\/12\/Page-19-_-1125-500-Bricard-Serrure-Applique-Europeen.jpg","datePublished":"2023-01-23T07:07:48+00:00","dateModified":"2025-12-10T07:58:37+00:00","description":"BRICARD cr\u00e9e et d\u00e9veloppe les standards actuels de la serrurerie. Quelles que soient les exigences r\u00e9glementaires des b\u00e2timents, BRICARD vous propose un large \u00e9ventail de produits r\u00e9pondant aux exigences normatives pour \u00e9quiper tout type de portes : entr\u00e9e, int\u00e9rieure, distribution, local technique, issue de secours\u2026Serrure en applique monopoint \u00e0 cylindre profil europ\u00e9en","breadcrumb":{"@id":"https:\/\/bricard.com\/professionnels\/produits\/serrures-en-applique\/serrures-en-applique-monopoint\/pour-cylindre-profil-europeen#breadcrumb"},"inLanguage":"en-US","potentialAction":[{"@type":"ReadAction","target":["https:\/\/bricard.com\/professionnels\/produits\/serrures-en-applique\/serrures-en-applique-monopoint\/pour-cylindre-profil-europeen"]}]},{"@type":"ImageObject","inLanguage":"en-US","@id":"https:\/\/bricard.com\/professionnels\/produits\/serrures-en-applique\/serrures-en-applique-monopoint\/pour-cylindre-profil-europeen#primaryimage","url":"https:\/\/bricard.com\/professionnels\/wp-content\/uploads\/sites\/17\/2025\/12\/Page-19-_-1125-500-Bricard-Serrure-Applique-Europeen.jpg","contentUrl":"https:\/\/bricard.com\/professionnels\/wp-content\/uploads\/sites\/17\/2025\/12\/Page-19-_-1125-500-Bricard-Serrure-Applique-Europeen.jpg","width":800,"height":533},{"@type":"BreadcrumbList","@id":"https:\/\/bricard.com\/professionnels\/produits\/serrures-en-applique\/serrures-en-applique-monopoint\/pour-cylindre-profil-europeen#breadcrumb","itemListElement":[{"@type":"ListItem","position":1,"name":"Accueil","item":"https:\/\/bricard.com\/professionnels\/"},{"@type":"ListItem","position":2,"name":"Toutes nos gammes","item":"https:\/\/bricard.com\/professionnels\/produits"},{"@type":"ListItem","position":3,"name":"Serrures en applique","item":"https:\/\/bricard.com\/professionnels\/produits-gammes\/serrures-en-applique"},{"@type":"ListItem","position":4,"name":"Serrures en applique monopoint","item":"https:\/\/bricard.com\/professionnels\/produits-gammes\/serrures-en-applique\/serrures-en-applique-monopoint"},{"@type":"ListItem","position":5,"name":"Pour cylindre profil europ\u00e9en"}]},{"@type":"WebSite","@id":"https:\/\/bricard.com\/professionnels\/#website","url":"https:\/\/bricard.com\/professionnels\/","name":"Bricard professionnels","description":"","publisher":{"@id":"https:\/\/bricard.com\/professionnels\/#organization"},"potentialAction":[{"@type":"SearchAction","target":{"@type":"EntryPoint","urlTemplate":"https:\/\/bricard.com\/professionnels\/?s={search_term_string}"},"query-input":{"@type":"PropertyValueSpecification","valueRequired":true,"valueName":"search_term_string"}}],"inLanguage":"en-US"},{"@type":"Organization","@id":"https:\/\/bricard.com\/professionnels\/#organization","name":"Bricard professionnels","url":"https:\/\/bricard.com\/professionnels\/","logo":{"@type":"ImageObject","inLanguage":"en-US","@id":"https:\/\/bricard.com\/professionnels\/#\/schema\/logo\/image\/","url":"https:\/\/bricard.com\/professionnels\/wp-content\/uploads\/sites\/17\/2026\/02\/bricard-logo-castle.png","contentUrl":"https:\/\/bricard.com\/professionnels\/wp-content\/uploads\/sites\/17\/2026\/02\/bricard-logo-castle.png","width":150,"height":150,"caption":"Bricard professionnels"},"image":{"@id":"https:\/\/bricard.com\/professionnels\/#\/schema\/logo\/image\/"},"sameAs":["https:\/\/www.linkedin.com\/showcase\/professionnels\/about\/?viewAsMember=true"]}]}},"taxonomy_info":{"product_cat":[{"value":518,"label":"Serrures en applique monopoint"}]},"featured_image_src_large":["https:\/\/bricard.com\/professionnels\/wp-content\/uploads\/sites\/17\/2025\/12\/Page-19-_-1125-500-Bricard-Serrure-Applique-Europeen.jpg?w=800",800,533,true],"author_info":[],"comment_info":"","jetpack_sharing_enabled":true,"_links":{"self":[{"href":"https:\/\/bricard.com\/professionnels\/wp-json\/wp\/v2\/product\/9854","targetHints":{"allow":["GET"]}}],"collection":[{"href":"https:\/\/bricard.com\/professionnels\/wp-json\/wp\/v2\/product"}],"about":[{"href":"https:\/\/bricard.com\/professionnels\/wp-json\/wp\/v2\/types\/product"}],"wp:featuredmedia":[{"embeddable":true,"href":"https:\/\/bricard.com\/professionnels\/wp-json\/wp\/v2\/media\/16779"}],"wp:attachment":[{"href":"https:\/\/bricard.com\/professionnels\/wp-json\/wp\/v2\/media?parent=9854"}],"wp:term":[{"taxonomy":"product_brand","embeddable":true,"href":"https:\/\/bricard.com\/professionnels\/wp-json\/wp\/v2\/product_brand?post=9854"},{"taxonomy":"product_cat","embeddable":true,"href":"https:\/\/bricard.com\/professionnels\/wp-json\/wp\/v2\/product_cat?post=9854"},{"taxonomy":"product_tag","embeddable":true,"href":"https:\/\/bricard.com\/professionnels\/wp-json\/wp\/v2\/product_tag?post=9854"},{"taxonomy":"solution","embeddable":true,"href":"https:\/\/bricard.com\/professionnels\/wp-json\/wp\/v2\/solution?post=9854"}],"curies":[{"name":"wp","href":"https:\/\/api.w.org\/{rel}","templated":true}]}}