{"id":9861,"date":"2023-01-23T07:07:56","date_gmt":"2023-01-23T07:07:56","guid":{"rendered":"https:\/\/bricard.com\/professionnels\/?post_type=product&#038;p=9861"},"modified":"2025-12-10T07:58:38","modified_gmt":"2025-12-10T07:58:38","slug":"chifral-x40-serial-supersurete","status":"publish","type":"product","link":"https:\/\/bricard.com\/professionnels\/produits\/verrous\/verrous-de-securite\/chifral-x40-serial-supersurete","title":{"rendered":"Chifral X40, Serial, Supers\u00fbret\u00e9"},"content":{"rendered":"<p>\u2022 Adaptation sur tous types de portes<br \/>\n\u2022 Sur demande, possibilit\u00e9 de rallongement du cylindre et du p\u00eane<\/p>\n<p>\u2022 Version Chifral X40<br \/>\nCylindre haute s\u00e9curit\u00e9 Chifral X40<br \/>\nEnveloppe ext\u00e9rieure du cylindre renforc\u00e9e \u00d8 30 mm<br \/>\nPastille anti-per\u00e7age en acier trait\u00e9 4 cl\u00e9s r\u00e9versibles \u00e0 reproduction prot\u00e9g\u00e9e<\/p>\n","protected":false},"excerpt":{"rendered":"<p>\u2022 Adaptation sur tous types de portes \u2022 Sur demande, possibilit\u00e9 de rallongement du cylindre et du p\u00eane \u2022 Version Chifral X40 Cylindre haute s\u00e9curit\u00e9 Chifral X40 Enveloppe ext\u00e9rieure du cylindre renforc\u00e9e \u00d8 30 mm Pastille anti-per\u00e7age en acier trait\u00e9 4 cl\u00e9s r\u00e9versibles \u00e0 reproduction prot\u00e9g\u00e9e<\/p>\n","protected":false},"featured_media":16971,"template":"","meta":{"_acf_changed":false,"_trash_the_other_posts":false,"_kad_blocks_custom_css":"","_kad_blocks_head_custom_js":"","_kad_blocks_body_custom_js":"","_kad_blocks_footer_custom_js":"","_kad_post_transparent":"default","_kad_post_title":"","_kad_post_layout":"default","_kad_post_sidebar_id":"","_kad_post_content_style":"default","_kad_post_vertical_padding":"default","_kad_post_feature":"","_kad_post_feature_position":"","_kad_post_header":false,"_kad_post_footer":false,"_kad_post_classname":""},"product_brand":[],"product_cat":[521],"product_tag":[],"solution":[],"class_list":{"0":"post-9861","1":"product","2":"type-product","3":"status-publish","4":"has-post-thumbnail","6":"product_cat-verrous-de-securite","8":"first","9":"instock","10":"shipping-taxable","11":"product-type-simple","12":"entry","13":"content-bg","14":"loop-entry"},"acf":[],"yoast_head":"<!-- This site is optimized with the Yoast SEO Premium plugin v24.2 (Yoast SEO v27.2) - https:\/\/yoast.com\/product\/yoast-seo-premium-wordpress\/ -->\n<title>Chifral X40, Serial, Supers\u00fbret\u00e9 &#060; Bricard professionnels<\/title>\n<meta name=\"description\" content=\"BRICARD cr\u00e9e et d\u00e9veloppe les standards actuels de la serrurerie. Quelles que soient les exigences r\u00e9glementaires des b\u00e2timents, BRICARD vous propose un large \u00e9ventail de produits r\u00e9pondant aux exigences normatives pour \u00e9quiper tout type de portes : entr\u00e9e, int\u00e9rieure, distribution, local technique, issue de secours\u2026Verrou de s\u00e9curit\u00e9 Chifral X40, Serial et Supers\u00fbret\u00e9\" \/>\n<meta name=\"robots\" content=\"index, follow, max-snippet:-1, max-image-preview:large, max-video-preview:-1\" \/>\n<link rel=\"canonical\" href=\"https:\/\/bricard.com\/professionnels\/produits\/verrous\/verrous-de-securite\/chifral-x40-serial-supersurete\" \/>\n<meta property=\"og:locale\" content=\"en_US\" \/>\n<meta property=\"og:type\" content=\"article\" \/>\n<meta property=\"og:title\" content=\"Chifral X40, Serial, Supers\u00fbret\u00e9\" \/>\n<meta property=\"og:description\" content=\"BRICARD cr\u00e9e et d\u00e9veloppe les standards actuels de la serrurerie. Quelles que soient les exigences r\u00e9glementaires des b\u00e2timents, BRICARD vous propose un large \u00e9ventail de produits r\u00e9pondant aux exigences normatives pour \u00e9quiper tout type de portes : entr\u00e9e, int\u00e9rieure, distribution, local technique, issue de secours\u2026Verrou de s\u00e9curit\u00e9 Chifral X40, Serial et Supers\u00fbret\u00e9\" \/>\n<meta property=\"og:url\" content=\"https:\/\/bricard.com\/professionnels\/produits\/verrous\/verrous-de-securite\/chifral-x40-serial-supersurete\" \/>\n<meta property=\"og:site_name\" content=\"Bricard professionnels\" \/>\n<meta property=\"article:modified_time\" content=\"2025-12-10T07:58:38+00:00\" \/>\n<meta property=\"og:image\" content=\"https:\/\/bricard.com\/professionnels\/wp-content\/uploads\/sites\/17\/2023\/03\/160110-Bricard-Verrou-Serial_1.jpg\" \/>\n\t<meta property=\"og:image:width\" content=\"5781\" \/>\n\t<meta property=\"og:image:height\" content=\"3854\" \/>\n\t<meta property=\"og:image:type\" content=\"image\/jpeg\" \/>\n<meta name=\"twitter:card\" content=\"summary_large_image\" \/>\n<meta name=\"twitter:label1\" content=\"Est. reading time\" \/>\n\t<meta name=\"twitter:data1\" content=\"1 minute\" \/>\n<script type=\"application\/ld+json\" class=\"yoast-schema-graph\">{\"@context\":\"https:\/\/schema.org\",\"@graph\":[{\"@type\":\"WebPage\",\"@id\":\"https:\/\/bricard.com\/professionnels\/produits\/verrous\/verrous-de-securite\/chifral-x40-serial-supersurete\",\"url\":\"https:\/\/bricard.com\/professionnels\/produits\/verrous\/verrous-de-securite\/chifral-x40-serial-supersurete\",\"name\":\"Chifral X40, Serial, Supers\u00fbret\u00e9 &#060; Bricard professionnels\",\"isPartOf\":{\"@id\":\"https:\/\/bricard.com\/professionnels\/#website\"},\"primaryImageOfPage\":{\"@id\":\"https:\/\/bricard.com\/professionnels\/produits\/verrous\/verrous-de-securite\/chifral-x40-serial-supersurete#primaryimage\"},\"image\":{\"@id\":\"https:\/\/bricard.com\/professionnels\/produits\/verrous\/verrous-de-securite\/chifral-x40-serial-supersurete#primaryimage\"},\"thumbnailUrl\":\"https:\/\/bricard.com\/professionnels\/wp-content\/uploads\/sites\/17\/2025\/12\/160110-Bricard-Verrou-Serial_1.jpg\",\"datePublished\":\"2023-01-23T07:07:56+00:00\",\"dateModified\":\"2025-12-10T07:58:38+00:00\",\"description\":\"BRICARD cr\u00e9e et d\u00e9veloppe les standards actuels de la serrurerie. Quelles que soient les exigences r\u00e9glementaires des b\u00e2timents, BRICARD vous propose un large \u00e9ventail de produits r\u00e9pondant aux exigences normatives pour \u00e9quiper tout type de portes : entr\u00e9e, int\u00e9rieure, distribution, local technique, issue de secours\u2026Verrou de s\u00e9curit\u00e9 Chifral X40, Serial et Supers\u00fbret\u00e9\",\"breadcrumb\":{\"@id\":\"https:\/\/bricard.com\/professionnels\/produits\/verrous\/verrous-de-securite\/chifral-x40-serial-supersurete#breadcrumb\"},\"inLanguage\":\"en-US\",\"potentialAction\":[{\"@type\":\"ReadAction\",\"target\":[\"https:\/\/bricard.com\/professionnels\/produits\/verrous\/verrous-de-securite\/chifral-x40-serial-supersurete\"]}]},{\"@type\":\"ImageObject\",\"inLanguage\":\"en-US\",\"@id\":\"https:\/\/bricard.com\/professionnels\/produits\/verrous\/verrous-de-securite\/chifral-x40-serial-supersurete#primaryimage\",\"url\":\"https:\/\/bricard.com\/professionnels\/wp-content\/uploads\/sites\/17\/2025\/12\/160110-Bricard-Verrou-Serial_1.jpg\",\"contentUrl\":\"https:\/\/bricard.com\/professionnels\/wp-content\/uploads\/sites\/17\/2025\/12\/160110-Bricard-Verrou-Serial_1.jpg\",\"width\":5781,\"height\":3854},{\"@type\":\"BreadcrumbList\",\"@id\":\"https:\/\/bricard.com\/professionnels\/produits\/verrous\/verrous-de-securite\/chifral-x40-serial-supersurete#breadcrumb\",\"itemListElement\":[{\"@type\":\"ListItem\",\"position\":1,\"name\":\"Accueil\",\"item\":\"https:\/\/bricard.com\/professionnels\/\"},{\"@type\":\"ListItem\",\"position\":2,\"name\":\"Toutes nos gammes\",\"item\":\"https:\/\/bricard.com\/professionnels\/produits\"},{\"@type\":\"ListItem\",\"position\":3,\"name\":\"Verrous\",\"item\":\"https:\/\/bricard.com\/professionnels\/produits-gammes\/verrous\"},{\"@type\":\"ListItem\",\"position\":4,\"name\":\"Verrous de s\u00e9curit\u00e9\",\"item\":\"https:\/\/bricard.com\/professionnels\/produits-gammes\/verrous\/verrous-de-securite\"},{\"@type\":\"ListItem\",\"position\":5,\"name\":\"Chifral X40, Serial, Supers\u00fbret\u00e9\"}]},{\"@type\":\"WebSite\",\"@id\":\"https:\/\/bricard.com\/professionnels\/#website\",\"url\":\"https:\/\/bricard.com\/professionnels\/\",\"name\":\"Bricard professionnels\",\"description\":\"\",\"publisher\":{\"@id\":\"https:\/\/bricard.com\/professionnels\/#organization\"},\"potentialAction\":[{\"@type\":\"SearchAction\",\"target\":{\"@type\":\"EntryPoint\",\"urlTemplate\":\"https:\/\/bricard.com\/professionnels\/?s={search_term_string}\"},\"query-input\":{\"@type\":\"PropertyValueSpecification\",\"valueRequired\":true,\"valueName\":\"search_term_string\"}}],\"inLanguage\":\"en-US\"},{\"@type\":\"Organization\",\"@id\":\"https:\/\/bricard.com\/professionnels\/#organization\",\"name\":\"Bricard professionnels\",\"url\":\"https:\/\/bricard.com\/professionnels\/\",\"logo\":{\"@type\":\"ImageObject\",\"inLanguage\":\"en-US\",\"@id\":\"https:\/\/bricard.com\/professionnels\/#\/schema\/logo\/image\/\",\"url\":\"https:\/\/bricard.com\/professionnels\/wp-content\/uploads\/sites\/17\/2026\/02\/bricard-logo-castle.png\",\"contentUrl\":\"https:\/\/bricard.com\/professionnels\/wp-content\/uploads\/sites\/17\/2026\/02\/bricard-logo-castle.png\",\"width\":150,\"height\":150,\"caption\":\"Bricard professionnels\"},\"image\":{\"@id\":\"https:\/\/bricard.com\/professionnels\/#\/schema\/logo\/image\/\"},\"sameAs\":[\"https:\/\/www.linkedin.com\/showcase\/professionnels\/about\/?viewAsMember=true\"]}]}<\/script>\n<!-- \/ Yoast SEO Premium plugin. -->","yoast_head_json":{"title":"Chifral X40, Serial, Supers\u00fbret\u00e9 &#060; Bricard professionnels","description":"BRICARD cr\u00e9e et d\u00e9veloppe les standards actuels de la serrurerie. Quelles que soient les exigences r\u00e9glementaires des b\u00e2timents, BRICARD vous propose un large \u00e9ventail de produits r\u00e9pondant aux exigences normatives pour \u00e9quiper tout type de portes : entr\u00e9e, int\u00e9rieure, distribution, local technique, issue de secours\u2026Verrou de s\u00e9curit\u00e9 Chifral X40, Serial et Supers\u00fbret\u00e9","robots":{"index":"index","follow":"follow","max-snippet":"max-snippet:-1","max-image-preview":"max-image-preview:large","max-video-preview":"max-video-preview:-1"},"canonical":"https:\/\/bricard.com\/professionnels\/produits\/verrous\/verrous-de-securite\/chifral-x40-serial-supersurete","og_locale":"en_US","og_type":"article","og_title":"Chifral X40, Serial, Supers\u00fbret\u00e9","og_description":"BRICARD cr\u00e9e et d\u00e9veloppe les standards actuels de la serrurerie. Quelles que soient les exigences r\u00e9glementaires des b\u00e2timents, BRICARD vous propose un large \u00e9ventail de produits r\u00e9pondant aux exigences normatives pour \u00e9quiper tout type de portes : entr\u00e9e, int\u00e9rieure, distribution, local technique, issue de secours\u2026Verrou de s\u00e9curit\u00e9 Chifral X40, Serial et Supers\u00fbret\u00e9","og_url":"https:\/\/bricard.com\/professionnels\/produits\/verrous\/verrous-de-securite\/chifral-x40-serial-supersurete","og_site_name":"Bricard professionnels","article_modified_time":"2025-12-10T07:58:38+00:00","og_image":[{"width":5781,"height":3854,"url":"https:\/\/bricard.com\/professionnels\/wp-content\/uploads\/sites\/17\/2023\/03\/160110-Bricard-Verrou-Serial_1.jpg","type":"image\/jpeg"}],"twitter_card":"summary_large_image","twitter_misc":{"Est. reading time":"1 minute"},"schema":{"@context":"https:\/\/schema.org","@graph":[{"@type":"WebPage","@id":"https:\/\/bricard.com\/professionnels\/produits\/verrous\/verrous-de-securite\/chifral-x40-serial-supersurete","url":"https:\/\/bricard.com\/professionnels\/produits\/verrous\/verrous-de-securite\/chifral-x40-serial-supersurete","name":"Chifral X40, Serial, Supers\u00fbret\u00e9 &#060; Bricard professionnels","isPartOf":{"@id":"https:\/\/bricard.com\/professionnels\/#website"},"primaryImageOfPage":{"@id":"https:\/\/bricard.com\/professionnels\/produits\/verrous\/verrous-de-securite\/chifral-x40-serial-supersurete#primaryimage"},"image":{"@id":"https:\/\/bricard.com\/professionnels\/produits\/verrous\/verrous-de-securite\/chifral-x40-serial-supersurete#primaryimage"},"thumbnailUrl":"https:\/\/bricard.com\/professionnels\/wp-content\/uploads\/sites\/17\/2025\/12\/160110-Bricard-Verrou-Serial_1.jpg","datePublished":"2023-01-23T07:07:56+00:00","dateModified":"2025-12-10T07:58:38+00:00","description":"BRICARD cr\u00e9e et d\u00e9veloppe les standards actuels de la serrurerie. Quelles que soient les exigences r\u00e9glementaires des b\u00e2timents, BRICARD vous propose un large \u00e9ventail de produits r\u00e9pondant aux exigences normatives pour \u00e9quiper tout type de portes : entr\u00e9e, int\u00e9rieure, distribution, local technique, issue de secours\u2026Verrou de s\u00e9curit\u00e9 Chifral X40, Serial et Supers\u00fbret\u00e9","breadcrumb":{"@id":"https:\/\/bricard.com\/professionnels\/produits\/verrous\/verrous-de-securite\/chifral-x40-serial-supersurete#breadcrumb"},"inLanguage":"en-US","potentialAction":[{"@type":"ReadAction","target":["https:\/\/bricard.com\/professionnels\/produits\/verrous\/verrous-de-securite\/chifral-x40-serial-supersurete"]}]},{"@type":"ImageObject","inLanguage":"en-US","@id":"https:\/\/bricard.com\/professionnels\/produits\/verrous\/verrous-de-securite\/chifral-x40-serial-supersurete#primaryimage","url":"https:\/\/bricard.com\/professionnels\/wp-content\/uploads\/sites\/17\/2025\/12\/160110-Bricard-Verrou-Serial_1.jpg","contentUrl":"https:\/\/bricard.com\/professionnels\/wp-content\/uploads\/sites\/17\/2025\/12\/160110-Bricard-Verrou-Serial_1.jpg","width":5781,"height":3854},{"@type":"BreadcrumbList","@id":"https:\/\/bricard.com\/professionnels\/produits\/verrous\/verrous-de-securite\/chifral-x40-serial-supersurete#breadcrumb","itemListElement":[{"@type":"ListItem","position":1,"name":"Accueil","item":"https:\/\/bricard.com\/professionnels\/"},{"@type":"ListItem","position":2,"name":"Toutes nos gammes","item":"https:\/\/bricard.com\/professionnels\/produits"},{"@type":"ListItem","position":3,"name":"Verrous","item":"https:\/\/bricard.com\/professionnels\/produits-gammes\/verrous"},{"@type":"ListItem","position":4,"name":"Verrous de s\u00e9curit\u00e9","item":"https:\/\/bricard.com\/professionnels\/produits-gammes\/verrous\/verrous-de-securite"},{"@type":"ListItem","position":5,"name":"Chifral X40, Serial, Supers\u00fbret\u00e9"}]},{"@type":"WebSite","@id":"https:\/\/bricard.com\/professionnels\/#website","url":"https:\/\/bricard.com\/professionnels\/","name":"Bricard professionnels","description":"","publisher":{"@id":"https:\/\/bricard.com\/professionnels\/#organization"},"potentialAction":[{"@type":"SearchAction","target":{"@type":"EntryPoint","urlTemplate":"https:\/\/bricard.com\/professionnels\/?s={search_term_string}"},"query-input":{"@type":"PropertyValueSpecification","valueRequired":true,"valueName":"search_term_string"}}],"inLanguage":"en-US"},{"@type":"Organization","@id":"https:\/\/bricard.com\/professionnels\/#organization","name":"Bricard professionnels","url":"https:\/\/bricard.com\/professionnels\/","logo":{"@type":"ImageObject","inLanguage":"en-US","@id":"https:\/\/bricard.com\/professionnels\/#\/schema\/logo\/image\/","url":"https:\/\/bricard.com\/professionnels\/wp-content\/uploads\/sites\/17\/2026\/02\/bricard-logo-castle.png","contentUrl":"https:\/\/bricard.com\/professionnels\/wp-content\/uploads\/sites\/17\/2026\/02\/bricard-logo-castle.png","width":150,"height":150,"caption":"Bricard professionnels"},"image":{"@id":"https:\/\/bricard.com\/professionnels\/#\/schema\/logo\/image\/"},"sameAs":["https:\/\/www.linkedin.com\/showcase\/professionnels\/about\/?viewAsMember=true"]}]}},"taxonomy_info":{"product_cat":[{"value":521,"label":"Verrous de s\u00e9curit\u00e9"}]},"featured_image_src_large":["https:\/\/bricard.com\/professionnels\/wp-content\/uploads\/sites\/17\/2025\/12\/160110-Bricard-Verrou-Serial_1.jpg?w=1024",1024,683,true],"author_info":[],"comment_info":"","jetpack_sharing_enabled":true,"_links":{"self":[{"href":"https:\/\/bricard.com\/professionnels\/wp-json\/wp\/v2\/product\/9861","targetHints":{"allow":["GET"]}}],"collection":[{"href":"https:\/\/bricard.com\/professionnels\/wp-json\/wp\/v2\/product"}],"about":[{"href":"https:\/\/bricard.com\/professionnels\/wp-json\/wp\/v2\/types\/product"}],"wp:featuredmedia":[{"embeddable":true,"href":"https:\/\/bricard.com\/professionnels\/wp-json\/wp\/v2\/media\/16971"}],"wp:attachment":[{"href":"https:\/\/bricard.com\/professionnels\/wp-json\/wp\/v2\/media?parent=9861"}],"wp:term":[{"taxonomy":"product_brand","embeddable":true,"href":"https:\/\/bricard.com\/professionnels\/wp-json\/wp\/v2\/product_brand?post=9861"},{"taxonomy":"product_cat","embeddable":true,"href":"https:\/\/bricard.com\/professionnels\/wp-json\/wp\/v2\/product_cat?post=9861"},{"taxonomy":"product_tag","embeddable":true,"href":"https:\/\/bricard.com\/professionnels\/wp-json\/wp\/v2\/product_tag?post=9861"},{"taxonomy":"solution","embeddable":true,"href":"https:\/\/bricard.com\/professionnels\/wp-json\/wp\/v2\/solution?post=9861"}],"curies":[{"name":"wp","href":"https:\/\/api.w.org\/{rel}","templated":true}]}}