{"id":9870,"date":"2023-01-23T07:07:57","date_gmt":"2023-01-23T07:07:57","guid":{"rendered":""},"modified":"2026-02-24T10:49:33","modified_gmt":"2026-02-24T10:49:33","slug":"cisa-ego-r","status":"publish","type":"product","link":"https:\/\/bricard.com\/professionnels\/produits\/controle-dacces\/serrures-electroniques\/cisa-ego-r","title":{"rendered":"Cisa eGO R"},"content":{"rendered":"<p>Nouvelle serrure \u00e9lectronique compacte, design et sans contact CISA eGO R. Elle enrichit la gamme des solutions de contr\u00f4le d&#8217;acc\u00e8s.<\/p>\n<p>\u2022 Gestion et contr\u00f4le des acc\u00e8s<br \/>\n\u2022 Design \u00e9l\u00e9gant : mod\u00e8les de poign\u00e9e et finitions multiples<br \/>\n\u2022 Technologie sans contact<br \/>\n\u2022 Facilit\u00e9 d&#8217;installation &#8211; sans c\u00e2ble<br \/>\n\u2022 Logiciel de gestion en ligne (CISA\u00ae AERO) ou sur PC (CISA SSW4) pour suivre instantan\u00e9ment l\u2019\u00e9tat op\u00e9rationnel du syst\u00e8me, des risques de s\u00e9curit\u00e9 potentiels, des t\u00e2ches de maintenance \u00e0 venir, etc.<br \/>\n\u2022 Ouverture avec carte \/ badge NFC<\/p>\n<p>Prix, nous consulter<\/p>\n","protected":false},"excerpt":{"rendered":"<p>Nouvelle serrure \u00e9lectronique compacte, design et sans contact CISA eGO R. Elle enrichit la gamme des solutions de contr\u00f4le d&#8217;acc\u00e8s. \u2022 Gestion et contr\u00f4le des acc\u00e8s \u2022 Design \u00e9l\u00e9gant : mod\u00e8les de poign\u00e9e et finitions multiples \u2022 Technologie sans contact \u2022 Facilit\u00e9 d&#8217;installation &#8211; sans c\u00e2ble \u2022 Logiciel de gestion en ligne (CISA\u00ae AERO) ou&#8230;<\/p>\n","protected":false},"featured_media":16835,"template":"","meta":{"_acf_changed":false,"_trash_the_other_posts":false,"_kad_blocks_custom_css":"","_kad_blocks_head_custom_js":"","_kad_blocks_body_custom_js":"","_kad_blocks_footer_custom_js":"","_kad_post_transparent":"default","_kad_post_title":"","_kad_post_layout":"default","_kad_post_sidebar_id":"","_kad_post_content_style":"default","_kad_post_vertical_padding":"default","_kad_post_feature":"","_kad_post_feature_position":"","_kad_post_header":false,"_kad_post_footer":false,"_kad_post_classname":""},"product_brand":[],"product_cat":[527],"product_tag":[],"solution":[553],"class_list":{"0":"post-9870","1":"product","2":"type-product","3":"status-publish","4":"has-post-thumbnail","6":"product_cat-serrures-electroniques","7":"solution-projet-hotellerie","9":"first","10":"instock","11":"shipping-taxable","12":"product-type-simple","13":"entry","14":"content-bg","15":"loop-entry"},"acf":[],"yoast_head":"<!-- This site is optimized with the Yoast SEO Premium plugin v24.2 (Yoast SEO v27.2) - https:\/\/yoast.com\/product\/yoast-seo-premium-wordpress\/ -->\n<title>Cisa eGO R &#060; Bricard professionnels<\/title>\n<meta name=\"description\" content=\"BRICARD cr\u00e9e et d\u00e9veloppe les standards actuels de la serrurerie. Quelles que soient les exigences r\u00e9glementaires des b\u00e2timents, BRICARD vous propose un large \u00e9ventail de produits r\u00e9pondant aux exigences normatives pour \u00e9quiper tout type de portes : entr\u00e9e, int\u00e9rieure, distribution, local technique, issue de secours\u2026Serrure \u00e9lectronique Cisa e-SIGNO\" \/>\n<meta name=\"robots\" content=\"index, follow, max-snippet:-1, max-image-preview:large, max-video-preview:-1\" \/>\n<link rel=\"canonical\" href=\"https:\/\/bricard.com\/professionnels\/produits\/controle-dacces\/serrures-electroniques\/cisa-ego-r\" \/>\n<meta property=\"og:locale\" content=\"en_US\" \/>\n<meta property=\"og:type\" content=\"article\" \/>\n<meta property=\"og:title\" content=\"Cisa eGO R\" \/>\n<meta property=\"og:description\" content=\"BRICARD cr\u00e9e et d\u00e9veloppe les standards actuels de la serrurerie. Quelles que soient les exigences r\u00e9glementaires des b\u00e2timents, BRICARD vous propose un large \u00e9ventail de produits r\u00e9pondant aux exigences normatives pour \u00e9quiper tout type de portes : entr\u00e9e, int\u00e9rieure, distribution, local technique, issue de secours\u2026Serrure \u00e9lectronique Cisa e-SIGNO\" \/>\n<meta property=\"og:url\" content=\"https:\/\/bricard.com\/professionnels\/produits\/controle-dacces\/serrures-electroniques\/cisa-ego-r\" \/>\n<meta property=\"og:site_name\" content=\"Bricard professionnels\" \/>\n<meta property=\"article:modified_time\" content=\"2026-02-24T10:49:33+00:00\" \/>\n<meta name=\"twitter:card\" content=\"summary_large_image\" \/>\n<meta name=\"twitter:image\" content=\"https:\/\/bricard.com\/professionnels\/wp-content\/uploads\/sites\/17\/2025\/12\/EGO_RA.jpg\" \/>\n<meta name=\"twitter:label1\" content=\"Est. reading time\" \/>\n\t<meta name=\"twitter:data1\" content=\"1 minute\" \/>\n<script type=\"application\/ld+json\" class=\"yoast-schema-graph\">{\"@context\":\"https:\/\/schema.org\",\"@graph\":[{\"@type\":\"WebPage\",\"@id\":\"https:\/\/bricard.com\/professionnels\/produits\/controle-dacces\/serrures-electroniques\/cisa-ego-r\",\"url\":\"https:\/\/bricard.com\/professionnels\/produits\/controle-dacces\/serrures-electroniques\/cisa-ego-r\",\"name\":\"Cisa eGO R &#060; Bricard professionnels\",\"isPartOf\":{\"@id\":\"https:\/\/bricard.com\/professionnels\/#website\"},\"primaryImageOfPage\":{\"@id\":\"https:\/\/bricard.com\/professionnels\/produits\/controle-dacces\/serrures-electroniques\/cisa-ego-r#primaryimage\"},\"image\":{\"@id\":\"https:\/\/bricard.com\/professionnels\/produits\/controle-dacces\/serrures-electroniques\/cisa-ego-r#primaryimage\"},\"thumbnailUrl\":\"https:\/\/bricard.com\/professionnels\/wp-content\/uploads\/sites\/17\/2025\/12\/EGO_RA.jpg\",\"datePublished\":\"2023-01-23T07:07:57+00:00\",\"dateModified\":\"2026-02-24T10:49:33+00:00\",\"description\":\"BRICARD cr\u00e9e et d\u00e9veloppe les standards actuels de la serrurerie. Quelles que soient les exigences r\u00e9glementaires des b\u00e2timents, BRICARD vous propose un large \u00e9ventail de produits r\u00e9pondant aux exigences normatives pour \u00e9quiper tout type de portes : entr\u00e9e, int\u00e9rieure, distribution, local technique, issue de secours\u2026Serrure \u00e9lectronique Cisa e-SIGNO\",\"breadcrumb\":{\"@id\":\"https:\/\/bricard.com\/professionnels\/produits\/controle-dacces\/serrures-electroniques\/cisa-ego-r#breadcrumb\"},\"inLanguage\":\"en-US\",\"potentialAction\":[{\"@type\":\"ReadAction\",\"target\":[\"https:\/\/bricard.com\/professionnels\/produits\/controle-dacces\/serrures-electroniques\/cisa-ego-r\"]}]},{\"@type\":\"ImageObject\",\"inLanguage\":\"en-US\",\"@id\":\"https:\/\/bricard.com\/professionnels\/produits\/controle-dacces\/serrures-electroniques\/cisa-ego-r#primaryimage\",\"url\":\"https:\/\/bricard.com\/professionnels\/wp-content\/uploads\/sites\/17\/2025\/12\/EGO_RA.jpg\",\"contentUrl\":\"https:\/\/bricard.com\/professionnels\/wp-content\/uploads\/sites\/17\/2025\/12\/EGO_RA.jpg\",\"width\":4280,\"height\":2971},{\"@type\":\"BreadcrumbList\",\"@id\":\"https:\/\/bricard.com\/professionnels\/produits\/controle-dacces\/serrures-electroniques\/cisa-ego-r#breadcrumb\",\"itemListElement\":[{\"@type\":\"ListItem\",\"position\":1,\"name\":\"Accueil\",\"item\":\"https:\/\/bricard.com\/professionnels\/\"},{\"@type\":\"ListItem\",\"position\":2,\"name\":\"Toutes nos gammes\",\"item\":\"https:\/\/bricard.com\/professionnels\/produits\"},{\"@type\":\"ListItem\",\"position\":3,\"name\":\"Contr\u00f4le d'acc\u00e8s\",\"item\":\"https:\/\/bricard.com\/professionnels\/produits-gammes\/controle-dacces\"},{\"@type\":\"ListItem\",\"position\":4,\"name\":\"Serrures \u00e9lectroniques\",\"item\":\"https:\/\/bricard.com\/professionnels\/produits-gammes\/controle-dacces\/serrures-electroniques\"},{\"@type\":\"ListItem\",\"position\":5,\"name\":\"Cisa eGO R\"}]},{\"@type\":\"WebSite\",\"@id\":\"https:\/\/bricard.com\/professionnels\/#website\",\"url\":\"https:\/\/bricard.com\/professionnels\/\",\"name\":\"Bricard professionnels\",\"description\":\"\",\"publisher\":{\"@id\":\"https:\/\/bricard.com\/professionnels\/#organization\"},\"potentialAction\":[{\"@type\":\"SearchAction\",\"target\":{\"@type\":\"EntryPoint\",\"urlTemplate\":\"https:\/\/bricard.com\/professionnels\/?s={search_term_string}\"},\"query-input\":{\"@type\":\"PropertyValueSpecification\",\"valueRequired\":true,\"valueName\":\"search_term_string\"}}],\"inLanguage\":\"en-US\"},{\"@type\":\"Organization\",\"@id\":\"https:\/\/bricard.com\/professionnels\/#organization\",\"name\":\"Bricard professionnels\",\"url\":\"https:\/\/bricard.com\/professionnels\/\",\"logo\":{\"@type\":\"ImageObject\",\"inLanguage\":\"en-US\",\"@id\":\"https:\/\/bricard.com\/professionnels\/#\/schema\/logo\/image\/\",\"url\":\"https:\/\/bricard.com\/professionnels\/wp-content\/uploads\/sites\/17\/2026\/02\/bricard-logo-castle.png\",\"contentUrl\":\"https:\/\/bricard.com\/professionnels\/wp-content\/uploads\/sites\/17\/2026\/02\/bricard-logo-castle.png\",\"width\":150,\"height\":150,\"caption\":\"Bricard professionnels\"},\"image\":{\"@id\":\"https:\/\/bricard.com\/professionnels\/#\/schema\/logo\/image\/\"},\"sameAs\":[\"https:\/\/www.linkedin.com\/showcase\/professionnels\/about\/?viewAsMember=true\"]}]}<\/script>\n<!-- \/ Yoast SEO Premium plugin. -->","yoast_head_json":{"title":"Cisa eGO R &#060; Bricard professionnels","description":"BRICARD cr\u00e9e et d\u00e9veloppe les standards actuels de la serrurerie. Quelles que soient les exigences r\u00e9glementaires des b\u00e2timents, BRICARD vous propose un large \u00e9ventail de produits r\u00e9pondant aux exigences normatives pour \u00e9quiper tout type de portes : entr\u00e9e, int\u00e9rieure, distribution, local technique, issue de secours\u2026Serrure \u00e9lectronique Cisa e-SIGNO","robots":{"index":"index","follow":"follow","max-snippet":"max-snippet:-1","max-image-preview":"max-image-preview:large","max-video-preview":"max-video-preview:-1"},"canonical":"https:\/\/bricard.com\/professionnels\/produits\/controle-dacces\/serrures-electroniques\/cisa-ego-r","og_locale":"en_US","og_type":"article","og_title":"Cisa eGO R","og_description":"BRICARD cr\u00e9e et d\u00e9veloppe les standards actuels de la serrurerie. Quelles que soient les exigences r\u00e9glementaires des b\u00e2timents, BRICARD vous propose un large \u00e9ventail de produits r\u00e9pondant aux exigences normatives pour \u00e9quiper tout type de portes : entr\u00e9e, int\u00e9rieure, distribution, local technique, issue de secours\u2026Serrure \u00e9lectronique Cisa e-SIGNO","og_url":"https:\/\/bricard.com\/professionnels\/produits\/controle-dacces\/serrures-electroniques\/cisa-ego-r","og_site_name":"Bricard professionnels","article_modified_time":"2026-02-24T10:49:33+00:00","twitter_card":"summary_large_image","twitter_image":"https:\/\/bricard.com\/professionnels\/wp-content\/uploads\/sites\/17\/2025\/12\/EGO_RA.jpg","twitter_misc":{"Est. reading time":"1 minute"},"schema":{"@context":"https:\/\/schema.org","@graph":[{"@type":"WebPage","@id":"https:\/\/bricard.com\/professionnels\/produits\/controle-dacces\/serrures-electroniques\/cisa-ego-r","url":"https:\/\/bricard.com\/professionnels\/produits\/controle-dacces\/serrures-electroniques\/cisa-ego-r","name":"Cisa eGO R &#060; Bricard professionnels","isPartOf":{"@id":"https:\/\/bricard.com\/professionnels\/#website"},"primaryImageOfPage":{"@id":"https:\/\/bricard.com\/professionnels\/produits\/controle-dacces\/serrures-electroniques\/cisa-ego-r#primaryimage"},"image":{"@id":"https:\/\/bricard.com\/professionnels\/produits\/controle-dacces\/serrures-electroniques\/cisa-ego-r#primaryimage"},"thumbnailUrl":"https:\/\/bricard.com\/professionnels\/wp-content\/uploads\/sites\/17\/2025\/12\/EGO_RA.jpg","datePublished":"2023-01-23T07:07:57+00:00","dateModified":"2026-02-24T10:49:33+00:00","description":"BRICARD cr\u00e9e et d\u00e9veloppe les standards actuels de la serrurerie. Quelles que soient les exigences r\u00e9glementaires des b\u00e2timents, BRICARD vous propose un large \u00e9ventail de produits r\u00e9pondant aux exigences normatives pour \u00e9quiper tout type de portes : entr\u00e9e, int\u00e9rieure, distribution, local technique, issue de secours\u2026Serrure \u00e9lectronique Cisa e-SIGNO","breadcrumb":{"@id":"https:\/\/bricard.com\/professionnels\/produits\/controle-dacces\/serrures-electroniques\/cisa-ego-r#breadcrumb"},"inLanguage":"en-US","potentialAction":[{"@type":"ReadAction","target":["https:\/\/bricard.com\/professionnels\/produits\/controle-dacces\/serrures-electroniques\/cisa-ego-r"]}]},{"@type":"ImageObject","inLanguage":"en-US","@id":"https:\/\/bricard.com\/professionnels\/produits\/controle-dacces\/serrures-electroniques\/cisa-ego-r#primaryimage","url":"https:\/\/bricard.com\/professionnels\/wp-content\/uploads\/sites\/17\/2025\/12\/EGO_RA.jpg","contentUrl":"https:\/\/bricard.com\/professionnels\/wp-content\/uploads\/sites\/17\/2025\/12\/EGO_RA.jpg","width":4280,"height":2971},{"@type":"BreadcrumbList","@id":"https:\/\/bricard.com\/professionnels\/produits\/controle-dacces\/serrures-electroniques\/cisa-ego-r#breadcrumb","itemListElement":[{"@type":"ListItem","position":1,"name":"Accueil","item":"https:\/\/bricard.com\/professionnels\/"},{"@type":"ListItem","position":2,"name":"Toutes nos gammes","item":"https:\/\/bricard.com\/professionnels\/produits"},{"@type":"ListItem","position":3,"name":"Contr\u00f4le d'acc\u00e8s","item":"https:\/\/bricard.com\/professionnels\/produits-gammes\/controle-dacces"},{"@type":"ListItem","position":4,"name":"Serrures \u00e9lectroniques","item":"https:\/\/bricard.com\/professionnels\/produits-gammes\/controle-dacces\/serrures-electroniques"},{"@type":"ListItem","position":5,"name":"Cisa eGO R"}]},{"@type":"WebSite","@id":"https:\/\/bricard.com\/professionnels\/#website","url":"https:\/\/bricard.com\/professionnels\/","name":"Bricard professionnels","description":"","publisher":{"@id":"https:\/\/bricard.com\/professionnels\/#organization"},"potentialAction":[{"@type":"SearchAction","target":{"@type":"EntryPoint","urlTemplate":"https:\/\/bricard.com\/professionnels\/?s={search_term_string}"},"query-input":{"@type":"PropertyValueSpecification","valueRequired":true,"valueName":"search_term_string"}}],"inLanguage":"en-US"},{"@type":"Organization","@id":"https:\/\/bricard.com\/professionnels\/#organization","name":"Bricard professionnels","url":"https:\/\/bricard.com\/professionnels\/","logo":{"@type":"ImageObject","inLanguage":"en-US","@id":"https:\/\/bricard.com\/professionnels\/#\/schema\/logo\/image\/","url":"https:\/\/bricard.com\/professionnels\/wp-content\/uploads\/sites\/17\/2026\/02\/bricard-logo-castle.png","contentUrl":"https:\/\/bricard.com\/professionnels\/wp-content\/uploads\/sites\/17\/2026\/02\/bricard-logo-castle.png","width":150,"height":150,"caption":"Bricard professionnels"},"image":{"@id":"https:\/\/bricard.com\/professionnels\/#\/schema\/logo\/image\/"},"sameAs":["https:\/\/www.linkedin.com\/showcase\/professionnels\/about\/?viewAsMember=true"]}]}},"taxonomy_info":{"product_cat":[{"value":527,"label":"Serrures \u00e9lectroniques"}],"solution":[{"value":553,"label":"H\u00f4tellerie"}]},"featured_image_src_large":["https:\/\/bricard.com\/professionnels\/wp-content\/uploads\/sites\/17\/2025\/12\/EGO_RA.jpg?w=1024",1024,711,true],"author_info":[],"comment_info":"","jetpack_sharing_enabled":true,"_links":{"self":[{"href":"https:\/\/bricard.com\/professionnels\/wp-json\/wp\/v2\/product\/9870","targetHints":{"allow":["GET"]}}],"collection":[{"href":"https:\/\/bricard.com\/professionnels\/wp-json\/wp\/v2\/product"}],"about":[{"href":"https:\/\/bricard.com\/professionnels\/wp-json\/wp\/v2\/types\/product"}],"wp:featuredmedia":[{"embeddable":true,"href":"https:\/\/bricard.com\/professionnels\/wp-json\/wp\/v2\/media\/16835"}],"wp:attachment":[{"href":"https:\/\/bricard.com\/professionnels\/wp-json\/wp\/v2\/media?parent=9870"}],"wp:term":[{"taxonomy":"product_brand","embeddable":true,"href":"https:\/\/bricard.com\/professionnels\/wp-json\/wp\/v2\/product_brand?post=9870"},{"taxonomy":"product_cat","embeddable":true,"href":"https:\/\/bricard.com\/professionnels\/wp-json\/wp\/v2\/product_cat?post=9870"},{"taxonomy":"product_tag","embeddable":true,"href":"https:\/\/bricard.com\/professionnels\/wp-json\/wp\/v2\/product_tag?post=9870"},{"taxonomy":"solution","embeddable":true,"href":"https:\/\/bricard.com\/professionnels\/wp-json\/wp\/v2\/solution?post=9870"}],"curies":[{"name":"wp","href":"https:\/\/api.w.org\/{rel}","templated":true}]}}