{"id":9883,"date":"2023-01-23T07:08:00","date_gmt":"2023-01-23T07:08:00","guid":{"rendered":""},"modified":"2025-12-10T07:58:43","modified_gmt":"2025-12-10T07:58:43","slug":"blocs-portes-blindes-minotaure","status":"publish","type":"product","link":"https:\/\/bricard.com\/professionnels\/produits\/portes-de-securite\/portes-de-securite-portes-de-securite\/blocs-portes-blindes-minotaure","title":{"rendered":"Blocs portes blind\u00e9s Minotaure"},"content":{"rendered":"<p>Feu<br \/>\n\u2022 CF et PF 1\/2 heure (Essais CTICM : 01-A-016)<br \/>\nAcoustique<br \/>\n\u2022 Essai CEBTP : B 212.6.988\/24<br \/>\n\u2022 R rose : 40 dB(A)<br \/>\nStabilit\u00e9<br \/>\n\u2022 \u00f0 1.5 mm<br \/>\nThermique<br \/>\n\u2022 Ouvrant seul : K = 2,46 W\/m2 \u00b0C<br \/>\n\u2022 Bloc-porte : K = 2,99 W\/m2 \u00b0C<br \/>\nEffraction<br \/>\n\u2022 Essai r\u00e9el, Niveau 1 (Essai CNPP : MP 00 00 01 A)<br \/>\n\u2022 Essai conventionnel, Niveau 5 (Essai CEBTP : B 222 0 015\/1)<br \/>\nDescriptif de base<br \/>\n\u2022 Serrure \u00e0 3 points de condamnation 8161 A2P*, encastr\u00e9e dans le cadre (t\u00eati\u00e8re affleurant<br \/>\n\u2022 Condamnation par cylindre europ\u00e9en<br \/>\nS\u00e9rial<br \/>\n\u2022 4 cl\u00e9s r\u00e9versibles avec carte personnelle<br \/>\n\u2022 4 paumelles double broche r\u00e9glables dans 3 directions, solidement encastr\u00e9es dans le vantail et l\u2019huisserie<br \/>\n\u2022 3 pions anti-d\u00e9gondage<br \/>\nHuisserie<br \/>\n\u2022 B\u00e2ti rapport\u00e9 en t\u00f4le d\u2019acier \u00e9lectrozingu\u00e9e d\u2019\u00e9paisseur 15\/10e, avec protection anti-corrosion.<br \/>\nGarnissage du b\u00e2ti par bourrelets de laine de verre \u00d8 30<br \/>\nSeuil<br \/>\n\u2022 En t\u00f4le pli\u00e9e \u00e9lectrozingu\u00e9e formant un U avec une l\u00e9g\u00e8re pente<br \/>\nVantail<br \/>\n\u2022 Largeur et hauteur : sur mesure<br \/>\nAvec joint CF 30 x 3 en traverse haute<br \/>\n\u2022 De type de recouvrement 4 faces<br \/>\n\u2022 Epaisseur 52 mm<br \/>\n\u2022 Compos\u00e9 de 2 parements en t\u00f4le d\u2019acier galvanis\u00e9e pr\u00e9peinte d\u2019\u00e9paisseur 75\/100e pour l\u2019int\u00e9rieur et 15\/10e pour l\u2019ext\u00e9rieur, reli\u00e9s par un cadre rigide<br \/>\n\u2022 Ame isolante et coupe-feu compos\u00e9e d\u2019un complexe absorbant<br \/>\n\u2022 Joint p\u00e9riph\u00e9rique comportant deux l\u00e8vres d\u2019\u00e9tanch\u00e9it\u00e9, encastr\u00e9 dans une rainure du cadre<\/p>\n<p>Prix, nous consulter<br \/>\nBon de commande disponible sur la fiche technique<\/p>\n","protected":false},"excerpt":{"rendered":"<p>Feu \u2022 CF et PF 1\/2 heure (Essais CTICM : 01-A-016) Acoustique \u2022 Essai CEBTP : B 212.6.988\/24 \u2022 R rose : 40 dB(A) Stabilit\u00e9 \u2022 \u00f0 1.5 mm Thermique \u2022 Ouvrant seul : K = 2,46 W\/m2 \u00b0C \u2022 Bloc-porte : K = 2,99 W\/m2 \u00b0C Effraction \u2022 Essai r\u00e9el, Niveau 1 (Essai CNPP&#8230;<\/p>\n","protected":false},"featured_media":16810,"template":"","meta":{"_acf_changed":false,"_trash_the_other_posts":false,"_kad_blocks_custom_css":"","_kad_blocks_head_custom_js":"","_kad_blocks_body_custom_js":"","_kad_blocks_footer_custom_js":"","_kad_post_transparent":"default","_kad_post_title":"","_kad_post_layout":"default","_kad_post_sidebar_id":"","_kad_post_content_style":"default","_kad_post_vertical_padding":"default","_kad_post_feature":"","_kad_post_feature_position":"","_kad_post_header":false,"_kad_post_footer":false,"_kad_post_classname":""},"product_brand":[],"product_cat":[536],"product_tag":[],"solution":[],"class_list":{"0":"post-9883","1":"product","2":"type-product","3":"status-publish","4":"has-post-thumbnail","6":"product_cat-portes-de-securite-portes-de-securite","8":"first","9":"instock","10":"shipping-taxable","11":"product-type-simple","12":"entry","13":"content-bg","14":"loop-entry"},"acf":[],"yoast_head":"<!-- This site is optimized with the Yoast SEO Premium plugin v24.2 (Yoast SEO v27.2) - https:\/\/yoast.com\/product\/yoast-seo-premium-wordpress\/ -->\n<title>Blocs portes blind\u00e9s Minotaure &#060; Bricard professionnels<\/title>\n<meta name=\"description\" content=\"BRICARD cr\u00e9e et d\u00e9veloppe les standards actuels de la serrurerie. Quelles que soient les exigences r\u00e9glementaires des b\u00e2timents, BRICARD vous propose un large \u00e9ventail de produits r\u00e9pondant aux exigences normatives pour \u00e9quiper tout type de portes : entr\u00e9e, int\u00e9rieure, distribution, local technique, issue de secours\u2026Quincallerie\" \/>\n<meta name=\"robots\" content=\"index, follow, max-snippet:-1, max-image-preview:large, max-video-preview:-1\" \/>\n<link rel=\"canonical\" href=\"https:\/\/bricard.com\/professionnels\/produits\/portes-de-securite\/portes-de-securite-portes-de-securite\/blocs-portes-blindes-minotaure\" \/>\n<meta property=\"og:locale\" content=\"en_US\" \/>\n<meta property=\"og:type\" content=\"article\" \/>\n<meta property=\"og:title\" content=\"Blocs portes blind\u00e9s Minotaure\" \/>\n<meta property=\"og:description\" content=\"BRICARD cr\u00e9e et d\u00e9veloppe les standards actuels de la serrurerie. Quelles que soient les exigences r\u00e9glementaires des b\u00e2timents, BRICARD vous propose un large \u00e9ventail de produits r\u00e9pondant aux exigences normatives pour \u00e9quiper tout type de portes : entr\u00e9e, int\u00e9rieure, distribution, local technique, issue de secours\u2026Quincallerie\" \/>\n<meta property=\"og:url\" content=\"https:\/\/bricard.com\/professionnels\/produits\/portes-de-securite\/portes-de-securite-portes-de-securite\/blocs-portes-blindes-minotaure\" \/>\n<meta property=\"og:site_name\" content=\"Bricard professionnels\" \/>\n<meta property=\"article:modified_time\" content=\"2025-12-10T07:58:43+00:00\" \/>\n<meta property=\"og:image\" content=\"https:\/\/bricard.com\/professionnels\/wp-content\/uploads\/sites\/17\/2024\/02\/Minotaure2.jpg\" \/>\n\t<meta property=\"og:image:width\" content=\"566\" \/>\n\t<meta property=\"og:image:height\" content=\"720\" \/>\n\t<meta property=\"og:image:type\" content=\"image\/jpeg\" \/>\n<meta name=\"twitter:card\" content=\"summary_large_image\" \/>\n<meta name=\"twitter:label1\" content=\"Est. reading time\" \/>\n\t<meta name=\"twitter:data1\" content=\"2 minutes\" \/>\n<script type=\"application\/ld+json\" class=\"yoast-schema-graph\">{\"@context\":\"https:\/\/schema.org\",\"@graph\":[{\"@type\":\"WebPage\",\"@id\":\"https:\/\/bricard.com\/professionnels\/produits\/portes-de-securite\/portes-de-securite-portes-de-securite\/blocs-portes-blindes-minotaure\",\"url\":\"https:\/\/bricard.com\/professionnels\/produits\/portes-de-securite\/portes-de-securite-portes-de-securite\/blocs-portes-blindes-minotaure\",\"name\":\"Blocs portes blind\u00e9s Minotaure &#060; Bricard professionnels\",\"isPartOf\":{\"@id\":\"https:\/\/bricard.com\/professionnels\/#website\"},\"primaryImageOfPage\":{\"@id\":\"https:\/\/bricard.com\/professionnels\/produits\/portes-de-securite\/portes-de-securite-portes-de-securite\/blocs-portes-blindes-minotaure#primaryimage\"},\"image\":{\"@id\":\"https:\/\/bricard.com\/professionnels\/produits\/portes-de-securite\/portes-de-securite-portes-de-securite\/blocs-portes-blindes-minotaure#primaryimage\"},\"thumbnailUrl\":\"https:\/\/bricard.com\/professionnels\/wp-content\/uploads\/sites\/17\/2025\/12\/Minotaure2.jpg\",\"datePublished\":\"2023-01-23T07:08:00+00:00\",\"dateModified\":\"2025-12-10T07:58:43+00:00\",\"description\":\"BRICARD cr\u00e9e et d\u00e9veloppe les standards actuels de la serrurerie. Quelles que soient les exigences r\u00e9glementaires des b\u00e2timents, BRICARD vous propose un large \u00e9ventail de produits r\u00e9pondant aux exigences normatives pour \u00e9quiper tout type de portes : entr\u00e9e, int\u00e9rieure, distribution, local technique, issue de secours\u2026Quincallerie\",\"breadcrumb\":{\"@id\":\"https:\/\/bricard.com\/professionnels\/produits\/portes-de-securite\/portes-de-securite-portes-de-securite\/blocs-portes-blindes-minotaure#breadcrumb\"},\"inLanguage\":\"en-US\",\"potentialAction\":[{\"@type\":\"ReadAction\",\"target\":[\"https:\/\/bricard.com\/professionnels\/produits\/portes-de-securite\/portes-de-securite-portes-de-securite\/blocs-portes-blindes-minotaure\"]}]},{\"@type\":\"ImageObject\",\"inLanguage\":\"en-US\",\"@id\":\"https:\/\/bricard.com\/professionnels\/produits\/portes-de-securite\/portes-de-securite-portes-de-securite\/blocs-portes-blindes-minotaure#primaryimage\",\"url\":\"https:\/\/bricard.com\/professionnels\/wp-content\/uploads\/sites\/17\/2025\/12\/Minotaure2.jpg\",\"contentUrl\":\"https:\/\/bricard.com\/professionnels\/wp-content\/uploads\/sites\/17\/2025\/12\/Minotaure2.jpg\",\"width\":566,\"height\":720},{\"@type\":\"BreadcrumbList\",\"@id\":\"https:\/\/bricard.com\/professionnels\/produits\/portes-de-securite\/portes-de-securite-portes-de-securite\/blocs-portes-blindes-minotaure#breadcrumb\",\"itemListElement\":[{\"@type\":\"ListItem\",\"position\":1,\"name\":\"Accueil\",\"item\":\"https:\/\/bricard.com\/professionnels\/\"},{\"@type\":\"ListItem\",\"position\":2,\"name\":\"Toutes nos gammes\",\"item\":\"https:\/\/bricard.com\/professionnels\/produits\"},{\"@type\":\"ListItem\",\"position\":3,\"name\":\"Portes de s\u00e9curit\u00e9\",\"item\":\"https:\/\/bricard.com\/professionnels\/produits-gammes\/portes-de-securite\"},{\"@type\":\"ListItem\",\"position\":4,\"name\":\"Portes de s\u00e9curit\u00e9\",\"item\":\"https:\/\/bricard.com\/professionnels\/produits-gammes\/portes-de-securite\/portes-de-securite-portes-de-securite\"},{\"@type\":\"ListItem\",\"position\":5,\"name\":\"Blocs portes blind\u00e9s Minotaure\"}]},{\"@type\":\"WebSite\",\"@id\":\"https:\/\/bricard.com\/professionnels\/#website\",\"url\":\"https:\/\/bricard.com\/professionnels\/\",\"name\":\"Bricard professionnels\",\"description\":\"\",\"publisher\":{\"@id\":\"https:\/\/bricard.com\/professionnels\/#organization\"},\"potentialAction\":[{\"@type\":\"SearchAction\",\"target\":{\"@type\":\"EntryPoint\",\"urlTemplate\":\"https:\/\/bricard.com\/professionnels\/?s={search_term_string}\"},\"query-input\":{\"@type\":\"PropertyValueSpecification\",\"valueRequired\":true,\"valueName\":\"search_term_string\"}}],\"inLanguage\":\"en-US\"},{\"@type\":\"Organization\",\"@id\":\"https:\/\/bricard.com\/professionnels\/#organization\",\"name\":\"Bricard professionnels\",\"url\":\"https:\/\/bricard.com\/professionnels\/\",\"logo\":{\"@type\":\"ImageObject\",\"inLanguage\":\"en-US\",\"@id\":\"https:\/\/bricard.com\/professionnels\/#\/schema\/logo\/image\/\",\"url\":\"https:\/\/bricard.com\/professionnels\/wp-content\/uploads\/sites\/17\/2026\/02\/bricard-logo-castle.png\",\"contentUrl\":\"https:\/\/bricard.com\/professionnels\/wp-content\/uploads\/sites\/17\/2026\/02\/bricard-logo-castle.png\",\"width\":150,\"height\":150,\"caption\":\"Bricard professionnels\"},\"image\":{\"@id\":\"https:\/\/bricard.com\/professionnels\/#\/schema\/logo\/image\/\"},\"sameAs\":[\"https:\/\/www.linkedin.com\/showcase\/professionnels\/about\/?viewAsMember=true\"]}]}<\/script>\n<!-- \/ Yoast SEO Premium plugin. -->","yoast_head_json":{"title":"Blocs portes blind\u00e9s Minotaure &#060; Bricard professionnels","description":"BRICARD cr\u00e9e et d\u00e9veloppe les standards actuels de la serrurerie. Quelles que soient les exigences r\u00e9glementaires des b\u00e2timents, BRICARD vous propose un large \u00e9ventail de produits r\u00e9pondant aux exigences normatives pour \u00e9quiper tout type de portes : entr\u00e9e, int\u00e9rieure, distribution, local technique, issue de secours\u2026Quincallerie","robots":{"index":"index","follow":"follow","max-snippet":"max-snippet:-1","max-image-preview":"max-image-preview:large","max-video-preview":"max-video-preview:-1"},"canonical":"https:\/\/bricard.com\/professionnels\/produits\/portes-de-securite\/portes-de-securite-portes-de-securite\/blocs-portes-blindes-minotaure","og_locale":"en_US","og_type":"article","og_title":"Blocs portes blind\u00e9s Minotaure","og_description":"BRICARD cr\u00e9e et d\u00e9veloppe les standards actuels de la serrurerie. Quelles que soient les exigences r\u00e9glementaires des b\u00e2timents, BRICARD vous propose un large \u00e9ventail de produits r\u00e9pondant aux exigences normatives pour \u00e9quiper tout type de portes : entr\u00e9e, int\u00e9rieure, distribution, local technique, issue de secours\u2026Quincallerie","og_url":"https:\/\/bricard.com\/professionnels\/produits\/portes-de-securite\/portes-de-securite-portes-de-securite\/blocs-portes-blindes-minotaure","og_site_name":"Bricard professionnels","article_modified_time":"2025-12-10T07:58:43+00:00","og_image":[{"width":566,"height":720,"url":"https:\/\/bricard.com\/professionnels\/wp-content\/uploads\/sites\/17\/2024\/02\/Minotaure2.jpg","type":"image\/jpeg"}],"twitter_card":"summary_large_image","twitter_misc":{"Est. reading time":"2 minutes"},"schema":{"@context":"https:\/\/schema.org","@graph":[{"@type":"WebPage","@id":"https:\/\/bricard.com\/professionnels\/produits\/portes-de-securite\/portes-de-securite-portes-de-securite\/blocs-portes-blindes-minotaure","url":"https:\/\/bricard.com\/professionnels\/produits\/portes-de-securite\/portes-de-securite-portes-de-securite\/blocs-portes-blindes-minotaure","name":"Blocs portes blind\u00e9s Minotaure &#060; Bricard professionnels","isPartOf":{"@id":"https:\/\/bricard.com\/professionnels\/#website"},"primaryImageOfPage":{"@id":"https:\/\/bricard.com\/professionnels\/produits\/portes-de-securite\/portes-de-securite-portes-de-securite\/blocs-portes-blindes-minotaure#primaryimage"},"image":{"@id":"https:\/\/bricard.com\/professionnels\/produits\/portes-de-securite\/portes-de-securite-portes-de-securite\/blocs-portes-blindes-minotaure#primaryimage"},"thumbnailUrl":"https:\/\/bricard.com\/professionnels\/wp-content\/uploads\/sites\/17\/2025\/12\/Minotaure2.jpg","datePublished":"2023-01-23T07:08:00+00:00","dateModified":"2025-12-10T07:58:43+00:00","description":"BRICARD cr\u00e9e et d\u00e9veloppe les standards actuels de la serrurerie. Quelles que soient les exigences r\u00e9glementaires des b\u00e2timents, BRICARD vous propose un large \u00e9ventail de produits r\u00e9pondant aux exigences normatives pour \u00e9quiper tout type de portes : entr\u00e9e, int\u00e9rieure, distribution, local technique, issue de secours\u2026Quincallerie","breadcrumb":{"@id":"https:\/\/bricard.com\/professionnels\/produits\/portes-de-securite\/portes-de-securite-portes-de-securite\/blocs-portes-blindes-minotaure#breadcrumb"},"inLanguage":"en-US","potentialAction":[{"@type":"ReadAction","target":["https:\/\/bricard.com\/professionnels\/produits\/portes-de-securite\/portes-de-securite-portes-de-securite\/blocs-portes-blindes-minotaure"]}]},{"@type":"ImageObject","inLanguage":"en-US","@id":"https:\/\/bricard.com\/professionnels\/produits\/portes-de-securite\/portes-de-securite-portes-de-securite\/blocs-portes-blindes-minotaure#primaryimage","url":"https:\/\/bricard.com\/professionnels\/wp-content\/uploads\/sites\/17\/2025\/12\/Minotaure2.jpg","contentUrl":"https:\/\/bricard.com\/professionnels\/wp-content\/uploads\/sites\/17\/2025\/12\/Minotaure2.jpg","width":566,"height":720},{"@type":"BreadcrumbList","@id":"https:\/\/bricard.com\/professionnels\/produits\/portes-de-securite\/portes-de-securite-portes-de-securite\/blocs-portes-blindes-minotaure#breadcrumb","itemListElement":[{"@type":"ListItem","position":1,"name":"Accueil","item":"https:\/\/bricard.com\/professionnels\/"},{"@type":"ListItem","position":2,"name":"Toutes nos gammes","item":"https:\/\/bricard.com\/professionnels\/produits"},{"@type":"ListItem","position":3,"name":"Portes de s\u00e9curit\u00e9","item":"https:\/\/bricard.com\/professionnels\/produits-gammes\/portes-de-securite"},{"@type":"ListItem","position":4,"name":"Portes de s\u00e9curit\u00e9","item":"https:\/\/bricard.com\/professionnels\/produits-gammes\/portes-de-securite\/portes-de-securite-portes-de-securite"},{"@type":"ListItem","position":5,"name":"Blocs portes blind\u00e9s Minotaure"}]},{"@type":"WebSite","@id":"https:\/\/bricard.com\/professionnels\/#website","url":"https:\/\/bricard.com\/professionnels\/","name":"Bricard professionnels","description":"","publisher":{"@id":"https:\/\/bricard.com\/professionnels\/#organization"},"potentialAction":[{"@type":"SearchAction","target":{"@type":"EntryPoint","urlTemplate":"https:\/\/bricard.com\/professionnels\/?s={search_term_string}"},"query-input":{"@type":"PropertyValueSpecification","valueRequired":true,"valueName":"search_term_string"}}],"inLanguage":"en-US"},{"@type":"Organization","@id":"https:\/\/bricard.com\/professionnels\/#organization","name":"Bricard professionnels","url":"https:\/\/bricard.com\/professionnels\/","logo":{"@type":"ImageObject","inLanguage":"en-US","@id":"https:\/\/bricard.com\/professionnels\/#\/schema\/logo\/image\/","url":"https:\/\/bricard.com\/professionnels\/wp-content\/uploads\/sites\/17\/2026\/02\/bricard-logo-castle.png","contentUrl":"https:\/\/bricard.com\/professionnels\/wp-content\/uploads\/sites\/17\/2026\/02\/bricard-logo-castle.png","width":150,"height":150,"caption":"Bricard professionnels"},"image":{"@id":"https:\/\/bricard.com\/professionnels\/#\/schema\/logo\/image\/"},"sameAs":["https:\/\/www.linkedin.com\/showcase\/professionnels\/about\/?viewAsMember=true"]}]}},"taxonomy_info":{"product_cat":[{"value":536,"label":"Portes de s\u00e9curit\u00e9"}]},"featured_image_src_large":["https:\/\/bricard.com\/professionnels\/wp-content\/uploads\/sites\/17\/2025\/12\/Minotaure2.jpg?w=566",566,720,true],"author_info":[],"comment_info":"","jetpack_sharing_enabled":true,"_links":{"self":[{"href":"https:\/\/bricard.com\/professionnels\/wp-json\/wp\/v2\/product\/9883","targetHints":{"allow":["GET"]}}],"collection":[{"href":"https:\/\/bricard.com\/professionnels\/wp-json\/wp\/v2\/product"}],"about":[{"href":"https:\/\/bricard.com\/professionnels\/wp-json\/wp\/v2\/types\/product"}],"wp:featuredmedia":[{"embeddable":true,"href":"https:\/\/bricard.com\/professionnels\/wp-json\/wp\/v2\/media\/16810"}],"wp:attachment":[{"href":"https:\/\/bricard.com\/professionnels\/wp-json\/wp\/v2\/media?parent=9883"}],"wp:term":[{"taxonomy":"product_brand","embeddable":true,"href":"https:\/\/bricard.com\/professionnels\/wp-json\/wp\/v2\/product_brand?post=9883"},{"taxonomy":"product_cat","embeddable":true,"href":"https:\/\/bricard.com\/professionnels\/wp-json\/wp\/v2\/product_cat?post=9883"},{"taxonomy":"product_tag","embeddable":true,"href":"https:\/\/bricard.com\/professionnels\/wp-json\/wp\/v2\/product_tag?post=9883"},{"taxonomy":"solution","embeddable":true,"href":"https:\/\/bricard.com\/professionnels\/wp-json\/wp\/v2\/solution?post=9883"}],"curies":[{"name":"wp","href":"https:\/\/api.w.org\/{rel}","templated":true}]}}