{"id":9886,"date":"2023-01-23T07:08:07","date_gmt":"2023-01-23T07:08:07","guid":{"rendered":""},"modified":"2025-12-10T07:58:43","modified_gmt":"2025-12-10T07:58:43","slug":"a-poser","status":"publish","type":"product","link":"https:\/\/bricard.com\/professionnels\/produits\/gamme-de-coffres-forts\/coffres-forts-coffres-forts\/a-poser","title":{"rendered":"\u00c0 poser"},"content":{"rendered":"<p>\u00c9lectroniques<br \/>\n1 000 milliards de combinaisons possibles<br \/>\n\u2022 possibilit\u00e9 de m\u00e9moriser un code de 4 \u00e0 12 caract\u00e8res<br \/>\n\u2022 blocage automatique du syst\u00e8me \u00e9lectronique apr\u00e8s 3 tentatives d\u2019ouverture avec un code inexact<br \/>\n\u2022 signal lumineux indiquant une tentative d\u2019ouverture du coffre avec un code inexact<br \/>\n\u2022 Confort d\u2019utilisation :<br \/>\n&#8211; clavier alphanum\u00e9rique<br \/>\n&#8211; signaux sonores et lumineux facilitant la manipulation sur le clavier \u00e9lectronique<br \/>\n&#8211; dispositif lumineux automatique<br \/>\n\u2022 S\u00e9curit\u00e9 d\u2019utilisation : en cas de d\u00e9charge des piles il est toujours possible d\u2019alimenter le coffre-fort de l\u2019ext\u00e9rieur avec un c\u00e2ble de secours livr\u00e9 avec le coffre<\/p>\n<p>M\u00e9caniques<br \/>\nCoffres forts \u00e0 cl\u00e9, coffres forts \u00e0 cl\u00e9 One Star<br \/>\n\u2022 Cl\u00e9 \u00e0 double panneton comportant 244 millions de possibilit\u00e9s de variures<br \/>\n\u2022 Syst\u00e8me de cl\u00e9 prisonni\u00e8re (la cl\u00e9 ne pouvant s\u2019extraire que lorsque la porte est verrouill\u00e9e)<br \/>\n\u2022 Serrure de haute s\u00e9curit\u00e9 et m\u00e9canisme de blocage fix\u00e9s directement dans la porte et prot\u00e9g\u00e9s par une plaque anti-per\u00e7age<br \/>\n\u2022 Fermeture \u00e0 double tour<br \/>\nCoffres forts cl\u00e9 + boutons<br \/>\n\u2022 3 boutons escamotables qui agissent comme un dispositif de blocage sur la serrure \u00e0 cl\u00e9 : 32 768 combinaisons possibles<br \/>\n\u2022 Cl\u00e9 \u00e0 double panneton comportant 244 millions de possibilit\u00e9s de variures<br \/>\n\u2022 Syst\u00e8me de cl\u00e9 prisonni\u00e8re (la cl\u00e9 ne pouvant s\u2019extraire que lorsque la porte est verrouill\u00e9e)<br \/>\n\u2022 Serrure de haute s\u00e9curit\u00e9 et m\u00e9canisme de blocage fix\u00e9s directement dans la porte et prot\u00e9g\u00e9s par une plaque anti-per\u00e7age<br \/>\n\u2022 Fermeture \u00e0 double tour<\/p>\n","protected":false},"excerpt":{"rendered":"<p>\u00c9lectroniques 1 000 milliards de combinaisons possibles \u2022 possibilit\u00e9 de m\u00e9moriser un code de 4 \u00e0 12 caract\u00e8res \u2022 blocage automatique du syst\u00e8me \u00e9lectronique apr\u00e8s 3 tentatives d\u2019ouverture avec un code inexact \u2022 signal lumineux indiquant une tentative d\u2019ouverture du coffre avec un code inexact \u2022 Confort d\u2019utilisation : &#8211; clavier alphanum\u00e9rique &#8211; signaux sonores&#8230;<\/p>\n","protected":false},"featured_media":16762,"template":"","meta":{"_acf_changed":false,"_trash_the_other_posts":false,"_kad_blocks_custom_css":"","_kad_blocks_head_custom_js":"","_kad_blocks_body_custom_js":"","_kad_blocks_footer_custom_js":"","_kad_post_transparent":"default","_kad_post_title":"","_kad_post_layout":"default","_kad_post_sidebar_id":"","_kad_post_content_style":"default","_kad_post_vertical_padding":"default","_kad_post_feature":"","_kad_post_feature_position":"","_kad_post_header":false,"_kad_post_footer":false,"_kad_post_classname":""},"product_brand":[],"product_cat":[538],"product_tag":[],"solution":[],"class_list":{"0":"post-9886","1":"product","2":"type-product","3":"status-publish","4":"has-post-thumbnail","6":"product_cat-coffres-forts-coffres-forts","8":"first","9":"instock","10":"shipping-taxable","11":"product-type-simple","12":"entry","13":"content-bg","14":"loop-entry"},"acf":[],"yoast_head":"<!-- This site is optimized with the Yoast SEO Premium plugin v24.2 (Yoast SEO v27.2) - https:\/\/yoast.com\/product\/yoast-seo-premium-wordpress\/ -->\n<title>\u00c0 poser &#060; Bricard professionnels<\/title>\n<meta name=\"description\" content=\"BRICARD cr\u00e9e et d\u00e9veloppe les standards actuels de la serrurerie. Quelles que soient les exigences r\u00e9glementaires des b\u00e2timents, BRICARD vous propose un large \u00e9ventail de produits r\u00e9pondant aux exigences normatives pour \u00e9quiper tout type de portes : entr\u00e9e, int\u00e9rieure, distribution, local technique, issue de secours\u2026Coffre-fort \u00e0 poser\" \/>\n<meta name=\"robots\" content=\"index, follow, max-snippet:-1, max-image-preview:large, max-video-preview:-1\" \/>\n<link rel=\"canonical\" href=\"https:\/\/bricard.com\/professionnels\/produits\/gamme-de-coffres-forts\/coffres-forts-coffres-forts\/a-poser\" \/>\n<meta property=\"og:locale\" content=\"en_US\" \/>\n<meta property=\"og:type\" content=\"article\" \/>\n<meta property=\"og:title\" content=\"\u00c0 poser\" \/>\n<meta property=\"og:description\" content=\"BRICARD cr\u00e9e et d\u00e9veloppe les standards actuels de la serrurerie. Quelles que soient les exigences r\u00e9glementaires des b\u00e2timents, BRICARD vous propose un large \u00e9ventail de produits r\u00e9pondant aux exigences normatives pour \u00e9quiper tout type de portes : entr\u00e9e, int\u00e9rieure, distribution, local technique, issue de secours\u2026Coffre-fort \u00e0 poser\" \/>\n<meta property=\"og:url\" content=\"https:\/\/bricard.com\/professionnels\/produits\/gamme-de-coffres-forts\/coffres-forts-coffres-forts\/a-poser\" \/>\n<meta property=\"og:site_name\" content=\"Bricard professionnels\" \/>\n<meta property=\"article:modified_time\" content=\"2025-12-10T07:58:43+00:00\" \/>\n<meta property=\"og:image\" content=\"https:\/\/bricard.com\/professionnels\/wp-content\/uploads\/sites\/17\/2025\/03\/Page-4-_-82543-82553-Bricard-Coffres-forts-A-poser.jpg\" \/>\n\t<meta property=\"og:image:width\" content=\"3444\" \/>\n\t<meta property=\"og:image:height\" content=\"2928\" \/>\n\t<meta property=\"og:image:type\" content=\"image\/jpeg\" \/>\n<meta name=\"twitter:card\" content=\"summary_large_image\" \/>\n<script type=\"application\/ld+json\" class=\"yoast-schema-graph\">{\"@context\":\"https:\/\/schema.org\",\"@graph\":[{\"@type\":\"WebPage\",\"@id\":\"https:\/\/bricard.com\/professionnels\/produits\/gamme-de-coffres-forts\/coffres-forts-coffres-forts\/a-poser\",\"url\":\"https:\/\/bricard.com\/professionnels\/produits\/gamme-de-coffres-forts\/coffres-forts-coffres-forts\/a-poser\",\"name\":\"\u00c0 poser &#060; Bricard professionnels\",\"isPartOf\":{\"@id\":\"https:\/\/bricard.com\/professionnels\/#website\"},\"primaryImageOfPage\":{\"@id\":\"https:\/\/bricard.com\/professionnels\/produits\/gamme-de-coffres-forts\/coffres-forts-coffres-forts\/a-poser#primaryimage\"},\"image\":{\"@id\":\"https:\/\/bricard.com\/professionnels\/produits\/gamme-de-coffres-forts\/coffres-forts-coffres-forts\/a-poser#primaryimage\"},\"thumbnailUrl\":\"https:\/\/bricard.com\/professionnels\/wp-content\/uploads\/sites\/17\/2025\/12\/Page-4-_-82543-82553-Bricard-Coffres-forts-A-poser.jpg\",\"datePublished\":\"2023-01-23T07:08:07+00:00\",\"dateModified\":\"2025-12-10T07:58:43+00:00\",\"description\":\"BRICARD cr\u00e9e et d\u00e9veloppe les standards actuels de la serrurerie. Quelles que soient les exigences r\u00e9glementaires des b\u00e2timents, BRICARD vous propose un large \u00e9ventail de produits r\u00e9pondant aux exigences normatives pour \u00e9quiper tout type de portes : entr\u00e9e, int\u00e9rieure, distribution, local technique, issue de secours\u2026Coffre-fort \u00e0 poser\",\"breadcrumb\":{\"@id\":\"https:\/\/bricard.com\/professionnels\/produits\/gamme-de-coffres-forts\/coffres-forts-coffres-forts\/a-poser#breadcrumb\"},\"inLanguage\":\"en-US\",\"potentialAction\":[{\"@type\":\"ReadAction\",\"target\":[\"https:\/\/bricard.com\/professionnels\/produits\/gamme-de-coffres-forts\/coffres-forts-coffres-forts\/a-poser\"]}]},{\"@type\":\"ImageObject\",\"inLanguage\":\"en-US\",\"@id\":\"https:\/\/bricard.com\/professionnels\/produits\/gamme-de-coffres-forts\/coffres-forts-coffres-forts\/a-poser#primaryimage\",\"url\":\"https:\/\/bricard.com\/professionnels\/wp-content\/uploads\/sites\/17\/2025\/12\/Page-4-_-82543-82553-Bricard-Coffres-forts-A-poser.jpg\",\"contentUrl\":\"https:\/\/bricard.com\/professionnels\/wp-content\/uploads\/sites\/17\/2025\/12\/Page-4-_-82543-82553-Bricard-Coffres-forts-A-poser.jpg\",\"width\":3444,\"height\":2928},{\"@type\":\"BreadcrumbList\",\"@id\":\"https:\/\/bricard.com\/professionnels\/produits\/gamme-de-coffres-forts\/coffres-forts-coffres-forts\/a-poser#breadcrumb\",\"itemListElement\":[{\"@type\":\"ListItem\",\"position\":1,\"name\":\"Accueil\",\"item\":\"https:\/\/bricard.com\/professionnels\/\"},{\"@type\":\"ListItem\",\"position\":2,\"name\":\"Toutes nos gammes\",\"item\":\"https:\/\/bricard.com\/professionnels\/produits\"},{\"@type\":\"ListItem\",\"position\":3,\"name\":\"Coffres-forts\",\"item\":\"https:\/\/bricard.com\/professionnels\/produits-gammes\/gamme-de-coffres-forts\"},{\"@type\":\"ListItem\",\"position\":4,\"name\":\"Coffres-forts\",\"item\":\"https:\/\/bricard.com\/professionnels\/produits-gammes\/gamme-de-coffres-forts\/coffres-forts-coffres-forts\"},{\"@type\":\"ListItem\",\"position\":5,\"name\":\"\u00c0 poser\"}]},{\"@type\":\"WebSite\",\"@id\":\"https:\/\/bricard.com\/professionnels\/#website\",\"url\":\"https:\/\/bricard.com\/professionnels\/\",\"name\":\"Bricard professionnels\",\"description\":\"\",\"publisher\":{\"@id\":\"https:\/\/bricard.com\/professionnels\/#organization\"},\"potentialAction\":[{\"@type\":\"SearchAction\",\"target\":{\"@type\":\"EntryPoint\",\"urlTemplate\":\"https:\/\/bricard.com\/professionnels\/?s={search_term_string}\"},\"query-input\":{\"@type\":\"PropertyValueSpecification\",\"valueRequired\":true,\"valueName\":\"search_term_string\"}}],\"inLanguage\":\"en-US\"},{\"@type\":\"Organization\",\"@id\":\"https:\/\/bricard.com\/professionnels\/#organization\",\"name\":\"Bricard professionnels\",\"url\":\"https:\/\/bricard.com\/professionnels\/\",\"logo\":{\"@type\":\"ImageObject\",\"inLanguage\":\"en-US\",\"@id\":\"https:\/\/bricard.com\/professionnels\/#\/schema\/logo\/image\/\",\"url\":\"https:\/\/bricard.com\/professionnels\/wp-content\/uploads\/sites\/17\/2026\/02\/bricard-logo-castle.png\",\"contentUrl\":\"https:\/\/bricard.com\/professionnels\/wp-content\/uploads\/sites\/17\/2026\/02\/bricard-logo-castle.png\",\"width\":150,\"height\":150,\"caption\":\"Bricard professionnels\"},\"image\":{\"@id\":\"https:\/\/bricard.com\/professionnels\/#\/schema\/logo\/image\/\"},\"sameAs\":[\"https:\/\/www.linkedin.com\/showcase\/professionnels\/about\/?viewAsMember=true\"]}]}<\/script>\n<!-- \/ Yoast SEO Premium plugin. -->","yoast_head_json":{"title":"\u00c0 poser &#060; Bricard professionnels","description":"BRICARD cr\u00e9e et d\u00e9veloppe les standards actuels de la serrurerie. Quelles que soient les exigences r\u00e9glementaires des b\u00e2timents, BRICARD vous propose un large \u00e9ventail de produits r\u00e9pondant aux exigences normatives pour \u00e9quiper tout type de portes : entr\u00e9e, int\u00e9rieure, distribution, local technique, issue de secours\u2026Coffre-fort \u00e0 poser","robots":{"index":"index","follow":"follow","max-snippet":"max-snippet:-1","max-image-preview":"max-image-preview:large","max-video-preview":"max-video-preview:-1"},"canonical":"https:\/\/bricard.com\/professionnels\/produits\/gamme-de-coffres-forts\/coffres-forts-coffres-forts\/a-poser","og_locale":"en_US","og_type":"article","og_title":"\u00c0 poser","og_description":"BRICARD cr\u00e9e et d\u00e9veloppe les standards actuels de la serrurerie. Quelles que soient les exigences r\u00e9glementaires des b\u00e2timents, BRICARD vous propose un large \u00e9ventail de produits r\u00e9pondant aux exigences normatives pour \u00e9quiper tout type de portes : entr\u00e9e, int\u00e9rieure, distribution, local technique, issue de secours\u2026Coffre-fort \u00e0 poser","og_url":"https:\/\/bricard.com\/professionnels\/produits\/gamme-de-coffres-forts\/coffres-forts-coffres-forts\/a-poser","og_site_name":"Bricard professionnels","article_modified_time":"2025-12-10T07:58:43+00:00","og_image":[{"width":3444,"height":2928,"url":"https:\/\/bricard.com\/professionnels\/wp-content\/uploads\/sites\/17\/2025\/03\/Page-4-_-82543-82553-Bricard-Coffres-forts-A-poser.jpg","type":"image\/jpeg"}],"twitter_card":"summary_large_image","schema":{"@context":"https:\/\/schema.org","@graph":[{"@type":"WebPage","@id":"https:\/\/bricard.com\/professionnels\/produits\/gamme-de-coffres-forts\/coffres-forts-coffres-forts\/a-poser","url":"https:\/\/bricard.com\/professionnels\/produits\/gamme-de-coffres-forts\/coffres-forts-coffres-forts\/a-poser","name":"\u00c0 poser &#060; Bricard professionnels","isPartOf":{"@id":"https:\/\/bricard.com\/professionnels\/#website"},"primaryImageOfPage":{"@id":"https:\/\/bricard.com\/professionnels\/produits\/gamme-de-coffres-forts\/coffres-forts-coffres-forts\/a-poser#primaryimage"},"image":{"@id":"https:\/\/bricard.com\/professionnels\/produits\/gamme-de-coffres-forts\/coffres-forts-coffres-forts\/a-poser#primaryimage"},"thumbnailUrl":"https:\/\/bricard.com\/professionnels\/wp-content\/uploads\/sites\/17\/2025\/12\/Page-4-_-82543-82553-Bricard-Coffres-forts-A-poser.jpg","datePublished":"2023-01-23T07:08:07+00:00","dateModified":"2025-12-10T07:58:43+00:00","description":"BRICARD cr\u00e9e et d\u00e9veloppe les standards actuels de la serrurerie. Quelles que soient les exigences r\u00e9glementaires des b\u00e2timents, BRICARD vous propose un large \u00e9ventail de produits r\u00e9pondant aux exigences normatives pour \u00e9quiper tout type de portes : entr\u00e9e, int\u00e9rieure, distribution, local technique, issue de secours\u2026Coffre-fort \u00e0 poser","breadcrumb":{"@id":"https:\/\/bricard.com\/professionnels\/produits\/gamme-de-coffres-forts\/coffres-forts-coffres-forts\/a-poser#breadcrumb"},"inLanguage":"en-US","potentialAction":[{"@type":"ReadAction","target":["https:\/\/bricard.com\/professionnels\/produits\/gamme-de-coffres-forts\/coffres-forts-coffres-forts\/a-poser"]}]},{"@type":"ImageObject","inLanguage":"en-US","@id":"https:\/\/bricard.com\/professionnels\/produits\/gamme-de-coffres-forts\/coffres-forts-coffres-forts\/a-poser#primaryimage","url":"https:\/\/bricard.com\/professionnels\/wp-content\/uploads\/sites\/17\/2025\/12\/Page-4-_-82543-82553-Bricard-Coffres-forts-A-poser.jpg","contentUrl":"https:\/\/bricard.com\/professionnels\/wp-content\/uploads\/sites\/17\/2025\/12\/Page-4-_-82543-82553-Bricard-Coffres-forts-A-poser.jpg","width":3444,"height":2928},{"@type":"BreadcrumbList","@id":"https:\/\/bricard.com\/professionnels\/produits\/gamme-de-coffres-forts\/coffres-forts-coffres-forts\/a-poser#breadcrumb","itemListElement":[{"@type":"ListItem","position":1,"name":"Accueil","item":"https:\/\/bricard.com\/professionnels\/"},{"@type":"ListItem","position":2,"name":"Toutes nos gammes","item":"https:\/\/bricard.com\/professionnels\/produits"},{"@type":"ListItem","position":3,"name":"Coffres-forts","item":"https:\/\/bricard.com\/professionnels\/produits-gammes\/gamme-de-coffres-forts"},{"@type":"ListItem","position":4,"name":"Coffres-forts","item":"https:\/\/bricard.com\/professionnels\/produits-gammes\/gamme-de-coffres-forts\/coffres-forts-coffres-forts"},{"@type":"ListItem","position":5,"name":"\u00c0 poser"}]},{"@type":"WebSite","@id":"https:\/\/bricard.com\/professionnels\/#website","url":"https:\/\/bricard.com\/professionnels\/","name":"Bricard professionnels","description":"","publisher":{"@id":"https:\/\/bricard.com\/professionnels\/#organization"},"potentialAction":[{"@type":"SearchAction","target":{"@type":"EntryPoint","urlTemplate":"https:\/\/bricard.com\/professionnels\/?s={search_term_string}"},"query-input":{"@type":"PropertyValueSpecification","valueRequired":true,"valueName":"search_term_string"}}],"inLanguage":"en-US"},{"@type":"Organization","@id":"https:\/\/bricard.com\/professionnels\/#organization","name":"Bricard professionnels","url":"https:\/\/bricard.com\/professionnels\/","logo":{"@type":"ImageObject","inLanguage":"en-US","@id":"https:\/\/bricard.com\/professionnels\/#\/schema\/logo\/image\/","url":"https:\/\/bricard.com\/professionnels\/wp-content\/uploads\/sites\/17\/2026\/02\/bricard-logo-castle.png","contentUrl":"https:\/\/bricard.com\/professionnels\/wp-content\/uploads\/sites\/17\/2026\/02\/bricard-logo-castle.png","width":150,"height":150,"caption":"Bricard professionnels"},"image":{"@id":"https:\/\/bricard.com\/professionnels\/#\/schema\/logo\/image\/"},"sameAs":["https:\/\/www.linkedin.com\/showcase\/professionnels\/about\/?viewAsMember=true"]}]}},"taxonomy_info":{"product_cat":[{"value":538,"label":"Coffres-forts"}]},"featured_image_src_large":["https:\/\/bricard.com\/professionnels\/wp-content\/uploads\/sites\/17\/2025\/12\/Page-4-_-82543-82553-Bricard-Coffres-forts-A-poser.jpg?w=1024",1024,871,true],"author_info":[],"comment_info":"","jetpack_sharing_enabled":true,"_links":{"self":[{"href":"https:\/\/bricard.com\/professionnels\/wp-json\/wp\/v2\/product\/9886","targetHints":{"allow":["GET"]}}],"collection":[{"href":"https:\/\/bricard.com\/professionnels\/wp-json\/wp\/v2\/product"}],"about":[{"href":"https:\/\/bricard.com\/professionnels\/wp-json\/wp\/v2\/types\/product"}],"wp:featuredmedia":[{"embeddable":true,"href":"https:\/\/bricard.com\/professionnels\/wp-json\/wp\/v2\/media\/16762"}],"wp:attachment":[{"href":"https:\/\/bricard.com\/professionnels\/wp-json\/wp\/v2\/media?parent=9886"}],"wp:term":[{"taxonomy":"product_brand","embeddable":true,"href":"https:\/\/bricard.com\/professionnels\/wp-json\/wp\/v2\/product_brand?post=9886"},{"taxonomy":"product_cat","embeddable":true,"href":"https:\/\/bricard.com\/professionnels\/wp-json\/wp\/v2\/product_cat?post=9886"},{"taxonomy":"product_tag","embeddable":true,"href":"https:\/\/bricard.com\/professionnels\/wp-json\/wp\/v2\/product_tag?post=9886"},{"taxonomy":"solution","embeddable":true,"href":"https:\/\/bricard.com\/professionnels\/wp-json\/wp\/v2\/solution?post=9886"}],"curies":[{"name":"wp","href":"https:\/\/api.w.org\/{rel}","templated":true}]}}