{"id":9887,"date":"2023-01-23T07:08:08","date_gmt":"2023-01-23T07:08:08","guid":{"rendered":""},"modified":"2026-02-24T10:39:02","modified_gmt":"2026-02-24T10:39:02","slug":"serie-8162","status":"publish","type":"product","link":"https:\/\/bricard.com\/professionnels\/produits\/serrures-a-mortaiser\/serrures-a-mortaiser-multipoints-pour-menuiserie-bois\/serie-8162","title":{"rendered":"S\u00e9rie 8162"},"content":{"rendered":"<p>\u2022 Serrure optimis\u00e9e d\u2019un niveau \u00e9lev\u00e9 de s\u00e9curit\u00e9 : disponible en versions 3 et 5 coffres<br \/>\n\u2022 Mod\u00e8les :<br \/>\n&#8211; 5 coffres avec 5 p\u00eanes rectangulaires<br \/>\n&#8211; 3 coffres avec 3 p\u00eanes rectangulaires ou 5 p\u00eanes (1 m\u00e9dian rectangulaire et 2&#215;2 p\u00eanes ronds)<br \/>\n\u2022 Apte \u00e0 \u00e9quiper les blocs portes coupe-feu et\/ou pare-fum\u00e9es 1H<br \/>\n\u2022 P\u00eane 1\/2 tour r\u00e9versible sans outil, et avec fonction \u00e9querre<br \/>\n\u2022 Compatible avec l\u2019utilisation d\u2019un ferme porte gr\u00e2ce au p\u00eane 1\/2 tour bomb\u00e9<br \/>\n\u2022 Confort d\u2019utilisation sur les portes \u00e9quip\u00e9es d\u2019un joint d\u2019isolation avec une contre pente \u00e0 l\u2019arri\u00e8re de la t\u00eate de 1\/2 tour<br \/>\n\u2022 Serrure ou cylindre provisoire disponibles. Id\u00e9al pour la phase chantier avant la pose du produit d\u00e9finitif<br \/>\n\u2022 Entreb\u00e2illeur en option sur certaines versions :<br \/>\n-fonctionnement avec bouton de condamnation (r\u00e9f\u00e9rence avec ENTB)<br \/>\n-fonctionnement avec cylindre \u00e0 commander s\u00e9par\u00e9ment (r\u00e9f\u00e9rence avec ENTC)<br \/>\n\u2022 A associer avec les cylindres certifi\u00e9s A2P** de Bricard (Chifral X40 FX ou Dual XP2) \u00e9quip\u00e9s d&#8217;une cuirasse de protection en acier haute r\u00e9sistance avec pastille tournante index\u00e9e au cylindre<\/p>\n","protected":false},"excerpt":{"rendered":"<p>\u2022 Serrure optimis\u00e9e d\u2019un niveau \u00e9lev\u00e9 de s\u00e9curit\u00e9 : disponible en versions 3 et 5 coffres \u2022 Mod\u00e8les : &#8211; 5 coffres avec 5 p\u00eanes rectangulaires &#8211; 3 coffres avec 3 p\u00eanes rectangulaires ou 5 p\u00eanes (1 m\u00e9dian rectangulaire et 2&#215;2 p\u00eanes ronds) \u2022 Apte \u00e0 \u00e9quiper les blocs portes coupe-feu et\/ou pare-fum\u00e9es 1H \u2022&#8230;<\/p>\n","protected":false},"featured_media":16909,"template":"","meta":{"_acf_changed":false,"_trash_the_other_posts":false,"_kad_blocks_custom_css":"","_kad_blocks_head_custom_js":"","_kad_blocks_body_custom_js":"","_kad_blocks_footer_custom_js":"","_kad_post_transparent":"default","_kad_post_title":"","_kad_post_layout":"default","_kad_post_sidebar_id":"","_kad_post_content_style":"default","_kad_post_vertical_padding":"default","_kad_post_feature":"","_kad_post_feature_position":"","_kad_post_header":false,"_kad_post_footer":false,"_kad_post_classname":""},"product_brand":[],"product_cat":[540],"product_tag":[],"solution":[554],"class_list":{"0":"post-9887","1":"product","2":"type-product","3":"status-publish","4":"has-post-thumbnail","6":"product_cat-serrures-a-mortaiser-multipoints-pour-menuiserie-bois","7":"solution-projet-logement","9":"first","10":"instock","11":"shipping-taxable","12":"product-type-simple","13":"entry","14":"content-bg","15":"loop-entry"},"acf":[],"yoast_head":"<!-- This site is optimized with the Yoast SEO Premium plugin v24.2 (Yoast SEO v27.2) - https:\/\/yoast.com\/product\/yoast-seo-premium-wordpress\/ -->\n<title>S\u00e9rie 8162 &#060; Bricard professionnels<\/title>\n<meta name=\"description\" content=\"BRICARD cr\u00e9e et d\u00e9veloppe les standards actuels de la serrurerie. Quelles que soient les exigences r\u00e9glementaires des b\u00e2timents, BRICARD vous propose un large \u00e9ventail de produits r\u00e9pondant aux exigences normatives pour \u00e9quiper tout type de portes : entr\u00e9e, int\u00e9rieure, distribution, local technique, issue de secours\u2026Serrure multipoints \u00e0 mortaiser 8162\" \/>\n<meta name=\"robots\" content=\"index, follow, max-snippet:-1, max-image-preview:large, max-video-preview:-1\" \/>\n<link rel=\"canonical\" href=\"https:\/\/bricard.com\/professionnels\/produits\/serrures-a-mortaiser\/serrures-a-mortaiser-multipoints-pour-menuiserie-bois\/serie-8162\" \/>\n<meta property=\"og:locale\" content=\"en_US\" \/>\n<meta property=\"og:type\" content=\"article\" \/>\n<meta property=\"og:title\" content=\"S\u00e9rie 8162\" \/>\n<meta property=\"og:description\" content=\"BRICARD cr\u00e9e et d\u00e9veloppe les standards actuels de la serrurerie. Quelles que soient les exigences r\u00e9glementaires des b\u00e2timents, BRICARD vous propose un large \u00e9ventail de produits r\u00e9pondant aux exigences normatives pour \u00e9quiper tout type de portes : entr\u00e9e, int\u00e9rieure, distribution, local technique, issue de secours\u2026Serrure multipoints \u00e0 mortaiser 8162\" \/>\n<meta property=\"og:url\" content=\"https:\/\/bricard.com\/professionnels\/produits\/serrures-a-mortaiser\/serrures-a-mortaiser-multipoints-pour-menuiserie-bois\/serie-8162\" \/>\n<meta property=\"og:site_name\" content=\"Bricard professionnels\" \/>\n<meta property=\"article:modified_time\" content=\"2026-02-24T10:39:02+00:00\" \/>\n<meta property=\"og:image\" content=\"https:\/\/bricard.com\/professionnels\/wp-content\/uploads\/sites\/17\/2025\/12\/8162a2p-coupe.png\" \/>\n\t<meta property=\"og:image:width\" content=\"3276\" \/>\n\t<meta property=\"og:image:height\" content=\"4914\" \/>\n\t<meta property=\"og:image:type\" content=\"image\/png\" \/>\n<meta name=\"twitter:card\" content=\"summary_large_image\" \/>\n<meta name=\"twitter:label1\" content=\"Est. reading time\" \/>\n\t<meta name=\"twitter:data1\" content=\"1 minute\" \/>\n<script type=\"application\/ld+json\" class=\"yoast-schema-graph\">{\"@context\":\"https:\/\/schema.org\",\"@graph\":[{\"@type\":\"WebPage\",\"@id\":\"https:\/\/bricard.com\/professionnels\/produits\/serrures-a-mortaiser\/serrures-a-mortaiser-multipoints-pour-menuiserie-bois\/serie-8162\",\"url\":\"https:\/\/bricard.com\/professionnels\/produits\/serrures-a-mortaiser\/serrures-a-mortaiser-multipoints-pour-menuiserie-bois\/serie-8162\",\"name\":\"S\u00e9rie 8162 &#060; Bricard professionnels\",\"isPartOf\":{\"@id\":\"https:\/\/bricard.com\/professionnels\/#website\"},\"primaryImageOfPage\":{\"@id\":\"https:\/\/bricard.com\/professionnels\/produits\/serrures-a-mortaiser\/serrures-a-mortaiser-multipoints-pour-menuiserie-bois\/serie-8162#primaryimage\"},\"image\":{\"@id\":\"https:\/\/bricard.com\/professionnels\/produits\/serrures-a-mortaiser\/serrures-a-mortaiser-multipoints-pour-menuiserie-bois\/serie-8162#primaryimage\"},\"thumbnailUrl\":\"https:\/\/bricard.com\/professionnels\/wp-content\/uploads\/sites\/17\/2025\/12\/8162a2p-coupe.png\",\"datePublished\":\"2023-01-23T07:08:08+00:00\",\"dateModified\":\"2026-02-24T10:39:02+00:00\",\"description\":\"BRICARD cr\u00e9e et d\u00e9veloppe les standards actuels de la serrurerie. Quelles que soient les exigences r\u00e9glementaires des b\u00e2timents, BRICARD vous propose un large \u00e9ventail de produits r\u00e9pondant aux exigences normatives pour \u00e9quiper tout type de portes : entr\u00e9e, int\u00e9rieure, distribution, local technique, issue de secours\u2026Serrure multipoints \u00e0 mortaiser 8162\",\"breadcrumb\":{\"@id\":\"https:\/\/bricard.com\/professionnels\/produits\/serrures-a-mortaiser\/serrures-a-mortaiser-multipoints-pour-menuiserie-bois\/serie-8162#breadcrumb\"},\"inLanguage\":\"en-US\",\"potentialAction\":[{\"@type\":\"ReadAction\",\"target\":[\"https:\/\/bricard.com\/professionnels\/produits\/serrures-a-mortaiser\/serrures-a-mortaiser-multipoints-pour-menuiserie-bois\/serie-8162\"]}]},{\"@type\":\"ImageObject\",\"inLanguage\":\"en-US\",\"@id\":\"https:\/\/bricard.com\/professionnels\/produits\/serrures-a-mortaiser\/serrures-a-mortaiser-multipoints-pour-menuiserie-bois\/serie-8162#primaryimage\",\"url\":\"https:\/\/bricard.com\/professionnels\/wp-content\/uploads\/sites\/17\/2025\/12\/8162a2p-coupe.png\",\"contentUrl\":\"https:\/\/bricard.com\/professionnels\/wp-content\/uploads\/sites\/17\/2025\/12\/8162a2p-coupe.png\",\"width\":3276,\"height\":4914},{\"@type\":\"BreadcrumbList\",\"@id\":\"https:\/\/bricard.com\/professionnels\/produits\/serrures-a-mortaiser\/serrures-a-mortaiser-multipoints-pour-menuiserie-bois\/serie-8162#breadcrumb\",\"itemListElement\":[{\"@type\":\"ListItem\",\"position\":1,\"name\":\"Accueil\",\"item\":\"https:\/\/bricard.com\/professionnels\/\"},{\"@type\":\"ListItem\",\"position\":2,\"name\":\"Toutes nos gammes\",\"item\":\"https:\/\/bricard.com\/professionnels\/produits\"},{\"@type\":\"ListItem\",\"position\":3,\"name\":\"Serrures \u00e0 mortaiser\",\"item\":\"https:\/\/bricard.com\/professionnels\/produits-gammes\/serrures-a-mortaiser\"},{\"@type\":\"ListItem\",\"position\":4,\"name\":\"Serrures \u00e0 mortaiser multipoints pour menuiserie bois\",\"item\":\"https:\/\/bricard.com\/professionnels\/produits-gammes\/serrures-a-mortaiser\/serrures-a-mortaiser-multipoints-pour-menuiserie-bois\"},{\"@type\":\"ListItem\",\"position\":5,\"name\":\"S\u00e9rie 8162\"}]},{\"@type\":\"WebSite\",\"@id\":\"https:\/\/bricard.com\/professionnels\/#website\",\"url\":\"https:\/\/bricard.com\/professionnels\/\",\"name\":\"Bricard professionnels\",\"description\":\"\",\"publisher\":{\"@id\":\"https:\/\/bricard.com\/professionnels\/#organization\"},\"potentialAction\":[{\"@type\":\"SearchAction\",\"target\":{\"@type\":\"EntryPoint\",\"urlTemplate\":\"https:\/\/bricard.com\/professionnels\/?s={search_term_string}\"},\"query-input\":{\"@type\":\"PropertyValueSpecification\",\"valueRequired\":true,\"valueName\":\"search_term_string\"}}],\"inLanguage\":\"en-US\"},{\"@type\":\"Organization\",\"@id\":\"https:\/\/bricard.com\/professionnels\/#organization\",\"name\":\"Bricard professionnels\",\"url\":\"https:\/\/bricard.com\/professionnels\/\",\"logo\":{\"@type\":\"ImageObject\",\"inLanguage\":\"en-US\",\"@id\":\"https:\/\/bricard.com\/professionnels\/#\/schema\/logo\/image\/\",\"url\":\"https:\/\/bricard.com\/professionnels\/wp-content\/uploads\/sites\/17\/2026\/02\/bricard-logo-castle.png\",\"contentUrl\":\"https:\/\/bricard.com\/professionnels\/wp-content\/uploads\/sites\/17\/2026\/02\/bricard-logo-castle.png\",\"width\":150,\"height\":150,\"caption\":\"Bricard professionnels\"},\"image\":{\"@id\":\"https:\/\/bricard.com\/professionnels\/#\/schema\/logo\/image\/\"},\"sameAs\":[\"https:\/\/www.linkedin.com\/showcase\/professionnels\/about\/?viewAsMember=true\"]}]}<\/script>\n<!-- \/ Yoast SEO Premium plugin. -->","yoast_head_json":{"title":"S\u00e9rie 8162 &#060; Bricard professionnels","description":"BRICARD cr\u00e9e et d\u00e9veloppe les standards actuels de la serrurerie. Quelles que soient les exigences r\u00e9glementaires des b\u00e2timents, BRICARD vous propose un large \u00e9ventail de produits r\u00e9pondant aux exigences normatives pour \u00e9quiper tout type de portes : entr\u00e9e, int\u00e9rieure, distribution, local technique, issue de secours\u2026Serrure multipoints \u00e0 mortaiser 8162","robots":{"index":"index","follow":"follow","max-snippet":"max-snippet:-1","max-image-preview":"max-image-preview:large","max-video-preview":"max-video-preview:-1"},"canonical":"https:\/\/bricard.com\/professionnels\/produits\/serrures-a-mortaiser\/serrures-a-mortaiser-multipoints-pour-menuiserie-bois\/serie-8162","og_locale":"en_US","og_type":"article","og_title":"S\u00e9rie 8162","og_description":"BRICARD cr\u00e9e et d\u00e9veloppe les standards actuels de la serrurerie. Quelles que soient les exigences r\u00e9glementaires des b\u00e2timents, BRICARD vous propose un large \u00e9ventail de produits r\u00e9pondant aux exigences normatives pour \u00e9quiper tout type de portes : entr\u00e9e, int\u00e9rieure, distribution, local technique, issue de secours\u2026Serrure multipoints \u00e0 mortaiser 8162","og_url":"https:\/\/bricard.com\/professionnels\/produits\/serrures-a-mortaiser\/serrures-a-mortaiser-multipoints-pour-menuiserie-bois\/serie-8162","og_site_name":"Bricard professionnels","article_modified_time":"2026-02-24T10:39:02+00:00","og_image":[{"width":3276,"height":4914,"url":"https:\/\/bricard.com\/professionnels\/wp-content\/uploads\/sites\/17\/2025\/12\/8162a2p-coupe.png","type":"image\/png"}],"twitter_card":"summary_large_image","twitter_misc":{"Est. reading time":"1 minute"},"schema":{"@context":"https:\/\/schema.org","@graph":[{"@type":"WebPage","@id":"https:\/\/bricard.com\/professionnels\/produits\/serrures-a-mortaiser\/serrures-a-mortaiser-multipoints-pour-menuiserie-bois\/serie-8162","url":"https:\/\/bricard.com\/professionnels\/produits\/serrures-a-mortaiser\/serrures-a-mortaiser-multipoints-pour-menuiserie-bois\/serie-8162","name":"S\u00e9rie 8162 &#060; Bricard professionnels","isPartOf":{"@id":"https:\/\/bricard.com\/professionnels\/#website"},"primaryImageOfPage":{"@id":"https:\/\/bricard.com\/professionnels\/produits\/serrures-a-mortaiser\/serrures-a-mortaiser-multipoints-pour-menuiserie-bois\/serie-8162#primaryimage"},"image":{"@id":"https:\/\/bricard.com\/professionnels\/produits\/serrures-a-mortaiser\/serrures-a-mortaiser-multipoints-pour-menuiserie-bois\/serie-8162#primaryimage"},"thumbnailUrl":"https:\/\/bricard.com\/professionnels\/wp-content\/uploads\/sites\/17\/2025\/12\/8162a2p-coupe.png","datePublished":"2023-01-23T07:08:08+00:00","dateModified":"2026-02-24T10:39:02+00:00","description":"BRICARD cr\u00e9e et d\u00e9veloppe les standards actuels de la serrurerie. Quelles que soient les exigences r\u00e9glementaires des b\u00e2timents, BRICARD vous propose un large \u00e9ventail de produits r\u00e9pondant aux exigences normatives pour \u00e9quiper tout type de portes : entr\u00e9e, int\u00e9rieure, distribution, local technique, issue de secours\u2026Serrure multipoints \u00e0 mortaiser 8162","breadcrumb":{"@id":"https:\/\/bricard.com\/professionnels\/produits\/serrures-a-mortaiser\/serrures-a-mortaiser-multipoints-pour-menuiserie-bois\/serie-8162#breadcrumb"},"inLanguage":"en-US","potentialAction":[{"@type":"ReadAction","target":["https:\/\/bricard.com\/professionnels\/produits\/serrures-a-mortaiser\/serrures-a-mortaiser-multipoints-pour-menuiserie-bois\/serie-8162"]}]},{"@type":"ImageObject","inLanguage":"en-US","@id":"https:\/\/bricard.com\/professionnels\/produits\/serrures-a-mortaiser\/serrures-a-mortaiser-multipoints-pour-menuiserie-bois\/serie-8162#primaryimage","url":"https:\/\/bricard.com\/professionnels\/wp-content\/uploads\/sites\/17\/2025\/12\/8162a2p-coupe.png","contentUrl":"https:\/\/bricard.com\/professionnels\/wp-content\/uploads\/sites\/17\/2025\/12\/8162a2p-coupe.png","width":3276,"height":4914},{"@type":"BreadcrumbList","@id":"https:\/\/bricard.com\/professionnels\/produits\/serrures-a-mortaiser\/serrures-a-mortaiser-multipoints-pour-menuiserie-bois\/serie-8162#breadcrumb","itemListElement":[{"@type":"ListItem","position":1,"name":"Accueil","item":"https:\/\/bricard.com\/professionnels\/"},{"@type":"ListItem","position":2,"name":"Toutes nos gammes","item":"https:\/\/bricard.com\/professionnels\/produits"},{"@type":"ListItem","position":3,"name":"Serrures \u00e0 mortaiser","item":"https:\/\/bricard.com\/professionnels\/produits-gammes\/serrures-a-mortaiser"},{"@type":"ListItem","position":4,"name":"Serrures \u00e0 mortaiser multipoints pour menuiserie bois","item":"https:\/\/bricard.com\/professionnels\/produits-gammes\/serrures-a-mortaiser\/serrures-a-mortaiser-multipoints-pour-menuiserie-bois"},{"@type":"ListItem","position":5,"name":"S\u00e9rie 8162"}]},{"@type":"WebSite","@id":"https:\/\/bricard.com\/professionnels\/#website","url":"https:\/\/bricard.com\/professionnels\/","name":"Bricard professionnels","description":"","publisher":{"@id":"https:\/\/bricard.com\/professionnels\/#organization"},"potentialAction":[{"@type":"SearchAction","target":{"@type":"EntryPoint","urlTemplate":"https:\/\/bricard.com\/professionnels\/?s={search_term_string}"},"query-input":{"@type":"PropertyValueSpecification","valueRequired":true,"valueName":"search_term_string"}}],"inLanguage":"en-US"},{"@type":"Organization","@id":"https:\/\/bricard.com\/professionnels\/#organization","name":"Bricard professionnels","url":"https:\/\/bricard.com\/professionnels\/","logo":{"@type":"ImageObject","inLanguage":"en-US","@id":"https:\/\/bricard.com\/professionnels\/#\/schema\/logo\/image\/","url":"https:\/\/bricard.com\/professionnels\/wp-content\/uploads\/sites\/17\/2026\/02\/bricard-logo-castle.png","contentUrl":"https:\/\/bricard.com\/professionnels\/wp-content\/uploads\/sites\/17\/2026\/02\/bricard-logo-castle.png","width":150,"height":150,"caption":"Bricard professionnels"},"image":{"@id":"https:\/\/bricard.com\/professionnels\/#\/schema\/logo\/image\/"},"sameAs":["https:\/\/www.linkedin.com\/showcase\/professionnels\/about\/?viewAsMember=true"]}]}},"taxonomy_info":{"product_cat":[{"value":540,"label":"Serrures \u00e0 mortaiser multipoints pour menuiserie bois"}],"solution":[{"value":554,"label":"Logement"}]},"featured_image_src_large":["https:\/\/bricard.com\/professionnels\/wp-content\/uploads\/sites\/17\/2025\/12\/8162a2p-coupe.png?w=683",683,1024,true],"author_info":[],"comment_info":"","jetpack_sharing_enabled":true,"_links":{"self":[{"href":"https:\/\/bricard.com\/professionnels\/wp-json\/wp\/v2\/product\/9887","targetHints":{"allow":["GET"]}}],"collection":[{"href":"https:\/\/bricard.com\/professionnels\/wp-json\/wp\/v2\/product"}],"about":[{"href":"https:\/\/bricard.com\/professionnels\/wp-json\/wp\/v2\/types\/product"}],"wp:featuredmedia":[{"embeddable":true,"href":"https:\/\/bricard.com\/professionnels\/wp-json\/wp\/v2\/media\/16909"}],"wp:attachment":[{"href":"https:\/\/bricard.com\/professionnels\/wp-json\/wp\/v2\/media?parent=9887"}],"wp:term":[{"taxonomy":"product_brand","embeddable":true,"href":"https:\/\/bricard.com\/professionnels\/wp-json\/wp\/v2\/product_brand?post=9887"},{"taxonomy":"product_cat","embeddable":true,"href":"https:\/\/bricard.com\/professionnels\/wp-json\/wp\/v2\/product_cat?post=9887"},{"taxonomy":"product_tag","embeddable":true,"href":"https:\/\/bricard.com\/professionnels\/wp-json\/wp\/v2\/product_tag?post=9887"},{"taxonomy":"solution","embeddable":true,"href":"https:\/\/bricard.com\/professionnels\/wp-json\/wp\/v2\/solution?post=9887"}],"curies":[{"name":"wp","href":"https:\/\/api.w.org\/{rel}","templated":true}]}}