{"id":9895,"date":"2023-01-23T07:08:09","date_gmt":"2023-01-23T07:08:09","guid":{"rendered":"https:\/\/bricard.com\/professionnels\/?post_type=product&#038;p=9895"},"modified":"2026-02-24T10:27:17","modified_gmt":"2026-02-24T10:27:17","slug":"serie-800","status":"publish","type":"product","link":"https:\/\/bricard.com\/professionnels\/produits\/serrures-a-mortaiser\/serrures-a-mortaiser-monopoint-pour-menuiserie-bois-dites-de-coffre-150mm\/serie-800","title":{"rendered":"S\u00e9rie 800"},"content":{"rendered":"<p>\u2022 Axe \u00e0 50mm ou 40mm, entraxe \u00e0 70mm et coffre \u00e0 150mm<br \/>\n\u2022 P\u00eane 1\/2 tour bomb\u00e9 compatible avec l\u2019utilisation d\u2019un ferme-porte ; rentr\u00e9e du p\u00eane 1\/2 tour \u00e0 la cl\u00e9.<br \/>\n\u2022 Conforme \u00e0 la norme NF EN12209 : 2004 (sauf serrures pour mesures conservatoires)<br \/>\n\u2022 R\u00e9f\u00e9rentiel NF040 accessible sur www.marque-nf.com<br \/>\n\u2022 R\u00e9sistance au brouillard salin 240H (hors t\u00eati\u00e8re acier laitonn\u00e9)<br \/>\n\u2022 Contre-pente \u00e0 l\u2019arri\u00e8re de la t\u00eate du 1\/2 tour : confort d\u2019utilisation sur les portes \u00e9quip\u00e9es d\u2019un joint d\u2019isolation<br \/>\n\u2022 R\u00e9versible sans outils : changement rapide du sens de la serrure<br \/>\n\u2022 Trous de passage pour vis traversantes de rosace<br \/>\n\u2022 Fouillot : carr\u00e9 de 7mm ou de 8 mm<br \/>\n\u2022 T\u00eati\u00e8re en T : en \u00e9lectrozingu\u00e9, en acier, en laiton ou en inox<br \/>\n\u2022 T\u00eati\u00e8re bouts ronds\/bouts carr\u00e9s<br \/>\n\u2022 Version fa\u00e7on gorge = 4 variures<\/p>\n","protected":false},"excerpt":{"rendered":"<p>\u2022 Axe \u00e0 50mm ou 40mm, entraxe \u00e0 70mm et coffre \u00e0 150mm \u2022 P\u00eane 1\/2 tour bomb\u00e9 compatible avec l\u2019utilisation d\u2019un ferme-porte ; rentr\u00e9e du p\u00eane 1\/2 tour \u00e0 la cl\u00e9. \u2022 Conforme \u00e0 la norme NF EN12209 : 2004 (sauf serrures pour mesures conservatoires) \u2022 R\u00e9f\u00e9rentiel NF040 accessible sur www.marque-nf.com \u2022 R\u00e9sistance au&#8230;<\/p>\n","protected":false},"featured_media":16908,"template":"","meta":{"_acf_changed":false,"_trash_the_other_posts":false,"_kad_blocks_custom_css":"","_kad_blocks_head_custom_js":"","_kad_blocks_body_custom_js":"","_kad_blocks_footer_custom_js":"","_kad_post_transparent":"default","_kad_post_title":"","_kad_post_layout":"default","_kad_post_sidebar_id":"","_kad_post_content_style":"default","_kad_post_vertical_padding":"default","_kad_post_feature":"","_kad_post_feature_position":"","_kad_post_header":false,"_kad_post_footer":false,"_kad_post_classname":""},"product_brand":[],"product_cat":[541],"product_tag":[],"solution":[555],"class_list":{"0":"post-9895","1":"product","2":"type-product","3":"status-publish","4":"has-post-thumbnail","6":"product_cat-serrures-a-mortaiser-monopoint-pour-menuiserie-bois-dites-de-coffre-150mm","7":"solution-projet-sante","9":"first","10":"instock","11":"shipping-taxable","12":"product-type-simple","13":"entry","14":"content-bg","15":"loop-entry"},"acf":[],"yoast_head":"<!-- This site is optimized with the Yoast SEO Premium plugin v24.2 (Yoast SEO v27.2) - https:\/\/yoast.com\/product\/yoast-seo-premium-wordpress\/ -->\n<title>S\u00e9rie 800 &#060; Bricard professionnels<\/title>\n<meta name=\"description\" content=\"BRICARD cr\u00e9e et d\u00e9veloppe les standards actuels de la serrurerie. Quelles que soient les exigences r\u00e9glementaires des b\u00e2timents, BRICARD vous propose un large \u00e9ventail de produits r\u00e9pondant aux exigences normatives pour \u00e9quiper tout type de portes : entr\u00e9e, int\u00e9rieure, distribution, local technique, issue de secours\u2026Serrure \u00e0 coffre et 150mm - 800\" \/>\n<meta name=\"robots\" content=\"index, follow, max-snippet:-1, max-image-preview:large, max-video-preview:-1\" \/>\n<link rel=\"canonical\" href=\"https:\/\/bricard.com\/professionnels\/produits\/serrures-a-mortaiser\/serrures-a-mortaiser-monopoint-pour-menuiserie-bois-dites-de-coffre-150mm\/serie-800\" \/>\n<meta property=\"og:locale\" content=\"en_US\" \/>\n<meta property=\"og:type\" content=\"article\" \/>\n<meta property=\"og:title\" content=\"S\u00e9rie 800\" \/>\n<meta property=\"og:description\" content=\"BRICARD cr\u00e9e et d\u00e9veloppe les standards actuels de la serrurerie. Quelles que soient les exigences r\u00e9glementaires des b\u00e2timents, BRICARD vous propose un large \u00e9ventail de produits r\u00e9pondant aux exigences normatives pour \u00e9quiper tout type de portes : entr\u00e9e, int\u00e9rieure, distribution, local technique, issue de secours\u2026Serrure \u00e0 coffre et 150mm - 800\" \/>\n<meta property=\"og:url\" content=\"https:\/\/bricard.com\/professionnels\/produits\/serrures-a-mortaiser\/serrures-a-mortaiser-monopoint-pour-menuiserie-bois-dites-de-coffre-150mm\/serie-800\" \/>\n<meta property=\"og:site_name\" content=\"Bricard professionnels\" \/>\n<meta property=\"article:modified_time\" content=\"2026-02-24T10:27:17+00:00\" \/>\n<meta property=\"og:image\" content=\"https:\/\/bricard.com\/professionnels\/wp-content\/uploads\/sites\/17\/2025\/12\/851151.png\" \/>\n\t<meta property=\"og:image:width\" content=\"795\" \/>\n\t<meta property=\"og:image:height\" content=\"2427\" \/>\n\t<meta property=\"og:image:type\" content=\"image\/png\" \/>\n<meta name=\"twitter:card\" content=\"summary_large_image\" \/>\n<meta name=\"twitter:label1\" content=\"Est. reading time\" \/>\n\t<meta name=\"twitter:data1\" content=\"1 minute\" \/>\n<script type=\"application\/ld+json\" class=\"yoast-schema-graph\">{\"@context\":\"https:\/\/schema.org\",\"@graph\":[{\"@type\":\"WebPage\",\"@id\":\"https:\/\/bricard.com\/professionnels\/produits\/serrures-a-mortaiser\/serrures-a-mortaiser-monopoint-pour-menuiserie-bois-dites-de-coffre-150mm\/serie-800\",\"url\":\"https:\/\/bricard.com\/professionnels\/produits\/serrures-a-mortaiser\/serrures-a-mortaiser-monopoint-pour-menuiserie-bois-dites-de-coffre-150mm\/serie-800\",\"name\":\"S\u00e9rie 800 &#060; Bricard professionnels\",\"isPartOf\":{\"@id\":\"https:\/\/bricard.com\/professionnels\/#website\"},\"primaryImageOfPage\":{\"@id\":\"https:\/\/bricard.com\/professionnels\/produits\/serrures-a-mortaiser\/serrures-a-mortaiser-monopoint-pour-menuiserie-bois-dites-de-coffre-150mm\/serie-800#primaryimage\"},\"image\":{\"@id\":\"https:\/\/bricard.com\/professionnels\/produits\/serrures-a-mortaiser\/serrures-a-mortaiser-monopoint-pour-menuiserie-bois-dites-de-coffre-150mm\/serie-800#primaryimage\"},\"thumbnailUrl\":\"https:\/\/bricard.com\/professionnels\/wp-content\/uploads\/sites\/17\/2025\/12\/851151.png\",\"datePublished\":\"2023-01-23T07:08:09+00:00\",\"dateModified\":\"2026-02-24T10:27:17+00:00\",\"description\":\"BRICARD cr\u00e9e et d\u00e9veloppe les standards actuels de la serrurerie. Quelles que soient les exigences r\u00e9glementaires des b\u00e2timents, BRICARD vous propose un large \u00e9ventail de produits r\u00e9pondant aux exigences normatives pour \u00e9quiper tout type de portes : entr\u00e9e, int\u00e9rieure, distribution, local technique, issue de secours\u2026Serrure \u00e0 coffre et 150mm - 800\",\"breadcrumb\":{\"@id\":\"https:\/\/bricard.com\/professionnels\/produits\/serrures-a-mortaiser\/serrures-a-mortaiser-monopoint-pour-menuiserie-bois-dites-de-coffre-150mm\/serie-800#breadcrumb\"},\"inLanguage\":\"en-US\",\"potentialAction\":[{\"@type\":\"ReadAction\",\"target\":[\"https:\/\/bricard.com\/professionnels\/produits\/serrures-a-mortaiser\/serrures-a-mortaiser-monopoint-pour-menuiserie-bois-dites-de-coffre-150mm\/serie-800\"]}]},{\"@type\":\"ImageObject\",\"inLanguage\":\"en-US\",\"@id\":\"https:\/\/bricard.com\/professionnels\/produits\/serrures-a-mortaiser\/serrures-a-mortaiser-monopoint-pour-menuiserie-bois-dites-de-coffre-150mm\/serie-800#primaryimage\",\"url\":\"https:\/\/bricard.com\/professionnels\/wp-content\/uploads\/sites\/17\/2025\/12\/851151.png\",\"contentUrl\":\"https:\/\/bricard.com\/professionnels\/wp-content\/uploads\/sites\/17\/2025\/12\/851151.png\",\"width\":795,\"height\":2427},{\"@type\":\"BreadcrumbList\",\"@id\":\"https:\/\/bricard.com\/professionnels\/produits\/serrures-a-mortaiser\/serrures-a-mortaiser-monopoint-pour-menuiserie-bois-dites-de-coffre-150mm\/serie-800#breadcrumb\",\"itemListElement\":[{\"@type\":\"ListItem\",\"position\":1,\"name\":\"Accueil\",\"item\":\"https:\/\/bricard.com\/professionnels\/\"},{\"@type\":\"ListItem\",\"position\":2,\"name\":\"Toutes nos gammes\",\"item\":\"https:\/\/bricard.com\/professionnels\/produits\"},{\"@type\":\"ListItem\",\"position\":3,\"name\":\"Serrures \u00e0 mortaiser\",\"item\":\"https:\/\/bricard.com\/professionnels\/produits-gammes\/serrures-a-mortaiser\"},{\"@type\":\"ListItem\",\"position\":4,\"name\":\"Serrures \u00e0 mortaiser monopoint pour menuiserie bois, dites de coffre 150mm\",\"item\":\"https:\/\/bricard.com\/professionnels\/produits-gammes\/serrures-a-mortaiser\/serrures-a-mortaiser-monopoint-pour-menuiserie-bois-dites-de-coffre-150mm\"},{\"@type\":\"ListItem\",\"position\":5,\"name\":\"S\u00e9rie 800\"}]},{\"@type\":\"WebSite\",\"@id\":\"https:\/\/bricard.com\/professionnels\/#website\",\"url\":\"https:\/\/bricard.com\/professionnels\/\",\"name\":\"Bricard professionnels\",\"description\":\"\",\"publisher\":{\"@id\":\"https:\/\/bricard.com\/professionnels\/#organization\"},\"potentialAction\":[{\"@type\":\"SearchAction\",\"target\":{\"@type\":\"EntryPoint\",\"urlTemplate\":\"https:\/\/bricard.com\/professionnels\/?s={search_term_string}\"},\"query-input\":{\"@type\":\"PropertyValueSpecification\",\"valueRequired\":true,\"valueName\":\"search_term_string\"}}],\"inLanguage\":\"en-US\"},{\"@type\":\"Organization\",\"@id\":\"https:\/\/bricard.com\/professionnels\/#organization\",\"name\":\"Bricard professionnels\",\"url\":\"https:\/\/bricard.com\/professionnels\/\",\"logo\":{\"@type\":\"ImageObject\",\"inLanguage\":\"en-US\",\"@id\":\"https:\/\/bricard.com\/professionnels\/#\/schema\/logo\/image\/\",\"url\":\"https:\/\/bricard.com\/professionnels\/wp-content\/uploads\/sites\/17\/2026\/02\/bricard-logo-castle.png\",\"contentUrl\":\"https:\/\/bricard.com\/professionnels\/wp-content\/uploads\/sites\/17\/2026\/02\/bricard-logo-castle.png\",\"width\":150,\"height\":150,\"caption\":\"Bricard professionnels\"},\"image\":{\"@id\":\"https:\/\/bricard.com\/professionnels\/#\/schema\/logo\/image\/\"},\"sameAs\":[\"https:\/\/www.linkedin.com\/showcase\/professionnels\/about\/?viewAsMember=true\"]}]}<\/script>\n<!-- \/ Yoast SEO Premium plugin. -->","yoast_head_json":{"title":"S\u00e9rie 800 &#060; Bricard professionnels","description":"BRICARD cr\u00e9e et d\u00e9veloppe les standards actuels de la serrurerie. Quelles que soient les exigences r\u00e9glementaires des b\u00e2timents, BRICARD vous propose un large \u00e9ventail de produits r\u00e9pondant aux exigences normatives pour \u00e9quiper tout type de portes : entr\u00e9e, int\u00e9rieure, distribution, local technique, issue de secours\u2026Serrure \u00e0 coffre et 150mm - 800","robots":{"index":"index","follow":"follow","max-snippet":"max-snippet:-1","max-image-preview":"max-image-preview:large","max-video-preview":"max-video-preview:-1"},"canonical":"https:\/\/bricard.com\/professionnels\/produits\/serrures-a-mortaiser\/serrures-a-mortaiser-monopoint-pour-menuiserie-bois-dites-de-coffre-150mm\/serie-800","og_locale":"en_US","og_type":"article","og_title":"S\u00e9rie 800","og_description":"BRICARD cr\u00e9e et d\u00e9veloppe les standards actuels de la serrurerie. Quelles que soient les exigences r\u00e9glementaires des b\u00e2timents, BRICARD vous propose un large \u00e9ventail de produits r\u00e9pondant aux exigences normatives pour \u00e9quiper tout type de portes : entr\u00e9e, int\u00e9rieure, distribution, local technique, issue de secours\u2026Serrure \u00e0 coffre et 150mm - 800","og_url":"https:\/\/bricard.com\/professionnels\/produits\/serrures-a-mortaiser\/serrures-a-mortaiser-monopoint-pour-menuiserie-bois-dites-de-coffre-150mm\/serie-800","og_site_name":"Bricard professionnels","article_modified_time":"2026-02-24T10:27:17+00:00","og_image":[{"width":795,"height":2427,"url":"https:\/\/bricard.com\/professionnels\/wp-content\/uploads\/sites\/17\/2025\/12\/851151.png","type":"image\/png"}],"twitter_card":"summary_large_image","twitter_misc":{"Est. reading time":"1 minute"},"schema":{"@context":"https:\/\/schema.org","@graph":[{"@type":"WebPage","@id":"https:\/\/bricard.com\/professionnels\/produits\/serrures-a-mortaiser\/serrures-a-mortaiser-monopoint-pour-menuiserie-bois-dites-de-coffre-150mm\/serie-800","url":"https:\/\/bricard.com\/professionnels\/produits\/serrures-a-mortaiser\/serrures-a-mortaiser-monopoint-pour-menuiserie-bois-dites-de-coffre-150mm\/serie-800","name":"S\u00e9rie 800 &#060; Bricard professionnels","isPartOf":{"@id":"https:\/\/bricard.com\/professionnels\/#website"},"primaryImageOfPage":{"@id":"https:\/\/bricard.com\/professionnels\/produits\/serrures-a-mortaiser\/serrures-a-mortaiser-monopoint-pour-menuiserie-bois-dites-de-coffre-150mm\/serie-800#primaryimage"},"image":{"@id":"https:\/\/bricard.com\/professionnels\/produits\/serrures-a-mortaiser\/serrures-a-mortaiser-monopoint-pour-menuiserie-bois-dites-de-coffre-150mm\/serie-800#primaryimage"},"thumbnailUrl":"https:\/\/bricard.com\/professionnels\/wp-content\/uploads\/sites\/17\/2025\/12\/851151.png","datePublished":"2023-01-23T07:08:09+00:00","dateModified":"2026-02-24T10:27:17+00:00","description":"BRICARD cr\u00e9e et d\u00e9veloppe les standards actuels de la serrurerie. Quelles que soient les exigences r\u00e9glementaires des b\u00e2timents, BRICARD vous propose un large \u00e9ventail de produits r\u00e9pondant aux exigences normatives pour \u00e9quiper tout type de portes : entr\u00e9e, int\u00e9rieure, distribution, local technique, issue de secours\u2026Serrure \u00e0 coffre et 150mm - 800","breadcrumb":{"@id":"https:\/\/bricard.com\/professionnels\/produits\/serrures-a-mortaiser\/serrures-a-mortaiser-monopoint-pour-menuiserie-bois-dites-de-coffre-150mm\/serie-800#breadcrumb"},"inLanguage":"en-US","potentialAction":[{"@type":"ReadAction","target":["https:\/\/bricard.com\/professionnels\/produits\/serrures-a-mortaiser\/serrures-a-mortaiser-monopoint-pour-menuiserie-bois-dites-de-coffre-150mm\/serie-800"]}]},{"@type":"ImageObject","inLanguage":"en-US","@id":"https:\/\/bricard.com\/professionnels\/produits\/serrures-a-mortaiser\/serrures-a-mortaiser-monopoint-pour-menuiserie-bois-dites-de-coffre-150mm\/serie-800#primaryimage","url":"https:\/\/bricard.com\/professionnels\/wp-content\/uploads\/sites\/17\/2025\/12\/851151.png","contentUrl":"https:\/\/bricard.com\/professionnels\/wp-content\/uploads\/sites\/17\/2025\/12\/851151.png","width":795,"height":2427},{"@type":"BreadcrumbList","@id":"https:\/\/bricard.com\/professionnels\/produits\/serrures-a-mortaiser\/serrures-a-mortaiser-monopoint-pour-menuiserie-bois-dites-de-coffre-150mm\/serie-800#breadcrumb","itemListElement":[{"@type":"ListItem","position":1,"name":"Accueil","item":"https:\/\/bricard.com\/professionnels\/"},{"@type":"ListItem","position":2,"name":"Toutes nos gammes","item":"https:\/\/bricard.com\/professionnels\/produits"},{"@type":"ListItem","position":3,"name":"Serrures \u00e0 mortaiser","item":"https:\/\/bricard.com\/professionnels\/produits-gammes\/serrures-a-mortaiser"},{"@type":"ListItem","position":4,"name":"Serrures \u00e0 mortaiser monopoint pour menuiserie bois, dites de coffre 150mm","item":"https:\/\/bricard.com\/professionnels\/produits-gammes\/serrures-a-mortaiser\/serrures-a-mortaiser-monopoint-pour-menuiserie-bois-dites-de-coffre-150mm"},{"@type":"ListItem","position":5,"name":"S\u00e9rie 800"}]},{"@type":"WebSite","@id":"https:\/\/bricard.com\/professionnels\/#website","url":"https:\/\/bricard.com\/professionnels\/","name":"Bricard professionnels","description":"","publisher":{"@id":"https:\/\/bricard.com\/professionnels\/#organization"},"potentialAction":[{"@type":"SearchAction","target":{"@type":"EntryPoint","urlTemplate":"https:\/\/bricard.com\/professionnels\/?s={search_term_string}"},"query-input":{"@type":"PropertyValueSpecification","valueRequired":true,"valueName":"search_term_string"}}],"inLanguage":"en-US"},{"@type":"Organization","@id":"https:\/\/bricard.com\/professionnels\/#organization","name":"Bricard professionnels","url":"https:\/\/bricard.com\/professionnels\/","logo":{"@type":"ImageObject","inLanguage":"en-US","@id":"https:\/\/bricard.com\/professionnels\/#\/schema\/logo\/image\/","url":"https:\/\/bricard.com\/professionnels\/wp-content\/uploads\/sites\/17\/2026\/02\/bricard-logo-castle.png","contentUrl":"https:\/\/bricard.com\/professionnels\/wp-content\/uploads\/sites\/17\/2026\/02\/bricard-logo-castle.png","width":150,"height":150,"caption":"Bricard professionnels"},"image":{"@id":"https:\/\/bricard.com\/professionnels\/#\/schema\/logo\/image\/"},"sameAs":["https:\/\/www.linkedin.com\/showcase\/professionnels\/about\/?viewAsMember=true"]}]}},"taxonomy_info":{"product_cat":[{"value":541,"label":"Serrures \u00e0 mortaiser monopoint pour menuiserie bois, dites de coffre 150mm"}],"solution":[{"value":555,"label":"Sant\u00e9"}]},"featured_image_src_large":["https:\/\/bricard.com\/professionnels\/wp-content\/uploads\/sites\/17\/2025\/12\/851151.png?w=335",335,1024,true],"author_info":[],"comment_info":"","jetpack_sharing_enabled":true,"_links":{"self":[{"href":"https:\/\/bricard.com\/professionnels\/wp-json\/wp\/v2\/product\/9895","targetHints":{"allow":["GET"]}}],"collection":[{"href":"https:\/\/bricard.com\/professionnels\/wp-json\/wp\/v2\/product"}],"about":[{"href":"https:\/\/bricard.com\/professionnels\/wp-json\/wp\/v2\/types\/product"}],"wp:featuredmedia":[{"embeddable":true,"href":"https:\/\/bricard.com\/professionnels\/wp-json\/wp\/v2\/media\/16908"}],"wp:attachment":[{"href":"https:\/\/bricard.com\/professionnels\/wp-json\/wp\/v2\/media?parent=9895"}],"wp:term":[{"taxonomy":"product_brand","embeddable":true,"href":"https:\/\/bricard.com\/professionnels\/wp-json\/wp\/v2\/product_brand?post=9895"},{"taxonomy":"product_cat","embeddable":true,"href":"https:\/\/bricard.com\/professionnels\/wp-json\/wp\/v2\/product_cat?post=9895"},{"taxonomy":"product_tag","embeddable":true,"href":"https:\/\/bricard.com\/professionnels\/wp-json\/wp\/v2\/product_tag?post=9895"},{"taxonomy":"solution","embeddable":true,"href":"https:\/\/bricard.com\/professionnels\/wp-json\/wp\/v2\/solution?post=9895"}],"curies":[{"name":"wp","href":"https:\/\/api.w.org\/{rel}","templated":true}]}}