{"id":9899,"date":"2023-01-23T07:08:10","date_gmt":"2023-01-23T07:08:10","guid":{"rendered":"https:\/\/bricard.com\/professionnels\/?post_type=product&#038;p=9899"},"modified":"2025-12-10T07:58:22","modified_gmt":"2025-12-10T07:58:22","slug":"serie-600","status":"publish","type":"product","link":"https:\/\/bricard.com\/professionnels\/produits\/serrures-a-mortaiser\/serrures-a-mortaiser-monopoint-pour-menuiserie-bois-dites-de-coffre-150mm\/serie-600","title":{"rendered":"S\u00e9rie 600"},"content":{"rendered":"<p>\u2022 Axe \u00e0 50mm, entraxe \u00e0 70mm et coffre \u00e0 150mm<br \/>\n\u2022 Conforme \u00e0 la norme NF EN12209 : 2004<br \/>\n\u2022 R\u00e9f\u00e9rentiel NF040 accessible sur www.marque-nf.com<br \/>\n\u2022 R\u00e9sistance au brouillard salin 96H<br \/>\n\u2022 R\u00e9versible sans outils : changement rapide du sens de la serrure<br \/>\n\u2022 Trous de passage pour vis traversantes de rosace<br \/>\n\u2022 Fouillot : carr\u00e9 de 7mm<br \/>\n\u2022 T\u00eati\u00e8re en T : en acier<br \/>\n\u2022 T\u00eati\u00e8re bouts ronds<\/p>\n","protected":false},"excerpt":{"rendered":"<p>\u2022 Axe \u00e0 50mm, entraxe \u00e0 70mm et coffre \u00e0 150mm \u2022 Conforme \u00e0 la norme NF EN12209 : 2004 \u2022 R\u00e9f\u00e9rentiel NF040 accessible sur www.marque-nf.com \u2022 R\u00e9sistance au brouillard salin 96H \u2022 R\u00e9versible sans outils : changement rapide du sens de la serrure \u2022 Trous de passage pour vis traversantes de rosace \u2022 Fouillot&#8230;<\/p>\n","protected":false},"featured_media":16951,"template":"","meta":{"_acf_changed":false,"_trash_the_other_posts":false,"_kad_blocks_custom_css":"","_kad_blocks_head_custom_js":"","_kad_blocks_body_custom_js":"","_kad_blocks_footer_custom_js":"","_kad_post_transparent":"default","_kad_post_title":"","_kad_post_layout":"default","_kad_post_sidebar_id":"","_kad_post_content_style":"default","_kad_post_vertical_padding":"default","_kad_post_feature":"","_kad_post_feature_position":"","_kad_post_header":false,"_kad_post_footer":false,"_kad_post_classname":""},"product_brand":[],"product_cat":[541],"product_tag":[],"solution":[],"class_list":{"0":"post-9899","1":"product","2":"type-product","3":"status-publish","4":"has-post-thumbnail","6":"product_cat-serrures-a-mortaiser-monopoint-pour-menuiserie-bois-dites-de-coffre-150mm","8":"first","9":"instock","10":"shipping-taxable","11":"product-type-simple","12":"entry","13":"content-bg","14":"loop-entry"},"acf":[],"yoast_head":"<!-- This site is optimized with the Yoast SEO Premium plugin v24.2 (Yoast SEO v27.2) - https:\/\/yoast.com\/product\/yoast-seo-premium-wordpress\/ -->\n<title>S\u00e9rie 600 &#060; Bricard professionnels<\/title>\n<meta name=\"description\" content=\"BRICARD cr\u00e9e et d\u00e9veloppe les standards actuels de la serrurerie. Quelles que soient les exigences r\u00e9glementaires des b\u00e2timents, BRICARD vous propose un large \u00e9ventail de produits r\u00e9pondant aux exigences normatives pour \u00e9quiper tout type de portes : entr\u00e9e, int\u00e9rieure, distribution, local technique, issue de secours\u2026Serrure \u00e0 coffre et 150mm - 600\" \/>\n<meta name=\"robots\" content=\"index, follow, max-snippet:-1, max-image-preview:large, max-video-preview:-1\" \/>\n<link rel=\"canonical\" href=\"https:\/\/bricard.com\/professionnels\/produits\/serrures-a-mortaiser\/serrures-a-mortaiser-monopoint-pour-menuiserie-bois-dites-de-coffre-150mm\/serie-600\" \/>\n<meta property=\"og:locale\" content=\"en_US\" \/>\n<meta property=\"og:type\" content=\"article\" \/>\n<meta property=\"og:title\" content=\"S\u00e9rie 600\" \/>\n<meta property=\"og:description\" content=\"BRICARD cr\u00e9e et d\u00e9veloppe les standards actuels de la serrurerie. Quelles que soient les exigences r\u00e9glementaires des b\u00e2timents, BRICARD vous propose un large \u00e9ventail de produits r\u00e9pondant aux exigences normatives pour \u00e9quiper tout type de portes : entr\u00e9e, int\u00e9rieure, distribution, local technique, issue de secours\u2026Serrure \u00e0 coffre et 150mm - 600\" \/>\n<meta property=\"og:url\" content=\"https:\/\/bricard.com\/professionnels\/produits\/serrures-a-mortaiser\/serrures-a-mortaiser-monopoint-pour-menuiserie-bois-dites-de-coffre-150mm\/serie-600\" \/>\n<meta property=\"og:site_name\" content=\"Bricard professionnels\" \/>\n<meta property=\"article:modified_time\" content=\"2025-12-10T07:58:22+00:00\" \/>\n<meta name=\"twitter:card\" content=\"summary_large_image\" \/>\n<meta name=\"twitter:image\" content=\"https:\/\/bricard.com\/professionnels\/wp-content\/uploads\/sites\/17\/2025\/03\/651151_A.png\" \/>\n<meta name=\"twitter:label1\" content=\"Est. reading time\" \/>\n\t<meta name=\"twitter:data1\" content=\"1 minute\" \/>\n<script type=\"application\/ld+json\" class=\"yoast-schema-graph\">{\"@context\":\"https:\/\/schema.org\",\"@graph\":[{\"@type\":\"WebPage\",\"@id\":\"https:\/\/bricard.com\/professionnels\/produits\/serrures-a-mortaiser\/serrures-a-mortaiser-monopoint-pour-menuiserie-bois-dites-de-coffre-150mm\/serie-600\",\"url\":\"https:\/\/bricard.com\/professionnels\/produits\/serrures-a-mortaiser\/serrures-a-mortaiser-monopoint-pour-menuiserie-bois-dites-de-coffre-150mm\/serie-600\",\"name\":\"S\u00e9rie 600 &#060; Bricard professionnels\",\"isPartOf\":{\"@id\":\"https:\/\/bricard.com\/professionnels\/#website\"},\"primaryImageOfPage\":{\"@id\":\"https:\/\/bricard.com\/professionnels\/produits\/serrures-a-mortaiser\/serrures-a-mortaiser-monopoint-pour-menuiserie-bois-dites-de-coffre-150mm\/serie-600#primaryimage\"},\"image\":{\"@id\":\"https:\/\/bricard.com\/professionnels\/produits\/serrures-a-mortaiser\/serrures-a-mortaiser-monopoint-pour-menuiserie-bois-dites-de-coffre-150mm\/serie-600#primaryimage\"},\"thumbnailUrl\":\"https:\/\/bricard.com\/professionnels\/wp-content\/uploads\/sites\/17\/2025\/12\/651151_A.png\",\"datePublished\":\"2023-01-23T07:08:10+00:00\",\"dateModified\":\"2025-12-10T07:58:22+00:00\",\"description\":\"BRICARD cr\u00e9e et d\u00e9veloppe les standards actuels de la serrurerie. Quelles que soient les exigences r\u00e9glementaires des b\u00e2timents, BRICARD vous propose un large \u00e9ventail de produits r\u00e9pondant aux exigences normatives pour \u00e9quiper tout type de portes : entr\u00e9e, int\u00e9rieure, distribution, local technique, issue de secours\u2026Serrure \u00e0 coffre et 150mm - 600\",\"breadcrumb\":{\"@id\":\"https:\/\/bricard.com\/professionnels\/produits\/serrures-a-mortaiser\/serrures-a-mortaiser-monopoint-pour-menuiserie-bois-dites-de-coffre-150mm\/serie-600#breadcrumb\"},\"inLanguage\":\"en-US\",\"potentialAction\":[{\"@type\":\"ReadAction\",\"target\":[\"https:\/\/bricard.com\/professionnels\/produits\/serrures-a-mortaiser\/serrures-a-mortaiser-monopoint-pour-menuiserie-bois-dites-de-coffre-150mm\/serie-600\"]}]},{\"@type\":\"ImageObject\",\"inLanguage\":\"en-US\",\"@id\":\"https:\/\/bricard.com\/professionnels\/produits\/serrures-a-mortaiser\/serrures-a-mortaiser-monopoint-pour-menuiserie-bois-dites-de-coffre-150mm\/serie-600#primaryimage\",\"url\":\"https:\/\/bricard.com\/professionnels\/wp-content\/uploads\/sites\/17\/2025\/12\/651151_A.png\",\"contentUrl\":\"https:\/\/bricard.com\/professionnels\/wp-content\/uploads\/sites\/17\/2025\/12\/651151_A.png\",\"width\":4480,\"height\":6720},{\"@type\":\"BreadcrumbList\",\"@id\":\"https:\/\/bricard.com\/professionnels\/produits\/serrures-a-mortaiser\/serrures-a-mortaiser-monopoint-pour-menuiserie-bois-dites-de-coffre-150mm\/serie-600#breadcrumb\",\"itemListElement\":[{\"@type\":\"ListItem\",\"position\":1,\"name\":\"Accueil\",\"item\":\"https:\/\/bricard.com\/professionnels\/\"},{\"@type\":\"ListItem\",\"position\":2,\"name\":\"Toutes nos gammes\",\"item\":\"https:\/\/bricard.com\/professionnels\/produits\"},{\"@type\":\"ListItem\",\"position\":3,\"name\":\"Serrures \u00e0 mortaiser\",\"item\":\"https:\/\/bricard.com\/professionnels\/produits-gammes\/serrures-a-mortaiser\"},{\"@type\":\"ListItem\",\"position\":4,\"name\":\"Serrures \u00e0 mortaiser monopoint pour menuiserie bois, dites de coffre 150mm\",\"item\":\"https:\/\/bricard.com\/professionnels\/produits-gammes\/serrures-a-mortaiser\/serrures-a-mortaiser-monopoint-pour-menuiserie-bois-dites-de-coffre-150mm\"},{\"@type\":\"ListItem\",\"position\":5,\"name\":\"S\u00e9rie 600\"}]},{\"@type\":\"WebSite\",\"@id\":\"https:\/\/bricard.com\/professionnels\/#website\",\"url\":\"https:\/\/bricard.com\/professionnels\/\",\"name\":\"Bricard professionnels\",\"description\":\"\",\"publisher\":{\"@id\":\"https:\/\/bricard.com\/professionnels\/#organization\"},\"potentialAction\":[{\"@type\":\"SearchAction\",\"target\":{\"@type\":\"EntryPoint\",\"urlTemplate\":\"https:\/\/bricard.com\/professionnels\/?s={search_term_string}\"},\"query-input\":{\"@type\":\"PropertyValueSpecification\",\"valueRequired\":true,\"valueName\":\"search_term_string\"}}],\"inLanguage\":\"en-US\"},{\"@type\":\"Organization\",\"@id\":\"https:\/\/bricard.com\/professionnels\/#organization\",\"name\":\"Bricard professionnels\",\"url\":\"https:\/\/bricard.com\/professionnels\/\",\"logo\":{\"@type\":\"ImageObject\",\"inLanguage\":\"en-US\",\"@id\":\"https:\/\/bricard.com\/professionnels\/#\/schema\/logo\/image\/\",\"url\":\"https:\/\/bricard.com\/professionnels\/wp-content\/uploads\/sites\/17\/2026\/02\/bricard-logo-castle.png\",\"contentUrl\":\"https:\/\/bricard.com\/professionnels\/wp-content\/uploads\/sites\/17\/2026\/02\/bricard-logo-castle.png\",\"width\":150,\"height\":150,\"caption\":\"Bricard professionnels\"},\"image\":{\"@id\":\"https:\/\/bricard.com\/professionnels\/#\/schema\/logo\/image\/\"},\"sameAs\":[\"https:\/\/www.linkedin.com\/showcase\/professionnels\/about\/?viewAsMember=true\"]}]}<\/script>\n<!-- \/ Yoast SEO Premium plugin. -->","yoast_head_json":{"title":"S\u00e9rie 600 &#060; Bricard professionnels","description":"BRICARD cr\u00e9e et d\u00e9veloppe les standards actuels de la serrurerie. Quelles que soient les exigences r\u00e9glementaires des b\u00e2timents, BRICARD vous propose un large \u00e9ventail de produits r\u00e9pondant aux exigences normatives pour \u00e9quiper tout type de portes : entr\u00e9e, int\u00e9rieure, distribution, local technique, issue de secours\u2026Serrure \u00e0 coffre et 150mm - 600","robots":{"index":"index","follow":"follow","max-snippet":"max-snippet:-1","max-image-preview":"max-image-preview:large","max-video-preview":"max-video-preview:-1"},"canonical":"https:\/\/bricard.com\/professionnels\/produits\/serrures-a-mortaiser\/serrures-a-mortaiser-monopoint-pour-menuiserie-bois-dites-de-coffre-150mm\/serie-600","og_locale":"en_US","og_type":"article","og_title":"S\u00e9rie 600","og_description":"BRICARD cr\u00e9e et d\u00e9veloppe les standards actuels de la serrurerie. Quelles que soient les exigences r\u00e9glementaires des b\u00e2timents, BRICARD vous propose un large \u00e9ventail de produits r\u00e9pondant aux exigences normatives pour \u00e9quiper tout type de portes : entr\u00e9e, int\u00e9rieure, distribution, local technique, issue de secours\u2026Serrure \u00e0 coffre et 150mm - 600","og_url":"https:\/\/bricard.com\/professionnels\/produits\/serrures-a-mortaiser\/serrures-a-mortaiser-monopoint-pour-menuiserie-bois-dites-de-coffre-150mm\/serie-600","og_site_name":"Bricard professionnels","article_modified_time":"2025-12-10T07:58:22+00:00","twitter_card":"summary_large_image","twitter_image":"https:\/\/bricard.com\/professionnels\/wp-content\/uploads\/sites\/17\/2025\/03\/651151_A.png","twitter_misc":{"Est. reading time":"1 minute"},"schema":{"@context":"https:\/\/schema.org","@graph":[{"@type":"WebPage","@id":"https:\/\/bricard.com\/professionnels\/produits\/serrures-a-mortaiser\/serrures-a-mortaiser-monopoint-pour-menuiserie-bois-dites-de-coffre-150mm\/serie-600","url":"https:\/\/bricard.com\/professionnels\/produits\/serrures-a-mortaiser\/serrures-a-mortaiser-monopoint-pour-menuiserie-bois-dites-de-coffre-150mm\/serie-600","name":"S\u00e9rie 600 &#060; Bricard professionnels","isPartOf":{"@id":"https:\/\/bricard.com\/professionnels\/#website"},"primaryImageOfPage":{"@id":"https:\/\/bricard.com\/professionnels\/produits\/serrures-a-mortaiser\/serrures-a-mortaiser-monopoint-pour-menuiserie-bois-dites-de-coffre-150mm\/serie-600#primaryimage"},"image":{"@id":"https:\/\/bricard.com\/professionnels\/produits\/serrures-a-mortaiser\/serrures-a-mortaiser-monopoint-pour-menuiserie-bois-dites-de-coffre-150mm\/serie-600#primaryimage"},"thumbnailUrl":"https:\/\/bricard.com\/professionnels\/wp-content\/uploads\/sites\/17\/2025\/12\/651151_A.png","datePublished":"2023-01-23T07:08:10+00:00","dateModified":"2025-12-10T07:58:22+00:00","description":"BRICARD cr\u00e9e et d\u00e9veloppe les standards actuels de la serrurerie. Quelles que soient les exigences r\u00e9glementaires des b\u00e2timents, BRICARD vous propose un large \u00e9ventail de produits r\u00e9pondant aux exigences normatives pour \u00e9quiper tout type de portes : entr\u00e9e, int\u00e9rieure, distribution, local technique, issue de secours\u2026Serrure \u00e0 coffre et 150mm - 600","breadcrumb":{"@id":"https:\/\/bricard.com\/professionnels\/produits\/serrures-a-mortaiser\/serrures-a-mortaiser-monopoint-pour-menuiserie-bois-dites-de-coffre-150mm\/serie-600#breadcrumb"},"inLanguage":"en-US","potentialAction":[{"@type":"ReadAction","target":["https:\/\/bricard.com\/professionnels\/produits\/serrures-a-mortaiser\/serrures-a-mortaiser-monopoint-pour-menuiserie-bois-dites-de-coffre-150mm\/serie-600"]}]},{"@type":"ImageObject","inLanguage":"en-US","@id":"https:\/\/bricard.com\/professionnels\/produits\/serrures-a-mortaiser\/serrures-a-mortaiser-monopoint-pour-menuiserie-bois-dites-de-coffre-150mm\/serie-600#primaryimage","url":"https:\/\/bricard.com\/professionnels\/wp-content\/uploads\/sites\/17\/2025\/12\/651151_A.png","contentUrl":"https:\/\/bricard.com\/professionnels\/wp-content\/uploads\/sites\/17\/2025\/12\/651151_A.png","width":4480,"height":6720},{"@type":"BreadcrumbList","@id":"https:\/\/bricard.com\/professionnels\/produits\/serrures-a-mortaiser\/serrures-a-mortaiser-monopoint-pour-menuiserie-bois-dites-de-coffre-150mm\/serie-600#breadcrumb","itemListElement":[{"@type":"ListItem","position":1,"name":"Accueil","item":"https:\/\/bricard.com\/professionnels\/"},{"@type":"ListItem","position":2,"name":"Toutes nos gammes","item":"https:\/\/bricard.com\/professionnels\/produits"},{"@type":"ListItem","position":3,"name":"Serrures \u00e0 mortaiser","item":"https:\/\/bricard.com\/professionnels\/produits-gammes\/serrures-a-mortaiser"},{"@type":"ListItem","position":4,"name":"Serrures \u00e0 mortaiser monopoint pour menuiserie bois, dites de coffre 150mm","item":"https:\/\/bricard.com\/professionnels\/produits-gammes\/serrures-a-mortaiser\/serrures-a-mortaiser-monopoint-pour-menuiserie-bois-dites-de-coffre-150mm"},{"@type":"ListItem","position":5,"name":"S\u00e9rie 600"}]},{"@type":"WebSite","@id":"https:\/\/bricard.com\/professionnels\/#website","url":"https:\/\/bricard.com\/professionnels\/","name":"Bricard professionnels","description":"","publisher":{"@id":"https:\/\/bricard.com\/professionnels\/#organization"},"potentialAction":[{"@type":"SearchAction","target":{"@type":"EntryPoint","urlTemplate":"https:\/\/bricard.com\/professionnels\/?s={search_term_string}"},"query-input":{"@type":"PropertyValueSpecification","valueRequired":true,"valueName":"search_term_string"}}],"inLanguage":"en-US"},{"@type":"Organization","@id":"https:\/\/bricard.com\/professionnels\/#organization","name":"Bricard professionnels","url":"https:\/\/bricard.com\/professionnels\/","logo":{"@type":"ImageObject","inLanguage":"en-US","@id":"https:\/\/bricard.com\/professionnels\/#\/schema\/logo\/image\/","url":"https:\/\/bricard.com\/professionnels\/wp-content\/uploads\/sites\/17\/2026\/02\/bricard-logo-castle.png","contentUrl":"https:\/\/bricard.com\/professionnels\/wp-content\/uploads\/sites\/17\/2026\/02\/bricard-logo-castle.png","width":150,"height":150,"caption":"Bricard professionnels"},"image":{"@id":"https:\/\/bricard.com\/professionnels\/#\/schema\/logo\/image\/"},"sameAs":["https:\/\/www.linkedin.com\/showcase\/professionnels\/about\/?viewAsMember=true"]}]}},"taxonomy_info":{"product_cat":[{"value":541,"label":"Serrures \u00e0 mortaiser monopoint pour menuiserie bois, dites de coffre 150mm"}]},"featured_image_src_large":["https:\/\/bricard.com\/professionnels\/wp-content\/uploads\/sites\/17\/2025\/12\/651151_A.png?w=683",683,1024,true],"author_info":[],"comment_info":"","jetpack_sharing_enabled":true,"_links":{"self":[{"href":"https:\/\/bricard.com\/professionnels\/wp-json\/wp\/v2\/product\/9899","targetHints":{"allow":["GET"]}}],"collection":[{"href":"https:\/\/bricard.com\/professionnels\/wp-json\/wp\/v2\/product"}],"about":[{"href":"https:\/\/bricard.com\/professionnels\/wp-json\/wp\/v2\/types\/product"}],"wp:featuredmedia":[{"embeddable":true,"href":"https:\/\/bricard.com\/professionnels\/wp-json\/wp\/v2\/media\/16951"}],"wp:attachment":[{"href":"https:\/\/bricard.com\/professionnels\/wp-json\/wp\/v2\/media?parent=9899"}],"wp:term":[{"taxonomy":"product_brand","embeddable":true,"href":"https:\/\/bricard.com\/professionnels\/wp-json\/wp\/v2\/product_brand?post=9899"},{"taxonomy":"product_cat","embeddable":true,"href":"https:\/\/bricard.com\/professionnels\/wp-json\/wp\/v2\/product_cat?post=9899"},{"taxonomy":"product_tag","embeddable":true,"href":"https:\/\/bricard.com\/professionnels\/wp-json\/wp\/v2\/product_tag?post=9899"},{"taxonomy":"solution","embeddable":true,"href":"https:\/\/bricard.com\/professionnels\/wp-json\/wp\/v2\/solution?post=9899"}],"curies":[{"name":"wp","href":"https:\/\/api.w.org\/{rel}","templated":true}]}}