{"id":9900,"date":"2023-01-23T07:08:10","date_gmt":"2023-01-23T07:08:10","guid":{"rendered":""},"modified":"2026-02-24T10:37:37","modified_gmt":"2026-02-24T10:37:37","slug":"serie-970","status":"publish","type":"product","link":"https:\/\/bricard.com\/professionnels\/produits\/serrures-a-mortaiser\/serrures-a-mortaiser-monopoint-pour-menuiserie-bois-dites-de-coffre-150mm\/serie-970","title":{"rendered":"S\u00e9rie 970"},"content":{"rendered":"<p>\u2022 Conforme au marquage CE 0333<br \/>\n\u2022 Conforme aux normes EN12209 : 2003+AC : 2005 et EN179 : 2008<br \/>\n\u2022 Sortie toujours libre c\u00f4t\u00e9 int\u00e9rieur<br \/>\n\u2022 Axe \u00e0 50mm, entraxe 70mm, coffre 148mm<br \/>\n\u2022 Fouillot pour carr\u00e9 de 8mm<br \/>\n\u2022 Fonctionnement :<br \/>\n&#8211; avec deux 1\/2 carr\u00e9s 8mm fournis avec les serrures<br \/>\n970679, 970678 et 970677<br \/>\n&#8211; avec carr\u00e9 traversant (non fourni) et fourreau r\u00e9ducteur<br \/>\nfourni (passage de 8 \u00e0 7mm) avec la serrure 970676<br \/>\n\u2022 P\u00eane \u00bd tour bomb\u00e9 en acier compatible avec l\u2019utilisation d\u2019un ferme-porte<br \/>\n\u2022 R\u00e9versible droite\/gauche possible m\u00eame une fois la serrure pos\u00e9e<br \/>\n\u2022 Sens de sortie d\u2019urgence r\u00e9versible par manipulation d\u2019un pion plastique sur le coffre de la serrure<br \/>\n\u2022 Apte \u00e0 \u00e9quiper les portes coupe-feu 1H<br \/>\n\u2022 G\u00e2che livr\u00e9e avec la serrure<br \/>\n\u2022 T\u00eati\u00e8re acier peint ou inox<\/p>\n<p>Pour conserver leur certification, les serrures S\u00e9rie 970 doivent \u00eatre imp\u00e9rativement install\u00e9es avec leur g\u00e2che attribu\u00e9e et le b\u00e9quillage homologu\u00e9 Bricard (668451, 666175, 666260, 669021, 666463, 6661051 pour serrures 970677, 970678 et 9706769 et 666105, 666705, 666451 pour serrure 970676). Kit de 2 1\/2 carr\u00e9s \u00e0 associer aux poign\u00e9es 666463, 6661051.<\/p>\n","protected":false},"excerpt":{"rendered":"<p>\u2022 Conforme au marquage CE 0333 \u2022 Conforme aux normes EN12209 : 2003+AC : 2005 et EN179 : 2008 \u2022 Sortie toujours libre c\u00f4t\u00e9 int\u00e9rieur \u2022 Axe \u00e0 50mm, entraxe 70mm, coffre 148mm \u2022 Fouillot pour carr\u00e9 de 8mm \u2022 Fonctionnement : &#8211; avec deux 1\/2 carr\u00e9s 8mm fournis avec les serrures 970679, 970678 et&#8230;<\/p>\n","protected":false},"featured_media":16893,"template":"","meta":{"_acf_changed":false,"_trash_the_other_posts":false,"_kad_blocks_custom_css":"","_kad_blocks_head_custom_js":"","_kad_blocks_body_custom_js":"","_kad_blocks_footer_custom_js":"","_kad_post_transparent":"default","_kad_post_title":"","_kad_post_layout":"default","_kad_post_sidebar_id":"","_kad_post_content_style":"default","_kad_post_vertical_padding":"default","_kad_post_feature":"","_kad_post_feature_position":"","_kad_post_header":false,"_kad_post_footer":false,"_kad_post_classname":""},"product_brand":[],"product_cat":[541],"product_tag":[],"solution":[552,554,555],"class_list":{"0":"post-9900","1":"product","2":"type-product","3":"status-publish","4":"has-post-thumbnail","6":"product_cat-serrures-a-mortaiser-monopoint-pour-menuiserie-bois-dites-de-coffre-150mm","7":"solution-projet-education","8":"solution-projet-logement","9":"solution-projet-sante","11":"first","12":"instock","13":"shipping-taxable","14":"product-type-simple","15":"entry","16":"content-bg","17":"loop-entry"},"acf":[],"yoast_head":"<!-- This site is optimized with the Yoast SEO Premium plugin v24.2 (Yoast SEO v27.2) - https:\/\/yoast.com\/product\/yoast-seo-premium-wordpress\/ -->\n<title>S\u00e9rie 970 &#060; Bricard professionnels<\/title>\n<meta name=\"description\" content=\"BRICARD cr\u00e9e et d\u00e9veloppe les standards actuels de la serrurerie. Quelles que soient les exigences r\u00e9glementaires des b\u00e2timents, BRICARD vous propose un large \u00e9ventail de produits r\u00e9pondant aux exigences normatives pour \u00e9quiper tout type de portes : entr\u00e9e, int\u00e9rieure, distribution, local technique, issue de secours\u2026Serrure \u00e0 coffre et 150mm - 970\" \/>\n<meta name=\"robots\" content=\"index, follow, max-snippet:-1, max-image-preview:large, max-video-preview:-1\" \/>\n<link rel=\"canonical\" href=\"https:\/\/bricard.com\/professionnels\/produits\/serrures-a-mortaiser\/serrures-a-mortaiser-monopoint-pour-menuiserie-bois-dites-de-coffre-150mm\/serie-970\" \/>\n<meta property=\"og:locale\" content=\"en_US\" \/>\n<meta property=\"og:type\" content=\"article\" \/>\n<meta property=\"og:title\" content=\"S\u00e9rie 970\" \/>\n<meta property=\"og:description\" content=\"BRICARD cr\u00e9e et d\u00e9veloppe les standards actuels de la serrurerie. Quelles que soient les exigences r\u00e9glementaires des b\u00e2timents, BRICARD vous propose un large \u00e9ventail de produits r\u00e9pondant aux exigences normatives pour \u00e9quiper tout type de portes : entr\u00e9e, int\u00e9rieure, distribution, local technique, issue de secours\u2026Serrure \u00e0 coffre et 150mm - 970\" \/>\n<meta property=\"og:url\" content=\"https:\/\/bricard.com\/professionnels\/produits\/serrures-a-mortaiser\/serrures-a-mortaiser-monopoint-pour-menuiserie-bois-dites-de-coffre-150mm\/serie-970\" \/>\n<meta property=\"og:site_name\" content=\"Bricard professionnels\" \/>\n<meta property=\"article:modified_time\" content=\"2026-02-24T10:37:37+00:00\" \/>\n<meta name=\"twitter:card\" content=\"summary_large_image\" \/>\n<meta name=\"twitter:image\" content=\"https:\/\/bricard.com\/professionnels\/wp-content\/uploads\/sites\/17\/2025\/12\/970676-2.png\" \/>\n<meta name=\"twitter:label1\" content=\"Est. reading time\" \/>\n\t<meta name=\"twitter:data1\" content=\"1 minute\" \/>\n<script type=\"application\/ld+json\" class=\"yoast-schema-graph\">{\"@context\":\"https:\/\/schema.org\",\"@graph\":[{\"@type\":\"WebPage\",\"@id\":\"https:\/\/bricard.com\/professionnels\/produits\/serrures-a-mortaiser\/serrures-a-mortaiser-monopoint-pour-menuiserie-bois-dites-de-coffre-150mm\/serie-970\",\"url\":\"https:\/\/bricard.com\/professionnels\/produits\/serrures-a-mortaiser\/serrures-a-mortaiser-monopoint-pour-menuiserie-bois-dites-de-coffre-150mm\/serie-970\",\"name\":\"S\u00e9rie 970 &#060; Bricard professionnels\",\"isPartOf\":{\"@id\":\"https:\/\/bricard.com\/professionnels\/#website\"},\"primaryImageOfPage\":{\"@id\":\"https:\/\/bricard.com\/professionnels\/produits\/serrures-a-mortaiser\/serrures-a-mortaiser-monopoint-pour-menuiserie-bois-dites-de-coffre-150mm\/serie-970#primaryimage\"},\"image\":{\"@id\":\"https:\/\/bricard.com\/professionnels\/produits\/serrures-a-mortaiser\/serrures-a-mortaiser-monopoint-pour-menuiserie-bois-dites-de-coffre-150mm\/serie-970#primaryimage\"},\"thumbnailUrl\":\"https:\/\/bricard.com\/professionnels\/wp-content\/uploads\/sites\/17\/2025\/12\/970676-2.png\",\"datePublished\":\"2023-01-23T07:08:10+00:00\",\"dateModified\":\"2026-02-24T10:37:37+00:00\",\"description\":\"BRICARD cr\u00e9e et d\u00e9veloppe les standards actuels de la serrurerie. Quelles que soient les exigences r\u00e9glementaires des b\u00e2timents, BRICARD vous propose un large \u00e9ventail de produits r\u00e9pondant aux exigences normatives pour \u00e9quiper tout type de portes : entr\u00e9e, int\u00e9rieure, distribution, local technique, issue de secours\u2026Serrure \u00e0 coffre et 150mm - 970\",\"breadcrumb\":{\"@id\":\"https:\/\/bricard.com\/professionnels\/produits\/serrures-a-mortaiser\/serrures-a-mortaiser-monopoint-pour-menuiserie-bois-dites-de-coffre-150mm\/serie-970#breadcrumb\"},\"inLanguage\":\"en-US\",\"potentialAction\":[{\"@type\":\"ReadAction\",\"target\":[\"https:\/\/bricard.com\/professionnels\/produits\/serrures-a-mortaiser\/serrures-a-mortaiser-monopoint-pour-menuiserie-bois-dites-de-coffre-150mm\/serie-970\"]}]},{\"@type\":\"ImageObject\",\"inLanguage\":\"en-US\",\"@id\":\"https:\/\/bricard.com\/professionnels\/produits\/serrures-a-mortaiser\/serrures-a-mortaiser-monopoint-pour-menuiserie-bois-dites-de-coffre-150mm\/serie-970#primaryimage\",\"url\":\"https:\/\/bricard.com\/professionnels\/wp-content\/uploads\/sites\/17\/2025\/12\/970676-2.png\",\"contentUrl\":\"https:\/\/bricard.com\/professionnels\/wp-content\/uploads\/sites\/17\/2025\/12\/970676-2.png\",\"width\":4480,\"height\":6720},{\"@type\":\"BreadcrumbList\",\"@id\":\"https:\/\/bricard.com\/professionnels\/produits\/serrures-a-mortaiser\/serrures-a-mortaiser-monopoint-pour-menuiserie-bois-dites-de-coffre-150mm\/serie-970#breadcrumb\",\"itemListElement\":[{\"@type\":\"ListItem\",\"position\":1,\"name\":\"Accueil\",\"item\":\"https:\/\/bricard.com\/professionnels\/\"},{\"@type\":\"ListItem\",\"position\":2,\"name\":\"Toutes nos gammes\",\"item\":\"https:\/\/bricard.com\/professionnels\/produits\"},{\"@type\":\"ListItem\",\"position\":3,\"name\":\"Serrures \u00e0 mortaiser\",\"item\":\"https:\/\/bricard.com\/professionnels\/produits-gammes\/serrures-a-mortaiser\"},{\"@type\":\"ListItem\",\"position\":4,\"name\":\"Serrures \u00e0 mortaiser monopoint pour menuiserie bois, dites de coffre 150mm\",\"item\":\"https:\/\/bricard.com\/professionnels\/produits-gammes\/serrures-a-mortaiser\/serrures-a-mortaiser-monopoint-pour-menuiserie-bois-dites-de-coffre-150mm\"},{\"@type\":\"ListItem\",\"position\":5,\"name\":\"S\u00e9rie 970\"}]},{\"@type\":\"WebSite\",\"@id\":\"https:\/\/bricard.com\/professionnels\/#website\",\"url\":\"https:\/\/bricard.com\/professionnels\/\",\"name\":\"Bricard professionnels\",\"description\":\"\",\"publisher\":{\"@id\":\"https:\/\/bricard.com\/professionnels\/#organization\"},\"potentialAction\":[{\"@type\":\"SearchAction\",\"target\":{\"@type\":\"EntryPoint\",\"urlTemplate\":\"https:\/\/bricard.com\/professionnels\/?s={search_term_string}\"},\"query-input\":{\"@type\":\"PropertyValueSpecification\",\"valueRequired\":true,\"valueName\":\"search_term_string\"}}],\"inLanguage\":\"en-US\"},{\"@type\":\"Organization\",\"@id\":\"https:\/\/bricard.com\/professionnels\/#organization\",\"name\":\"Bricard professionnels\",\"url\":\"https:\/\/bricard.com\/professionnels\/\",\"logo\":{\"@type\":\"ImageObject\",\"inLanguage\":\"en-US\",\"@id\":\"https:\/\/bricard.com\/professionnels\/#\/schema\/logo\/image\/\",\"url\":\"https:\/\/bricard.com\/professionnels\/wp-content\/uploads\/sites\/17\/2026\/02\/bricard-logo-castle.png\",\"contentUrl\":\"https:\/\/bricard.com\/professionnels\/wp-content\/uploads\/sites\/17\/2026\/02\/bricard-logo-castle.png\",\"width\":150,\"height\":150,\"caption\":\"Bricard professionnels\"},\"image\":{\"@id\":\"https:\/\/bricard.com\/professionnels\/#\/schema\/logo\/image\/\"},\"sameAs\":[\"https:\/\/www.linkedin.com\/showcase\/professionnels\/about\/?viewAsMember=true\"]}]}<\/script>\n<!-- \/ Yoast SEO Premium plugin. -->","yoast_head_json":{"title":"S\u00e9rie 970 &#060; Bricard professionnels","description":"BRICARD cr\u00e9e et d\u00e9veloppe les standards actuels de la serrurerie. Quelles que soient les exigences r\u00e9glementaires des b\u00e2timents, BRICARD vous propose un large \u00e9ventail de produits r\u00e9pondant aux exigences normatives pour \u00e9quiper tout type de portes : entr\u00e9e, int\u00e9rieure, distribution, local technique, issue de secours\u2026Serrure \u00e0 coffre et 150mm - 970","robots":{"index":"index","follow":"follow","max-snippet":"max-snippet:-1","max-image-preview":"max-image-preview:large","max-video-preview":"max-video-preview:-1"},"canonical":"https:\/\/bricard.com\/professionnels\/produits\/serrures-a-mortaiser\/serrures-a-mortaiser-monopoint-pour-menuiserie-bois-dites-de-coffre-150mm\/serie-970","og_locale":"en_US","og_type":"article","og_title":"S\u00e9rie 970","og_description":"BRICARD cr\u00e9e et d\u00e9veloppe les standards actuels de la serrurerie. Quelles que soient les exigences r\u00e9glementaires des b\u00e2timents, BRICARD vous propose un large \u00e9ventail de produits r\u00e9pondant aux exigences normatives pour \u00e9quiper tout type de portes : entr\u00e9e, int\u00e9rieure, distribution, local technique, issue de secours\u2026Serrure \u00e0 coffre et 150mm - 970","og_url":"https:\/\/bricard.com\/professionnels\/produits\/serrures-a-mortaiser\/serrures-a-mortaiser-monopoint-pour-menuiserie-bois-dites-de-coffre-150mm\/serie-970","og_site_name":"Bricard professionnels","article_modified_time":"2026-02-24T10:37:37+00:00","twitter_card":"summary_large_image","twitter_image":"https:\/\/bricard.com\/professionnels\/wp-content\/uploads\/sites\/17\/2025\/12\/970676-2.png","twitter_misc":{"Est. reading time":"1 minute"},"schema":{"@context":"https:\/\/schema.org","@graph":[{"@type":"WebPage","@id":"https:\/\/bricard.com\/professionnels\/produits\/serrures-a-mortaiser\/serrures-a-mortaiser-monopoint-pour-menuiserie-bois-dites-de-coffre-150mm\/serie-970","url":"https:\/\/bricard.com\/professionnels\/produits\/serrures-a-mortaiser\/serrures-a-mortaiser-monopoint-pour-menuiserie-bois-dites-de-coffre-150mm\/serie-970","name":"S\u00e9rie 970 &#060; Bricard professionnels","isPartOf":{"@id":"https:\/\/bricard.com\/professionnels\/#website"},"primaryImageOfPage":{"@id":"https:\/\/bricard.com\/professionnels\/produits\/serrures-a-mortaiser\/serrures-a-mortaiser-monopoint-pour-menuiserie-bois-dites-de-coffre-150mm\/serie-970#primaryimage"},"image":{"@id":"https:\/\/bricard.com\/professionnels\/produits\/serrures-a-mortaiser\/serrures-a-mortaiser-monopoint-pour-menuiserie-bois-dites-de-coffre-150mm\/serie-970#primaryimage"},"thumbnailUrl":"https:\/\/bricard.com\/professionnels\/wp-content\/uploads\/sites\/17\/2025\/12\/970676-2.png","datePublished":"2023-01-23T07:08:10+00:00","dateModified":"2026-02-24T10:37:37+00:00","description":"BRICARD cr\u00e9e et d\u00e9veloppe les standards actuels de la serrurerie. Quelles que soient les exigences r\u00e9glementaires des b\u00e2timents, BRICARD vous propose un large \u00e9ventail de produits r\u00e9pondant aux exigences normatives pour \u00e9quiper tout type de portes : entr\u00e9e, int\u00e9rieure, distribution, local technique, issue de secours\u2026Serrure \u00e0 coffre et 150mm - 970","breadcrumb":{"@id":"https:\/\/bricard.com\/professionnels\/produits\/serrures-a-mortaiser\/serrures-a-mortaiser-monopoint-pour-menuiserie-bois-dites-de-coffre-150mm\/serie-970#breadcrumb"},"inLanguage":"en-US","potentialAction":[{"@type":"ReadAction","target":["https:\/\/bricard.com\/professionnels\/produits\/serrures-a-mortaiser\/serrures-a-mortaiser-monopoint-pour-menuiserie-bois-dites-de-coffre-150mm\/serie-970"]}]},{"@type":"ImageObject","inLanguage":"en-US","@id":"https:\/\/bricard.com\/professionnels\/produits\/serrures-a-mortaiser\/serrures-a-mortaiser-monopoint-pour-menuiserie-bois-dites-de-coffre-150mm\/serie-970#primaryimage","url":"https:\/\/bricard.com\/professionnels\/wp-content\/uploads\/sites\/17\/2025\/12\/970676-2.png","contentUrl":"https:\/\/bricard.com\/professionnels\/wp-content\/uploads\/sites\/17\/2025\/12\/970676-2.png","width":4480,"height":6720},{"@type":"BreadcrumbList","@id":"https:\/\/bricard.com\/professionnels\/produits\/serrures-a-mortaiser\/serrures-a-mortaiser-monopoint-pour-menuiserie-bois-dites-de-coffre-150mm\/serie-970#breadcrumb","itemListElement":[{"@type":"ListItem","position":1,"name":"Accueil","item":"https:\/\/bricard.com\/professionnels\/"},{"@type":"ListItem","position":2,"name":"Toutes nos gammes","item":"https:\/\/bricard.com\/professionnels\/produits"},{"@type":"ListItem","position":3,"name":"Serrures \u00e0 mortaiser","item":"https:\/\/bricard.com\/professionnels\/produits-gammes\/serrures-a-mortaiser"},{"@type":"ListItem","position":4,"name":"Serrures \u00e0 mortaiser monopoint pour menuiserie bois, dites de coffre 150mm","item":"https:\/\/bricard.com\/professionnels\/produits-gammes\/serrures-a-mortaiser\/serrures-a-mortaiser-monopoint-pour-menuiserie-bois-dites-de-coffre-150mm"},{"@type":"ListItem","position":5,"name":"S\u00e9rie 970"}]},{"@type":"WebSite","@id":"https:\/\/bricard.com\/professionnels\/#website","url":"https:\/\/bricard.com\/professionnels\/","name":"Bricard professionnels","description":"","publisher":{"@id":"https:\/\/bricard.com\/professionnels\/#organization"},"potentialAction":[{"@type":"SearchAction","target":{"@type":"EntryPoint","urlTemplate":"https:\/\/bricard.com\/professionnels\/?s={search_term_string}"},"query-input":{"@type":"PropertyValueSpecification","valueRequired":true,"valueName":"search_term_string"}}],"inLanguage":"en-US"},{"@type":"Organization","@id":"https:\/\/bricard.com\/professionnels\/#organization","name":"Bricard professionnels","url":"https:\/\/bricard.com\/professionnels\/","logo":{"@type":"ImageObject","inLanguage":"en-US","@id":"https:\/\/bricard.com\/professionnels\/#\/schema\/logo\/image\/","url":"https:\/\/bricard.com\/professionnels\/wp-content\/uploads\/sites\/17\/2026\/02\/bricard-logo-castle.png","contentUrl":"https:\/\/bricard.com\/professionnels\/wp-content\/uploads\/sites\/17\/2026\/02\/bricard-logo-castle.png","width":150,"height":150,"caption":"Bricard professionnels"},"image":{"@id":"https:\/\/bricard.com\/professionnels\/#\/schema\/logo\/image\/"},"sameAs":["https:\/\/www.linkedin.com\/showcase\/professionnels\/about\/?viewAsMember=true"]}]}},"taxonomy_info":{"product_cat":[{"value":541,"label":"Serrures \u00e0 mortaiser monopoint pour menuiserie bois, dites de coffre 150mm"}],"solution":[{"value":552,"label":"\u00c9ducation"},{"value":554,"label":"Logement"},{"value":555,"label":"Sant\u00e9"}]},"featured_image_src_large":["https:\/\/bricard.com\/professionnels\/wp-content\/uploads\/sites\/17\/2025\/12\/970676-2.png?w=683",683,1024,true],"author_info":[],"comment_info":"","jetpack_sharing_enabled":true,"_links":{"self":[{"href":"https:\/\/bricard.com\/professionnels\/wp-json\/wp\/v2\/product\/9900","targetHints":{"allow":["GET"]}}],"collection":[{"href":"https:\/\/bricard.com\/professionnels\/wp-json\/wp\/v2\/product"}],"about":[{"href":"https:\/\/bricard.com\/professionnels\/wp-json\/wp\/v2\/types\/product"}],"wp:featuredmedia":[{"embeddable":true,"href":"https:\/\/bricard.com\/professionnels\/wp-json\/wp\/v2\/media\/16893"}],"wp:attachment":[{"href":"https:\/\/bricard.com\/professionnels\/wp-json\/wp\/v2\/media?parent=9900"}],"wp:term":[{"taxonomy":"product_brand","embeddable":true,"href":"https:\/\/bricard.com\/professionnels\/wp-json\/wp\/v2\/product_brand?post=9900"},{"taxonomy":"product_cat","embeddable":true,"href":"https:\/\/bricard.com\/professionnels\/wp-json\/wp\/v2\/product_cat?post=9900"},{"taxonomy":"product_tag","embeddable":true,"href":"https:\/\/bricard.com\/professionnels\/wp-json\/wp\/v2\/product_tag?post=9900"},{"taxonomy":"solution","embeddable":true,"href":"https:\/\/bricard.com\/professionnels\/wp-json\/wp\/v2\/solution?post=9900"}],"curies":[{"name":"wp","href":"https:\/\/api.w.org\/{rel}","templated":true}]}}